{"id":17046,"date":"2023-12-06T15:25:05","date_gmt":"2023-12-06T15:25:05","guid":{"rendered":"https:\/\/lftraduction.fr\/bilgi-talebi\/"},"modified":"2024-12-01T12:28:31","modified_gmt":"2024-12-01T12:28:31","slug":"bilgi-talebi","status":"publish","type":"page","link":"https:\/\/lftraduction.fr\/tr\/bilgi-talebi\/","title":{"rendered":"Bilgi talebi"},"content":{"rendered":"\t\t<div data-elementor-type=\"wp-page\" data-elementor-id=\"17046\" class=\"elementor elementor-17046 elementor-9475\" data-elementor-post-type=\"page\">\n\t\t\t\t\t\t<section class=\"elementor-section elementor-top-section elementor-element elementor-element-14282d41 elementor-section-full_width elementor-section-height-default elementor-section-height-default\" data-id=\"14282d41\" data-element_type=\"section\" data-e-type=\"section\">\n\t\t\t\t\t\t<div class=\"elementor-container elementor-column-gap-default\">\n\t\t\t\t\t<div class=\"elementor-column elementor-col-50 elementor-top-column elementor-element elementor-element-1974c587\" data-id=\"1974c587\" data-element_type=\"column\" data-e-type=\"column\">\n\t\t\t<div class=\"elementor-widget-wrap elementor-element-populated\">\n\t\t\t\t\t\t<div class=\"elementor-element elementor-element-1676d798 elementor-invisible elementor-widget elementor-widget-heading\" data-id=\"1676d798\" data-element_type=\"widget\" data-e-type=\"widget\" data-settings=\"{&quot;_animation&quot;:&quot;fadeIn&quot;}\" data-widget_type=\"heading.default\">\n\t\t\t\t<div class=\"elementor-widget-container\">\n\t\t\t\t\t<h1 class=\"elementor-heading-title elementor-size-default\"><span style=\"color:#F4A41E\"> Bro\u015f\u00fcr\u00fcm\u00fcz\u00fc<\/span> indirin<\/h1>\t\t\t\t<\/div>\n\t\t\t\t<\/div>\n\t\t\t\t<div class=\"elementor-element elementor-element-639f203e elementor-widget__width-initial elementor-widget elementor-widget-text-editor\" data-id=\"639f203e\" data-element_type=\"widget\" data-e-type=\"widget\" data-widget_type=\"text-editor.default\">\n\t\t\t\t<div class=\"elementor-widget-container\">\n\t\t\t\t\t\t\t\t\t<p>Bir ortakl\u0131k i\u00e7in \u00e7evrilmesi gereken bir s\u00f6zle\u015fme mi? Yerelle\u015ftirilmesi gereken bir pazarlama kampanyas\u0131 m\u0131? Sosyal medyan\u0131z i\u00e7in 5 dilde altyaz\u0131 eklenmesi gereken bir video mu?   <\/p>\n<p>\u0130htiyac\u0131n\u0131z ne olursa olsun, ekibimiz projelerinizin her birini ba\u015far\u0131yla hayata ge\u00e7irmek i\u00e7in yan\u0131n\u0131zda. <\/p>\n<p>Bro\u015f\u00fcr\u00fcm\u00fcz\u00fc indirip hizmetlerimizin t\u00fcm detaylar\u0131n\u0131 ke\u015ffetmek i\u00e7in formu doldurun.<\/p>\n\t\t\t\t\t\t\t\t<\/div>\n\t\t\t\t<\/div>\n\t\t\t\t\t<\/div>\n\t\t<\/div>\n\t\t\t\t<div class=\"elementor-column elementor-col-50 elementor-top-column elementor-element elementor-element-3622d005\" data-id=\"3622d005\" data-element_type=\"column\" data-e-type=\"column\">\n\t\t\t<div class=\"elementor-widget-wrap elementor-element-populated\">\n\t\t\t\t\t\t<section class=\"elementor-section elementor-inner-section elementor-element elementor-element-4eb13dc0 elementor-section-boxed elementor-section-height-default elementor-section-height-default\" data-id=\"4eb13dc0\" data-element_type=\"section\" data-e-type=\"section\">\n\t\t\t\t\t\t<div class=\"elementor-container elementor-column-gap-no\">\n\t\t\t\t\t<div class=\"elementor-column elementor-col-100 elementor-inner-column elementor-element elementor-element-66b2d632\" data-id=\"66b2d632\" data-element_type=\"column\" data-e-type=\"column\">\n\t\t\t<div class=\"elementor-widget-wrap elementor-element-populated\">\n\t\t\t\t\t\t<div class=\"elementor-element elementor-element-25c182e5 elementor-button-align-center elementor-widget elementor-widget-form\" data-id=\"25c182e5\" data-element_type=\"widget\" data-e-type=\"widget\" data-settings=\"{&quot;step_next_label&quot;:&quot;\\u0130leri&quot;,&quot;step_previous_label&quot;:&quot;Geri&quot;,&quot;button_width&quot;:&quot;100&quot;,&quot;step_type&quot;:&quot;number_text&quot;,&quot;step_icon_shape&quot;:&quot;circle&quot;}\" data-widget_type=\"form.default\">\n\t\t\t\t<div class=\"elementor-widget-container\">\n\t\t\t\t\t\t\t<form class=\"elementor-form\" method=\"post\" name=\"Bro\u015f\u00fcr talebi\" aria-label=\"Bro\u015f\u00fcr talebi\" novalidate=\"\">\n\t\t\t<input type=\"hidden\" name=\"post_id\" value=\"17046\"\/>\n\t\t\t<input type=\"hidden\" name=\"form_id\" value=\"25c182e5\"\/>\n\t\t\t<input type=\"hidden\" name=\"referer_title\" value=\"Bilgi talebi\" \/>\n\n\t\t\t\t\t\t\t<input type=\"hidden\" name=\"queried_id\" value=\"17046\"\/>\n\t\t\t\n\t\t\t<div class=\"elementor-form-fields-wrapper elementor-labels-above\">\n\t\t\t\t\t\t\t\t<div class=\"elementor-field-type-text elementor-field-group elementor-column elementor-field-group-field_95fbaf2 elementor-col-50\">\n\t\t\t\t\t\t\t\t\t\t\t\t<label for=\"form-field-field_95fbaf2\" class=\"elementor-field-label\">\n\t\t\t\t\t\t\t\tSoyad\t\t\t\t\t\t\t<\/label>\n\t\t\t\t\t\t\t\t\t\t\t\t\t\t<input size=\"1\" type=\"text\" name=\"form_fields[field_95fbaf2]\" id=\"form-field-field_95fbaf2\" class=\"elementor-field elementor-size-sm  elementor-field-textual\">\n\t\t\t\t\t\t\t\t\t\t\t<\/div>\n\t\t\t\t\t\t\t\t<div class=\"elementor-field-type-text elementor-field-group elementor-column elementor-field-group-field_7d840c3 elementor-col-50\">\n\t\t\t\t\t\t\t\t\t\t\t\t<label for=\"form-field-field_7d840c3\" class=\"elementor-field-label\">\n\t\t\t\t\t\t\t\tAd\t\t\t\t\t\t\t<\/label>\n\t\t\t\t\t\t\t\t\t\t\t\t\t\t<input size=\"1\" type=\"text\" name=\"form_fields[field_7d840c3]\" id=\"form-field-field_7d840c3\" class=\"elementor-field elementor-size-sm  elementor-field-textual\">\n\t\t\t\t\t\t\t\t\t\t\t<\/div>\n\t\t\t\t\t\t\t\t<div class=\"elementor-field-type-email elementor-field-group elementor-column elementor-field-group-field_90195cf elementor-col-50 elementor-field-required\">\n\t\t\t\t\t\t\t\t\t\t\t\t<label for=\"form-field-field_90195cf\" class=\"elementor-field-label\">\n\t\t\t\t\t\t\t\tE-posta\t\t\t\t\t\t\t<\/label>\n\t\t\t\t\t\t\t\t\t\t\t\t\t\t<input size=\"1\" type=\"email\" name=\"form_fields[field_90195cf]\" id=\"form-field-field_90195cf\" class=\"elementor-field elementor-size-sm  elementor-field-textual\" required=\"required\">\n\t\t\t\t\t\t\t\t\t\t\t<\/div>\n\t\t\t\t\t\t\t\t<div class=\"elementor-field-type-text elementor-field-group elementor-column elementor-field-group-field_646ed55 elementor-col-100\">\n\t\t\t\t\t\t\t\t\t\t\t\t<label for=\"form-field-field_646ed55\" class=\"elementor-field-label\">\n\t\t\t\t\t\t\t\t\u015eirket\t\t\t\t\t\t\t<\/label>\n\t\t\t\t\t\t\t\t\t\t\t\t\t\t<input size=\"1\" type=\"text\" name=\"form_fields[field_646ed55]\" id=\"form-field-field_646ed55\" class=\"elementor-field elementor-size-sm  elementor-field-textual\">\n\t\t\t\t\t\t\t\t\t\t\t<\/div>\n\t\t\t\t\t\t\t\t<div class=\"elementor-field-type-tel elementor-field-group elementor-column elementor-field-group-field_91793ef elementor-col-50\">\n\t\t\t\t\t\t\t\t\t\t\t\t<label for=\"form-field-field_91793ef\" class=\"elementor-field-label\">\n\t\t\t\t\t\t\t\tTelefon\t\t\t\t\t\t\t<\/label>\n\t\t\t\t\t\t\t\t<input size=\"1\" type=\"tel\" name=\"form_fields[field_91793ef]\" id=\"form-field-field_91793ef\" class=\"elementor-field elementor-size-sm  elementor-field-textual\" pattern=\"[0-9()#&amp;+*-=.]+\" title=\"Only numbers and phone characters (#, -, *, etc) are accepted.\">\n\n\t\t\t\t\t\t<\/div>\n\t\t\t\t\t\t\t\t<div class=\"elementor-field-type-checkbox elementor-field-group elementor-column elementor-field-group-field_04e0913 elementor-col-100\">\n\t\t\t\t\t\t\t\t\t\t\t\t<label for=\"form-field-field_04e0913\" class=\"elementor-field-label\">\n\t\t\t\t\t\t\t\tAvrupa Birli\u011fi Genel Veri Koruma T\u00fcz\u00fc\u011f\u00fc (GDPR)\t\t\t\t\t\t\t<\/label>\n\t\t\t\t\t\t<div class=\"elementor-field-subgroup  \"><span class=\"elementor-field-option\"><input type=\"checkbox\" value=\"Ki\u015fisel bilgilerimin bu sitenin gizlilik politikas\u0131na uygun olarak kullan\u0131lmas\u0131na izin veriyorum.\" id=\"form-field-field_04e0913-0\" name=\"form_fields[field_04e0913]\"> <label for=\"form-field-field_04e0913-0\">Ki\u015fisel bilgilerimin bu sitenin gizlilik politikas\u0131na uygun olarak kullan\u0131lmas\u0131na izin veriyorum.<\/label><\/span><\/div>\t\t\t\t<\/div>\n\t\t\t\t\t\t\t\t<div class=\"elementor-field-type-recaptcha_v3 elementor-field-group elementor-column elementor-field-group-field_034bab5 elementor-col-100 recaptcha_v3-inline\">\n\t\t\t\t\t<div class=\"elementor-field\" id=\"form-field-field_034bab5\"><div class=\"elementor-g-recaptcha\" data-sitekey=\"6LcX7XEoAAAAAJux8cTjRwdH0_GFFEyzu8zPpj3b\" data-type=\"v3\" data-action=\"Form\" data-badge=\"inline\" data-size=\"invisible\"><\/div><\/div>\t\t\t\t<\/div>\n\t\t\t\t\t\t\t\t<div class=\"elementor-field-group elementor-column elementor-field-type-submit elementor-col-100 e-form__buttons\">\n\t\t\t\t\t<button class=\"elementor-button elementor-size-sm\" type=\"submit\">\n\t\t\t\t\t\t<span class=\"elementor-button-content-wrapper\">\n\t\t\t\t\t\t\t\t\t\t\t\t\t\t\t<span class=\"elementor-button-icon\">\n\t\t\t\t\t\t\t\t\t<svg aria-hidden=\"true\" class=\"e-font-icon-svg e-fas-chevron-right\" viewBox=\"0 0 320 512\" xmlns=\"http:\/\/www.w3.org\/2000\/svg\"><path d=\"M285.476 272.971L91.132 467.314c-9.373 9.373-24.569 9.373-33.941 0l-22.667-22.667c-9.357-9.357-9.375-24.522-.04-33.901L188.505 256 34.484 101.255c-9.335-9.379-9.317-24.544.04-33.901l22.667-22.667c9.373-9.373 24.569-9.373 33.941 0L285.475 239.03c9.373 9.372 9.373 24.568.001 33.941z\"><\/path><\/svg>\t\t\t\t\t\t\t\t\t\t\t\t\t\t\t\t\t<\/span>\n\t\t\t\t\t\t\t\t\t\t\t\t\t\t\t\t\t\t\t\t\t\t<span class=\"elementor-button-text\">G\u00d6NDER<\/span>\n\t\t\t\t\t\t\t\t\t\t\t\t\t<\/span>\n\t\t\t\t\t<\/button>\n\t\t\t\t<\/div>\n\t\t\t<\/div>\n\t\t<\/form>\n\t\t\t\t\t\t<\/div>\n\t\t\t\t<\/div>\n\t\t\t\t\t<\/div>\n\t\t<\/div>\n\t\t\t\t\t<\/div>\n\t\t<\/section>\n\t\t\t\t\t<\/div>\n\t\t<\/div>\n\t\t\t\t\t<\/div>\n\t\t<\/section>\n\t\t\t\t<\/div>\n\t\t","protected":false},"excerpt":{"rendered":"<p>Bro\u015f\u00fcr\u00fcm\u00fcz\u00fc indirin Bir ortakl\u0131k i\u00e7in \u00e7evrilmesi gereken bir s\u00f6zle\u015fme mi? Yerelle\u015ftirilmesi gereken bir pazarlama kampanyas\u0131 m\u0131? Sosyal medyan\u0131z i\u00e7in 5 dilde altyaz\u0131 eklenmesi gereken bir video mu? \u0130htiyac\u0131n\u0131z ne olursa olsun, ekibimiz projelerinizin her birini ba\u015far\u0131yla hayata ge\u00e7irmek i\u00e7in yan\u0131n\u0131zda. Bro\u015f\u00fcr\u00fcm\u00fcz\u00fc indirip hizmetlerimizin t\u00fcm detaylar\u0131n\u0131 ke\u015ffetmek i\u00e7in formu doldurun.<\/p>\n","protected":false},"author":2,"featured_media":0,"parent":0,"menu_order":0,"comment_status":"closed","ping_status":"closed","template":"","meta":{"footnotes":""},"class_list":["post-17046","page","type-page","status-publish","hentry"],"jetpack_sharing_enabled":true,"_links":{"self":[{"href":"https:\/\/lftraduction.fr\/tr\/wp-json\/wp\/v2\/pages\/17046","targetHints":{"allow":["GET"]}}],"collection":[{"href":"https:\/\/lftraduction.fr\/tr\/wp-json\/wp\/v2\/pages"}],"about":[{"href":"https:\/\/lftraduction.fr\/tr\/wp-json\/wp\/v2\/types\/page"}],"author":[{"embeddable":true,"href":"https:\/\/lftraduction.fr\/tr\/wp-json\/wp\/v2\/users\/2"}],"replies":[{"embeddable":true,"href":"https:\/\/lftraduction.fr\/tr\/wp-json\/wp\/v2\/comments?post=17046"}],"version-history":[{"count":0,"href":"https:\/\/lftraduction.fr\/tr\/wp-json\/wp\/v2\/pages\/17046\/revisions"}],"wp:attachment":[{"href":"https:\/\/lftraduction.fr\/tr\/wp-json\/wp\/v2\/media?parent=17046"}],"curies":[{"name":"wp","href":"https:\/\/api.w.org\/{rel}","templated":true}]}}