{"id":17039,"date":"2023-11-08T16:45:03","date_gmt":"2023-11-08T16:45:03","guid":{"rendered":"https:\/\/lftraduction.fr\/son-okuma-hizmeti\/"},"modified":"2024-12-01T12:27:24","modified_gmt":"2024-12-01T12:27:24","slug":"son-okuma-hizmeti","status":"publish","type":"page","link":"https:\/\/lftraduction.fr\/tr\/son-okuma-hizmeti\/","title":{"rendered":"Son okuma hizmeti"},"content":{"rendered":"\t\t<div data-elementor-type=\"wp-page\" data-elementor-id=\"17039\" class=\"elementor elementor-17039 elementor-8486\" data-elementor-post-type=\"page\">\n\t\t\t\t\t\t<section class=\"elementor-section elementor-top-section elementor-element elementor-element-34133317 elementor-section-full_width elementor-section-height-default elementor-section-height-default\" data-id=\"34133317\" data-element_type=\"section\" data-e-type=\"section\">\n\t\t\t\t\t\t<div class=\"elementor-container elementor-column-gap-no\">\n\t\t\t\t\t<div class=\"elementor-column elementor-col-100 elementor-top-column elementor-element elementor-element-6f1f34cf\" data-id=\"6f1f34cf\" data-element_type=\"column\" data-e-type=\"column\">\n\t\t\t<div class=\"elementor-widget-wrap elementor-element-populated\">\n\t\t\t\t\t\t<div class=\"elementor-element elementor-element-4d1770ba elementor-invisible elementor-widget elementor-widget-heading\" data-id=\"4d1770ba\" data-element_type=\"widget\" data-e-type=\"widget\" data-settings=\"{&quot;_animation&quot;:&quot;fadeIn&quot;}\" data-widget_type=\"heading.default\">\n\t\t\t\t<div class=\"elementor-widget-container\">\n\t\t\t\t\t<h1 class=\"elementor-heading-title elementor-size-default\">Revizyon ve d\u00fczeltme<\/h1>\t\t\t\t<\/div>\n\t\t\t\t<\/div>\n\t\t\t\t\t<\/div>\n\t\t<\/div>\n\t\t\t\t\t<\/div>\n\t\t<\/section>\n\t\t\t\t<section class=\"elementor-section elementor-top-section elementor-element elementor-element-5a711a09 elementor-section-full_width elementor-reverse-tablet elementor-section-height-default elementor-section-height-default\" data-id=\"5a711a09\" data-element_type=\"section\" data-e-type=\"section\">\n\t\t\t\t\t\t<div class=\"elementor-container elementor-column-gap-no\">\n\t\t\t\t\t<div class=\"elementor-column elementor-col-50 elementor-top-column elementor-element elementor-element-1b9a1780\" data-id=\"1b9a1780\" data-element_type=\"column\" data-e-type=\"column\">\n\t\t\t<div class=\"elementor-widget-wrap elementor-element-populated\">\n\t\t\t\t\t\t<div class=\"elementor-element elementor-element-af66ed9 elementor-widget__width-initial elementor-widget elementor-widget-text-editor\" data-id=\"af66ed9\" data-element_type=\"widget\" data-e-type=\"widget\" data-widget_type=\"text-editor.default\">\n\t\t\t\t<div class=\"elementor-widget-container\">\n\t\t\t\t\t\t\t\t\t<p>G\u00fcn\u00fcm\u00fcz i\u015f d\u00fcnyas\u0131nda, her detay\u0131n \u00f6nem ta\u015f\u0131d\u0131\u011f\u0131 bir ortamda, yaz\u0131l\u0131 ileti\u015fimlerinizin kalitesi, \u015firketinizin m\u00fckemmellik anlay\u0131\u015f\u0131n\u0131n do\u011frudan bir yans\u0131mas\u0131d\u0131r. La Fran\u00e7aise de la Traduction olarak, belgelerinizin m\u00fckemmelli\u011fi i\u00e7in \u00e7al\u0131\u015f\u0131yor, her c\u00fcmlenin, her kelimenin ve her noktalama i\u015faretinin, yans\u0131tmak istedi\u011finiz kusursuz imaj\u0131 desteklemesini sa\u011fl\u0131yoruz. Profesyonel revizyon ve d\u00fczeltme hizmetimiz, yaln\u0131zca en iyisini hedefleyen i\u015fletmeler i\u00e7in \u00f6zel olarak tasarlanm\u0131\u015ft\u0131r.  <\/p>\n\t\t\t\t\t\t\t\t<\/div>\n\t\t\t\t<\/div>\n\t\t\t\t<div class=\"elementor-element elementor-element-163c730d elementor-view-stacked elementor-shape-circle elementor-invisible elementor-widget elementor-widget-icon\" data-id=\"163c730d\" data-element_type=\"widget\" data-e-type=\"widget\" data-settings=\"{&quot;_animation&quot;:&quot;bounceInUp&quot;,&quot;_animation_delay&quot;:700}\" data-widget_type=\"icon.default\">\n\t\t\t\t<div class=\"elementor-widget-container\">\n\t\t\t\t\t\t\t<div class=\"elementor-icon-wrapper\">\n\t\t\t<a class=\"elementor-icon elementor-animation-sink\" href=\"#next\">\n\t\t\t<i aria-hidden=\"true\" class=\"icon icon-arrow-down\"><\/i>\t\t\t<\/a>\n\t\t<\/div>\n\t\t\t\t\t\t<\/div>\n\t\t\t\t<\/div>\n\t\t\t\t\t<\/div>\n\t\t<\/div>\n\t\t\t\t<div class=\"elementor-column elementor-col-50 elementor-top-column elementor-element elementor-element-64411c80\" data-id=\"64411c80\" data-element_type=\"column\" data-e-type=\"column\">\n\t\t\t<div class=\"elementor-widget-wrap elementor-element-populated\">\n\t\t\t\t\t\t<div class=\"elementor-element elementor-element-19e3ae51 elementor-invisible elementor-widget elementor-widget-image\" data-id=\"19e3ae51\" data-element_type=\"widget\" data-e-type=\"widget\" data-settings=\"{&quot;_animation&quot;:&quot;fadeInRight&quot;}\" data-widget_type=\"image.default\">\n\t\t\t\t<div class=\"elementor-widget-container\">\n\t\t\t\t\t\t\t\t\t\t\t\t\t\t\t<img fetchpriority=\"high\" width=\"768\" height=\"1024\" src=\"https:\/\/i0.wp.com\/lftraduction.fr\/wp-content\/uploads\/2023\/11\/00nhr1lpq6w.webp?fit=768%2C1024&amp;ssl=1\" class=\"attachment-large size-large wp-image-17043\" alt=\"\" srcset=\"https:\/\/i0.wp.com\/lftraduction.fr\/wp-content\/uploads\/2023\/11\/00nhr1lpq6w.webp?w=900&amp;ssl=1 900w, https:\/\/i0.wp.com\/lftraduction.fr\/wp-content\/uploads\/2023\/11\/00nhr1lpq6w.webp?resize=225%2C300&amp;ssl=1 225w, https:\/\/i0.wp.com\/lftraduction.fr\/wp-content\/uploads\/2023\/11\/00nhr1lpq6w.webp?resize=768%2C1024&amp;ssl=1 768w\" sizes=\"(max-width: 768px) 100vw, 768px\" \/>\t\t\t\t\t\t\t\t\t\t\t\t\t\t\t<\/div>\n\t\t\t\t<\/div>\n\t\t\t\t\t<\/div>\n\t\t<\/div>\n\t\t\t\t\t<\/div>\n\t\t<\/section>\n\t\t\t\t<section class=\"elementor-section elementor-top-section elementor-element elementor-element-303548db elementor-section-full_width elementor-reverse-mobile elementor-section-height-default elementor-section-height-default\" data-id=\"303548db\" data-element_type=\"section\" data-e-type=\"section\" id=\"next\">\n\t\t\t\t\t\t<div class=\"elementor-container elementor-column-gap-no\">\n\t\t\t\t\t<div class=\"elementor-column elementor-col-50 elementor-top-column elementor-element elementor-element-10b2a6c3\" data-id=\"10b2a6c3\" data-element_type=\"column\" data-e-type=\"column\">\n\t\t\t<div class=\"elementor-widget-wrap elementor-element-populated\">\n\t\t\t\t\t\t<div class=\"elementor-element elementor-element-1cbef478 elementor-widget__width-initial elementor-widget elementor-widget-image\" data-id=\"1cbef478\" data-element_type=\"widget\" data-e-type=\"widget\" data-widget_type=\"image.default\">\n\t\t\t\t<div class=\"elementor-widget-container\">\n\t\t\t\t\t\t\t\t\t\t\t\t\t\t\t<img width=\"800\" height=\"534\" src=\"https:\/\/i0.wp.com\/lftraduction.fr\/wp-content\/uploads\/2023\/11\/hcfwew744z4.webp?fit=800%2C534&amp;ssl=1\" class=\"attachment-large size-large wp-image-17044\" alt=\"\" srcset=\"https:\/\/i0.wp.com\/lftraduction.fr\/wp-content\/uploads\/2023\/11\/hcfwew744z4.webp?w=1600&amp;ssl=1 1600w, https:\/\/i0.wp.com\/lftraduction.fr\/wp-content\/uploads\/2023\/11\/hcfwew744z4.webp?resize=300%2C200&amp;ssl=1 300w, https:\/\/i0.wp.com\/lftraduction.fr\/wp-content\/uploads\/2023\/11\/hcfwew744z4.webp?resize=1024%2C683&amp;ssl=1 1024w, https:\/\/i0.wp.com\/lftraduction.fr\/wp-content\/uploads\/2023\/11\/hcfwew744z4.webp?resize=768%2C512&amp;ssl=1 768w, https:\/\/i0.wp.com\/lftraduction.fr\/wp-content\/uploads\/2023\/11\/hcfwew744z4.webp?resize=1536%2C1024&amp;ssl=1 1536w\" sizes=\"(max-width: 800px) 100vw, 800px\" \/>\t\t\t\t\t\t\t\t\t\t\t\t\t\t\t<\/div>\n\t\t\t\t<\/div>\n\t\t\t\t\t<\/div>\n\t\t<\/div>\n\t\t\t\t<div class=\"elementor-column elementor-col-50 elementor-top-column elementor-element elementor-element-96f5ca2\" data-id=\"96f5ca2\" data-element_type=\"column\" data-e-type=\"column\">\n\t\t\t<div class=\"elementor-widget-wrap elementor-element-populated\">\n\t\t\t\t\t\t<div class=\"elementor-element elementor-element-2e5bb650 elementor-widget elementor-widget-text-editor\" data-id=\"2e5bb650\" data-element_type=\"widget\" data-e-type=\"widget\" data-widget_type=\"text-editor.default\">\n\t\t\t\t<div class=\"elementor-widget-container\">\n\t\t\t\t\t\t\t\t\t<h3>Revizyon ve d\u00fczeltme neden bu kadar \u00f6nemlidir?<\/h3>\n<p>Bir belgenin \u00e7evirisi, orijinali kadar ak\u0131c\u0131 ve anla\u015f\u0131l\u0131r olmal\u0131d\u0131r. Burada yaln\u0131zca kaynak metnin mesaj\u0131n\u0131 iletmek de\u011fil, ayn\u0131 zamanda bu mesaj\u0131 hedef dilde do\u011fal bir \u015fekilde ifade etmek esast\u0131r. <\/p>\n<p>\u0130yi bir son okuma ve d\u00fczeltme, olas\u0131 hatalar\u0131 d\u00fczeltmekle kalmaz; ayn\u0131 zamanda mesaj\u0131n kolayca anla\u015f\u0131labilir olmas\u0131n\u0131 ve \u00e7eviri dilinin k\u00fclt\u00fcrel ve dilsel gerekliliklerine tam uyum sa\u011flamas\u0131n\u0131 garanti eder.<\/p>\n<p>Yaz\u0131m ve \u00e7eviri konusundaki uzmanl\u0131klar\u0131yla \u00e7evirmenlerimiz, hatas\u0131z, net ve \u015f\u0131k belgeler olu\u015fturman\u0131za yard\u0131mc\u0131 olur. Bu belgeler, profesyonelli\u011finizi yans\u0131tarak marka imaj\u0131n\u0131z\u0131 g\u00fc\u00e7lendirir. <\/p>\n\t\t\t\t\t\t\t\t<\/div>\n\t\t\t\t<\/div>\n\t\t\t\t\t<\/div>\n\t\t<\/div>\n\t\t\t\t\t<\/div>\n\t\t<\/section>\n\t\t\t\t<section class=\"elementor-section elementor-top-section elementor-element elementor-element-ae053e6 elementor-reverse-tablet elementor-section-boxed elementor-section-height-default elementor-section-height-default\" data-id=\"ae053e6\" data-element_type=\"section\" data-e-type=\"section\">\n\t\t\t\t\t\t<div class=\"elementor-container elementor-column-gap-no\">\n\t\t\t\t\t<div class=\"elementor-column elementor-col-100 elementor-top-column elementor-element elementor-element-3ccdbcc0\" data-id=\"3ccdbcc0\" data-element_type=\"column\" data-e-type=\"column\" data-settings=\"{&quot;background_background&quot;:&quot;classic&quot;}\">\n\t\t\t<div class=\"elementor-widget-wrap elementor-element-populated\">\n\t\t\t\t\t\t<div class=\"elementor-element elementor-element-1a7c4f58 elementor-invisible elementor-widget elementor-widget-heading\" data-id=\"1a7c4f58\" data-element_type=\"widget\" data-e-type=\"widget\" data-settings=\"{&quot;_animation&quot;:&quot;fadeIn&quot;}\" data-widget_type=\"heading.default\">\n\t\t\t\t<div class=\"elementor-widget-container\">\n\t\t\t\t\t<h2 class=\"elementor-heading-title elementor-size-default\"><span style=\"color:#F4A41E\">Son okuma<\/span> hizmetlerimiz <\/h2>\t\t\t\t<\/div>\n\t\t\t\t<\/div>\n\t\t\t\t<div class=\"elementor-element elementor-element-3257aaf9 elementor-widget elementor-widget-text-editor\" data-id=\"3257aaf9\" data-element_type=\"widget\" data-e-type=\"widget\" data-widget_type=\"text-editor.default\">\n\t\t\t\t<div class=\"elementor-widget-container\">\n\t\t\t\t\t\t\t\t\t<ul>\n<li><strong>\u0130mla ve dilbilgisi kontrol\u00fc<\/strong>: yaz\u0131m, dilbilgisi ve s\u00f6zdizimi hatalar\u0131n\u0131 dikkatle d\u00fczeltiriz.<\/li>\n<li><strong>\u00dcslup geli\u015ftirme<\/strong>: ketinlerinizin \u00fcslubunu zenginle\u015ftirerek profesyonel ve zarif bir g\u00f6r\u00fcn\u00fcm kazand\u0131r\u0131yoruz.<\/li>\n<li><strong>Tipografik uyum<\/strong>: kusursuz bir sunum i\u00e7in tipografi kurallar\u0131n\u0131 uyguluyoruz.<\/li>\n<li><strong>Yap\u0131 optimizasyonu<\/strong>: belgelerinizi daha iyi bir okunabilirlik ve tutarl\u0131l\u0131k i\u00e7in yeniden yap\u0131land\u0131r\u0131yoruz.<\/li>\n<li><strong>K\u00fclt\u00fcrel uyarlama<\/strong>: \u00e7evrilen belgelerinizin hedef dilin yaz\u0131m standartlar\u0131na ve al\u0131c\u0131 kitlenin k\u00fclt\u00fcr\u00fcne uygun olmas\u0131n\u0131 sa\u011fl\u0131yoruz.<\/li>\n<\/ul>\n\t\t\t\t\t\t\t\t<\/div>\n\t\t\t\t<\/div>\n\t\t\t\t\t<\/div>\n\t\t<\/div>\n\t\t\t\t\t<\/div>\n\t\t<\/section>\n\t\t\t\t<section class=\"elementor-section elementor-top-section elementor-element elementor-element-58c6d2ce elementor-section-full_width elementor-reverse-tablet elementor-section-height-default elementor-section-height-default\" data-id=\"58c6d2ce\" data-element_type=\"section\" data-e-type=\"section\">\n\t\t\t\t\t\t<div class=\"elementor-container elementor-column-gap-no\">\n\t\t\t\t\t<div class=\"elementor-column elementor-col-50 elementor-top-column elementor-element elementor-element-6cb4c475\" data-id=\"6cb4c475\" data-element_type=\"column\" data-e-type=\"column\">\n\t\t\t<div class=\"elementor-widget-wrap elementor-element-populated\">\n\t\t\t\t\t\t<div class=\"elementor-element elementor-element-223ab2b4 elementor-widget__width-initial elementor-widget elementor-widget-text-editor\" data-id=\"223ab2b4\" data-element_type=\"widget\" data-e-type=\"widget\" data-widget_type=\"text-editor.default\">\n\t\t\t\t<div class=\"elementor-widget-container\">\n\t\t\t\t\t\t\t\t\t<h3><b><span style=\"color: #f4a41e;\">Uzmanl\u0131k <\/span><\/b>alanlar\u0131m\u0131z<\/h3>\n<ul>\n<li>Web siteleri<\/li>\n<li>Yasal dok\u00fcmanlar<\/li>\n<li>Bro\u015f\u00fcrler ve kataloglar<\/li>\n<li>\u015eirket sunumlar\u0131 ve raporlar\u0131<\/li>\n<li>Sosyal medya ve blog i\u00e7erikleri<\/li>\n<\/ul>\n\t\t\t\t\t\t\t\t<\/div>\n\t\t\t\t<\/div>\n\t\t\t\t\t<\/div>\n\t\t<\/div>\n\t\t\t\t<div class=\"elementor-column elementor-col-50 elementor-top-column elementor-element elementor-element-4c51811\" data-id=\"4c51811\" data-element_type=\"column\" data-e-type=\"column\">\n\t\t\t<div class=\"elementor-widget-wrap elementor-element-populated\">\n\t\t\t\t\t\t<div class=\"elementor-element elementor-element-22b1bd0b elementor-invisible elementor-widget elementor-widget-image\" data-id=\"22b1bd0b\" data-element_type=\"widget\" data-e-type=\"widget\" data-settings=\"{&quot;_animation&quot;:&quot;fadeInRight&quot;}\" data-widget_type=\"image.default\">\n\t\t\t\t<div class=\"elementor-widget-container\">\n\t\t\t\t\t\t\t\t\t\t\t\t\t\t\t<img width=\"800\" height=\"534\" src=\"https:\/\/i0.wp.com\/lftraduction.fr\/wp-content\/uploads\/2023\/10\/LFTraduction_Agence-de-traduction_Paris_17.webp?fit=800%2C534&amp;ssl=1\" class=\"attachment-large size-large wp-image-16785\" alt=\"\" srcset=\"https:\/\/i0.wp.com\/lftraduction.fr\/wp-content\/uploads\/2023\/10\/LFTraduction_Agence-de-traduction_Paris_17.webp?w=1500&amp;ssl=1 1500w, https:\/\/i0.wp.com\/lftraduction.fr\/wp-content\/uploads\/2023\/10\/LFTraduction_Agence-de-traduction_Paris_17.webp?resize=300%2C200&amp;ssl=1 300w, https:\/\/i0.wp.com\/lftraduction.fr\/wp-content\/uploads\/2023\/10\/LFTraduction_Agence-de-traduction_Paris_17.webp?resize=1024%2C683&amp;ssl=1 1024w, https:\/\/i0.wp.com\/lftraduction.fr\/wp-content\/uploads\/2023\/10\/LFTraduction_Agence-de-traduction_Paris_17.webp?resize=768%2C512&amp;ssl=1 768w\" sizes=\"(max-width: 800px) 100vw, 800px\" \/>\t\t\t\t\t\t\t\t\t\t\t\t\t\t\t<\/div>\n\t\t\t\t<\/div>\n\t\t\t\t\t<\/div>\n\t\t<\/div>\n\t\t\t\t\t<\/div>\n\t\t<\/section>\n\t\t\t\t<section class=\"elementor-section elementor-top-section elementor-element elementor-element-321a8844 elementor-section-boxed elementor-section-height-default elementor-section-height-default\" data-id=\"321a8844\" data-element_type=\"section\" data-e-type=\"section\">\n\t\t\t\t\t\t<div class=\"elementor-container elementor-column-gap-default\">\n\t\t\t\t\t<div class=\"elementor-column elementor-col-100 elementor-top-column elementor-element elementor-element-1938e19f\" data-id=\"1938e19f\" data-element_type=\"column\" data-e-type=\"column\">\n\t\t\t<div class=\"elementor-widget-wrap elementor-element-populated\">\n\t\t\t\t\t\t<div class=\"elementor-element elementor-element-7a7921a5 elementor-widget elementor-widget-spacer\" data-id=\"7a7921a5\" data-element_type=\"widget\" data-e-type=\"widget\" data-widget_type=\"spacer.default\">\n\t\t\t\t<div class=\"elementor-widget-container\">\n\t\t\t\t\t\t\t<div class=\"elementor-spacer\">\n\t\t\t<div class=\"elementor-spacer-inner\"><\/div>\n\t\t<\/div>\n\t\t\t\t\t\t<\/div>\n\t\t\t\t<\/div>\n\t\t\t\t\t<\/div>\n\t\t<\/div>\n\t\t\t\t\t<\/div>\n\t\t<\/section>\n\t\t\t\t<section class=\"elementor-section elementor-top-section elementor-element elementor-element-291c91b5 elementor-reverse-tablet elementor-section-boxed elementor-section-height-default elementor-section-height-default\" data-id=\"291c91b5\" data-element_type=\"section\" data-e-type=\"section\">\n\t\t\t\t\t\t<div class=\"elementor-container elementor-column-gap-no\">\n\t\t\t\t\t<div class=\"elementor-column elementor-col-100 elementor-top-column elementor-element elementor-element-12717415\" data-id=\"12717415\" data-element_type=\"column\" data-e-type=\"column\" data-settings=\"{&quot;background_background&quot;:&quot;classic&quot;}\">\n\t\t\t<div class=\"elementor-widget-wrap elementor-element-populated\">\n\t\t\t\t\t\t<div class=\"elementor-element elementor-element-14dc4e42 elementor-invisible elementor-widget elementor-widget-heading\" data-id=\"14dc4e42\" data-element_type=\"widget\" data-e-type=\"widget\" data-settings=\"{&quot;_animation&quot;:&quot;fadeIn&quot;}\" data-widget_type=\"heading.default\">\n\t\t\t\t<div class=\"elementor-widget-container\">\n\t\t\t\t\t<h2 class=\"elementor-heading-title elementor-size-default\">Neden bizi <span style=\"color:#F4A41E\">tercih <\/span>etmelisiniz? <\/h2>\t\t\t\t<\/div>\n\t\t\t\t<\/div>\n\t\t\t\t<div class=\"elementor-element elementor-element-63978165 elementor-widget elementor-widget-text-editor\" data-id=\"63978165\" data-element_type=\"widget\" data-e-type=\"widget\" data-widget_type=\"text-editor.default\">\n\t\t\t\t<div class=\"elementor-widget-container\">\n\t\t\t\t\t\t\t\t\t<p><strong>10 y\u0131l\u0131 a\u015fk\u0131n son okuma ve d\u00fczeltme deneyimimizle<\/strong>, ihtiya\u00e7lar\u0131n\u0131za en uygun \u00e7\u00f6z\u00fcmleri sunuyoruz.<\/p>\n<p>M\u00fckemmelli\u011fiyle <strong>tan\u0131nan ve sertifikal<\/strong>\u0131 hizmetler sunuyoruz. <\/p>\n<p><strong>H\u0131zl\u0131 ve \u00e7\u00f6z\u00fcm odakl\u0131<\/strong> yakla\u015f\u0131mlar\u0131m\u0131zla, en k\u0131sa s\u00fcrede ihtiya\u00e7lar\u0131n\u0131za yan\u0131t vererek memnuniyetinizi sa\u011flamay\u0131 hedefliyoruz.<\/p>\n<p><strong>M\u00fc\u015fteri memnuniyeti<\/strong> bizim \u00f6nceli\u011fimizdir ve bizi tavsiye eden memnun m\u00fc\u015fterilerimiz bunun en g\u00fc\u00e7l\u00fc kan\u0131t\u0131d\u0131r.<\/p>\n\t\t\t\t\t\t\t\t<\/div>\n\t\t\t\t<\/div>\n\t\t\t\t\t<\/div>\n\t\t<\/div>\n\t\t\t\t\t<\/div>\n\t\t<\/section>\n\t\t\t\t<section class=\"elementor-section elementor-top-section elementor-element elementor-element-5a1e9867 elementor-section-full_width elementor-section-height-default elementor-section-height-default\" data-id=\"5a1e9867\" data-element_type=\"section\" data-e-type=\"section\" data-settings=\"{&quot;background_background&quot;:&quot;classic&quot;}\">\n\t\t\t\t\t\t<div class=\"elementor-container elementor-column-gap-no\">\n\t\t\t\t\t<div class=\"elementor-column elementor-col-50 elementor-top-column elementor-element elementor-element-1051628a\" data-id=\"1051628a\" data-element_type=\"column\" data-e-type=\"column\">\n\t\t\t<div class=\"elementor-widget-wrap elementor-element-populated\">\n\t\t\t\t\t\t<div class=\"elementor-element elementor-element-6ec85e17 elementor-invisible elementor-widget elementor-widget-heading\" data-id=\"6ec85e17\" data-element_type=\"widget\" data-e-type=\"widget\" data-settings=\"{&quot;_animation&quot;:&quot;fadeIn&quot;}\" data-widget_type=\"heading.default\">\n\t\t\t\t<div class=\"elementor-widget-container\">\n\t\t\t\t\t<h2 class=\"elementor-heading-title elementor-size-default\">Teklif al<\/h2>\t\t\t\t<\/div>\n\t\t\t\t<\/div>\n\t\t\t\t<div class=\"elementor-element elementor-element-15747642 elementor-widget__width-initial elementor-widget-tablet__width-inherit elementor-widget elementor-widget-text-editor\" data-id=\"15747642\" data-element_type=\"widget\" data-e-type=\"widget\" data-widget_type=\"text-editor.default\">\n\t\t\t\t<div class=\"elementor-widget-container\">\n\t\t\t\t\t\t\t\t\t<p><strong>Ekibimizle ileti\u015fime ge\u00e7in<\/strong>, ihtiyac\u0131n\u0131z olan cevab\u0131 <strong>en k\u0131sa s\u00fcrede<\/strong> size iletece\u011fiz. <\/p>\n\t\t\t\t\t\t\t\t<\/div>\n\t\t\t\t<\/div>\n\t\t\t\t<div class=\"elementor-element elementor-element-12909314 elementor-align-left elementor-mobile-align-center elementor-widget elementor-widget-button\" data-id=\"12909314\" data-element_type=\"widget\" data-e-type=\"widget\" data-widget_type=\"button.default\">\n\t\t\t\t<div class=\"elementor-widget-container\">\n\t\t\t\t\t\t\t\t\t<div class=\"elementor-button-wrapper\">\n\t\t\t\t\t<a class=\"elementor-button elementor-button-link elementor-size-sm\" href=\"#elementor-action%3Aaction%3Dpopup%3Aopen%26settings%3DeyJpZCI6NDM4MiwidG9nZ2xlIjpmYWxzZX0%3D\">\n\t\t\t\t\t\t<span class=\"elementor-button-content-wrapper\">\n\t\t\t\t\t\t<span class=\"elementor-button-icon\">\n\t\t\t\t<i aria-hidden=\"true\" class=\"icon icon-arrow-right\"><\/i>\t\t\t<\/span>\n\t\t\t\t\t\t\t\t\t<span class=\"elementor-button-text\">Bir saatten k\u0131sa s\u00fcrede teklif<\/span>\n\t\t\t\t\t<\/span>\n\t\t\t\t\t<\/a>\n\t\t\t\t<\/div>\n\t\t\t\t\t\t\t\t<\/div>\n\t\t\t\t<\/div>\n\t\t\t\t\t<\/div>\n\t\t<\/div>\n\t\t\t\t<div class=\"elementor-column elementor-col-50 elementor-top-column elementor-element elementor-element-14ca377b\" data-id=\"14ca377b\" data-element_type=\"column\" data-e-type=\"column\">\n\t\t\t<div class=\"elementor-widget-wrap elementor-element-populated\">\n\t\t\t\t\t\t<div class=\"elementor-element elementor-element-34ee8691 elementor-widget elementor-widget-image\" data-id=\"34ee8691\" data-element_type=\"widget\" data-e-type=\"widget\" data-widget_type=\"image.default\">\n\t\t\t\t<div class=\"elementor-widget-container\">\n\t\t\t\t\t\t\t\t\t\t\t\t\t\t\t<img loading=\"lazy\" width=\"1500\" height=\"1001\" src=\"https:\/\/i0.wp.com\/lftraduction.fr\/wp-content\/uploads\/2023\/10\/LFTraduction_Agence-de-traduction_05_2-copie.webp?fit=1500%2C1001&amp;ssl=1\" class=\"attachment-full size-full wp-image-16724\" alt=\"Lftraduction Agence De Traduction \u00e0 Paris\" srcset=\"https:\/\/i0.wp.com\/lftraduction.fr\/wp-content\/uploads\/2023\/10\/LFTraduction_Agence-de-traduction_05_2-copie.webp?w=1500&amp;ssl=1 1500w, https:\/\/i0.wp.com\/lftraduction.fr\/wp-content\/uploads\/2023\/10\/LFTraduction_Agence-de-traduction_05_2-copie.webp?resize=300%2C200&amp;ssl=1 300w, https:\/\/i0.wp.com\/lftraduction.fr\/wp-content\/uploads\/2023\/10\/LFTraduction_Agence-de-traduction_05_2-copie.webp?resize=1024%2C683&amp;ssl=1 1024w, https:\/\/i0.wp.com\/lftraduction.fr\/wp-content\/uploads\/2023\/10\/LFTraduction_Agence-de-traduction_05_2-copie.webp?resize=768%2C513&amp;ssl=1 768w\" sizes=\"(max-width: 800px) 100vw, 800px\" \/>\t\t\t\t\t\t\t\t\t\t\t\t\t\t\t<\/div>\n\t\t\t\t<\/div>\n\t\t\t\t\t<\/div>\n\t\t<\/div>\n\t\t\t\t\t<\/div>\n\t\t<\/section>\n\t\t\t\t<\/div>\n\t\t","protected":false},"excerpt":{"rendered":"<p>La Fran\u00e7aise de la Traduction ile kurumsal ileti\u015fimlerinizi optimize edin. Revizyon ve d\u00fczeltme hizmetlerimiz, hatas\u0131z profesyonel belgeler sunarak g\u00fcvenilirli\u011finizi ve marka imaj\u0131n\u0131z\u0131 g\u00fc\u00e7lendirir. E\u015fsiz dil kalitesi i\u00e7in bizimle ileti\u015fime ge\u00e7in.  <\/p>\n","protected":false},"author":2,"featured_media":0,"parent":0,"menu_order":0,"comment_status":"closed","ping_status":"closed","template":"","meta":{"footnotes":""},"class_list":["post-17039","page","type-page","status-publish","hentry"],"jetpack_sharing_enabled":true,"_links":{"self":[{"href":"https:\/\/lftraduction.fr\/tr\/wp-json\/wp\/v2\/pages\/17039","targetHints":{"allow":["GET"]}}],"collection":[{"href":"https:\/\/lftraduction.fr\/tr\/wp-json\/wp\/v2\/pages"}],"about":[{"href":"https:\/\/lftraduction.fr\/tr\/wp-json\/wp\/v2\/types\/page"}],"author":[{"embeddable":true,"href":"https:\/\/lftraduction.fr\/tr\/wp-json\/wp\/v2\/users\/2"}],"replies":[{"embeddable":true,"href":"https:\/\/lftraduction.fr\/tr\/wp-json\/wp\/v2\/comments?post=17039"}],"version-history":[{"count":0,"href":"https:\/\/lftraduction.fr\/tr\/wp-json\/wp\/v2\/pages\/17039\/revisions"}],"wp:attachment":[{"href":"https:\/\/lftraduction.fr\/tr\/wp-json\/wp\/v2\/media?parent=17039"}],"curies":[{"name":"wp","href":"https:\/\/api.w.org\/{rel}","templated":true}]}}