{"id":17033,"date":"2023-10-24T14:58:18","date_gmt":"2023-10-24T14:58:18","guid":{"rendered":"https:\/\/lftraduction.fr\/pariste-ceviri-hizmeti\/finansal-tercume-ajansi\/"},"modified":"2024-12-01T12:27:00","modified_gmt":"2024-12-01T12:27:00","slug":"finansal-tercume-ajansi","status":"publish","type":"page","link":"https:\/\/lftraduction.fr\/tr\/pariste-ceviri-hizmeti\/finansal-tercume-ajansi\/","title":{"rendered":"Finansal \u00e7eviri b\u00fcrosu"},"content":{"rendered":"\t\t<div data-elementor-type=\"wp-page\" data-elementor-id=\"17033\" class=\"elementor elementor-17033 elementor-7781\" data-elementor-post-type=\"page\">\n\t\t\t\t\t\t<section class=\"elementor-section elementor-top-section elementor-element elementor-element-34197cf1 elementor-section-full_width elementor-section-height-default elementor-section-height-default\" data-id=\"34197cf1\" data-element_type=\"section\" data-e-type=\"section\">\n\t\t\t\t\t\t<div class=\"elementor-container elementor-column-gap-no\">\n\t\t\t\t\t<div class=\"elementor-column elementor-col-100 elementor-top-column elementor-element elementor-element-6c2e4412\" data-id=\"6c2e4412\" data-element_type=\"column\" data-e-type=\"column\">\n\t\t\t<div class=\"elementor-widget-wrap elementor-element-populated\">\n\t\t\t\t\t\t<div class=\"elementor-element elementor-element-6f5d905e elementor-invisible elementor-widget elementor-widget-heading\" data-id=\"6f5d905e\" data-element_type=\"widget\" data-e-type=\"widget\" data-settings=\"{&quot;_animation&quot;:&quot;fadeIn&quot;}\" data-widget_type=\"heading.default\">\n\t\t\t\t<div class=\"elementor-widget-container\">\n\t\t\t\t\t<h1 class=\"elementor-heading-title elementor-size-default\">Finansal \u00e7eviri<span style=\"color:#F4A41E\"> \nb\u00fcrosu<\/span><\/h1>\t\t\t\t<\/div>\n\t\t\t\t<\/div>\n\t\t\t\t\t<\/div>\n\t\t<\/div>\n\t\t\t\t\t<\/div>\n\t\t<\/section>\n\t\t\t\t<section class=\"elementor-section elementor-top-section elementor-element elementor-element-589cbb73 elementor-section-full_width elementor-reverse-tablet elementor-section-height-default elementor-section-height-default\" data-id=\"589cbb73\" data-element_type=\"section\" data-e-type=\"section\">\n\t\t\t\t\t\t<div class=\"elementor-container elementor-column-gap-no\">\n\t\t\t\t\t<div class=\"elementor-column elementor-col-50 elementor-top-column elementor-element elementor-element-75ac4faa\" data-id=\"75ac4faa\" data-element_type=\"column\" data-e-type=\"column\">\n\t\t\t<div class=\"elementor-widget-wrap elementor-element-populated\">\n\t\t\t\t\t\t<div class=\"elementor-element elementor-element-7d929a8a elementor-widget__width-initial elementor-widget elementor-widget-text-editor\" data-id=\"7d929a8a\" data-element_type=\"widget\" data-e-type=\"widget\" data-widget_type=\"text-editor.default\">\n\t\t\t\t<div class=\"elementor-widget-container\">\n\t\t\t\t\t\t\t\t\t<p><span style=\"font-weight: 400;\">Finans d\u00fcnyas\u0131, hem do\u011fruluk hem de zamanlama a\u00e7\u0131s\u0131ndan son derece titiz bir yakla\u015f\u0131m gerektirir. B\u00fcy\u00fck finansal i\u015flemler, finansman talepleri, ticari ortakl\u0131klar ve \u015firketlerin uluslararas\u0131la\u015fma s\u00fcre\u00e7leri gibi ba\u011flamlarda, <strong>finans alan\u0131nda uzmanla\u015fm\u0131\u015f bir \u00e7evirmene<\/strong> ba\u015fvurmak genellikle zorunludur. Bu t\u00fcr durumlarda, \u00f6zenli bir yakla\u015f\u0131m ve finansal alandaki derin bir uzmanl\u0131k, do\u011fru ve g\u00fcvenilir bir \u00e7eviri sa\u011flamak i\u00e7in vazge\u00e7ilmezdir.  <\/span><\/p>\n\t\t\t\t\t\t\t\t<\/div>\n\t\t\t\t<\/div>\n\t\t\t\t<div class=\"elementor-element elementor-element-26bd6667 elementor-view-stacked elementor-shape-circle elementor-invisible elementor-widget elementor-widget-icon\" data-id=\"26bd6667\" data-element_type=\"widget\" data-e-type=\"widget\" data-settings=\"{&quot;_animation&quot;:&quot;bounceInUp&quot;,&quot;_animation_delay&quot;:700}\" data-widget_type=\"icon.default\">\n\t\t\t\t<div class=\"elementor-widget-container\">\n\t\t\t\t\t\t\t<div class=\"elementor-icon-wrapper\">\n\t\t\t<a class=\"elementor-icon elementor-animation-sink\" href=\"#next\">\n\t\t\t<i aria-hidden=\"true\" class=\"icon icon-arrow-down\"><\/i>\t\t\t<\/a>\n\t\t<\/div>\n\t\t\t\t\t\t<\/div>\n\t\t\t\t<\/div>\n\t\t\t\t\t<\/div>\n\t\t<\/div>\n\t\t\t\t<div class=\"elementor-column elementor-col-50 elementor-top-column elementor-element elementor-element-4467976a\" data-id=\"4467976a\" data-element_type=\"column\" data-e-type=\"column\">\n\t\t\t<div class=\"elementor-widget-wrap elementor-element-populated\">\n\t\t\t\t\t\t<div class=\"elementor-element elementor-element-49f891c6 elementor-invisible elementor-widget elementor-widget-image\" data-id=\"49f891c6\" data-element_type=\"widget\" data-e-type=\"widget\" data-settings=\"{&quot;_animation&quot;:&quot;fadeInRight&quot;}\" data-widget_type=\"image.default\">\n\t\t\t\t<div class=\"elementor-widget-container\">\n\t\t\t\t\t\t\t\t\t\t\t\t\t\t\t<img fetchpriority=\"high\" width=\"800\" height=\"534\" src=\"https:\/\/i0.wp.com\/lftraduction.fr\/wp-content\/uploads\/2023\/10\/n__bnvq_w18.webp?fit=800%2C534&amp;ssl=1\" class=\"attachment-large size-large wp-image-17034\" alt=\"\" srcset=\"https:\/\/i0.wp.com\/lftraduction.fr\/wp-content\/uploads\/2023\/10\/n__bnvq_w18.webp?w=1600&amp;ssl=1 1600w, https:\/\/i0.wp.com\/lftraduction.fr\/wp-content\/uploads\/2023\/10\/n__bnvq_w18.webp?resize=300%2C200&amp;ssl=1 300w, https:\/\/i0.wp.com\/lftraduction.fr\/wp-content\/uploads\/2023\/10\/n__bnvq_w18.webp?resize=1024%2C683&amp;ssl=1 1024w, https:\/\/i0.wp.com\/lftraduction.fr\/wp-content\/uploads\/2023\/10\/n__bnvq_w18.webp?resize=768%2C512&amp;ssl=1 768w, https:\/\/i0.wp.com\/lftraduction.fr\/wp-content\/uploads\/2023\/10\/n__bnvq_w18.webp?resize=1536%2C1024&amp;ssl=1 1536w\" sizes=\"(max-width: 800px) 100vw, 800px\" \/>\t\t\t\t\t\t\t\t\t\t\t\t\t\t\t<\/div>\n\t\t\t\t<\/div>\n\t\t\t\t\t<\/div>\n\t\t<\/div>\n\t\t\t\t\t<\/div>\n\t\t<\/section>\n\t\t\t\t<section class=\"elementor-section elementor-top-section elementor-element elementor-element-5849fb81 elementor-section-full_width elementor-reverse-mobile elementor-section-height-default elementor-section-height-default\" data-id=\"5849fb81\" data-element_type=\"section\" data-e-type=\"section\" id=\"next\">\n\t\t\t\t\t\t<div class=\"elementor-container elementor-column-gap-no\">\n\t\t\t\t\t<div class=\"elementor-column elementor-col-50 elementor-top-column elementor-element elementor-element-29820906\" data-id=\"29820906\" data-element_type=\"column\" data-e-type=\"column\">\n\t\t\t<div class=\"elementor-widget-wrap elementor-element-populated\">\n\t\t\t\t\t\t<div class=\"elementor-element elementor-element-45cc6bb7 elementor-widget__width-initial elementor-widget elementor-widget-image\" data-id=\"45cc6bb7\" data-element_type=\"widget\" data-e-type=\"widget\" data-widget_type=\"image.default\">\n\t\t\t\t<div class=\"elementor-widget-container\">\n\t\t\t\t\t\t\t\t\t\t\t\t\t\t\t<img width=\"681\" height=\"1024\" src=\"https:\/\/i0.wp.com\/lftraduction.fr\/wp-content\/uploads\/2023\/10\/ne2hv5auxfo.webp?fit=681%2C1024&amp;ssl=1\" class=\"attachment-large size-large wp-image-17037\" alt=\"\" srcset=\"https:\/\/i0.wp.com\/lftraduction.fr\/wp-content\/uploads\/2023\/10\/ne2hv5auxfo.webp?w=798&amp;ssl=1 798w, https:\/\/i0.wp.com\/lftraduction.fr\/wp-content\/uploads\/2023\/10\/ne2hv5auxfo.webp?resize=200%2C300&amp;ssl=1 200w, https:\/\/i0.wp.com\/lftraduction.fr\/wp-content\/uploads\/2023\/10\/ne2hv5auxfo.webp?resize=681%2C1024&amp;ssl=1 681w, https:\/\/i0.wp.com\/lftraduction.fr\/wp-content\/uploads\/2023\/10\/ne2hv5auxfo.webp?resize=768%2C1155&amp;ssl=1 768w\" sizes=\"(max-width: 681px) 100vw, 681px\" \/>\t\t\t\t\t\t\t\t\t\t\t\t\t\t\t<\/div>\n\t\t\t\t<\/div>\n\t\t\t\t\t<\/div>\n\t\t<\/div>\n\t\t\t\t<div class=\"elementor-column elementor-col-50 elementor-top-column elementor-element elementor-element-62eeaade\" data-id=\"62eeaade\" data-element_type=\"column\" data-e-type=\"column\">\n\t\t\t<div class=\"elementor-widget-wrap elementor-element-populated\">\n\t\t\t\t\t\t<div class=\"elementor-element elementor-element-6879f1e5 elementor-widget elementor-widget-text-editor\" data-id=\"6879f1e5\" data-element_type=\"widget\" data-e-type=\"widget\" data-widget_type=\"text-editor.default\">\n\t\t\t\t<div class=\"elementor-widget-container\">\n\t\t\t\t\t\t\t\t\t<p><b>\u00c7evirdi\u011fimiz finansal belgelerden \u00f6rnekler <\/b><\/p>\n<ul>\n<li style=\"font-weight: 400;\" aria-level=\"1\"><span style=\"font-weight: 400;\">Bilan\u00e7olar<\/span><\/li>\n<li style=\"font-weight: 400;\" aria-level=\"1\"><span style=\"font-weight: 400;\">Gelir tablolar\u0131<\/span><\/li>\n<li style=\"font-weight: 400;\" aria-level=\"1\"><span style=\"font-weight: 400;\">Vergi beyannameleri<\/span><\/li>\n<li style=\"font-weight: 400;\" aria-level=\"1\"><span style=\"font-weight: 400;\">Banka ekstreleri<\/span><\/li>\n<li style=\"font-weight: 400;\" aria-level=\"1\"><span style=\"font-weight: 400;\">Sigorta belgeleri<\/span><\/li>\n<li style=\"font-weight: 400;\" aria-level=\"1\"><span style=\"font-weight: 400;\">Banka teminatlar\u0131<\/span><\/li>\n<li style=\"font-weight: 400;\" aria-level=\"1\"><span style=\"font-weight: 400;\">\u00d6zel ve halka arz belgeleri<\/span><\/li>\n<li style=\"font-weight: 400;\" aria-level=\"1\"><span style=\"font-weight: 400;\">Muhasebe prosed\u00fcrleri<\/span><\/li>\n<li style=\"font-weight: 400;\" aria-level=\"1\"><span style=\"font-weight: 400;\">Durum tespiti (Due Diligence) prosed\u00fcrleri<\/span><\/li>\n<li style=\"font-weight: 400;\" aria-level=\"1\"><span style=\"font-weight: 400;\">Finansal projeler<\/span><\/li>\n<li style=\"font-weight: 400;\" aria-level=\"1\"><span style=\"font-weight: 400;\">Yat\u0131r\u0131m g\u00f6r\u00fcn\u00fcmleri<\/span><\/li>\n<li style=\"font-weight: 400;\" aria-level=\"1\"><span style=\"font-weight: 400;\">Y\u0131ll\u0131k raporlar<\/span><\/li>\n<li style=\"font-weight: 400;\" aria-level=\"1\"><span style=\"font-weight: 400;\">Denet\u00e7i raporlar\u0131<\/span><\/li>\n<li style=\"font-weight: 400;\" aria-level=\"1\"><span style=\"font-weight: 400;\">Nakit ak\u0131\u015f tablolar\u0131<\/span><\/li>\n<\/ul>\n\t\t\t\t\t\t\t\t<\/div>\n\t\t\t\t<\/div>\n\t\t\t\t\t<\/div>\n\t\t<\/div>\n\t\t\t\t\t<\/div>\n\t\t<\/section>\n\t\t\t\t<section class=\"elementor-section elementor-top-section elementor-element elementor-element-3ceb32a3 elementor-reverse-tablet elementor-section-boxed elementor-section-height-default elementor-section-height-default\" data-id=\"3ceb32a3\" data-element_type=\"section\" data-e-type=\"section\">\n\t\t\t\t\t\t<div class=\"elementor-container elementor-column-gap-no\">\n\t\t\t\t\t<div class=\"elementor-column elementor-col-100 elementor-top-column elementor-element elementor-element-193f03c\" data-id=\"193f03c\" data-element_type=\"column\" data-e-type=\"column\" data-settings=\"{&quot;background_background&quot;:&quot;classic&quot;}\">\n\t\t\t<div class=\"elementor-widget-wrap elementor-element-populated\">\n\t\t\t\t\t\t<div class=\"elementor-element elementor-element-12f1759a elementor-invisible elementor-widget elementor-widget-heading\" data-id=\"12f1759a\" data-element_type=\"widget\" data-e-type=\"widget\" data-settings=\"{&quot;_animation&quot;:&quot;fadeIn&quot;}\" data-widget_type=\"heading.default\">\n\t\t\t\t<div class=\"elementor-widget-container\">\n\t\t\t\t\t<h2 class=\"elementor-heading-title elementor-size-default\"><span style=\"color:#F4A41E\">Finansal belgeler<\/span>in \u00f6zellikleri <\/h2>\t\t\t\t<\/div>\n\t\t\t\t<\/div>\n\t\t\t\t<div class=\"elementor-element elementor-element-434638db elementor-widget elementor-widget-text-editor\" data-id=\"434638db\" data-element_type=\"widget\" data-e-type=\"widget\" data-widget_type=\"text-editor.default\">\n\t\t\t\t<div class=\"elementor-widget-container\">\n\t\t\t\t\t\t\t\t\t<p><span style=\"font-weight: 400;\">T\u0131pk\u0131 hukuki \u00e7evirilerde oldu\u011fu gibi, <strong>finansal \u00e7evirmelerde<\/strong> de \u00e7evirmenlerin \u00e7evirdikleri sekt\u00f6rde g\u00fcncel bir deneyime sahip olmalar\u0131 gereklidir. \u00d6rne\u011fin, bireysel yat\u0131r\u0131mlar konusunda uzmanla\u015fm\u0131\u015f bir \u00e7evirmen, muhtemelen sigorta talepleriyle ilgili terminoloji ve d\u00fczenlemelere a\u015fina olmayabilir. Benzer \u015fekilde, uluslararas\u0131 vergi uzman\u0131 bir \u00e7evirmen, giri\u015fim sermayesi i\u015flemlerini yeterince anlayamayabilir. Bu nedenle, projeniz i\u00e7in do\u011fru deneyime sahip bir finansal \u00e7evirmenle \u00e7al\u0131\u015fman\u0131z \u00e7ok \u00f6nemlidir.  <\/span><\/p>\n<p><span style=\"font-weight: 400;\">Sekt\u00f6re \u00f6zg\u00fc bu bilgi birikiminin yan\u0131 s\u0131ra, \u00e7evirmenin <strong>yerel yasalar, d\u00fczenlemeler, finansal uygulamalar ve \u00e7evirinin do\u011frulu\u011funu etkileyebilecek k\u00fclt\u00fcrel fakt\u00f6rler hakk\u0131nda bilgi sahibi olmas\u0131 gerekir.<\/strong> \u00d6rne\u011fin, \u0130spanyolcaya yap\u0131lan \u00e7evirilerde bu durum s\u0131kl\u0131kla kar\u015f\u0131m\u0131za \u00e7\u0131kar. \u0130spanyolca, 20&#8217;den fazla \u00fclkenin resmi dili oldu\u011fundan, \u00e7al\u0131\u015ft\u0131\u011f\u0131n\u0131z b\u00f6lgeyi iyi tan\u0131yan ve o \u00fclkenin g\u00fcncel finansal terimlerini ve uygulamalar\u0131n\u0131 anlayan bir \u0130spanyolca \u00e7evirmenle \u00e7al\u0131\u015fmak hayati \u00f6nem ta\u015f\u0131r.  <\/span><\/p>\n\t\t\t\t\t\t\t\t<\/div>\n\t\t\t\t<\/div>\n\t\t\t\t\t<\/div>\n\t\t<\/div>\n\t\t\t\t\t<\/div>\n\t\t<\/section>\n\t\t\t\t<section class=\"elementor-section elementor-top-section elementor-element elementor-element-33afc880 elementor-section-full_width elementor-reverse-tablet elementor-section-height-default elementor-section-height-default\" data-id=\"33afc880\" data-element_type=\"section\" data-e-type=\"section\">\n\t\t\t\t\t\t<div class=\"elementor-container elementor-column-gap-no\">\n\t\t\t\t\t<div class=\"elementor-column elementor-col-50 elementor-top-column elementor-element elementor-element-22577824\" data-id=\"22577824\" data-element_type=\"column\" data-e-type=\"column\">\n\t\t\t<div class=\"elementor-widget-wrap elementor-element-populated\">\n\t\t\t\t\t\t<div class=\"elementor-element elementor-element-204af92b elementor-widget__width-initial elementor-widget elementor-widget-text-editor\" data-id=\"204af92b\" data-element_type=\"widget\" data-e-type=\"widget\" data-widget_type=\"text-editor.default\">\n\t\t\t\t<div class=\"elementor-widget-container\">\n\t\t\t\t\t\t\t\t\t<p><b>Finansal \u00e7eviri<\/b><span style=\"font-weight: 400;\">de <\/span><b><span style=\"color: #f4a41e;\">s\u0131k yap\u0131lan hatalar<\/span><\/b><\/p>\n<p><span style=\"font-weight: 400;\">Hatal\u0131 bir finansal \u00e7eviri, bir i\u015fletme i\u00e7in y\u0131k\u0131c\u0131 mali ve hukuki sorunlara yol a\u00e7abilir. Yanl\u0131\u015f \u00e7eviri edilmi\u015f belgeler, bir \u015firketin itibar\u0131na ciddi \u015fekilde zarar verebilir. Bu nedenle, en yayg\u0131n hatalar\u0131 bilmek \u00f6nemlidir. Say\u0131lar ve finansal bilgiler s\u00f6z konusu oldu\u011funda, \u00e7evirmenler bu t\u00fcr hatalardan ka\u00e7\u0131nmak i\u00e7in son derece dikkatli olmal\u0131d\u0131r:   <\/span><\/p>\n<ul>\n<li style=\"font-weight: 400;\" aria-level=\"1\"><b>Yanl\u0131\u015f terminoloji kullan\u0131m\u0131<\/b><span style=\"font-weight: 400;\">: finansal terminolojide yap\u0131lan bir hata, belgelerin ciddi \u015fekilde yanl\u0131\u015f anla\u015f\u0131lmas\u0131na ve hatal\u0131 yorumlara yol a\u00e7abilir.<\/span><\/li>\n<li style=\"font-weight: 400;\" aria-level=\"1\"><b>Finansal verilerin hatal\u0131 yorumlanmas\u0131<\/b><span style=\"font-weight: 400;\">: finansal verilerin yanl\u0131\u015f yorumlanmas\u0131, hatal\u0131 analizlere ve dolay\u0131s\u0131yla yanl\u0131\u015f finansal veya ticari kararlara neden olabilir.<\/span><\/li>\n<li style=\"font-weight: 400;\" aria-level=\"1\"><b>Yanl\u0131\u015f format kullan\u0131m\u0131 <\/b><span style=\"font-weight: 400;\">: diller ve b\u00f6lgeler, say\u0131lar\u0131 ifade etme bi\u00e7imlerinde farkl\u0131l\u0131k g\u00f6sterebilir. Finansal \u00e7eviri konusunda deneyimsiz bir \u00e7evirmen, baz\u0131 terminoloji ve kurallara a\u015fina olmayabilir. \u00d6rne\u011fin, baz\u0131 \u00fclkelerde binlik ayrac\u0131 olarak virg\u00fcl kullan\u0131l\u0131rken, di\u011ferlerinde nokta kullan\u0131l\u0131r. Ayr\u0131ca, &#8220;milyar&#8221; teriminin anlam\u0131 Avrupa ile ABD aras\u0131nda farkl\u0131l\u0131k g\u00f6sterebilir.   <\/span><\/li>\n<\/ul>\n<p><span style=\"font-weight: 400;\">Kaynak dilde ve hedef dilde kullan\u0131lan tipik formatlar\u0131 anlamak da hayati \u00f6neme sahiptir. \u00d6rne\u011fin, bir s\u00f6zle\u015fmede veya hesap \u00f6zetinde bir b\u00f6lgede yayg\u0131n olan bilgiler, ba\u015fka bir b\u00f6lgede mevcut olmayabilir. \u00c7evirmenlerin bu t\u00fcr durumlar\u0131 nas\u0131l y\u00f6neteceklerini bilmeleri, yanl\u0131\u015f anlamalar\u0131n \u00f6n\u00fcne ge\u00e7mek i\u00e7in kritik \u00f6nem ta\u015f\u0131r. <\/span><\/p>\n\t\t\t\t\t\t\t\t<\/div>\n\t\t\t\t<\/div>\n\t\t\t\t\t<\/div>\n\t\t<\/div>\n\t\t\t\t<div class=\"elementor-column elementor-col-50 elementor-top-column elementor-element elementor-element-344ae982\" data-id=\"344ae982\" data-element_type=\"column\" data-e-type=\"column\">\n\t\t\t<div class=\"elementor-widget-wrap elementor-element-populated\">\n\t\t\t\t\t\t<div class=\"elementor-element elementor-element-2351f75e elementor-invisible elementor-widget elementor-widget-image\" data-id=\"2351f75e\" data-element_type=\"widget\" data-e-type=\"widget\" data-settings=\"{&quot;_animation&quot;:&quot;fadeInRight&quot;}\" data-widget_type=\"image.default\">\n\t\t\t\t<div class=\"elementor-widget-container\">\n\t\t\t\t\t\t\t\t\t\t\t\t\t\t\t<img width=\"683\" height=\"1024\" src=\"https:\/\/i0.wp.com\/lftraduction.fr\/wp-content\/uploads\/2023\/10\/nl_fmfpxo2g.webp?fit=683%2C1024&amp;ssl=1\" class=\"attachment-large size-large wp-image-17036\" alt=\"\" srcset=\"https:\/\/i0.wp.com\/lftraduction.fr\/wp-content\/uploads\/2023\/10\/nl_fmfpxo2g.webp?w=800&amp;ssl=1 800w, https:\/\/i0.wp.com\/lftraduction.fr\/wp-content\/uploads\/2023\/10\/nl_fmfpxo2g.webp?resize=200%2C300&amp;ssl=1 200w, https:\/\/i0.wp.com\/lftraduction.fr\/wp-content\/uploads\/2023\/10\/nl_fmfpxo2g.webp?resize=683%2C1024&amp;ssl=1 683w, https:\/\/i0.wp.com\/lftraduction.fr\/wp-content\/uploads\/2023\/10\/nl_fmfpxo2g.webp?resize=768%2C1152&amp;ssl=1 768w\" sizes=\"(max-width: 683px) 100vw, 683px\" \/>\t\t\t\t\t\t\t\t\t\t\t\t\t\t\t<\/div>\n\t\t\t\t<\/div>\n\t\t\t\t\t<\/div>\n\t\t<\/div>\n\t\t\t\t\t<\/div>\n\t\t<\/section>\n\t\t\t\t<section class=\"elementor-section elementor-top-section elementor-element elementor-element-6b657719 elementor-section-boxed elementor-section-height-default elementor-section-height-default\" data-id=\"6b657719\" data-element_type=\"section\" data-e-type=\"section\">\n\t\t\t\t\t\t<div class=\"elementor-container elementor-column-gap-default\">\n\t\t\t\t\t<div class=\"elementor-column elementor-col-100 elementor-top-column elementor-element elementor-element-1cd0056b\" data-id=\"1cd0056b\" data-element_type=\"column\" data-e-type=\"column\">\n\t\t\t<div class=\"elementor-widget-wrap elementor-element-populated\">\n\t\t\t\t\t\t<div class=\"elementor-element elementor-element-acd04ff elementor-widget elementor-widget-spacer\" data-id=\"acd04ff\" data-element_type=\"widget\" data-e-type=\"widget\" data-widget_type=\"spacer.default\">\n\t\t\t\t<div class=\"elementor-widget-container\">\n\t\t\t\t\t\t\t<div class=\"elementor-spacer\">\n\t\t\t<div class=\"elementor-spacer-inner\"><\/div>\n\t\t<\/div>\n\t\t\t\t\t\t<\/div>\n\t\t\t\t<\/div>\n\t\t\t\t\t<\/div>\n\t\t<\/div>\n\t\t\t\t\t<\/div>\n\t\t<\/section>\n\t\t\t\t<section class=\"elementor-section elementor-top-section elementor-element elementor-element-181f742e elementor-section-full_width elementor-section-height-default elementor-section-height-default\" data-id=\"181f742e\" data-element_type=\"section\" data-e-type=\"section\" data-settings=\"{&quot;background_background&quot;:&quot;classic&quot;}\">\n\t\t\t\t\t\t<div class=\"elementor-container elementor-column-gap-no\">\n\t\t\t\t\t<div class=\"elementor-column elementor-col-50 elementor-top-column elementor-element elementor-element-1e393156\" data-id=\"1e393156\" data-element_type=\"column\" data-e-type=\"column\">\n\t\t\t<div class=\"elementor-widget-wrap elementor-element-populated\">\n\t\t\t\t\t\t<div class=\"elementor-element elementor-element-3fb87a6f elementor-invisible elementor-widget elementor-widget-heading\" data-id=\"3fb87a6f\" data-element_type=\"widget\" data-e-type=\"widget\" data-settings=\"{&quot;_animation&quot;:&quot;fadeIn&quot;}\" data-widget_type=\"heading.default\">\n\t\t\t\t<div class=\"elementor-widget-container\">\n\t\t\t\t\t<h2 class=\"elementor-heading-title elementor-size-default\">Teklif al<\/h2>\t\t\t\t<\/div>\n\t\t\t\t<\/div>\n\t\t\t\t<div class=\"elementor-element elementor-element-7ff04da3 elementor-widget__width-initial elementor-widget-tablet__width-inherit elementor-widget elementor-widget-text-editor\" data-id=\"7ff04da3\" data-element_type=\"widget\" data-e-type=\"widget\" data-widget_type=\"text-editor.default\">\n\t\t\t\t<div class=\"elementor-widget-container\">\n\t\t\t\t\t\t\t\t\t<p><strong>Ekibimizle ileti\u015fime ge\u00e7in<\/strong>, ihtiyac\u0131n\u0131z olan cevab\u0131 <strong>en k\u0131sa s\u00fcrede<\/strong> size iletece\u011fiz. <\/p>\n\t\t\t\t\t\t\t\t<\/div>\n\t\t\t\t<\/div>\n\t\t\t\t<div class=\"elementor-element elementor-element-1d079fc9 elementor-align-left elementor-mobile-align-center elementor-widget elementor-widget-button\" data-id=\"1d079fc9\" data-element_type=\"widget\" data-e-type=\"widget\" data-widget_type=\"button.default\">\n\t\t\t\t<div class=\"elementor-widget-container\">\n\t\t\t\t\t\t\t\t\t<div class=\"elementor-button-wrapper\">\n\t\t\t\t\t<a class=\"elementor-button elementor-button-link elementor-size-sm\" href=\"#elementor-action%3Aaction%3Dpopup%3Aopen%26settings%3DeyJpZCI6NDM4MiwidG9nZ2xlIjpmYWxzZX0%3D\">\n\t\t\t\t\t\t<span class=\"elementor-button-content-wrapper\">\n\t\t\t\t\t\t<span class=\"elementor-button-icon\">\n\t\t\t\t<i aria-hidden=\"true\" class=\"icon icon-arrow-right\"><\/i>\t\t\t<\/span>\n\t\t\t\t\t\t\t\t\t<span class=\"elementor-button-text\">Bir saatten k\u0131sa s\u00fcrede teklif<\/span>\n\t\t\t\t\t<\/span>\n\t\t\t\t\t<\/a>\n\t\t\t\t<\/div>\n\t\t\t\t\t\t\t\t<\/div>\n\t\t\t\t<\/div>\n\t\t\t\t\t<\/div>\n\t\t<\/div>\n\t\t\t\t<div class=\"elementor-column elementor-col-50 elementor-top-column elementor-element elementor-element-6c8aab7d\" data-id=\"6c8aab7d\" data-element_type=\"column\" data-e-type=\"column\">\n\t\t\t<div class=\"elementor-widget-wrap elementor-element-populated\">\n\t\t\t\t\t\t<div class=\"elementor-element elementor-element-eff9f89 elementor-widget elementor-widget-image\" data-id=\"eff9f89\" data-element_type=\"widget\" data-e-type=\"widget\" data-widget_type=\"image.default\">\n\t\t\t\t<div class=\"elementor-widget-container\">\n\t\t\t\t\t\t\t\t\t\t\t\t\t\t\t<img loading=\"lazy\" width=\"1500\" height=\"1001\" src=\"https:\/\/i0.wp.com\/lftraduction.fr\/wp-content\/uploads\/2023\/10\/LFTraduction_Agence-de-traduction_05_2-copie.webp?fit=1500%2C1001&amp;ssl=1\" class=\"attachment-full size-full wp-image-16724\" alt=\"Lftraduction Agence De Traduction \u00e0 Paris\" srcset=\"https:\/\/i0.wp.com\/lftraduction.fr\/wp-content\/uploads\/2023\/10\/LFTraduction_Agence-de-traduction_05_2-copie.webp?w=1500&amp;ssl=1 1500w, https:\/\/i0.wp.com\/lftraduction.fr\/wp-content\/uploads\/2023\/10\/LFTraduction_Agence-de-traduction_05_2-copie.webp?resize=300%2C200&amp;ssl=1 300w, https:\/\/i0.wp.com\/lftraduction.fr\/wp-content\/uploads\/2023\/10\/LFTraduction_Agence-de-traduction_05_2-copie.webp?resize=1024%2C683&amp;ssl=1 1024w, https:\/\/i0.wp.com\/lftraduction.fr\/wp-content\/uploads\/2023\/10\/LFTraduction_Agence-de-traduction_05_2-copie.webp?resize=768%2C513&amp;ssl=1 768w\" sizes=\"(max-width: 800px) 100vw, 800px\" \/>\t\t\t\t\t\t\t\t\t\t\t\t\t\t\t<\/div>\n\t\t\t\t<\/div>\n\t\t\t\t\t<\/div>\n\t\t<\/div>\n\t\t\t\t\t<\/div>\n\t\t<\/section>\n\t\t\t\t<\/div>\n\t\t","protected":false},"excerpt":{"rendered":"<p>Finans d\u00fcnyas\u0131n\u0131n karma\u015f\u0131k yap\u0131s\u0131nda, do\u011fruluk vazge\u00e7ilmezdir. Uzman finansal \u00e7evirmen ekibimiz, bilan\u00e7olar, banka ekstreleri ve halka arz belgeleri gibi dok\u00fcmanlar\u0131n inceliklerini titizlikle ele al\u0131r. Terminoloji hatalar\u0131n\u0131, veri yorumlama yanl\u0131\u015flar\u0131n\u0131 ve format uyumsuzluklar\u0131n\u0131 \u00f6nleyerek kusursuz finansal \u00e7eviriler sunuyoruz. Bizimle \u00e7al\u0131\u015farak her belgenin yerel mevzuatlara ve k\u00fclt\u00fcrel normlara uygun \u015fekilde eksiksiz ve do\u011fru bir \u015fekilde aktar\u0131lmas\u0131n\u0131 garanti edebilirsiniz. Risklerden uzak durun ve y\u00fcksek kaliteli finansal \u00e7eviriyi tercih edin.    <\/p>\n","protected":false},"author":2,"featured_media":0,"parent":16755,"menu_order":0,"comment_status":"closed","ping_status":"closed","template":"","meta":{"footnotes":""},"class_list":["post-17033","page","type-page","status-publish","hentry"],"jetpack_sharing_enabled":true,"_links":{"self":[{"href":"https:\/\/lftraduction.fr\/tr\/wp-json\/wp\/v2\/pages\/17033","targetHints":{"allow":["GET"]}}],"collection":[{"href":"https:\/\/lftraduction.fr\/tr\/wp-json\/wp\/v2\/pages"}],"about":[{"href":"https:\/\/lftraduction.fr\/tr\/wp-json\/wp\/v2\/types\/page"}],"author":[{"embeddable":true,"href":"https:\/\/lftraduction.fr\/tr\/wp-json\/wp\/v2\/users\/2"}],"replies":[{"embeddable":true,"href":"https:\/\/lftraduction.fr\/tr\/wp-json\/wp\/v2\/comments?post=17033"}],"version-history":[{"count":0,"href":"https:\/\/lftraduction.fr\/tr\/wp-json\/wp\/v2\/pages\/17033\/revisions"}],"up":[{"embeddable":true,"href":"https:\/\/lftraduction.fr\/tr\/wp-json\/wp\/v2\/pages\/16755"}],"wp:attachment":[{"href":"https:\/\/lftraduction.fr\/tr\/wp-json\/wp\/v2\/media?parent=17033"}],"curies":[{"name":"wp","href":"https:\/\/api.w.org\/{rel}","templated":true}]}}