{"id":17015,"date":"2023-10-17T14:50:24","date_gmt":"2023-10-17T14:50:24","guid":{"rendered":"https:\/\/lftraduction.fr\/portekizce-tercume-hizmetleri\/"},"modified":"2024-12-02T10:24:05","modified_gmt":"2024-12-02T10:24:05","slug":"portekizce-tercume-hizmetleri","status":"publish","type":"page","link":"https:\/\/lftraduction.fr\/tr\/portekizce-tercume-hizmetleri\/","title":{"rendered":"Portekizce \u00e7eviri hizmetleri"},"content":{"rendered":"\t\t<div data-elementor-type=\"wp-page\" data-elementor-id=\"17015\" class=\"elementor elementor-17015 elementor-6600\" data-elementor-post-type=\"page\">\n\t\t\t\t\t\t<section class=\"elementor-section elementor-top-section elementor-element elementor-element-e1e701a elementor-section-full_width elementor-section-height-default elementor-section-height-default\" data-id=\"e1e701a\" data-element_type=\"section\" data-e-type=\"section\">\n\t\t\t\t\t\t<div class=\"elementor-container elementor-column-gap-no\">\n\t\t\t\t\t<div class=\"elementor-column elementor-col-100 elementor-top-column elementor-element elementor-element-53c1804\" data-id=\"53c1804\" data-element_type=\"column\" data-e-type=\"column\">\n\t\t\t<div class=\"elementor-widget-wrap elementor-element-populated\">\n\t\t\t\t\t\t<div class=\"elementor-element elementor-element-1eb9975 elementor-invisible elementor-widget elementor-widget-heading\" data-id=\"1eb9975\" data-element_type=\"widget\" data-e-type=\"widget\" data-settings=\"{&quot;_animation&quot;:&quot;fadeIn&quot;}\" data-widget_type=\"heading.default\">\n\t\t\t\t<div class=\"elementor-widget-container\">\n\t\t\t\t\t<h1 class=\"elementor-heading-title elementor-size-default\"><span style=\"color:#F4A41E\">Portekizce<\/span> \u00e7eviri<\/h1>\t\t\t\t<\/div>\n\t\t\t\t<\/div>\n\t\t\t\t\t<\/div>\n\t\t<\/div>\n\t\t\t\t\t<\/div>\n\t\t<\/section>\n\t\t\t\t<section class=\"elementor-section elementor-top-section elementor-element elementor-element-5ce4450e elementor-section-content-middle elementor-section-full_width elementor-section-height-default elementor-section-height-default\" data-id=\"5ce4450e\" data-element_type=\"section\" data-e-type=\"section\">\n\t\t\t\t\t\t<div class=\"elementor-container elementor-column-gap-no\">\n\t\t\t\t\t<div class=\"elementor-column elementor-col-50 elementor-top-column elementor-element elementor-element-1ad5ea9e\" data-id=\"1ad5ea9e\" data-element_type=\"column\" data-e-type=\"column\">\n\t\t\t<div class=\"elementor-widget-wrap elementor-element-populated\">\n\t\t\t\t\t\t<div class=\"elementor-element elementor-element-38570ddc elementor-widget elementor-widget-text-editor\" data-id=\"38570ddc\" data-element_type=\"widget\" data-e-type=\"widget\" data-widget_type=\"text-editor.default\">\n\t\t\t\t<div class=\"elementor-widget-container\">\n\t\t\t\t\t\t\t\t\t<p>Portekizce, d\u00fcnyada yayg\u0131n olarak konu\u015fulan ve \u0130spanya&#8217;n\u0131n kuzeybat\u0131s\u0131ndaki Gali\u00e7ya ve Asturya leh\u00e7elerinden t\u00fcreyen bir dildir. Portekizce, d\u00fcnya genelinde 220 milyonun \u00fczerinde insan taraf\u0131ndan konu\u015fulmaktad\u0131r ve derin tarihi ve k\u00fclt\u00fcrel k\u00f6kenlere sahiptir. <\/p>\n<p>Portekizce, Portekiz, Brezilya, Mozambik, Angola ve Ye\u015fil Burun Adalar\u0131 gibi bir\u00e7ok \u00fclkenin resmi dilidir.<\/p>\n<h3>Portekizce dilinin k\u00f6kenler<\/h3>\n<p>Modern Portekizce, Orta \u00c7a\u011f&#8217;da \u0130ber Yar\u0131madas\u0131&#8217;n\u0131n kuzeybat\u0131s\u0131nda konu\u015fulan Galisya-Portekizce leh\u00e7esinden t\u00fcremektedir. Portekizce, Portekiz&#8217;in deniz ke\u015fifleri sayesinde yay\u0131ld\u0131 ve Avrupa&#8217;n\u0131n kolonizasyonu s\u0131ras\u0131nda Brezilya&#8217;n\u0131n ana dili haline geldi. <\/p>\n<h3>Portekizce: k\u00fclt\u00fcrel ve dilsel bir zenginlik<\/h3>\n<p>Brezilya&#8217;da, Portekizce, yerli ve Afrikal\u0131 dillerle kar\u0131\u015farak evrilmi\u015ftir. Bu, \u00fclkenin karma\u015f\u0131k tarihine, \u00f6zellikle k\u00f6lelik d\u00f6nemi s\u0131ras\u0131nda ya\u015fananlara ba\u011fl\u0131d\u0131r. <\/p>\n<p>Brezilya&#8217;da, Portekizce, k\u00f6lelik nedeniyle yerli ve Afrikal\u0131 dillerden kelimelerle kar\u0131\u015fm\u0131\u015ft\u0131r.<\/p>\n<h3>Brezilya&#8217;da dil: canl\u0131 bir k\u00fclt\u00fcrel miras<\/h3>\n<p>Brezilya&#8217;da, Portekizce ana dildir. \u00dclke, geni\u015f ve \u00e7e\u015fitlidir, zengin bir k\u00fclt\u00fcr ve dile sahiptir. Ayr\u0131ca geni\u015f Amazon b\u00f6lgelerine de ev sahipli\u011fi yapmaktad\u0131r. \u0130\u015fte bu b\u00f6lgesel k\u00fclt\u00fcrler mozaiklerinde, ku\u015faktan ku\u015fa\u011fa aktar\u0131lan geleneklerle harmanlanm\u0131\u015f, dikkatle i\u015flenmi\u015f benzersiz ifadeler do\u011far. Brezilya&#8217;n\u0131n her k\u00f6\u015fesi, kendi ritmleri, gelenekleri ve dilsel incelikleriyle yank\u0131lan\u0131r.    <\/p>\n<p>Brezilya Portekizcesinin s\u0131cak aksanlar\u0131, Brezilya halk\u0131n\u0131n samimiyetini ve a\u00e7\u0131k fikirli\u011fini yans\u0131t\u0131r. Her b\u00f6lge, her \u015fehir, kendi tonunu ta\u015f\u0131r ve konu\u015fman\u0131n basit eylemi, canl\u0131 bir ses senfonisine d\u00f6n\u00fc\u015f\u00fcr. Brezilya&#8217;daki her aksan, \u00fclkenin tarihi ve k\u00fclt\u00fcrel \u00e7e\u015fitlili\u011fini kutlar. Kuzeydo\u011fu&#8217;nun yumu\u015fak sesinden Rio de Janeiro&#8217;daki samba m\u00fczi\u011finin co\u015fkusuna kadar.   <\/p>\n<p>Brezilya&#8217;da ola\u011fan\u00fcst\u00fc edebi gelenekler geli\u015fmi\u015ftir. Machado de Assis, Clarice Lispector ve Jorge Amado gibi \u00fcnl\u00fc yazarlar, zengin ve \u00e7e\u015fitlilik g\u00f6steren bir edebiyat yaratm\u0131\u015flard\u0131r. Bu edebiyat, Brezilya&#8217;n\u0131n ruhunu derinlemesine yans\u0131t\u0131r. Portekizce, bu alandaki uzmanlar\u0131n ellerinde adeta bir sanat eserine d\u00f6n\u00fc\u015f\u00fcr. Bu eser, Brezilya ya\u015fam\u0131n\u0131, hayallerini ve kar\u015f\u0131la\u015ft\u0131\u011f\u0131 zorluklar\u0131 anlatan canl\u0131 tablolardan olu\u015fur.     <\/p>\n<h3>B\u00f6lgesel \u00e7e\u015fitlilikler ve Afrika etkisi<\/h3>\n<p>Portekizcenin bu Afrika versiyonlar\u0131, yerel diller ve k\u00fclt\u00fcrlerle uzun y\u0131llar s\u00fcren etkile\u015fimlerin sonucudur ve b\u00fcy\u00fck bir dilsel \u00e7e\u015fitlilik yaratm\u0131\u015ft\u0131r.<\/p>\n<p>Portekizcenin Afrika\u2019daki varyasyonlar\u0131, her b\u00f6lgenin gelenekleri, k\u00fclt\u00fcrel miras\u0131 ve tarihine dair de\u011ferli bir bak\u0131\u015f a\u00e7\u0131s\u0131 sunarak zengin bir dilsel miras olu\u015fturur. Ye\u015fil Burun Adalar\u0131&#8217;ndan Mozambik\u00e7e&#8217;ye, Gine-Bisav\u2019dan Angolaca&#8217;ya kadar, Afrika&#8217;daki her Portekizce varyasyonu, yerli dillerin melodik yap\u0131s\u0131n\u0131 ve s\u00f6m\u00fcrge d\u00f6nemi s\u0131ras\u0131nda gelen yabanc\u0131 dillerin etkisini yans\u0131t\u0131r. <\/p>\n<h3>Portekizce-Frans\u0131zca onayl\u0131 ve yeminli terc\u00fcme hizmetlerimiz<\/h3>\n<p>Resmi Portekizce-Frans\u0131zca \u00e7evirmen ar\u0131yorsan\u0131z veya Frans\u0131zca-Brezilya Portekizcesi \u00e7eviri hizmetlerine ihtiyac\u0131n\u0131z varsa, size yard\u0131mc\u0131 olmak i\u00e7in buraday\u0131z. Uzman \u00e7evirmen ekibimiz, dilin ve k\u00fclt\u00fcr\u00fcn zenginli\u011fini koruyarak profesyonel, do\u011fru ve g\u00fcvenilir \u00e7eviri hizmetleri sunmaktad\u0131r. <\/p>\n<p>Bug\u00fcn bizimle ileti\u015fime ge\u00e7in, resmi belgeler, ticari yaz\u0131\u015fmalar veya edebi projeler gibi her t\u00fcrl\u00fc \u00e7eviri ihtiyac\u0131n\u0131z i\u00e7in. Portekizce dilindeki t\u00fcm dil ihtiya\u00e7lar\u0131n\u0131z i\u00e7in g\u00fcvenilir orta\u011f\u0131n\u0131z\u0131z. <\/p>\n<p><em>Hizmetlerimiz hakk\u0131nda daha fazla bilgi edinmek ve Portekizce dilinde, Brezilya&#8217;da, Portekiz&#8217;de veya di\u011fer Portekizce konu\u015fulan \u00fclkelerde etkili ileti\u015fim kurman\u0131za nas\u0131l yard\u0131mc\u0131 olabilece\u011fimizi ke\u015ffetmek i\u00e7in sitemizi ke\u015ffedin.<\/em><\/p>\n\t\t\t\t\t\t\t\t<\/div>\n\t\t\t\t<\/div>\n\t\t\t\t\t<\/div>\n\t\t<\/div>\n\t\t\t\t<div class=\"elementor-column elementor-col-50 elementor-top-column elementor-element elementor-element-736197b2\" data-id=\"736197b2\" data-element_type=\"column\" data-e-type=\"column\">\n\t\t\t<div class=\"elementor-widget-wrap elementor-element-populated\">\n\t\t\t\t\t\t<div class=\"elementor-element elementor-element-741fde0c elementor-widget elementor-widget-image\" data-id=\"741fde0c\" data-element_type=\"widget\" data-e-type=\"widget\" data-widget_type=\"image.default\">\n\t\t\t\t<div class=\"elementor-widget-container\">\n\t\t\t\t\t\t\t\t\t\t\t\t\t\t\t<img fetchpriority=\"high\" width=\"683\" height=\"1024\" src=\"https:\/\/i0.wp.com\/lftraduction.fr\/wp-content\/uploads\/2023\/10\/dngezbqlxy8.webp?fit=683%2C1024&amp;ssl=1\" class=\"attachment-large size-large wp-image-17020\" alt=\"\" srcset=\"https:\/\/i0.wp.com\/lftraduction.fr\/wp-content\/uploads\/2023\/10\/dngezbqlxy8.webp?w=800&amp;ssl=1 800w, https:\/\/i0.wp.com\/lftraduction.fr\/wp-content\/uploads\/2023\/10\/dngezbqlxy8.webp?resize=200%2C300&amp;ssl=1 200w, https:\/\/i0.wp.com\/lftraduction.fr\/wp-content\/uploads\/2023\/10\/dngezbqlxy8.webp?resize=683%2C1024&amp;ssl=1 683w, https:\/\/i0.wp.com\/lftraduction.fr\/wp-content\/uploads\/2023\/10\/dngezbqlxy8.webp?resize=768%2C1152&amp;ssl=1 768w\" sizes=\"(max-width: 683px) 100vw, 683px\" \/>\t\t\t\t\t\t\t\t\t\t\t\t\t\t\t<\/div>\n\t\t\t\t<\/div>\n\t\t\t\t\t<\/div>\n\t\t<\/div>\n\t\t\t\t\t<\/div>\n\t\t<\/section>\n\t\t\t\t<section class=\"elementor-section elementor-top-section elementor-element elementor-element-49f76a99 elementor-section-full_width elementor-section-height-default elementor-section-height-default\" data-id=\"49f76a99\" data-element_type=\"section\" data-e-type=\"section\" data-settings=\"{&quot;background_background&quot;:&quot;classic&quot;}\">\n\t\t\t\t\t\t<div class=\"elementor-container elementor-column-gap-no\">\n\t\t\t\t\t<div class=\"elementor-column elementor-col-50 elementor-top-column elementor-element elementor-element-50b71e96\" data-id=\"50b71e96\" data-element_type=\"column\" data-e-type=\"column\">\n\t\t\t<div class=\"elementor-widget-wrap elementor-element-populated\">\n\t\t\t\t\t\t<div class=\"elementor-element elementor-element-2944365a elementor-invisible elementor-widget elementor-widget-heading\" data-id=\"2944365a\" data-element_type=\"widget\" data-e-type=\"widget\" data-settings=\"{&quot;_animation&quot;:&quot;fadeIn&quot;}\" data-widget_type=\"heading.default\">\n\t\t\t\t<div class=\"elementor-widget-container\">\n\t\t\t\t\t<h2 class=\"elementor-heading-title elementor-size-default\">Teklif al<\/h2>\t\t\t\t<\/div>\n\t\t\t\t<\/div>\n\t\t\t\t<div class=\"elementor-element elementor-element-49452134 elementor-widget__width-initial elementor-widget elementor-widget-text-editor\" data-id=\"49452134\" data-element_type=\"widget\" data-e-type=\"widget\" data-widget_type=\"text-editor.default\">\n\t\t\t\t<div class=\"elementor-widget-container\">\n\t\t\t\t\t\t\t\t\t<p><strong>Ekibimizle ileti\u015fime ge\u00e7in<\/strong>, ihtiyac\u0131n\u0131z olan cevab\u0131 <strong>en k\u0131sa s\u00fcrede<\/strong> size iletece\u011fiz. <\/p>\n\t\t\t\t\t\t\t\t<\/div>\n\t\t\t\t<\/div>\n\t\t\t\t<div class=\"elementor-element elementor-element-6c5647e elementor-align-left elementor-mobile-align-center elementor-widget elementor-widget-button\" data-id=\"6c5647e\" data-element_type=\"widget\" data-e-type=\"widget\" data-widget_type=\"button.default\">\n\t\t\t\t<div class=\"elementor-widget-container\">\n\t\t\t\t\t\t\t\t\t<div class=\"elementor-button-wrapper\">\n\t\t\t\t\t<a class=\"elementor-button elementor-button-link elementor-size-sm\" href=\"#elementor-action%3Aaction%3Dpopup%3Aopen%26settings%3DeyJpZCI6NDM4MiwidG9nZ2xlIjpmYWxzZX0%3D\">\n\t\t\t\t\t\t<span class=\"elementor-button-content-wrapper\">\n\t\t\t\t\t\t<span class=\"elementor-button-icon\">\n\t\t\t\t<i aria-hidden=\"true\" class=\"icon icon-arrow-right\"><\/i>\t\t\t<\/span>\n\t\t\t\t\t\t\t\t\t<span class=\"elementor-button-text\">Bir saatten k\u0131sa s\u00fcrede teklif<\/span>\n\t\t\t\t\t<\/span>\n\t\t\t\t\t<\/a>\n\t\t\t\t<\/div>\n\t\t\t\t\t\t\t\t<\/div>\n\t\t\t\t<\/div>\n\t\t\t\t\t<\/div>\n\t\t<\/div>\n\t\t\t\t<div class=\"elementor-column elementor-col-50 elementor-top-column elementor-element elementor-element-336166d2\" data-id=\"336166d2\" data-element_type=\"column\" data-e-type=\"column\">\n\t\t\t<div class=\"elementor-widget-wrap elementor-element-populated\">\n\t\t\t\t\t\t<div class=\"elementor-element elementor-element-1c2ff05a elementor-widget elementor-widget-image\" data-id=\"1c2ff05a\" data-element_type=\"widget\" data-e-type=\"widget\" data-widget_type=\"image.default\">\n\t\t\t\t<div class=\"elementor-widget-container\">\n\t\t\t\t\t\t\t\t\t\t\t\t\t\t\t<img width=\"1500\" height=\"1001\" src=\"https:\/\/i0.wp.com\/lftraduction.fr\/wp-content\/uploads\/2023\/10\/LFTraduction_Agence-de-traduction_05_2-copie.webp?fit=1500%2C1001&amp;ssl=1\" class=\"attachment-full size-full wp-image-16724\" alt=\"Lftraduction Agence De Traduction \u00e0 Paris\" srcset=\"https:\/\/i0.wp.com\/lftraduction.fr\/wp-content\/uploads\/2023\/10\/LFTraduction_Agence-de-traduction_05_2-copie.webp?w=1500&amp;ssl=1 1500w, https:\/\/i0.wp.com\/lftraduction.fr\/wp-content\/uploads\/2023\/10\/LFTraduction_Agence-de-traduction_05_2-copie.webp?resize=300%2C200&amp;ssl=1 300w, https:\/\/i0.wp.com\/lftraduction.fr\/wp-content\/uploads\/2023\/10\/LFTraduction_Agence-de-traduction_05_2-copie.webp?resize=1024%2C683&amp;ssl=1 1024w, https:\/\/i0.wp.com\/lftraduction.fr\/wp-content\/uploads\/2023\/10\/LFTraduction_Agence-de-traduction_05_2-copie.webp?resize=768%2C513&amp;ssl=1 768w\" sizes=\"(max-width: 800px) 100vw, 800px\" \/>\t\t\t\t\t\t\t\t\t\t\t\t\t\t\t<\/div>\n\t\t\t\t<\/div>\n\t\t\t\t\t<\/div>\n\t\t<\/div>\n\t\t\t\t\t<\/div>\n\t\t<\/section>\n\t\t\t\t<\/div>\n\t\t","protected":false},"excerpt":{"rendered":"<p>Portekizce \u00e7eviri Portekizce, d\u00fcnyada yayg\u0131n olarak konu\u015fulan ve \u0130spanya&#8217;n\u0131n kuzeybat\u0131s\u0131ndaki Gali\u00e7ya ve Asturya leh\u00e7elerinden t\u00fcreyen bir dildir. Portekizce, d\u00fcnya genelinde 220 milyonun \u00fczerinde insan taraf\u0131ndan konu\u015fulmaktad\u0131r ve derin tarihi ve k\u00fclt\u00fcrel k\u00f6kenlere sahiptir. Portekizce, Portekiz, Brezilya, Mozambik, Angola ve Ye\u015fil Burun Adalar\u0131 gibi bir\u00e7ok \u00fclkenin resmi dilidir. Portekizce dilinin k\u00f6kenler Modern Portekizce, Orta \u00c7a\u011f&#8217;da \u0130ber [&hellip;]<\/p>\n","protected":false},"author":2,"featured_media":0,"parent":0,"menu_order":0,"comment_status":"closed","ping_status":"closed","template":"","meta":{"footnotes":""},"class_list":["post-17015","page","type-page","status-publish","hentry"],"jetpack_sharing_enabled":true,"_links":{"self":[{"href":"https:\/\/lftraduction.fr\/tr\/wp-json\/wp\/v2\/pages\/17015","targetHints":{"allow":["GET"]}}],"collection":[{"href":"https:\/\/lftraduction.fr\/tr\/wp-json\/wp\/v2\/pages"}],"about":[{"href":"https:\/\/lftraduction.fr\/tr\/wp-json\/wp\/v2\/types\/page"}],"author":[{"embeddable":true,"href":"https:\/\/lftraduction.fr\/tr\/wp-json\/wp\/v2\/users\/2"}],"replies":[{"embeddable":true,"href":"https:\/\/lftraduction.fr\/tr\/wp-json\/wp\/v2\/comments?post=17015"}],"version-history":[{"count":0,"href":"https:\/\/lftraduction.fr\/tr\/wp-json\/wp\/v2\/pages\/17015\/revisions"}],"wp:attachment":[{"href":"https:\/\/lftraduction.fr\/tr\/wp-json\/wp\/v2\/media?parent=17015"}],"curies":[{"name":"wp","href":"https:\/\/api.w.org\/{rel}","templated":true}]}}