{"id":17009,"date":"2023-10-19T09:36:24","date_gmt":"2023-10-19T09:36:24","guid":{"rendered":"https:\/\/lftraduction.fr\/pariste-ceviri-hizmeti\/pazarlama-tercumesi\/"},"modified":"2024-12-02T10:25:21","modified_gmt":"2024-12-02T10:25:21","slug":"pazarlama-tercumesi","status":"publish","type":"page","link":"https:\/\/lftraduction.fr\/tr\/pariste-ceviri-hizmeti\/pazarlama-tercumesi\/","title":{"rendered":"Pazarlama \u00e7evirisi"},"content":{"rendered":"\t\t<div data-elementor-type=\"wp-page\" data-elementor-id=\"17009\" class=\"elementor elementor-17009 elementor-6656\" data-elementor-post-type=\"page\">\n\t\t\t\t\t\t<section class=\"elementor-section elementor-top-section elementor-element elementor-element-146f753 elementor-section-full_width elementor-section-height-default elementor-section-height-default\" data-id=\"146f753\" data-element_type=\"section\" data-e-type=\"section\">\n\t\t\t\t\t\t<div class=\"elementor-container elementor-column-gap-no\">\n\t\t\t\t\t<div class=\"elementor-column elementor-col-100 elementor-top-column elementor-element elementor-element-5cda981\" data-id=\"5cda981\" data-element_type=\"column\" data-e-type=\"column\">\n\t\t\t<div class=\"elementor-widget-wrap elementor-element-populated\">\n\t\t\t\t\t\t<div class=\"elementor-element elementor-element-3e7399f elementor-invisible elementor-widget elementor-widget-heading\" data-id=\"3e7399f\" data-element_type=\"widget\" data-e-type=\"widget\" data-settings=\"{&quot;_animation&quot;:&quot;fadeIn&quot;}\" data-widget_type=\"heading.default\">\n\t\t\t\t<div class=\"elementor-widget-container\">\n\t\t\t\t\t<h1 class=\"elementor-heading-title elementor-size-default\"><span style=\"color:#F4A41E\">Pazarlama<\/span> \u00e7eviri hizmeti<\/h1>\t\t\t\t<\/div>\n\t\t\t\t<\/div>\n\t\t\t\t\t<\/div>\n\t\t<\/div>\n\t\t\t\t\t<\/div>\n\t\t<\/section>\n\t\t\t\t<section class=\"elementor-section elementor-top-section elementor-element elementor-element-823be26 elementor-section-full_width elementor-reverse-tablet elementor-section-height-default elementor-section-height-default\" data-id=\"823be26\" data-element_type=\"section\" data-e-type=\"section\">\n\t\t\t\t\t\t<div class=\"elementor-container elementor-column-gap-no\">\n\t\t\t\t\t<div class=\"elementor-column elementor-col-50 elementor-top-column elementor-element elementor-element-d3de98f\" data-id=\"d3de98f\" data-element_type=\"column\" data-e-type=\"column\">\n\t\t\t<div class=\"elementor-widget-wrap elementor-element-populated\">\n\t\t\t\t\t\t<div class=\"elementor-element elementor-element-f86f3d5 elementor-widget__width-initial elementor-widget elementor-widget-text-editor\" data-id=\"f86f3d5\" data-element_type=\"widget\" data-e-type=\"widget\" data-widget_type=\"text-editor.default\">\n\t\t\t\t<div class=\"elementor-widget-container\">\n\t\t\t\t\t\t\t\t\t<p><strong>Pazarlama ileti\u015fim<\/strong> materyallerinizi kaliteli ve h\u0131zl\u0131 bir \u015fekilde \u00e7eviri etmek mi istiyorsunuz? O halde do\u011fru adrestesiniz. <\/p>\n\t\t\t\t\t\t\t\t<\/div>\n\t\t\t\t<\/div>\n\t\t\t\t<div class=\"elementor-element elementor-element-29aa0a0 elementor-view-stacked elementor-shape-circle elementor-invisible elementor-widget elementor-widget-icon\" data-id=\"29aa0a0\" data-element_type=\"widget\" data-e-type=\"widget\" data-settings=\"{&quot;_animation&quot;:&quot;bounceInUp&quot;,&quot;_animation_delay&quot;:700}\" data-widget_type=\"icon.default\">\n\t\t\t\t<div class=\"elementor-widget-container\">\n\t\t\t\t\t\t\t<div class=\"elementor-icon-wrapper\">\n\t\t\t<a class=\"elementor-icon elementor-animation-sink\" href=\"#next\">\n\t\t\t<i aria-hidden=\"true\" class=\"icon icon-arrow-down\"><\/i>\t\t\t<\/a>\n\t\t<\/div>\n\t\t\t\t\t\t<\/div>\n\t\t\t\t<\/div>\n\t\t\t\t\t<\/div>\n\t\t<\/div>\n\t\t\t\t<div class=\"elementor-column elementor-col-50 elementor-top-column elementor-element elementor-element-f29fe44\" data-id=\"f29fe44\" data-element_type=\"column\" data-e-type=\"column\">\n\t\t\t<div class=\"elementor-widget-wrap elementor-element-populated\">\n\t\t\t\t\t\t<div class=\"elementor-element elementor-element-280947e elementor-invisible elementor-widget elementor-widget-image\" data-id=\"280947e\" data-element_type=\"widget\" data-e-type=\"widget\" data-settings=\"{&quot;_animation&quot;:&quot;fadeInRight&quot;}\" data-widget_type=\"image.default\">\n\t\t\t\t<div class=\"elementor-widget-container\">\n\t\t\t\t\t\t\t\t\t\t\t\t\t\t\t<img fetchpriority=\"high\" width=\"800\" height=\"450\" src=\"https:\/\/i0.wp.com\/lftraduction.fr\/wp-content\/uploads\/2023\/10\/La-Francaise-de-la-Traduction_Traduction_02.webp?fit=800%2C450&amp;ssl=1\" class=\"attachment-large size-large wp-image-17011\" alt=\"\" srcset=\"https:\/\/i0.wp.com\/lftraduction.fr\/wp-content\/uploads\/2023\/10\/La-Francaise-de-la-Traduction_Traduction_02.webp?w=1500&amp;ssl=1 1500w, https:\/\/i0.wp.com\/lftraduction.fr\/wp-content\/uploads\/2023\/10\/La-Francaise-de-la-Traduction_Traduction_02.webp?resize=300%2C169&amp;ssl=1 300w, https:\/\/i0.wp.com\/lftraduction.fr\/wp-content\/uploads\/2023\/10\/La-Francaise-de-la-Traduction_Traduction_02.webp?resize=1024%2C576&amp;ssl=1 1024w, https:\/\/i0.wp.com\/lftraduction.fr\/wp-content\/uploads\/2023\/10\/La-Francaise-de-la-Traduction_Traduction_02.webp?resize=768%2C432&amp;ssl=1 768w\" sizes=\"(max-width: 800px) 100vw, 800px\" \/>\t\t\t\t\t\t\t\t\t\t\t\t\t\t\t<\/div>\n\t\t\t\t<\/div>\n\t\t\t\t\t<\/div>\n\t\t<\/div>\n\t\t\t\t\t<\/div>\n\t\t<\/section>\n\t\t\t\t<section class=\"elementor-section elementor-top-section elementor-element elementor-element-eeee132 elementor-section-full_width elementor-reverse-tablet elementor-reverse-mobile elementor-section-height-default elementor-section-height-default\" data-id=\"eeee132\" data-element_type=\"section\" data-e-type=\"section\" id=\"next\">\n\t\t\t\t\t\t<div class=\"elementor-container elementor-column-gap-no\">\n\t\t\t\t\t<div class=\"elementor-column elementor-col-50 elementor-top-column elementor-element elementor-element-bcfe7ad\" data-id=\"bcfe7ad\" data-element_type=\"column\" data-e-type=\"column\">\n\t\t\t<div class=\"elementor-widget-wrap elementor-element-populated\">\n\t\t\t\t\t\t<div class=\"elementor-element elementor-element-d882b00 elementor-widget elementor-widget-image\" data-id=\"d882b00\" data-element_type=\"widget\" data-e-type=\"widget\" data-widget_type=\"image.default\">\n\t\t\t\t<div class=\"elementor-widget-container\">\n\t\t\t\t\t\t\t\t\t\t\t\t\t\t\t<img width=\"800\" height=\"534\" src=\"https:\/\/i0.wp.com\/lftraduction.fr\/wp-content\/uploads\/2023\/10\/La-Francaise-de-la-Traduction_Traduction_01.webp?fit=800%2C534&amp;ssl=1\" class=\"attachment-large size-large wp-image-17010\" alt=\"\" srcset=\"https:\/\/i0.wp.com\/lftraduction.fr\/wp-content\/uploads\/2023\/10\/La-Francaise-de-la-Traduction_Traduction_01.webp?w=1500&amp;ssl=1 1500w, https:\/\/i0.wp.com\/lftraduction.fr\/wp-content\/uploads\/2023\/10\/La-Francaise-de-la-Traduction_Traduction_01.webp?resize=300%2C200&amp;ssl=1 300w, https:\/\/i0.wp.com\/lftraduction.fr\/wp-content\/uploads\/2023\/10\/La-Francaise-de-la-Traduction_Traduction_01.webp?resize=1024%2C683&amp;ssl=1 1024w, https:\/\/i0.wp.com\/lftraduction.fr\/wp-content\/uploads\/2023\/10\/La-Francaise-de-la-Traduction_Traduction_01.webp?resize=768%2C512&amp;ssl=1 768w\" sizes=\"(max-width: 800px) 100vw, 800px\" \/>\t\t\t\t\t\t\t\t\t\t\t\t\t\t\t<\/div>\n\t\t\t\t<\/div>\n\t\t\t\t\t<\/div>\n\t\t<\/div>\n\t\t\t\t<div class=\"elementor-column elementor-col-50 elementor-top-column elementor-element elementor-element-4f3eac9\" data-id=\"4f3eac9\" data-element_type=\"column\" data-e-type=\"column\">\n\t\t\t<div class=\"elementor-widget-wrap elementor-element-populated\">\n\t\t\t\t\t\t<div class=\"elementor-element elementor-element-2830661 elementor-invisible elementor-widget elementor-widget-heading\" data-id=\"2830661\" data-element_type=\"widget\" data-e-type=\"widget\" data-settings=\"{&quot;_animation&quot;:&quot;fadeIn&quot;}\" data-widget_type=\"heading.default\">\n\t\t\t\t<div class=\"elementor-widget-container\">\n\t\t\t\t\t<h2 class=\"elementor-heading-title elementor-size-default\"><span style=\"color:#F4A41E\">Kaliteli pazarlama \u00e7evirileriyle<\/span> yeni uluslararas\u0131 pazarlara a\u00e7\u0131l\u0131n.<\/h2>\t\t\t\t<\/div>\n\t\t\t\t<\/div>\n\t\t\t\t<div class=\"elementor-element elementor-element-99af3d2 elementor-widget elementor-widget-text-editor\" data-id=\"99af3d2\" data-element_type=\"widget\" data-e-type=\"widget\" data-widget_type=\"text-editor.default\">\n\t\t\t\t<div class=\"elementor-widget-container\">\n\t\t\t\t\t\t\t\t\t<p><strong>La Fran\u00e7aise de la Traduction<\/strong>, 50&#8217;den fazla dilde en iyi pazarlama \u00e7eviri hizmetlerini sunar. Bro\u015f\u00fcrler, bas\u0131n b\u00fcltenleri, pazarlama e-postalar\u0131, video i\u00e7erikleri, web siteleri ve sunumlar gibi t\u00fcm pazarlama materyallerinizi h\u0131zl\u0131 ve kaliteli bir \u015fekilde \u00e7eviriyoruz. <strong>La Fran\u00e7aise de la Traduction<\/strong> olarak, m\u00fc\u015fterilerimizin markalar\u0131n\u0131n mesaj\u0131n\u0131 d\u00fcnya \u00e7ap\u0131nda tutarl\u0131 bir \u015fekilde ileten ak\u0131c\u0131 ve etkileyici \u00e7evirilerle uluslararas\u0131 kitlelere ula\u015fmalar\u0131na yard\u0131mc\u0131 oluyoruz.  <\/p>\n<p><strong>La Fran\u00e7aise de la Traduction<\/strong> olarak, 40\u2019tan fazla dahili \u00e7evirmenden olu\u015fan ekibimizle g\u00fcvenilir ve dayan\u0131kl\u0131 dil kaynaklar\u0131na sahibiz. Markan\u0131z\u0131n sesi <strong>hangi dilde olursa olsun<\/strong> net, tutarl\u0131 ve etkileyici olsun diye, dil a\u00e7\u0131s\u0131ndan ak\u0131c\u0131 ve k\u00fclt\u00fcrel a\u00e7\u0131dan etkileyici pazarlama \u00e7evirileri sunmak i\u00e7in en etkili s\u00fcre\u00e7leri olu\u015fturduk.  <\/p>\n\t\t\t\t\t\t\t\t<\/div>\n\t\t\t\t<\/div>\n\t\t\t\t\t<\/div>\n\t\t<\/div>\n\t\t\t\t\t<\/div>\n\t\t<\/section>\n\t\t\t\t<section class=\"elementor-section elementor-top-section elementor-element elementor-element-62738d3 elementor-section-full_width elementor-section-height-default elementor-section-height-default\" data-id=\"62738d3\" data-element_type=\"section\" data-e-type=\"section\">\n\t\t\t\t\t\t<div class=\"elementor-container elementor-column-gap-no\">\n\t\t\t\t\t<div class=\"elementor-column elementor-col-50 elementor-top-column elementor-element elementor-element-fd32177\" data-id=\"fd32177\" data-element_type=\"column\" data-e-type=\"column\">\n\t\t\t<div class=\"elementor-widget-wrap elementor-element-populated\">\n\t\t\t\t\t\t<div class=\"elementor-element elementor-element-e4ca0ef elementor-invisible elementor-widget elementor-widget-heading\" data-id=\"e4ca0ef\" data-element_type=\"widget\" data-e-type=\"widget\" data-settings=\"{&quot;_animation&quot;:&quot;fadeIn&quot;}\" data-widget_type=\"heading.default\">\n\t\t\t\t<div class=\"elementor-widget-container\">\n\t\t\t\t\t<h2 class=\"elementor-heading-title elementor-size-default\"> <span style=\"color:#F4A41E\">\u00c7ok kanall\u0131 \u00e7eviri<\/span>, \u00e7ok kanall\u0131 pazarlama ile bulu\u015fuyor <\/h2>\t\t\t\t<\/div>\n\t\t\t\t<\/div>\n\t\t\t\t<div class=\"elementor-element elementor-element-23c8787 elementor-widget elementor-widget-text-editor\" data-id=\"23c8787\" data-element_type=\"widget\" data-e-type=\"widget\" data-widget_type=\"text-editor.default\">\n\t\t\t\t<div class=\"elementor-widget-container\">\n\t\t\t\t\t\t\t\t\t<p>\u015eirketlerin pazarlama y\u00f6neticileri, d\u00f6n\u00fc\u015f\u00fcm oranlar\u0131n\u0131 art\u0131rmak ve \u015firketin k\u00fcresel \u00f6l\u00e7ekte b\u00fcy\u00fcmesini h\u0131zland\u0131rmak i\u00e7in m\u00fc\u015fterileri t\u00fcm ileti\u015fim kanallar\u0131nda etkilemek amac\u0131yla <strong>\u00e7ok kanall\u0131 pazarlamay\u0131<\/strong> giderek daha fazla benimsiyor. <\/p>\n<p>Manuel, statik ve yava\u015f s\u00fcre\u00e7lere dayanan geleneksel pazarlama \u00e7eviri hizmetleri, g\u00fcn\u00fcm\u00fcz\u00fcn pazarlama yerelle\u015ftirme ihtiya\u00e7lar\u0131n\u0131 kar\u015f\u0131lamak i\u00e7in art\u0131k yeterli de\u011fildir. <\/p>\n<p><strong>La Fran\u00e7aise de la Traduction<\/strong>, web siteleri, uygulamalar, e-postalar, sosyal medya, SMS, videolar ve di\u011fer t\u00fcm i\u00e7erik a\u011flar\u0131 ve cihazlar i\u00e7in \u00e7ok kanall\u0131 \u00e7eviri \u00e7\u00f6z\u00fcmlerinde uzmand\u0131r.<\/p>\n\t\t\t\t\t\t\t\t<\/div>\n\t\t\t\t<\/div>\n\t\t\t\t\t<\/div>\n\t\t<\/div>\n\t\t\t\t<div class=\"elementor-column elementor-col-50 elementor-top-column elementor-element elementor-element-98a0aeb\" data-id=\"98a0aeb\" data-element_type=\"column\" data-e-type=\"column\">\n\t\t\t<div class=\"elementor-widget-wrap elementor-element-populated\">\n\t\t\t\t\t\t<div class=\"elementor-element elementor-element-92de5e5 elementor-widget elementor-widget-image\" data-id=\"92de5e5\" data-element_type=\"widget\" data-e-type=\"widget\" data-widget_type=\"image.default\">\n\t\t\t\t<div class=\"elementor-widget-container\">\n\t\t\t\t\t\t\t\t\t\t\t\t\t\t\t<img width=\"800\" height=\"534\" src=\"https:\/\/i0.wp.com\/lftraduction.fr\/wp-content\/uploads\/2023\/10\/La-Francaise-de-la-Traduction_Traduction_04.webp?fit=800%2C534&amp;ssl=1\" class=\"attachment-large size-large wp-image-17013\" alt=\"\" srcset=\"https:\/\/i0.wp.com\/lftraduction.fr\/wp-content\/uploads\/2023\/10\/La-Francaise-de-la-Traduction_Traduction_04.webp?w=1500&amp;ssl=1 1500w, https:\/\/i0.wp.com\/lftraduction.fr\/wp-content\/uploads\/2023\/10\/La-Francaise-de-la-Traduction_Traduction_04.webp?resize=300%2C200&amp;ssl=1 300w, https:\/\/i0.wp.com\/lftraduction.fr\/wp-content\/uploads\/2023\/10\/La-Francaise-de-la-Traduction_Traduction_04.webp?resize=1024%2C683&amp;ssl=1 1024w, https:\/\/i0.wp.com\/lftraduction.fr\/wp-content\/uploads\/2023\/10\/La-Francaise-de-la-Traduction_Traduction_04.webp?resize=768%2C512&amp;ssl=1 768w\" sizes=\"(max-width: 800px) 100vw, 800px\" \/>\t\t\t\t\t\t\t\t\t\t\t\t\t\t\t<\/div>\n\t\t\t\t<\/div>\n\t\t\t\t\t<\/div>\n\t\t<\/div>\n\t\t\t\t\t<\/div>\n\t\t<\/section>\n\t\t\t\t<section class=\"elementor-section elementor-top-section elementor-element elementor-element-2b3113a elementor-section-full_width elementor-reverse-tablet elementor-reverse-mobile elementor-section-height-default elementor-section-height-default\" data-id=\"2b3113a\" data-element_type=\"section\" data-e-type=\"section\">\n\t\t\t\t\t\t<div class=\"elementor-container elementor-column-gap-no\">\n\t\t\t\t\t<div class=\"elementor-column elementor-col-50 elementor-top-column elementor-element elementor-element-87236ad\" data-id=\"87236ad\" data-element_type=\"column\" data-e-type=\"column\" data-settings=\"{&quot;background_background&quot;:&quot;classic&quot;}\">\n\t\t\t<div class=\"elementor-widget-wrap elementor-element-populated\">\n\t\t\t\t\t\t<div class=\"elementor-element elementor-element-87da9d2 elementor-widget elementor-widget-image\" data-id=\"87da9d2\" data-element_type=\"widget\" data-e-type=\"widget\" data-widget_type=\"image.default\">\n\t\t\t\t<div class=\"elementor-widget-container\">\n\t\t\t\t\t\t\t\t\t\t\t\t\t\t\t<img loading=\"lazy\" width=\"800\" height=\"470\" src=\"https:\/\/i0.wp.com\/lftraduction.fr\/wp-content\/uploads\/2023\/10\/La-Francaise-de-la-Traduction_Traduction_05.webp?fit=800%2C470&amp;ssl=1\" class=\"attachment-large size-large wp-image-17014\" alt=\"\" srcset=\"https:\/\/i0.wp.com\/lftraduction.fr\/wp-content\/uploads\/2023\/10\/La-Francaise-de-la-Traduction_Traduction_05.webp?w=1500&amp;ssl=1 1500w, https:\/\/i0.wp.com\/lftraduction.fr\/wp-content\/uploads\/2023\/10\/La-Francaise-de-la-Traduction_Traduction_05.webp?resize=300%2C176&amp;ssl=1 300w, https:\/\/i0.wp.com\/lftraduction.fr\/wp-content\/uploads\/2023\/10\/La-Francaise-de-la-Traduction_Traduction_05.webp?resize=1024%2C601&amp;ssl=1 1024w, https:\/\/i0.wp.com\/lftraduction.fr\/wp-content\/uploads\/2023\/10\/La-Francaise-de-la-Traduction_Traduction_05.webp?resize=768%2C451&amp;ssl=1 768w\" sizes=\"(max-width: 800px) 100vw, 800px\" \/>\t\t\t\t\t\t\t\t\t\t\t\t\t\t\t<\/div>\n\t\t\t\t<\/div>\n\t\t\t\t\t<\/div>\n\t\t<\/div>\n\t\t\t\t<div class=\"elementor-column elementor-col-50 elementor-top-column elementor-element elementor-element-9c4ef13\" data-id=\"9c4ef13\" data-element_type=\"column\" data-e-type=\"column\">\n\t\t\t<div class=\"elementor-widget-wrap elementor-element-populated\">\n\t\t\t\t\t\t<div class=\"elementor-element elementor-element-209cf87 elementor-invisible elementor-widget elementor-widget-heading\" data-id=\"209cf87\" data-element_type=\"widget\" data-e-type=\"widget\" data-settings=\"{&quot;_animation&quot;:&quot;fadeIn&quot;}\" data-widget_type=\"heading.default\">\n\t\t\t\t<div class=\"elementor-widget-container\">\n\t\t\t\t\t<h2 class=\"elementor-heading-title elementor-size-default\">Daha iyi bir <span style=\"color:#F4A41E\">uluslararas\u0131 SEO<\/span> i\u00e7in \u00e7eviri.\n<\/h2>\t\t\t\t<\/div>\n\t\t\t\t<\/div>\n\t\t\t\t<div class=\"elementor-element elementor-element-ea051ca elementor-widget elementor-widget-text-editor\" data-id=\"ea051ca\" data-element_type=\"widget\" data-e-type=\"widget\" data-widget_type=\"text-editor.default\">\n\t\t\t\t<div class=\"elementor-widget-container\">\n\t\t\t\t\t\t\t\t\t<p>G\u00fcn\u00fcm\u00fcz dijital ekonomisinde, \u015firketler uluslararas\u0131 d\u00fczeyde tutarl\u0131 bir marka sesi olu\u015fturan <strong>pazarlama i\u00e7erikleri<\/strong> \u00fcretirken, ayn\u0131 zamanda hedef dillere uygun <strong>anahtar kelimelerin ve ifadelerin<\/strong> ana arama motorlar\u0131nda \u00fcst s\u0131ralarda yer almas\u0131n\u0131 sa\u011flamal\u0131d\u0131r. <strong>La Fran\u00e7aise de la Traduction<\/strong>, <strong>dijital pazarlama<\/strong> i\u00e7in arama motoru optimizasyonunu geli\u015ftirmeye y\u00f6nelik en iyi uygulamalardan ve \u00e7eviri \u00e7\u00f6z\u00fcmlerinden olu\u015fan kapsaml\u0131 bir yelpaze geli\u015ftirmi\u015ftir. <\/p>\n<p>\u0130\u00e7eri\u011finizi bize g\u00f6nderin, SEO \u00e7eviri teklifi al\u0131n ve <strong>La Fran\u00e7aise de la Traduction<\/strong> hedef dillerinizde yerel sat\u0131\u015flar\u0131n\u0131z\u0131 art\u0131rman\u0131za nas\u0131l yard\u0131mc\u0131 olabilir, ke\u015ffedin.<\/p>\n\t\t\t\t\t\t\t\t<\/div>\n\t\t\t\t<\/div>\n\t\t\t\t\t<\/div>\n\t\t<\/div>\n\t\t\t\t\t<\/div>\n\t\t<\/section>\n\t\t\t\t<section class=\"elementor-section elementor-top-section elementor-element elementor-element-73c766d elementor-reverse-tablet elementor-section-boxed elementor-section-height-default elementor-section-height-default\" data-id=\"73c766d\" data-element_type=\"section\" data-e-type=\"section\">\n\t\t\t\t\t\t<div class=\"elementor-container elementor-column-gap-no\">\n\t\t\t\t\t<div class=\"elementor-column elementor-col-100 elementor-top-column elementor-element elementor-element-6570ab0\" data-id=\"6570ab0\" data-element_type=\"column\" data-e-type=\"column\" data-settings=\"{&quot;background_background&quot;:&quot;classic&quot;}\">\n\t\t\t<div class=\"elementor-widget-wrap elementor-element-populated\">\n\t\t\t\t\t\t<div class=\"elementor-element elementor-element-8bf07d4 elementor-invisible elementor-widget elementor-widget-heading\" data-id=\"8bf07d4\" data-element_type=\"widget\" data-e-type=\"widget\" data-settings=\"{&quot;_animation&quot;:&quot;fadeIn&quot;}\" data-widget_type=\"heading.default\">\n\t\t\t\t<div class=\"elementor-widget-container\">\n\t\t\t\t\t<h2 class=\"elementor-heading-title elementor-size-default\"> <span style=\"color:#F4A41E\">\u00c7ok kanall\u0131 \u00e7eviri<\/span>, \u00e7ok kanall\u0131 pazarlama ile bulu\u015fuyor <\/h2>\t\t\t\t<\/div>\n\t\t\t\t<\/div>\n\t\t\t\t<div class=\"elementor-element elementor-element-c133a67 elementor-widget elementor-widget-text-editor\" data-id=\"c133a67\" data-element_type=\"widget\" data-e-type=\"widget\" data-widget_type=\"text-editor.default\">\n\t\t\t\t<div class=\"elementor-widget-container\">\n\t\t\t\t\t\t\t\t\t<p>Markan\u0131z\u0131n ana mesajlar\u0131n\u0131 ve <strong>pazarlama ileti\u015fimlerinizi<\/strong> geli\u015ftirmek i\u00e7in \u00e7ok zaman harcad\u0131n\u0131z. Son isteyece\u011finiz \u015fey, markan\u0131z\u0131n mesajlar\u0131n\u0131 di\u011fer dillere aktarmada yetersiz kalite sunan s\u0131radan bir \u00e7eviri \u015firketiyle \u00e7al\u0131\u015fmakt\u0131r. <\/p>\n<p>Yanl\u0131\u015f \u00e7eviri edilmi\u015f bir pazarlama i\u00e7eri\u011fi, sadece markan\u0131z\u0131n itibar\u0131n\u0131 zedelemekle kalmaz, ayn\u0131 zamanda <strong>uluslararas\u0131 m\u00fc\u015fterileriniz<\/strong>le i\u015f f\u0131rsatlar\u0131n\u0131 da kaybetmenize neden olur. <\/p>\n<p><strong>La Fran\u00e7aise de la Traduction<\/strong>, t\u00fcm Avrupa, Asya ve Latin Amerika dillerinde deneyimli pazarlama \u00e7evirmenleri ve yarat\u0131c\u0131 metin yazarlar\u0131ndan olu\u015fan b\u00fcy\u00fck bir ekibe sahiptir.<\/p>\n<p><strong>Pazarlama \u00e7evirmenlerimiz<\/strong>, \u00e7eviri ve yarat\u0131c\u0131 yazarl\u0131\u011f\u0131n birle\u015fimi olan transkreasyon adl\u0131 bir s\u00fcre\u00e7 kullanarak pazarlama \u00e7evirilerinde en iyi sonu\u00e7lar\u0131 elde eder. <\/p>\n<p>\u0130ster reklam kampanyalar\u0131n\u0131z\u0131, \u00fcr\u00fcn a\u00e7\u0131klamalar\u0131n\u0131z\u0131, dijital pazarlama promosyonlar\u0131n\u0131z\u0131, halkla ili\u015fkiler i\u00e7eriklerinizi veya sosyal medya pazarlama videolar\u0131n\u0131z\u0131 \u00e7eviri etmeniz gerekiyor olsun, <strong>La Fran\u00e7aise de la Traduction<\/strong> profesyonel pazarlama \u00e7evirmenleri, uluslararas\u0131 b\u00fcy\u00fcmenizi h\u0131zland\u0131rmak i\u00e7in son derece yarat\u0131c\u0131 \u00e7eviriler sunmaya haz\u0131rd\u0131r.<\/p>\n\t\t\t\t\t\t\t\t<\/div>\n\t\t\t\t<\/div>\n\t\t\t\t\t<\/div>\n\t\t<\/div>\n\t\t\t\t\t<\/div>\n\t\t<\/section>\n\t\t\t\t<section class=\"elementor-section elementor-top-section elementor-element elementor-element-e2b569b elementor-section-full_width elementor-section-height-default elementor-section-height-default\" data-id=\"e2b569b\" data-element_type=\"section\" data-e-type=\"section\" data-settings=\"{&quot;background_background&quot;:&quot;classic&quot;}\">\n\t\t\t\t\t\t<div class=\"elementor-container elementor-column-gap-no\">\n\t\t\t\t\t<div class=\"elementor-column elementor-col-50 elementor-top-column elementor-element elementor-element-51aa84d\" data-id=\"51aa84d\" data-element_type=\"column\" data-e-type=\"column\">\n\t\t\t<div class=\"elementor-widget-wrap elementor-element-populated\">\n\t\t\t\t\t\t<div class=\"elementor-element elementor-element-4c90d3f elementor-invisible elementor-widget elementor-widget-heading\" data-id=\"4c90d3f\" data-element_type=\"widget\" data-e-type=\"widget\" data-settings=\"{&quot;_animation&quot;:&quot;fadeIn&quot;}\" data-widget_type=\"heading.default\">\n\t\t\t\t<div class=\"elementor-widget-container\">\n\t\t\t\t\t<h2 class=\"elementor-heading-title elementor-size-default\">Teklif al<\/h2>\t\t\t\t<\/div>\n\t\t\t\t<\/div>\n\t\t\t\t<div class=\"elementor-element elementor-element-1fe54e0 elementor-widget__width-initial elementor-widget elementor-widget-text-editor\" data-id=\"1fe54e0\" data-element_type=\"widget\" data-e-type=\"widget\" data-widget_type=\"text-editor.default\">\n\t\t\t\t<div class=\"elementor-widget-container\">\n\t\t\t\t\t\t\t\t\t<p><strong>Ekibimizle ileti\u015fime ge\u00e7in<\/strong>, ihtiyac\u0131n\u0131z olan cevab\u0131 <strong>en k\u0131sa s\u00fcrede<\/strong> size iletece\u011fiz. <\/p>\n\t\t\t\t\t\t\t\t<\/div>\n\t\t\t\t<\/div>\n\t\t\t\t<div class=\"elementor-element elementor-element-317a3cc elementor-align-left elementor-mobile-align-center elementor-widget elementor-widget-button\" data-id=\"317a3cc\" data-element_type=\"widget\" data-e-type=\"widget\" data-widget_type=\"button.default\">\n\t\t\t\t<div class=\"elementor-widget-container\">\n\t\t\t\t\t\t\t\t\t<div class=\"elementor-button-wrapper\">\n\t\t\t\t\t<a class=\"elementor-button elementor-button-link elementor-size-sm\" href=\"#elementor-action%3Aaction%3Dpopup%3Aopen%26settings%3DeyJpZCI6NDM4MiwidG9nZ2xlIjpmYWxzZX0%3D\">\n\t\t\t\t\t\t<span class=\"elementor-button-content-wrapper\">\n\t\t\t\t\t\t<span class=\"elementor-button-icon\">\n\t\t\t\t<i aria-hidden=\"true\" class=\"icon icon-arrow-right\"><\/i>\t\t\t<\/span>\n\t\t\t\t\t\t\t\t\t<span class=\"elementor-button-text\">Bir saatten k\u0131sa s\u00fcrede teklif<\/span>\n\t\t\t\t\t<\/span>\n\t\t\t\t\t<\/a>\n\t\t\t\t<\/div>\n\t\t\t\t\t\t\t\t<\/div>\n\t\t\t\t<\/div>\n\t\t\t\t\t<\/div>\n\t\t<\/div>\n\t\t\t\t<div class=\"elementor-column elementor-col-50 elementor-top-column elementor-element elementor-element-fa6d1da\" data-id=\"fa6d1da\" data-element_type=\"column\" data-e-type=\"column\">\n\t\t\t<div class=\"elementor-widget-wrap elementor-element-populated\">\n\t\t\t\t\t\t<div class=\"elementor-element elementor-element-31aba1f elementor-widget elementor-widget-image\" data-id=\"31aba1f\" data-element_type=\"widget\" data-e-type=\"widget\" data-widget_type=\"image.default\">\n\t\t\t\t<div class=\"elementor-widget-container\">\n\t\t\t\t\t\t\t\t\t\t\t\t\t\t\t<img loading=\"lazy\" width=\"1500\" height=\"1001\" src=\"https:\/\/i0.wp.com\/lftraduction.fr\/wp-content\/uploads\/2023\/10\/LFTraduction_Agence-de-traduction_05_2-copie.webp?fit=1500%2C1001&amp;ssl=1\" class=\"attachment-full size-full wp-image-16724\" alt=\"Lftraduction Agence De Traduction \u00e0 Paris\" srcset=\"https:\/\/i0.wp.com\/lftraduction.fr\/wp-content\/uploads\/2023\/10\/LFTraduction_Agence-de-traduction_05_2-copie.webp?w=1500&amp;ssl=1 1500w, https:\/\/i0.wp.com\/lftraduction.fr\/wp-content\/uploads\/2023\/10\/LFTraduction_Agence-de-traduction_05_2-copie.webp?resize=300%2C200&amp;ssl=1 300w, https:\/\/i0.wp.com\/lftraduction.fr\/wp-content\/uploads\/2023\/10\/LFTraduction_Agence-de-traduction_05_2-copie.webp?resize=1024%2C683&amp;ssl=1 1024w, https:\/\/i0.wp.com\/lftraduction.fr\/wp-content\/uploads\/2023\/10\/LFTraduction_Agence-de-traduction_05_2-copie.webp?resize=768%2C513&amp;ssl=1 768w\" sizes=\"(max-width: 800px) 100vw, 800px\" \/>\t\t\t\t\t\t\t\t\t\t\t\t\t\t\t<\/div>\n\t\t\t\t<\/div>\n\t\t\t\t\t<\/div>\n\t\t<\/div>\n\t\t\t\t\t<\/div>\n\t\t<\/section>\n\t\t\t\t<\/div>\n\t\t","protected":false},"excerpt":{"rendered":"<p>T\u00fcm hukuki belgelerinizi, s\u00f6zle\u015fmelerinizi, genel sat\u0131\u015f \u015fartlar\u0131n\u0131z\u0131 ve benzeri metinlerinizi 50&#8217;den fazla dile \u00e7eviriyor ve lokalize ediyoruz. <\/p>\n","protected":false},"author":2,"featured_media":0,"parent":16755,"menu_order":0,"comment_status":"closed","ping_status":"closed","template":"","meta":{"footnotes":""},"class_list":["post-17009","page","type-page","status-publish","hentry"],"jetpack_sharing_enabled":true,"_links":{"self":[{"href":"https:\/\/lftraduction.fr\/tr\/wp-json\/wp\/v2\/pages\/17009","targetHints":{"allow":["GET"]}}],"collection":[{"href":"https:\/\/lftraduction.fr\/tr\/wp-json\/wp\/v2\/pages"}],"about":[{"href":"https:\/\/lftraduction.fr\/tr\/wp-json\/wp\/v2\/types\/page"}],"author":[{"embeddable":true,"href":"https:\/\/lftraduction.fr\/tr\/wp-json\/wp\/v2\/users\/2"}],"replies":[{"embeddable":true,"href":"https:\/\/lftraduction.fr\/tr\/wp-json\/wp\/v2\/comments?post=17009"}],"version-history":[{"count":0,"href":"https:\/\/lftraduction.fr\/tr\/wp-json\/wp\/v2\/pages\/17009\/revisions"}],"up":[{"embeddable":true,"href":"https:\/\/lftraduction.fr\/tr\/wp-json\/wp\/v2\/pages\/16755"}],"wp:attachment":[{"href":"https:\/\/lftraduction.fr\/tr\/wp-json\/wp\/v2\/media?parent=17009"}],"curies":[{"name":"wp","href":"https:\/\/api.w.org\/{rel}","templated":true}]}}