{"id":16993,"date":"2023-08-30T08:46:42","date_gmt":"2023-08-30T08:46:42","guid":{"rendered":"https:\/\/lftraduction.fr\/aft-groupe\/"},"modified":"2024-12-02T10:23:16","modified_gmt":"2024-12-02T10:23:16","slug":"aft-groupe","status":"publish","type":"page","link":"https:\/\/lftraduction.fr\/tr\/aft-groupe\/","title":{"rendered":"AFT Groupe"},"content":{"rendered":"\t\t<div data-elementor-type=\"wp-page\" data-elementor-id=\"16993\" class=\"elementor elementor-16993 elementor-2788\" data-elementor-post-type=\"page\">\n\t\t\t\t\t\t<section class=\"elementor-section elementor-top-section elementor-element elementor-element-fe78dc0 elementor-section-full_width elementor-section-height-default elementor-section-height-default\" data-id=\"fe78dc0\" data-element_type=\"section\" data-e-type=\"section\">\n\t\t\t\t\t\t<div class=\"elementor-container elementor-column-gap-no\">\n\t\t\t\t\t<div class=\"elementor-column elementor-col-100 elementor-top-column elementor-element elementor-element-f8b98e6\" data-id=\"f8b98e6\" data-element_type=\"column\" data-e-type=\"column\">\n\t\t\t<div class=\"elementor-widget-wrap elementor-element-populated\">\n\t\t\t\t\t\t<div class=\"elementor-element elementor-element-1569b6b elementor-invisible elementor-widget elementor-widget-image\" data-id=\"1569b6b\" data-element_type=\"widget\" data-e-type=\"widget\" data-settings=\"{&quot;_animation&quot;:&quot;fadeIn&quot;}\" data-widget_type=\"image.default\">\n\t\t\t\t<div class=\"elementor-widget-container\">\n\t\t\t\t\t\t\t\t\t\t\t\t\t\t\t<img fetchpriority=\"high\" width=\"999\" height=\"283\" src=\"https:\/\/i0.wp.com\/lftraduction.fr\/wp-content\/uploads\/2023\/08\/LogoAFTGroupe3.3-480w.png?fit=999%2C283&amp;ssl=1\" class=\"attachment-full size-full wp-image-17005\" alt=\"\" srcset=\"https:\/\/i0.wp.com\/lftraduction.fr\/wp-content\/uploads\/2023\/08\/LogoAFTGroupe3.3-480w.png?w=999&amp;ssl=1 999w, https:\/\/i0.wp.com\/lftraduction.fr\/wp-content\/uploads\/2023\/08\/LogoAFTGroupe3.3-480w.png?resize=300%2C85&amp;ssl=1 300w, https:\/\/i0.wp.com\/lftraduction.fr\/wp-content\/uploads\/2023\/08\/LogoAFTGroupe3.3-480w.png?resize=768%2C218&amp;ssl=1 768w\" sizes=\"(max-width: 800px) 100vw, 800px\" \/>\t\t\t\t\t\t\t\t\t\t\t\t\t\t\t<\/div>\n\t\t\t\t<\/div>\n\t\t\t\t<div class=\"elementor-element elementor-element-f642ac8 elementor-widget__width-initial elementor-widget elementor-widget-text-editor\" data-id=\"f642ac8\" data-element_type=\"widget\" data-e-type=\"widget\" data-widget_type=\"text-editor.default\">\n\t\t\t\t<div class=\"elementor-widget-container\">\n\t\t\t\t\t\t\t\t\t<p><span style=\"color: #000000;\"><span style=\"color: #000080;\"><a style=\"color: #000080;\" href=\"https:\/\/www.aftgroupe.fr\/\" rel=\"nofollow noopener\" target=\"_blank\">AFT Groupe<\/a><\/span>, 5 \u00e7eviri ve s\u00f6zl\u00fc \u00e7eviri ajans\u0131n\u0131 ve bir e\u011fitim merkezini bir araya getirmektedir. Her bir ajans, belirli alanlarda uzmanla\u015fm\u0131\u015ft\u0131r ve sizin ihtiyac\u0131n\u0131za g\u00f6re size rehberlik etmek i\u00e7in burada bulunmaktad\u0131r.<\/span><\/p>\n\t\t\t\t\t\t\t\t<\/div>\n\t\t\t\t<\/div>\n\t\t\t\t\t<\/div>\n\t\t<\/div>\n\t\t\t\t\t<\/div>\n\t\t<\/section>\n\t\t\t\t<section class=\"elementor-section elementor-top-section elementor-element elementor-element-2e2e2c8 elementor-section-boxed elementor-section-height-default elementor-section-height-default\" data-id=\"2e2e2c8\" data-element_type=\"section\" data-e-type=\"section\" data-settings=\"{&quot;background_background&quot;:&quot;classic&quot;}\">\n\t\t\t\t\t\t<div class=\"elementor-container elementor-column-gap-default\">\n\t\t\t\t\t<div class=\"elementor-column elementor-col-100 elementor-top-column elementor-element elementor-element-09d89f8\" data-id=\"09d89f8\" data-element_type=\"column\" data-e-type=\"column\">\n\t\t\t<div class=\"elementor-widget-wrap\">\n\t\t\t\t\t\t\t<\/div>\n\t\t<\/div>\n\t\t\t\t\t<\/div>\n\t\t<\/section>\n\t\t\t\t<\/div>\n\t\t","protected":false},"excerpt":{"rendered":"<p>AFT Groupe, 5 \u00e7eviri ve s\u00f6zl\u00fc \u00e7eviri ajans\u0131n\u0131 ve bir e\u011fitim merkezini bir araya getirmektedir. Her bir ajans, belirli alanlarda uzmanla\u015fm\u0131\u015ft\u0131r ve sizin ihtiyac\u0131n\u0131za g\u00f6re size rehberlik etmek i\u00e7in burada bulunmaktad\u0131r.<\/p>\n","protected":false},"author":1,"featured_media":0,"parent":0,"menu_order":0,"comment_status":"closed","ping_status":"closed","template":"","meta":{"footnotes":""},"class_list":["post-16993","page","type-page","status-publish","hentry"],"jetpack_sharing_enabled":true,"_links":{"self":[{"href":"https:\/\/lftraduction.fr\/tr\/wp-json\/wp\/v2\/pages\/16993","targetHints":{"allow":["GET"]}}],"collection":[{"href":"https:\/\/lftraduction.fr\/tr\/wp-json\/wp\/v2\/pages"}],"about":[{"href":"https:\/\/lftraduction.fr\/tr\/wp-json\/wp\/v2\/types\/page"}],"author":[{"embeddable":true,"href":"https:\/\/lftraduction.fr\/tr\/wp-json\/wp\/v2\/users\/1"}],"replies":[{"embeddable":true,"href":"https:\/\/lftraduction.fr\/tr\/wp-json\/wp\/v2\/comments?post=16993"}],"version-history":[{"count":0,"href":"https:\/\/lftraduction.fr\/tr\/wp-json\/wp\/v2\/pages\/16993\/revisions"}],"wp:attachment":[{"href":"https:\/\/lftraduction.fr\/tr\/wp-json\/wp\/v2\/media?parent=16993"}],"curies":[{"name":"wp","href":"https:\/\/api.w.org\/{rel}","templated":true}]}}