{"id":16960,"date":"2023-06-11T20:45:40","date_gmt":"2023-06-11T20:45:40","guid":{"rendered":"https:\/\/lftraduction.fr\/fransizca-tercume-hizmeti\/"},"modified":"2024-12-01T12:05:00","modified_gmt":"2024-12-01T12:05:00","slug":"fransizca-tercume-hizmeti","status":"publish","type":"page","link":"https:\/\/lftraduction.fr\/tr\/fransizca-tercume-hizmeti\/","title":{"rendered":"Frans\u0131zca \u00e7eviri hizmeti"},"content":{"rendered":"\t\t<div data-elementor-type=\"wp-page\" data-elementor-id=\"16960\" class=\"elementor elementor-16960 elementor-1148\" data-elementor-post-type=\"page\">\n\t\t\t\t\t\t<section class=\"elementor-section elementor-top-section elementor-element elementor-element-90d3293 elementor-section-full_width elementor-section-height-default elementor-section-height-default\" data-id=\"90d3293\" data-element_type=\"section\" data-e-type=\"section\">\n\t\t\t\t\t\t<div class=\"elementor-container elementor-column-gap-no\">\n\t\t\t\t\t<div class=\"elementor-column elementor-col-100 elementor-top-column elementor-element elementor-element-f004755\" data-id=\"f004755\" data-element_type=\"column\" data-e-type=\"column\">\n\t\t\t<div class=\"elementor-widget-wrap elementor-element-populated\">\n\t\t\t\t\t\t<div class=\"elementor-element elementor-element-78714a3 elementor-invisible elementor-widget elementor-widget-heading\" data-id=\"78714a3\" data-element_type=\"widget\" data-e-type=\"widget\" data-settings=\"{&quot;_animation&quot;:&quot;fadeIn&quot;}\" data-widget_type=\"heading.default\">\n\t\t\t\t<div class=\"elementor-widget-container\">\n\t\t\t\t\t<h1 class=\"elementor-heading-title elementor-size-default\"><span style=\"color:#F4A41E\">Frans\u0131zca<\/span> \u00e7eviri<\/h1>\t\t\t\t<\/div>\n\t\t\t\t<\/div>\n\t\t\t\t\t<\/div>\n\t\t<\/div>\n\t\t\t\t\t<\/div>\n\t\t<\/section>\n\t\t\t\t<section class=\"elementor-section elementor-top-section elementor-element elementor-element-c95d59d elementor-section-content-middle elementor-section-full_width elementor-section-height-default elementor-section-height-default\" data-id=\"c95d59d\" data-element_type=\"section\" data-e-type=\"section\">\n\t\t\t\t\t\t<div class=\"elementor-container elementor-column-gap-no\">\n\t\t\t\t\t<div class=\"elementor-column elementor-col-50 elementor-top-column elementor-element elementor-element-6ffd917\" data-id=\"6ffd917\" data-element_type=\"column\" data-e-type=\"column\">\n\t\t\t<div class=\"elementor-widget-wrap elementor-element-populated\">\n\t\t\t\t\t\t<div class=\"elementor-element elementor-element-6d02099 elementor-widget elementor-widget-text-editor\" data-id=\"6d02099\" data-element_type=\"widget\" data-e-type=\"widget\" data-widget_type=\"text-editor.default\">\n\t\t\t\t<div class=\"elementor-widget-container\">\n\t\t\t\t\t\t\t\t\t<p class=\"p1\">Frans\u0131zca, d\u00fcnyadaki en etkili ve romantik dillerden biridir. Latinceye dayanan k\u00f6kenleri, Orta \u00c7a\u011f boyunca Roma halklar\u0131 taraf\u0131ndan kullan\u0131lan halk diline kadar uzan\u0131r. Y\u00fczy\u0131llar boyunca Frans\u0131zca, Fran\u00e7ois Villon, Moli\u00e8re ve Victor Hugo gibi \u00f6nemli \u015fahsiyetlerin katk\u0131lar\u0131yla, edebi zenginli\u011fine \u00f6nemli derecede evrimler ve etkiler ya\u015fam\u0131\u015ft\u0131r.  <\/p>\n<p class=\"p1\">Frans\u0131zcan\u0131n y\u00fczy\u0131llar boyunca diplomasi dili oldu\u011funu biliyor muydunuz? Bir\u00e7ok uluslararas\u0131 antla\u015fma Frans\u0131zca olarak yaz\u0131lm\u0131\u015ft\u0131 ve bu gelenek 20. y\u00fczy\u0131la kadar devam etmi\u015ftir. Bug\u00fcn bile, Frans\u0131zca, Birle\u015fmi\u015f Milletler, UNESCO ve K\u0131z\u0131lha\u00e7 gibi bir\u00e7ok uluslararas\u0131 kurulu\u015fun resmi dillerinden biridir.  <\/p>\n<p class=\"p1\">Frans\u0131zca hakk\u0131nda ilgin\u00e7 bir di\u011fer ger\u00e7ek, 1635 y\u0131l\u0131nda Frans\u0131z Akademisi&#8217;nin kurulmu\u015f olmas\u0131d\u0131r. Bu kurum, dilin standartla\u015ft\u0131r\u0131lmas\u0131n\u0131 sa\u011flamak ve safiyetini korumak amac\u0131yla Kardinal Richelieu taraf\u0131ndan kurulmu\u015ftur. O zamandan beri, Frans\u0131z Akademisi Frans\u0131zca&#8217;n\u0131n te\u015fviki ve korunmas\u0131nda \u00f6nemli bir rol oynamaktad\u0131r ve \u00fcnl\u00fc s\u00f6zl\u00fc\u011f\u00fcn\u00fc d\u00fczenli olarak yay\u0131nlamaktad\u0131r.  <\/p>\n<p class=\"p1\">La Fran\u00e7aise de la Traduction, Frans\u0131zca&#8217;da do\u011fru ve ak\u0131c\u0131 \u00e7eviriler sa\u011flaman\u0131n \u00f6nemini anlar. Uzman \u00e7evirmenlerimiz, anadili Frans\u0131zca olan ve k\u00fclt\u00fcr ile dilin inceliklerine dair derin bilgiye sahip ki\u015filerdir. \u0130ster hukuki belgeler, ister pazarlama metinleri, ister \u00e7evrimi\u00e7i i\u00e7erikler \u00e7eviri etmeniz gerekiyorsa, size yard\u0131mc\u0131 olmak i\u00e7in buraday\u0131z.  <\/p>\n<p class=\"p1\">Frans\u0131zca \u00e7eviri projeleriniz i\u00e7in \u00fccretsiz bir teklif almak \u00fczere bug\u00fcn bizimle ileti\u015fime ge\u00e7in!<\/p>\n\t\t\t\t\t\t\t\t<\/div>\n\t\t\t\t<\/div>\n\t\t\t\t\t<\/div>\n\t\t<\/div>\n\t\t\t\t<div class=\"elementor-column elementor-col-50 elementor-top-column elementor-element elementor-element-cb2ea59\" data-id=\"cb2ea59\" data-element_type=\"column\" data-e-type=\"column\">\n\t\t\t<div class=\"elementor-widget-wrap elementor-element-populated\">\n\t\t\t\t\t\t<div class=\"elementor-element elementor-element-4770f52 elementor-widget elementor-widget-image\" data-id=\"4770f52\" data-element_type=\"widget\" data-e-type=\"widget\" data-widget_type=\"image.default\">\n\t\t\t\t<div class=\"elementor-widget-container\">\n\t\t\t\t\t\t\t\t\t\t\t\t\t\t\t<img fetchpriority=\"high\" width=\"683\" height=\"1024\" src=\"https:\/\/i0.wp.com\/lftraduction.fr\/wp-content\/uploads\/2023\/10\/LFTraduction_Agence-de-traduction_Paris_04_1.webp?fit=683%2C1024&amp;ssl=1\" class=\"attachment-large size-large wp-image-16968\" alt=\"\" srcset=\"https:\/\/i0.wp.com\/lftraduction.fr\/wp-content\/uploads\/2023\/10\/LFTraduction_Agence-de-traduction_Paris_04_1.webp?w=1000&amp;ssl=1 1000w, https:\/\/i0.wp.com\/lftraduction.fr\/wp-content\/uploads\/2023\/10\/LFTraduction_Agence-de-traduction_Paris_04_1.webp?resize=200%2C300&amp;ssl=1 200w, https:\/\/i0.wp.com\/lftraduction.fr\/wp-content\/uploads\/2023\/10\/LFTraduction_Agence-de-traduction_Paris_04_1.webp?resize=683%2C1024&amp;ssl=1 683w, https:\/\/i0.wp.com\/lftraduction.fr\/wp-content\/uploads\/2023\/10\/LFTraduction_Agence-de-traduction_Paris_04_1.webp?resize=768%2C1152&amp;ssl=1 768w\" sizes=\"(max-width: 683px) 100vw, 683px\" \/>\t\t\t\t\t\t\t\t\t\t\t\t\t\t\t<\/div>\n\t\t\t\t<\/div>\n\t\t\t\t\t<\/div>\n\t\t<\/div>\n\t\t\t\t\t<\/div>\n\t\t<\/section>\n\t\t\t\t<section class=\"elementor-section elementor-top-section elementor-element elementor-element-fa9fa8d elementor-section-full_width elementor-section-height-default elementor-section-height-default\" data-id=\"fa9fa8d\" data-element_type=\"section\" data-e-type=\"section\" data-settings=\"{&quot;background_background&quot;:&quot;classic&quot;}\">\n\t\t\t\t\t\t<div class=\"elementor-container elementor-column-gap-no\">\n\t\t\t\t\t<div class=\"elementor-column elementor-col-50 elementor-top-column elementor-element elementor-element-72f5334\" data-id=\"72f5334\" data-element_type=\"column\" data-e-type=\"column\">\n\t\t\t<div class=\"elementor-widget-wrap elementor-element-populated\">\n\t\t\t\t\t\t<div class=\"elementor-element elementor-element-516f7fb elementor-invisible elementor-widget elementor-widget-heading\" data-id=\"516f7fb\" data-element_type=\"widget\" data-e-type=\"widget\" data-settings=\"{&quot;_animation&quot;:&quot;fadeIn&quot;}\" data-widget_type=\"heading.default\">\n\t\t\t\t<div class=\"elementor-widget-container\">\n\t\t\t\t\t<h2 class=\"elementor-heading-title elementor-size-default\">Teklif al<\/h2>\t\t\t\t<\/div>\n\t\t\t\t<\/div>\n\t\t\t\t<div class=\"elementor-element elementor-element-bc54313 elementor-widget__width-initial elementor-widget elementor-widget-text-editor\" data-id=\"bc54313\" data-element_type=\"widget\" data-e-type=\"widget\" data-widget_type=\"text-editor.default\">\n\t\t\t\t<div class=\"elementor-widget-container\">\n\t\t\t\t\t\t\t\t\t<p><strong>Ekibimizle ileti\u015fime ge\u00e7in<\/strong>, ihtiyac\u0131n\u0131z olan cevab\u0131 <strong>en k\u0131sa s\u00fcrede<\/strong> size iletece\u011fiz. <\/p>\n\t\t\t\t\t\t\t\t<\/div>\n\t\t\t\t<\/div>\n\t\t\t\t<div class=\"elementor-element elementor-element-0e5efdc elementor-align-left elementor-mobile-align-center elementor-widget elementor-widget-button\" data-id=\"0e5efdc\" data-element_type=\"widget\" data-e-type=\"widget\" data-widget_type=\"button.default\">\n\t\t\t\t<div class=\"elementor-widget-container\">\n\t\t\t\t\t\t\t\t\t<div class=\"elementor-button-wrapper\">\n\t\t\t\t\t<a class=\"elementor-button elementor-button-link elementor-size-sm\" href=\"#elementor-action%3Aaction%3Dpopup%3Aopen%26settings%3DeyJpZCI6NDM4MiwidG9nZ2xlIjpmYWxzZX0%3D\">\n\t\t\t\t\t\t<span class=\"elementor-button-content-wrapper\">\n\t\t\t\t\t\t<span class=\"elementor-button-icon\">\n\t\t\t\t<i aria-hidden=\"true\" class=\"icon icon-arrow-right\"><\/i>\t\t\t<\/span>\n\t\t\t\t\t\t\t\t\t<span class=\"elementor-button-text\">Bir saatten k\u0131sa s\u00fcrede teklif<\/span>\n\t\t\t\t\t<\/span>\n\t\t\t\t\t<\/a>\n\t\t\t\t<\/div>\n\t\t\t\t\t\t\t\t<\/div>\n\t\t\t\t<\/div>\n\t\t\t\t\t<\/div>\n\t\t<\/div>\n\t\t\t\t<div class=\"elementor-column elementor-col-50 elementor-top-column elementor-element elementor-element-93581c4\" data-id=\"93581c4\" data-element_type=\"column\" data-e-type=\"column\">\n\t\t\t<div class=\"elementor-widget-wrap elementor-element-populated\">\n\t\t\t\t\t\t<div class=\"elementor-element elementor-element-9747a81 elementor-widget elementor-widget-image\" data-id=\"9747a81\" data-element_type=\"widget\" data-e-type=\"widget\" data-widget_type=\"image.default\">\n\t\t\t\t<div class=\"elementor-widget-container\">\n\t\t\t\t\t\t\t\t\t\t\t\t\t\t\t<img width=\"1500\" height=\"1001\" src=\"https:\/\/i0.wp.com\/lftraduction.fr\/wp-content\/uploads\/2023\/10\/LFTraduction_Agence-de-traduction_05_2-copie.webp?fit=1500%2C1001&amp;ssl=1\" class=\"attachment-full size-full wp-image-16724\" alt=\"Lftraduction Agence De Traduction \u00e0 Paris\" srcset=\"https:\/\/i0.wp.com\/lftraduction.fr\/wp-content\/uploads\/2023\/10\/LFTraduction_Agence-de-traduction_05_2-copie.webp?w=1500&amp;ssl=1 1500w, https:\/\/i0.wp.com\/lftraduction.fr\/wp-content\/uploads\/2023\/10\/LFTraduction_Agence-de-traduction_05_2-copie.webp?resize=300%2C200&amp;ssl=1 300w, https:\/\/i0.wp.com\/lftraduction.fr\/wp-content\/uploads\/2023\/10\/LFTraduction_Agence-de-traduction_05_2-copie.webp?resize=1024%2C683&amp;ssl=1 1024w, https:\/\/i0.wp.com\/lftraduction.fr\/wp-content\/uploads\/2023\/10\/LFTraduction_Agence-de-traduction_05_2-copie.webp?resize=768%2C513&amp;ssl=1 768w\" sizes=\"(max-width: 800px) 100vw, 800px\" \/>\t\t\t\t\t\t\t\t\t\t\t\t\t\t\t<\/div>\n\t\t\t\t<\/div>\n\t\t\t\t\t<\/div>\n\t\t<\/div>\n\t\t\t\t\t<\/div>\n\t\t<\/section>\n\t\t\t\t<\/div>\n\t\t","protected":false},"excerpt":{"rendered":"<p>Frans\u0131zca \u00e7eviri Frans\u0131zca, d\u00fcnyadaki en etkili ve romantik dillerden biridir. Latinceye dayanan k\u00f6kenleri, Orta \u00c7a\u011f boyunca Roma halklar\u0131 taraf\u0131ndan kullan\u0131lan halk diline kadar uzan\u0131r. Y\u00fczy\u0131llar boyunca Frans\u0131zca, Fran\u00e7ois Villon, Moli\u00e8re ve Victor Hugo gibi \u00f6nemli \u015fahsiyetlerin katk\u0131lar\u0131yla, edebi zenginli\u011fine \u00f6nemli derecede evrimler ve etkiler ya\u015fam\u0131\u015ft\u0131r. Frans\u0131zcan\u0131n y\u00fczy\u0131llar boyunca diplomasi dili oldu\u011funu biliyor muydunuz? Bir\u00e7ok uluslararas\u0131 [&hellip;]<\/p>\n","protected":false},"author":1,"featured_media":0,"parent":0,"menu_order":0,"comment_status":"closed","ping_status":"closed","template":"","meta":{"footnotes":""},"class_list":["post-16960","page","type-page","status-publish","hentry"],"jetpack_sharing_enabled":true,"_links":{"self":[{"href":"https:\/\/lftraduction.fr\/tr\/wp-json\/wp\/v2\/pages\/16960","targetHints":{"allow":["GET"]}}],"collection":[{"href":"https:\/\/lftraduction.fr\/tr\/wp-json\/wp\/v2\/pages"}],"about":[{"href":"https:\/\/lftraduction.fr\/tr\/wp-json\/wp\/v2\/types\/page"}],"author":[{"embeddable":true,"href":"https:\/\/lftraduction.fr\/tr\/wp-json\/wp\/v2\/users\/1"}],"replies":[{"embeddable":true,"href":"https:\/\/lftraduction.fr\/tr\/wp-json\/wp\/v2\/comments?post=16960"}],"version-history":[{"count":0,"href":"https:\/\/lftraduction.fr\/tr\/wp-json\/wp\/v2\/pages\/16960\/revisions"}],"wp:attachment":[{"href":"https:\/\/lftraduction.fr\/tr\/wp-json\/wp\/v2\/media?parent=16960"}],"curies":[{"name":"wp","href":"https:\/\/api.w.org\/{rel}","templated":true}]}}