{"id":16950,"date":"2023-06-11T20:50:43","date_gmt":"2023-06-11T20:50:43","guid":{"rendered":"https:\/\/lftraduction.fr\/italyanca-tercume-hizmeti\/"},"modified":"2024-12-01T12:06:15","modified_gmt":"2024-12-01T12:06:15","slug":"italyanca-tercume-hizmeti","status":"publish","type":"page","link":"https:\/\/lftraduction.fr\/tr\/italyanca-tercume-hizmeti\/","title":{"rendered":"\u0130talyanca \u00e7eviri hizmeti"},"content":{"rendered":"\t\t<div data-elementor-type=\"wp-page\" data-elementor-id=\"16950\" class=\"elementor elementor-16950 elementor-1160\" data-elementor-post-type=\"page\">\n\t\t\t\t\t\t<section class=\"elementor-section elementor-top-section elementor-element elementor-element-e1e701a elementor-section-full_width elementor-section-height-default elementor-section-height-default\" data-id=\"e1e701a\" data-element_type=\"section\" data-e-type=\"section\">\n\t\t\t\t\t\t<div class=\"elementor-container elementor-column-gap-no\">\n\t\t\t\t\t<div class=\"elementor-column elementor-col-100 elementor-top-column elementor-element elementor-element-53c1804\" data-id=\"53c1804\" data-element_type=\"column\" data-e-type=\"column\">\n\t\t\t<div class=\"elementor-widget-wrap elementor-element-populated\">\n\t\t\t\t\t\t<div class=\"elementor-element elementor-element-1eb9975 elementor-invisible elementor-widget elementor-widget-heading\" data-id=\"1eb9975\" data-element_type=\"widget\" data-e-type=\"widget\" data-settings=\"{&quot;_animation&quot;:&quot;fadeIn&quot;}\" data-widget_type=\"heading.default\">\n\t\t\t\t<div class=\"elementor-widget-container\">\n\t\t\t\t\t<h1 class=\"elementor-heading-title elementor-size-default\"><span style=\"color:#F4A41E\">\u0130talyanca<\/span> \u00e7eviri<\/h1>\t\t\t\t<\/div>\n\t\t\t\t<\/div>\n\t\t\t\t\t<\/div>\n\t\t<\/div>\n\t\t\t\t\t<\/div>\n\t\t<\/section>\n\t\t\t\t<section class=\"elementor-section elementor-top-section elementor-element elementor-element-599cd12 elementor-section-content-middle elementor-section-full_width elementor-section-height-default elementor-section-height-default\" data-id=\"599cd12\" data-element_type=\"section\" data-e-type=\"section\">\n\t\t\t\t\t\t<div class=\"elementor-container elementor-column-gap-no\">\n\t\t\t\t\t<div class=\"elementor-column elementor-col-50 elementor-top-column elementor-element elementor-element-a4b5212\" data-id=\"a4b5212\" data-element_type=\"column\" data-e-type=\"column\">\n\t\t\t<div class=\"elementor-widget-wrap elementor-element-populated\">\n\t\t\t\t\t\t<div class=\"elementor-element elementor-element-83f900f elementor-widget elementor-widget-text-editor\" data-id=\"83f900f\" data-element_type=\"widget\" data-e-type=\"widget\" data-widget_type=\"text-editor.default\">\n\t\t\t\t<div class=\"elementor-widget-container\">\n\t\t\t\t\t\t\t\t\t<p class=\"p1\">\u0130talyanca, d\u00fcnyadaki en g\u00fczel ve melodik dillerden biri olarak \u00fcn kazanm\u0131\u015ft\u0131r. Latince halk dilinden t\u00fcreyen \u0130talyanca, y\u00fczy\u0131llar boyunca Yunanca, Arap\u00e7a ve di\u011fer dillerin etkilerini b\u00fcnyesine katarak geli\u015fmi\u015ftir. Bug\u00fcn, \u0130talyanca d\u00fcnya \u00e7ap\u0131nda milyonlarca ki\u015fi taraf\u0131ndan konu\u015fulmakta olup, k\u00fclt\u00fcr, sanat ve gastronomi dili olarak kabul edilmektedir.  <\/p>\n<p class=\"p1\">\u0130talyancan\u0131n ilgin\u00e7 bir \u00f6zelli\u011fi, zengin edebi tarihidir. Dante Alighieri, Petrarque ve Boccaccio gibi yazarlar, \u0130talyan edebiyat\u0131nda silinmez bir iz b\u0131rakm\u0131\u015f ve dilin uluslararas\u0131 \u00fcn\u00fcne katk\u0131da bulunmu\u015flard\u0131r. Ayr\u0131ca, \u0130talyanca, opera ile yak\u0131ndan ili\u015fkilidir; Verdi ve Puccini gibi besteciler, \u0130talyanca olarak seslendirilen m\u00fczikal ba\u015fyap\u0131tlar yaratm\u0131\u015flard\u0131r.  <\/p>\n<p class=\"p1\">\u0130talyancan\u0131n ilgin\u00e7 bir tarihi ger\u00e7e\u011fi, R\u00f6nesans&#8217;taki rol\u00fcd\u00fcr. 14. y\u00fczy\u0131lda, Toskanal\u0131 \u0130talyanca, Avrupa&#8217;da k\u00fclt\u00fcr ve sanat dili haline gelmi\u015ftir. Leonardo da Vinci, Michelangelo ve Raphael&#8217;in eserleri, \u0130talyancan\u0131n sanat ve d\u00fc\u015f\u00fcncenin uluslararas\u0131 dili olarak ortaya \u00e7\u0131kmas\u0131na katk\u0131 sa\u011flam\u0131\u015ft\u0131r.  <\/p>\n<p class=\"p1\">La Fran\u00e7aise de la Traduction, \u0130talyanca&#8217;da do\u011fru ve kaliteli \u00e7eviriler sa\u011flaman\u0131n \u00f6nemini anlar. Uzman \u00e7evirmenlerimiz, anadili \u0130talyanca olan ve k\u00fclt\u00fcr ile dilin inceliklerine dair derin bilgiye sahip ki\u015filerdir. \u0130ster hukuki belgeler, ister teknik k\u0131lavuzlar, ister pazarlama i\u00e7erikleri \u00e7eviri etmeniz gerekiyorsa, size yard\u0131mc\u0131 olmak i\u00e7in buraday\u0131z.  <\/p>\n<p class=\"p1\">\u0130talyanca \u00e7eviri projeleriniz i\u00e7in \u00fccretsiz bir teklif almak \u00fczere bug\u00fcn bizimle ileti\u015fime ge\u00e7in!<\/p>\n\t\t\t\t\t\t\t\t<\/div>\n\t\t\t\t<\/div>\n\t\t\t\t\t<\/div>\n\t\t<\/div>\n\t\t\t\t<div class=\"elementor-column elementor-col-50 elementor-top-column elementor-element elementor-element-9d4f7d7\" data-id=\"9d4f7d7\" data-element_type=\"column\" data-e-type=\"column\">\n\t\t\t<div class=\"elementor-widget-wrap elementor-element-populated\">\n\t\t\t\t\t\t<div class=\"elementor-element elementor-element-8387401 elementor-widget elementor-widget-image\" data-id=\"8387401\" data-element_type=\"widget\" data-e-type=\"widget\" data-widget_type=\"image.default\">\n\t\t\t\t<div class=\"elementor-widget-container\">\n\t\t\t\t\t\t\t\t\t\t\t\t\t\t\t<img fetchpriority=\"high\" width=\"683\" height=\"1024\" src=\"https:\/\/i0.wp.com\/lftraduction.fr\/wp-content\/uploads\/2023\/10\/LFTraduction_Agence-de-traduction_Paris_01_1.webp?fit=683%2C1024&amp;ssl=1\" class=\"attachment-large size-large wp-image-16959\" alt=\"\" srcset=\"https:\/\/i0.wp.com\/lftraduction.fr\/wp-content\/uploads\/2023\/10\/LFTraduction_Agence-de-traduction_Paris_01_1.webp?w=1000&amp;ssl=1 1000w, https:\/\/i0.wp.com\/lftraduction.fr\/wp-content\/uploads\/2023\/10\/LFTraduction_Agence-de-traduction_Paris_01_1.webp?resize=200%2C300&amp;ssl=1 200w, https:\/\/i0.wp.com\/lftraduction.fr\/wp-content\/uploads\/2023\/10\/LFTraduction_Agence-de-traduction_Paris_01_1.webp?resize=683%2C1024&amp;ssl=1 683w, https:\/\/i0.wp.com\/lftraduction.fr\/wp-content\/uploads\/2023\/10\/LFTraduction_Agence-de-traduction_Paris_01_1.webp?resize=768%2C1152&amp;ssl=1 768w\" sizes=\"(max-width: 683px) 100vw, 683px\" \/>\t\t\t\t\t\t\t\t\t\t\t\t\t\t\t<\/div>\n\t\t\t\t<\/div>\n\t\t\t\t\t<\/div>\n\t\t<\/div>\n\t\t\t\t\t<\/div>\n\t\t<\/section>\n\t\t\t\t<section class=\"elementor-section elementor-top-section elementor-element elementor-element-8355aa9 elementor-section-full_width elementor-section-height-default elementor-section-height-default\" data-id=\"8355aa9\" data-element_type=\"section\" data-e-type=\"section\" data-settings=\"{&quot;background_background&quot;:&quot;classic&quot;}\">\n\t\t\t\t\t\t<div class=\"elementor-container elementor-column-gap-no\">\n\t\t\t\t\t<div class=\"elementor-column elementor-col-50 elementor-top-column elementor-element elementor-element-3bb178a\" data-id=\"3bb178a\" data-element_type=\"column\" data-e-type=\"column\">\n\t\t\t<div class=\"elementor-widget-wrap elementor-element-populated\">\n\t\t\t\t\t\t<div class=\"elementor-element elementor-element-2fbeb92 elementor-invisible elementor-widget elementor-widget-heading\" data-id=\"2fbeb92\" data-element_type=\"widget\" data-e-type=\"widget\" data-settings=\"{&quot;_animation&quot;:&quot;fadeIn&quot;}\" data-widget_type=\"heading.default\">\n\t\t\t\t<div class=\"elementor-widget-container\">\n\t\t\t\t\t<h2 class=\"elementor-heading-title elementor-size-default\">Teklif al<\/h2>\t\t\t\t<\/div>\n\t\t\t\t<\/div>\n\t\t\t\t<div class=\"elementor-element elementor-element-0bc5603 elementor-widget__width-initial elementor-widget elementor-widget-text-editor\" data-id=\"0bc5603\" data-element_type=\"widget\" data-e-type=\"widget\" data-widget_type=\"text-editor.default\">\n\t\t\t\t<div class=\"elementor-widget-container\">\n\t\t\t\t\t\t\t\t\t<p><strong>Ekibimizle ileti\u015fime ge\u00e7in<\/strong>, ihtiyac\u0131n\u0131z olan cevab\u0131 <strong>en k\u0131sa s\u00fcrede<\/strong> size iletece\u011fiz. <\/p>\n\t\t\t\t\t\t\t\t<\/div>\n\t\t\t\t<\/div>\n\t\t\t\t<div class=\"elementor-element elementor-element-1dc0307 elementor-align-left elementor-mobile-align-center elementor-widget elementor-widget-button\" data-id=\"1dc0307\" data-element_type=\"widget\" data-e-type=\"widget\" data-widget_type=\"button.default\">\n\t\t\t\t<div class=\"elementor-widget-container\">\n\t\t\t\t\t\t\t\t\t<div class=\"elementor-button-wrapper\">\n\t\t\t\t\t<a class=\"elementor-button elementor-button-link elementor-size-sm\" href=\"#elementor-action%3Aaction%3Dpopup%3Aopen%26settings%3DeyJpZCI6NDM4MiwidG9nZ2xlIjpmYWxzZX0%3D\">\n\t\t\t\t\t\t<span class=\"elementor-button-content-wrapper\">\n\t\t\t\t\t\t<span class=\"elementor-button-icon\">\n\t\t\t\t<i aria-hidden=\"true\" class=\"icon icon-arrow-right\"><\/i>\t\t\t<\/span>\n\t\t\t\t\t\t\t\t\t<span class=\"elementor-button-text\">Bir saatten k\u0131sa s\u00fcrede teklif<\/span>\n\t\t\t\t\t<\/span>\n\t\t\t\t\t<\/a>\n\t\t\t\t<\/div>\n\t\t\t\t\t\t\t\t<\/div>\n\t\t\t\t<\/div>\n\t\t\t\t\t<\/div>\n\t\t<\/div>\n\t\t\t\t<div class=\"elementor-column elementor-col-50 elementor-top-column elementor-element elementor-element-e2e49fe\" data-id=\"e2e49fe\" data-element_type=\"column\" data-e-type=\"column\">\n\t\t\t<div class=\"elementor-widget-wrap elementor-element-populated\">\n\t\t\t\t\t\t<div class=\"elementor-element elementor-element-ebfd302 elementor-widget elementor-widget-image\" data-id=\"ebfd302\" data-element_type=\"widget\" data-e-type=\"widget\" data-widget_type=\"image.default\">\n\t\t\t\t<div class=\"elementor-widget-container\">\n\t\t\t\t\t\t\t\t\t\t\t\t\t\t\t<img width=\"1500\" height=\"1001\" src=\"https:\/\/i0.wp.com\/lftraduction.fr\/wp-content\/uploads\/2023\/10\/LFTraduction_Agence-de-traduction_05_2-copie.webp?fit=1500%2C1001&amp;ssl=1\" class=\"attachment-full size-full wp-image-16724\" alt=\"Lftraduction Agence De Traduction \u00e0 Paris\" srcset=\"https:\/\/i0.wp.com\/lftraduction.fr\/wp-content\/uploads\/2023\/10\/LFTraduction_Agence-de-traduction_05_2-copie.webp?w=1500&amp;ssl=1 1500w, https:\/\/i0.wp.com\/lftraduction.fr\/wp-content\/uploads\/2023\/10\/LFTraduction_Agence-de-traduction_05_2-copie.webp?resize=300%2C200&amp;ssl=1 300w, https:\/\/i0.wp.com\/lftraduction.fr\/wp-content\/uploads\/2023\/10\/LFTraduction_Agence-de-traduction_05_2-copie.webp?resize=1024%2C683&amp;ssl=1 1024w, https:\/\/i0.wp.com\/lftraduction.fr\/wp-content\/uploads\/2023\/10\/LFTraduction_Agence-de-traduction_05_2-copie.webp?resize=768%2C513&amp;ssl=1 768w\" sizes=\"(max-width: 800px) 100vw, 800px\" \/>\t\t\t\t\t\t\t\t\t\t\t\t\t\t\t<\/div>\n\t\t\t\t<\/div>\n\t\t\t\t\t<\/div>\n\t\t<\/div>\n\t\t\t\t\t<\/div>\n\t\t<\/section>\n\t\t\t\t<\/div>\n\t\t","protected":false},"excerpt":{"rendered":"<p>\u0130talyanca \u00e7eviri \u0130talyanca, d\u00fcnyadaki en g\u00fczel ve melodik dillerden biri olarak \u00fcn kazanm\u0131\u015ft\u0131r. Latince halk dilinden t\u00fcreyen \u0130talyanca, y\u00fczy\u0131llar boyunca Yunanca, Arap\u00e7a ve di\u011fer dillerin etkilerini b\u00fcnyesine katarak geli\u015fmi\u015ftir. Bug\u00fcn, \u0130talyanca d\u00fcnya \u00e7ap\u0131nda milyonlarca ki\u015fi taraf\u0131ndan konu\u015fulmakta olup, k\u00fclt\u00fcr, sanat ve gastronomi dili olarak kabul edilmektedir. \u0130talyancan\u0131n ilgin\u00e7 bir \u00f6zelli\u011fi, zengin edebi tarihidir. Dante Alighieri, [&hellip;]<\/p>\n","protected":false},"author":1,"featured_media":0,"parent":0,"menu_order":0,"comment_status":"closed","ping_status":"closed","template":"","meta":{"footnotes":""},"class_list":["post-16950","page","type-page","status-publish","hentry"],"jetpack_sharing_enabled":true,"_links":{"self":[{"href":"https:\/\/lftraduction.fr\/tr\/wp-json\/wp\/v2\/pages\/16950","targetHints":{"allow":["GET"]}}],"collection":[{"href":"https:\/\/lftraduction.fr\/tr\/wp-json\/wp\/v2\/pages"}],"about":[{"href":"https:\/\/lftraduction.fr\/tr\/wp-json\/wp\/v2\/types\/page"}],"author":[{"embeddable":true,"href":"https:\/\/lftraduction.fr\/tr\/wp-json\/wp\/v2\/users\/1"}],"replies":[{"embeddable":true,"href":"https:\/\/lftraduction.fr\/tr\/wp-json\/wp\/v2\/comments?post=16950"}],"version-history":[{"count":0,"href":"https:\/\/lftraduction.fr\/tr\/wp-json\/wp\/v2\/pages\/16950\/revisions"}],"wp:attachment":[{"href":"https:\/\/lftraduction.fr\/tr\/wp-json\/wp\/v2\/media?parent=16950"}],"curies":[{"name":"wp","href":"https:\/\/api.w.org\/{rel}","templated":true}]}}