{"id":16940,"date":"2023-06-11T20:36:12","date_gmt":"2023-06-11T20:36:12","guid":{"rendered":"https:\/\/lftraduction.fr\/ispanyolca-tercume-hizmetleri\/"},"modified":"2024-12-01T12:03:58","modified_gmt":"2024-12-01T12:03:58","slug":"ispanyolca-tercume-hizmetleri","status":"publish","type":"page","link":"https:\/\/lftraduction.fr\/tr\/ispanyolca-tercume-hizmetleri\/","title":{"rendered":"Ispanyolca \u00e7eviri hizmetleri"},"content":{"rendered":"\t\t<div data-elementor-type=\"wp-page\" data-elementor-id=\"16940\" class=\"elementor elementor-16940 elementor-1134\" data-elementor-post-type=\"page\">\n\t\t\t\t\t\t<section class=\"elementor-section elementor-top-section elementor-element elementor-element-86f8b46 elementor-section-full_width elementor-section-height-default elementor-section-height-default\" data-id=\"86f8b46\" data-element_type=\"section\" data-e-type=\"section\">\n\t\t\t\t\t\t<div class=\"elementor-container elementor-column-gap-no\">\n\t\t\t\t\t<div class=\"elementor-column elementor-col-100 elementor-top-column elementor-element elementor-element-587262c\" data-id=\"587262c\" data-element_type=\"column\" data-e-type=\"column\">\n\t\t\t<div class=\"elementor-widget-wrap elementor-element-populated\">\n\t\t\t\t\t\t<div class=\"elementor-element elementor-element-2ad243e elementor-invisible elementor-widget elementor-widget-heading\" data-id=\"2ad243e\" data-element_type=\"widget\" data-e-type=\"widget\" data-settings=\"{&quot;_animation&quot;:&quot;fadeIn&quot;}\" data-widget_type=\"heading.default\">\n\t\t\t\t<div class=\"elementor-widget-container\">\n\t\t\t\t\t<h1 class=\"elementor-heading-title elementor-size-default\"><span style=\"color:#F4A41E\">\u0130spanyolca <\/span>\u00e7eviri <\/h1>\t\t\t\t<\/div>\n\t\t\t\t<\/div>\n\t\t\t\t\t<\/div>\n\t\t<\/div>\n\t\t\t\t\t<\/div>\n\t\t<\/section>\n\t\t\t\t<section class=\"elementor-section elementor-top-section elementor-element elementor-element-3fb5906 elementor-section-content-middle elementor-section-full_width elementor-section-height-default elementor-section-height-default\" data-id=\"3fb5906\" data-element_type=\"section\" data-e-type=\"section\">\n\t\t\t\t\t\t<div class=\"elementor-container elementor-column-gap-no\">\n\t\t\t\t\t<div class=\"elementor-column elementor-col-50 elementor-top-column elementor-element elementor-element-fabfffb\" data-id=\"fabfffb\" data-element_type=\"column\" data-e-type=\"column\">\n\t\t\t<div class=\"elementor-widget-wrap elementor-element-populated\">\n\t\t\t\t\t\t<div class=\"elementor-element elementor-element-603ab94 elementor-widget elementor-widget-text-editor\" data-id=\"603ab94\" data-element_type=\"widget\" data-e-type=\"widget\" data-widget_type=\"text-editor.default\">\n\t\t\t\t<div class=\"elementor-widget-container\">\n\t\t\t\t\t\t\t\t\t<p class=\"p1\">\u0130spanyolca, ayn\u0131 zamanda Kastilya dili olarak da bilinir, d\u00fcnyada en \u00e7ok konu\u015fulan ve etkili dillerden biridir. Latinceye dayanan k\u00f6kenleriyle, y\u00fczy\u0131llar boyunca Arap\u00e7a, Yunanca ve di\u011fer dillerin etkisiyle geli\u015fmi\u015ftir. Bug\u00fcn, \u0130spanyolca d\u00fcnya genelinde 460 milyondan fazla ki\u015fi taraf\u0131ndan konu\u015fulmaktad\u0131r.  <\/p>\n<p class=\"p1\">\u0130spanyolcan\u0131n ilgin\u00e7 bir \u00f6zelli\u011fi, d\u00fcnya \u00e7ap\u0131nda resmi dil olarak geni\u015f bir yay\u0131l\u0131m g\u00f6stermesidir. 21 \u00fclkede konu\u015fulmaktad\u0131r, bu da onu \u0130ngilizceden sonra uluslararas\u0131 alanda en \u00e7ok kullan\u0131lan ikinci dil yapmaktad\u0131r. Ayr\u0131ca, \u0130spanyolca, \u00fcnl\u00fc yazarlar Miguel de Cervantes, Gabriel Garc\u00eda M\u00e1rquez ve Pablo Neruda gibi pek \u00e7ok \u00f6nemli yazar\u0131n ana dilidir.  <\/p>\n<p class=\"p1\">\u0130spanyolcan\u0131n ilgin\u00e7 tarihi bir ger\u00e7e\u011fi, \u0130spanyol fatihlerinin Latin Amerika&#8217;y\u0131 ke\u015fif ve kolonizasyonundaki \u00f6nemli rol\u00fcd\u00fcr. \u0130spanyolca, Latin Amerika&#8217;n\u0131n bir\u00e7ok \u00fclkesinin k\u00fclt\u00fcr\u00fcnde, dilinde ve tarihindeki silinmez bir iz b\u0131rakm\u0131\u015ft\u0131r. <\/p>\n<p class=\"p1\">La Fran\u00e7aise de la Traduction, \u0130spanyolca\u2019da do\u011fru ve kaliteli \u00e7eviriler sa\u011flaman\u0131n \u00f6nemini anlar. Uzman \u00e7evirmenlerimiz, anadili \u0130spanyolca olan ve k\u00fclt\u00fcr ile dilin inceliklerine dair derin bilgiye sahip ki\u015filerdir. \u0130ster hukuki belgeler, ister teknik k\u0131lavuzlar, ister pazarlama i\u00e7erikleri \u00e7eviri etmeniz gerekiyorsa, size yard\u0131mc\u0131 olmak i\u00e7in buraday\u0131z.  <\/p>\n<p class=\"p1\">\u0130spanyolca \u00e7eviri projeleriniz i\u00e7in \u00fccretsiz bir teklif almak \u00fczere bug\u00fcn bizimle ileti\u015fime ge\u00e7in!<\/p>\n\t\t\t\t\t\t\t\t<\/div>\n\t\t\t\t<\/div>\n\t\t\t\t\t<\/div>\n\t\t<\/div>\n\t\t\t\t<div class=\"elementor-column elementor-col-50 elementor-top-column elementor-element elementor-element-0625473\" data-id=\"0625473\" data-element_type=\"column\" data-e-type=\"column\">\n\t\t\t<div class=\"elementor-widget-wrap elementor-element-populated\">\n\t\t\t\t\t\t<div class=\"elementor-element elementor-element-d20438b elementor-widget elementor-widget-image\" data-id=\"d20438b\" data-element_type=\"widget\" data-e-type=\"widget\" data-widget_type=\"image.default\">\n\t\t\t\t<div class=\"elementor-widget-container\">\n\t\t\t\t\t\t\t\t\t\t\t\t\t\t\t<img fetchpriority=\"high\" width=\"683\" height=\"1024\" src=\"https:\/\/i0.wp.com\/lftraduction.fr\/wp-content\/uploads\/2023\/10\/LFTraduction_Agence-de-traduction_Paris_06_1.webp?fit=683%2C1024&amp;ssl=1\" class=\"attachment-large size-large wp-image-16948\" alt=\"\" srcset=\"https:\/\/i0.wp.com\/lftraduction.fr\/wp-content\/uploads\/2023\/10\/LFTraduction_Agence-de-traduction_Paris_06_1.webp?w=1000&amp;ssl=1 1000w, https:\/\/i0.wp.com\/lftraduction.fr\/wp-content\/uploads\/2023\/10\/LFTraduction_Agence-de-traduction_Paris_06_1.webp?resize=200%2C300&amp;ssl=1 200w, https:\/\/i0.wp.com\/lftraduction.fr\/wp-content\/uploads\/2023\/10\/LFTraduction_Agence-de-traduction_Paris_06_1.webp?resize=683%2C1024&amp;ssl=1 683w, https:\/\/i0.wp.com\/lftraduction.fr\/wp-content\/uploads\/2023\/10\/LFTraduction_Agence-de-traduction_Paris_06_1.webp?resize=768%2C1152&amp;ssl=1 768w\" sizes=\"(max-width: 683px) 100vw, 683px\" \/>\t\t\t\t\t\t\t\t\t\t\t\t\t\t\t<\/div>\n\t\t\t\t<\/div>\n\t\t\t\t\t<\/div>\n\t\t<\/div>\n\t\t\t\t\t<\/div>\n\t\t<\/section>\n\t\t\t\t<section class=\"elementor-section elementor-top-section elementor-element elementor-element-16b730a elementor-section-full_width elementor-section-height-default elementor-section-height-default\" data-id=\"16b730a\" data-element_type=\"section\" data-e-type=\"section\" data-settings=\"{&quot;background_background&quot;:&quot;classic&quot;}\">\n\t\t\t\t\t\t<div class=\"elementor-container elementor-column-gap-no\">\n\t\t\t\t\t<div class=\"elementor-column elementor-col-50 elementor-top-column elementor-element elementor-element-06ce43a\" data-id=\"06ce43a\" data-element_type=\"column\" data-e-type=\"column\">\n\t\t\t<div class=\"elementor-widget-wrap elementor-element-populated\">\n\t\t\t\t\t\t<div class=\"elementor-element elementor-element-af8f797 elementor-invisible elementor-widget elementor-widget-heading\" data-id=\"af8f797\" data-element_type=\"widget\" data-e-type=\"widget\" data-settings=\"{&quot;_animation&quot;:&quot;fadeIn&quot;}\" data-widget_type=\"heading.default\">\n\t\t\t\t<div class=\"elementor-widget-container\">\n\t\t\t\t\t<h2 class=\"elementor-heading-title elementor-size-default\">Teklif al<\/h2>\t\t\t\t<\/div>\n\t\t\t\t<\/div>\n\t\t\t\t<div class=\"elementor-element elementor-element-550e67f elementor-widget__width-initial elementor-widget elementor-widget-text-editor\" data-id=\"550e67f\" data-element_type=\"widget\" data-e-type=\"widget\" data-widget_type=\"text-editor.default\">\n\t\t\t\t<div class=\"elementor-widget-container\">\n\t\t\t\t\t\t\t\t\t<p><strong>Ekibimizle ileti\u015fime ge\u00e7in<\/strong>, ihtiyac\u0131n\u0131z olan cevab\u0131 <strong>en k\u0131sa s\u00fcrede<\/strong> size iletece\u011fiz. <\/p>\n\t\t\t\t\t\t\t\t<\/div>\n\t\t\t\t<\/div>\n\t\t\t\t<div class=\"elementor-element elementor-element-cece906 elementor-align-left elementor-mobile-align-center elementor-widget elementor-widget-button\" data-id=\"cece906\" data-element_type=\"widget\" data-e-type=\"widget\" data-widget_type=\"button.default\">\n\t\t\t\t<div class=\"elementor-widget-container\">\n\t\t\t\t\t\t\t\t\t<div class=\"elementor-button-wrapper\">\n\t\t\t\t\t<a class=\"elementor-button elementor-button-link elementor-size-sm\" href=\"#elementor-action%3Aaction%3Dpopup%3Aopen%26settings%3DeyJpZCI6NDM4MiwidG9nZ2xlIjpmYWxzZX0%3D\">\n\t\t\t\t\t\t<span class=\"elementor-button-content-wrapper\">\n\t\t\t\t\t\t<span class=\"elementor-button-icon\">\n\t\t\t\t<i aria-hidden=\"true\" class=\"icon icon-arrow-right\"><\/i>\t\t\t<\/span>\n\t\t\t\t\t\t\t\t\t<span class=\"elementor-button-text\">Bir saatten k\u0131sa s\u00fcrede teklif<\/span>\n\t\t\t\t\t<\/span>\n\t\t\t\t\t<\/a>\n\t\t\t\t<\/div>\n\t\t\t\t\t\t\t\t<\/div>\n\t\t\t\t<\/div>\n\t\t\t\t\t<\/div>\n\t\t<\/div>\n\t\t\t\t<div class=\"elementor-column elementor-col-50 elementor-top-column elementor-element elementor-element-ce68c2a\" data-id=\"ce68c2a\" data-element_type=\"column\" data-e-type=\"column\">\n\t\t\t<div class=\"elementor-widget-wrap elementor-element-populated\">\n\t\t\t\t\t\t<div class=\"elementor-element elementor-element-bd73a97 elementor-widget elementor-widget-image\" data-id=\"bd73a97\" data-element_type=\"widget\" data-e-type=\"widget\" data-widget_type=\"image.default\">\n\t\t\t\t<div class=\"elementor-widget-container\">\n\t\t\t\t\t\t\t\t\t\t\t\t\t\t\t<img width=\"1500\" height=\"1001\" src=\"https:\/\/i0.wp.com\/lftraduction.fr\/wp-content\/uploads\/2023\/10\/LFTraduction_Agence-de-traduction_05_2-copie.webp?fit=1500%2C1001&amp;ssl=1\" class=\"attachment-full size-full wp-image-16724\" alt=\"Lftraduction Agence De Traduction \u00e0 Paris\" srcset=\"https:\/\/i0.wp.com\/lftraduction.fr\/wp-content\/uploads\/2023\/10\/LFTraduction_Agence-de-traduction_05_2-copie.webp?w=1500&amp;ssl=1 1500w, https:\/\/i0.wp.com\/lftraduction.fr\/wp-content\/uploads\/2023\/10\/LFTraduction_Agence-de-traduction_05_2-copie.webp?resize=300%2C200&amp;ssl=1 300w, https:\/\/i0.wp.com\/lftraduction.fr\/wp-content\/uploads\/2023\/10\/LFTraduction_Agence-de-traduction_05_2-copie.webp?resize=1024%2C683&amp;ssl=1 1024w, https:\/\/i0.wp.com\/lftraduction.fr\/wp-content\/uploads\/2023\/10\/LFTraduction_Agence-de-traduction_05_2-copie.webp?resize=768%2C513&amp;ssl=1 768w\" sizes=\"(max-width: 800px) 100vw, 800px\" \/>\t\t\t\t\t\t\t\t\t\t\t\t\t\t\t<\/div>\n\t\t\t\t<\/div>\n\t\t\t\t\t<\/div>\n\t\t<\/div>\n\t\t\t\t\t<\/div>\n\t\t<\/section>\n\t\t\t\t<\/div>\n\t\t","protected":false},"excerpt":{"rendered":"<p>\u0130spanyolca \u00e7eviri \u0130spanyolca, ayn\u0131 zamanda Kastilya dili olarak da bilinir, d\u00fcnyada en \u00e7ok konu\u015fulan ve etkili dillerden biridir. Latinceye dayanan k\u00f6kenleriyle, y\u00fczy\u0131llar boyunca Arap\u00e7a, Yunanca ve di\u011fer dillerin etkisiyle geli\u015fmi\u015ftir. Bug\u00fcn, \u0130spanyolca d\u00fcnya genelinde 460 milyondan fazla ki\u015fi taraf\u0131ndan konu\u015fulmaktad\u0131r. \u0130spanyolcan\u0131n ilgin\u00e7 bir \u00f6zelli\u011fi, d\u00fcnya \u00e7ap\u0131nda resmi dil olarak geni\u015f bir yay\u0131l\u0131m g\u00f6stermesidir. 21 \u00fclkede [&hellip;]<\/p>\n","protected":false},"author":1,"featured_media":0,"parent":0,"menu_order":0,"comment_status":"closed","ping_status":"closed","template":"","meta":{"footnotes":""},"class_list":["post-16940","page","type-page","status-publish","hentry"],"jetpack_sharing_enabled":true,"_links":{"self":[{"href":"https:\/\/lftraduction.fr\/tr\/wp-json\/wp\/v2\/pages\/16940","targetHints":{"allow":["GET"]}}],"collection":[{"href":"https:\/\/lftraduction.fr\/tr\/wp-json\/wp\/v2\/pages"}],"about":[{"href":"https:\/\/lftraduction.fr\/tr\/wp-json\/wp\/v2\/types\/page"}],"author":[{"embeddable":true,"href":"https:\/\/lftraduction.fr\/tr\/wp-json\/wp\/v2\/users\/1"}],"replies":[{"embeddable":true,"href":"https:\/\/lftraduction.fr\/tr\/wp-json\/wp\/v2\/comments?post=16940"}],"version-history":[{"count":0,"href":"https:\/\/lftraduction.fr\/tr\/wp-json\/wp\/v2\/pages\/16940\/revisions"}],"wp:attachment":[{"href":"https:\/\/lftraduction.fr\/tr\/wp-json\/wp\/v2\/media?parent=16940"}],"curies":[{"name":"wp","href":"https:\/\/api.w.org\/{rel}","templated":true}]}}