{"id":16929,"date":"2023-06-11T20:28:45","date_gmt":"2023-06-11T20:28:45","guid":{"rendered":"https:\/\/lftraduction.fr\/arapca-tercume-hizmetleri\/"},"modified":"2024-12-02T10:21:54","modified_gmt":"2024-12-02T10:21:54","slug":"arapca-tercume-hizmetleri","status":"publish","type":"page","link":"https:\/\/lftraduction.fr\/tr\/arapca-tercume-hizmetleri\/","title":{"rendered":"Arap\u00e7a \u00e7eviri hizmetleri"},"content":{"rendered":"\t\t<div data-elementor-type=\"wp-page\" data-elementor-id=\"16929\" class=\"elementor elementor-16929 elementor-1116\" data-elementor-post-type=\"page\">\n\t\t\t\t\t\t<section class=\"elementor-section elementor-top-section elementor-element elementor-element-d307d03 elementor-section-full_width elementor-section-height-default elementor-section-height-default\" data-id=\"d307d03\" data-element_type=\"section\" data-e-type=\"section\">\n\t\t\t\t\t\t<div class=\"elementor-container elementor-column-gap-no\">\n\t\t\t\t\t<div class=\"elementor-column elementor-col-100 elementor-top-column elementor-element elementor-element-342ee91\" data-id=\"342ee91\" data-element_type=\"column\" data-e-type=\"column\">\n\t\t\t<div class=\"elementor-widget-wrap elementor-element-populated\">\n\t\t\t\t\t\t<div class=\"elementor-element elementor-element-c157444 elementor-invisible elementor-widget elementor-widget-heading\" data-id=\"c157444\" data-element_type=\"widget\" data-e-type=\"widget\" data-settings=\"{&quot;_animation&quot;:&quot;fadeIn&quot;}\" data-widget_type=\"heading.default\">\n\t\t\t\t<div class=\"elementor-widget-container\">\n\t\t\t\t\t<h1 class=\"elementor-heading-title elementor-size-default\"><span style=\"color:#F4A41E\">Arap\u00e7a<\/span> \u00e7eviri <\/h1>\t\t\t\t<\/div>\n\t\t\t\t<\/div>\n\t\t\t\t\t<\/div>\n\t\t<\/div>\n\t\t\t\t\t<\/div>\n\t\t<\/section>\n\t\t\t\t<section class=\"elementor-section elementor-top-section elementor-element elementor-element-dd1ff0c elementor-section-content-middle elementor-section-full_width elementor-section-height-default elementor-section-height-default\" data-id=\"dd1ff0c\" data-element_type=\"section\" data-e-type=\"section\">\n\t\t\t\t\t\t<div class=\"elementor-container elementor-column-gap-no\">\n\t\t\t\t\t<div class=\"elementor-column elementor-col-50 elementor-top-column elementor-element elementor-element-bc4b965\" data-id=\"bc4b965\" data-element_type=\"column\" data-e-type=\"column\">\n\t\t\t<div class=\"elementor-widget-wrap elementor-element-populated\">\n\t\t\t\t\t\t<div class=\"elementor-element elementor-element-3cdb74b elementor-widget elementor-widget-text-editor\" data-id=\"3cdb74b\" data-element_type=\"widget\" data-e-type=\"widget\" data-widget_type=\"text-editor.default\">\n\t\t\t\t<div class=\"elementor-widget-container\">\n\t\t\t\t\t\t\t\t\t<p class=\"p1\">Arap\u00e7a, d\u00fcnyan\u0131n en eski ve en zengin dillerinden biridir. K\u00f6kenleri \u0130slam \u00f6ncesi d\u00f6neme kadar uzan\u0131r ve edebiyat, \u015fiir ve bilimin geli\u015fiminde \u00f6nemli bir rol oynam\u0131\u015ft\u0131r. <\/p>\n<p class=\"p1\">Arap\u00e7a, Semitik bir dildir ve d\u00fcnya genelinde 300 milyondan fazla konu\u015fan\u0131 vard\u0131r. Arap\u00e7an\u0131n bir \u00f6zelli\u011fi, sa\u011fdan sola do\u011fru yaz\u0131lmas\u0131d\u0131r; bu da onu benzersiz ve kolayca tan\u0131nabilir bir dil yapar. Ayr\u0131ca, Arap\u00e7an\u0131n karma\u015f\u0131k bir dilbilgisi sistemi ve zengin bir ses ile \u00fcns\u00fcz yelpazesi vard\u0131r.  <\/p>\n<p class=\"p1\">Arap\u00e7aya dair ilgin\u00e7 bir anekdot, matematik alan\u0131ndaki etkisidir. Algoritma ve s\u0131f\u0131r gibi bir\u00e7ok matematiksel kavram, orta\u00e7a\u011f Arap matematik\u00e7ileri sayesinde Bat\u0131 d\u00fcnyas\u0131na tan\u0131t\u0131lm\u0131\u015ft\u0131r. Ayr\u0131ca, Arap\u00e7a, eski bilgilerin \u00e7evirisi ve korunmas\u0131nda \u00f6nemli bir dil olmu\u015ftur.  <\/p>\n<p class=\"p1\">La Fran\u00e7aise de la Traduction, Arap\u00e7a&#8217;da do\u011fru ve kaliteli \u00e7eviriler sa\u011flaman\u0131n \u00f6nemini anlar. Uzman \u00e7evirmenlerimiz, anadili Arap\u00e7a olan ve k\u00fclt\u00fcr ile dilin inceliklerine dair derin bilgiye sahip ki\u015filerdir. \u0130ster hukuki belgeler, ister teknik k\u0131lavuzlar, ister pazarlama i\u00e7erikleri \u00e7eviri ettirmek isteyin, size destek olmak i\u00e7in buraday\u0131z.  <\/p>\n<p class=\"p1\">Arap\u00e7a \u00e7eviri projeleriniz i\u00e7in \u00fccretsiz bir teklif almak \u00fczere bug\u00fcn bizimle ileti\u015fime ge\u00e7in!<\/p>\n\t\t\t\t\t\t\t\t<\/div>\n\t\t\t\t<\/div>\n\t\t\t\t\t<\/div>\n\t\t<\/div>\n\t\t\t\t<div class=\"elementor-column elementor-col-50 elementor-top-column elementor-element elementor-element-e15894c\" data-id=\"e15894c\" data-element_type=\"column\" data-e-type=\"column\">\n\t\t\t<div class=\"elementor-widget-wrap elementor-element-populated\">\n\t\t\t\t\t\t<div class=\"elementor-element elementor-element-d0db7ea elementor-widget elementor-widget-image\" data-id=\"d0db7ea\" data-element_type=\"widget\" data-e-type=\"widget\" data-widget_type=\"image.default\">\n\t\t\t\t<div class=\"elementor-widget-container\">\n\t\t\t\t\t\t\t\t\t\t\t\t\t\t\t<img fetchpriority=\"high\" width=\"683\" height=\"1024\" src=\"https:\/\/i0.wp.com\/lftraduction.fr\/wp-content\/uploads\/2023\/10\/LFTraduction_Agence-de-traduction_Paris_03_1.webp?fit=683%2C1024&amp;ssl=1\" class=\"attachment-large size-large wp-image-16938\" alt=\"\" srcset=\"https:\/\/i0.wp.com\/lftraduction.fr\/wp-content\/uploads\/2023\/10\/LFTraduction_Agence-de-traduction_Paris_03_1.webp?w=1000&amp;ssl=1 1000w, https:\/\/i0.wp.com\/lftraduction.fr\/wp-content\/uploads\/2023\/10\/LFTraduction_Agence-de-traduction_Paris_03_1.webp?resize=200%2C300&amp;ssl=1 200w, https:\/\/i0.wp.com\/lftraduction.fr\/wp-content\/uploads\/2023\/10\/LFTraduction_Agence-de-traduction_Paris_03_1.webp?resize=683%2C1024&amp;ssl=1 683w, https:\/\/i0.wp.com\/lftraduction.fr\/wp-content\/uploads\/2023\/10\/LFTraduction_Agence-de-traduction_Paris_03_1.webp?resize=768%2C1152&amp;ssl=1 768w\" sizes=\"(max-width: 683px) 100vw, 683px\" \/>\t\t\t\t\t\t\t\t\t\t\t\t\t\t\t<\/div>\n\t\t\t\t<\/div>\n\t\t\t\t\t<\/div>\n\t\t<\/div>\n\t\t\t\t\t<\/div>\n\t\t<\/section>\n\t\t\t\t<section class=\"elementor-section elementor-top-section elementor-element elementor-element-4724493 elementor-section-full_width elementor-section-height-default elementor-section-height-default\" data-id=\"4724493\" data-element_type=\"section\" data-e-type=\"section\" data-settings=\"{&quot;background_background&quot;:&quot;classic&quot;}\">\n\t\t\t\t\t\t<div class=\"elementor-container elementor-column-gap-no\">\n\t\t\t\t\t<div class=\"elementor-column elementor-col-50 elementor-top-column elementor-element elementor-element-59089b6\" data-id=\"59089b6\" data-element_type=\"column\" data-e-type=\"column\">\n\t\t\t<div class=\"elementor-widget-wrap elementor-element-populated\">\n\t\t\t\t\t\t<div class=\"elementor-element elementor-element-3754905 elementor-invisible elementor-widget elementor-widget-heading\" data-id=\"3754905\" data-element_type=\"widget\" data-e-type=\"widget\" data-settings=\"{&quot;_animation&quot;:&quot;fadeIn&quot;}\" data-widget_type=\"heading.default\">\n\t\t\t\t<div class=\"elementor-widget-container\">\n\t\t\t\t\t<h2 class=\"elementor-heading-title elementor-size-default\">Teklif al<\/h2>\t\t\t\t<\/div>\n\t\t\t\t<\/div>\n\t\t\t\t<div class=\"elementor-element elementor-element-1faafce elementor-widget__width-initial elementor-widget elementor-widget-text-editor\" data-id=\"1faafce\" data-element_type=\"widget\" data-e-type=\"widget\" data-widget_type=\"text-editor.default\">\n\t\t\t\t<div class=\"elementor-widget-container\">\n\t\t\t\t\t\t\t\t\t<p><strong>Ekibimizle ileti\u015fime ge\u00e7in<\/strong>, ihtiyac\u0131n\u0131z olan cevab\u0131 <strong>en k\u0131sa s\u00fcrede<\/strong> size iletece\u011fiz. <\/p>\n\t\t\t\t\t\t\t\t<\/div>\n\t\t\t\t<\/div>\n\t\t\t\t<div class=\"elementor-element elementor-element-417498d elementor-align-left elementor-mobile-align-center elementor-widget elementor-widget-button\" data-id=\"417498d\" data-element_type=\"widget\" data-e-type=\"widget\" data-widget_type=\"button.default\">\n\t\t\t\t<div class=\"elementor-widget-container\">\n\t\t\t\t\t\t\t\t\t<div class=\"elementor-button-wrapper\">\n\t\t\t\t\t<a class=\"elementor-button elementor-button-link elementor-size-sm\" href=\"#elementor-action%3Aaction%3Dpopup%3Aopen%26settings%3DeyJpZCI6NDM4MiwidG9nZ2xlIjpmYWxzZX0%3D\">\n\t\t\t\t\t\t<span class=\"elementor-button-content-wrapper\">\n\t\t\t\t\t\t<span class=\"elementor-button-icon\">\n\t\t\t\t<i aria-hidden=\"true\" class=\"icon icon-arrow-right\"><\/i>\t\t\t<\/span>\n\t\t\t\t\t\t\t\t\t<span class=\"elementor-button-text\">Bir saatten k\u0131sa s\u00fcrede teklif<\/span>\n\t\t\t\t\t<\/span>\n\t\t\t\t\t<\/a>\n\t\t\t\t<\/div>\n\t\t\t\t\t\t\t\t<\/div>\n\t\t\t\t<\/div>\n\t\t\t\t\t<\/div>\n\t\t<\/div>\n\t\t\t\t<div class=\"elementor-column elementor-col-50 elementor-top-column elementor-element elementor-element-f4352b5\" data-id=\"f4352b5\" data-element_type=\"column\" data-e-type=\"column\">\n\t\t\t<div class=\"elementor-widget-wrap elementor-element-populated\">\n\t\t\t\t\t\t<div class=\"elementor-element elementor-element-ea9d0ab elementor-widget elementor-widget-image\" data-id=\"ea9d0ab\" data-element_type=\"widget\" data-e-type=\"widget\" data-widget_type=\"image.default\">\n\t\t\t\t<div class=\"elementor-widget-container\">\n\t\t\t\t\t\t\t\t\t\t\t\t\t\t\t<img width=\"1500\" height=\"1001\" src=\"https:\/\/i0.wp.com\/lftraduction.fr\/wp-content\/uploads\/2023\/10\/LFTraduction_Agence-de-traduction_05_2-copie.webp?fit=1500%2C1001&amp;ssl=1\" class=\"attachment-full size-full wp-image-16724\" alt=\"Lftraduction Agence De Traduction \u00e0 Paris\" srcset=\"https:\/\/i0.wp.com\/lftraduction.fr\/wp-content\/uploads\/2023\/10\/LFTraduction_Agence-de-traduction_05_2-copie.webp?w=1500&amp;ssl=1 1500w, https:\/\/i0.wp.com\/lftraduction.fr\/wp-content\/uploads\/2023\/10\/LFTraduction_Agence-de-traduction_05_2-copie.webp?resize=300%2C200&amp;ssl=1 300w, https:\/\/i0.wp.com\/lftraduction.fr\/wp-content\/uploads\/2023\/10\/LFTraduction_Agence-de-traduction_05_2-copie.webp?resize=1024%2C683&amp;ssl=1 1024w, https:\/\/i0.wp.com\/lftraduction.fr\/wp-content\/uploads\/2023\/10\/LFTraduction_Agence-de-traduction_05_2-copie.webp?resize=768%2C513&amp;ssl=1 768w\" sizes=\"(max-width: 800px) 100vw, 800px\" \/>\t\t\t\t\t\t\t\t\t\t\t\t\t\t\t<\/div>\n\t\t\t\t<\/div>\n\t\t\t\t\t<\/div>\n\t\t<\/div>\n\t\t\t\t\t<\/div>\n\t\t<\/section>\n\t\t\t\t<\/div>\n\t\t","protected":false},"excerpt":{"rendered":"<p>Arap\u00e7a \u00e7eviri Arap\u00e7a, d\u00fcnyan\u0131n en eski ve en zengin dillerinden biridir. K\u00f6kenleri \u0130slam \u00f6ncesi d\u00f6neme kadar uzan\u0131r ve edebiyat, \u015fiir ve bilimin geli\u015fiminde \u00f6nemli bir rol oynam\u0131\u015ft\u0131r. Arap\u00e7a, Semitik bir dildir ve d\u00fcnya genelinde 300 milyondan fazla konu\u015fan\u0131 vard\u0131r. Arap\u00e7an\u0131n bir \u00f6zelli\u011fi, sa\u011fdan sola do\u011fru yaz\u0131lmas\u0131d\u0131r; bu da onu benzersiz ve kolayca tan\u0131nabilir bir dil [&hellip;]<\/p>\n","protected":false},"author":1,"featured_media":0,"parent":0,"menu_order":0,"comment_status":"closed","ping_status":"closed","template":"","meta":{"footnotes":""},"class_list":["post-16929","page","type-page","status-publish","hentry"],"jetpack_sharing_enabled":true,"_links":{"self":[{"href":"https:\/\/lftraduction.fr\/tr\/wp-json\/wp\/v2\/pages\/16929","targetHints":{"allow":["GET"]}}],"collection":[{"href":"https:\/\/lftraduction.fr\/tr\/wp-json\/wp\/v2\/pages"}],"about":[{"href":"https:\/\/lftraduction.fr\/tr\/wp-json\/wp\/v2\/types\/page"}],"author":[{"embeddable":true,"href":"https:\/\/lftraduction.fr\/tr\/wp-json\/wp\/v2\/users\/1"}],"replies":[{"embeddable":true,"href":"https:\/\/lftraduction.fr\/tr\/wp-json\/wp\/v2\/comments?post=16929"}],"version-history":[{"count":0,"href":"https:\/\/lftraduction.fr\/tr\/wp-json\/wp\/v2\/pages\/16929\/revisions"}],"wp:attachment":[{"href":"https:\/\/lftraduction.fr\/tr\/wp-json\/wp\/v2\/media?parent=16929"}],"curies":[{"name":"wp","href":"https:\/\/api.w.org\/{rel}","templated":true}]}}