{"id":16920,"date":"2023-06-11T20:21:14","date_gmt":"2023-06-11T20:21:14","guid":{"rendered":"https:\/\/lftraduction.fr\/ingilizce-tercume-hizmetleri\/"},"modified":"2024-12-01T12:01:43","modified_gmt":"2024-12-01T12:01:43","slug":"ingilizce-tercume-hizmetleri","status":"publish","type":"page","link":"https:\/\/lftraduction.fr\/tr\/ingilizce-tercume-hizmetleri\/","title":{"rendered":"\u0130ngilizce \u00e7eviri hizmetleri"},"content":{"rendered":"\t\t<div data-elementor-type=\"wp-page\" data-elementor-id=\"16920\" class=\"elementor elementor-16920 elementor-1104\" data-elementor-post-type=\"page\">\n\t\t\t\t\t\t<section class=\"elementor-section elementor-top-section elementor-element elementor-element-0338501 elementor-section-full_width elementor-section-height-default elementor-section-height-default\" data-id=\"0338501\" data-element_type=\"section\" data-e-type=\"section\">\n\t\t\t\t\t\t<div class=\"elementor-container elementor-column-gap-no\">\n\t\t\t\t\t<div class=\"elementor-column elementor-col-100 elementor-top-column elementor-element elementor-element-21f24d2\" data-id=\"21f24d2\" data-element_type=\"column\" data-e-type=\"column\">\n\t\t\t<div class=\"elementor-widget-wrap elementor-element-populated\">\n\t\t\t\t\t\t<div class=\"elementor-element elementor-element-01da339 elementor-invisible elementor-widget elementor-widget-heading\" data-id=\"01da339\" data-element_type=\"widget\" data-e-type=\"widget\" data-settings=\"{&quot;_animation&quot;:&quot;fadeIn&quot;}\" data-widget_type=\"heading.default\">\n\t\t\t\t<div class=\"elementor-widget-container\">\n\t\t\t\t\t<h1 class=\"elementor-heading-title elementor-size-default\"><span style=\"color:#F4A41E\">\u0130ngilizce<\/span> \u00e7eviri<\/h1>\t\t\t\t<\/div>\n\t\t\t\t<\/div>\n\t\t\t\t\t<\/div>\n\t\t<\/div>\n\t\t\t\t\t<\/div>\n\t\t<\/section>\n\t\t\t\t<section class=\"elementor-section elementor-top-section elementor-element elementor-element-478c5a68 elementor-section-content-middle elementor-section-full_width elementor-section-height-default elementor-section-height-default\" data-id=\"478c5a68\" data-element_type=\"section\" data-e-type=\"section\">\n\t\t\t\t\t\t<div class=\"elementor-container elementor-column-gap-no\">\n\t\t\t\t\t<div class=\"elementor-column elementor-col-50 elementor-top-column elementor-element elementor-element-3cb3ab77\" data-id=\"3cb3ab77\" data-element_type=\"column\" data-e-type=\"column\">\n\t\t\t<div class=\"elementor-widget-wrap elementor-element-populated\">\n\t\t\t\t\t\t<div class=\"elementor-element elementor-element-4afacaf elementor-widget elementor-widget-text-editor\" data-id=\"4afacaf\" data-element_type=\"widget\" data-e-type=\"widget\" data-widget_type=\"text-editor.default\">\n\t\t\t\t<div class=\"elementor-widget-container\">\n\t\t\t\t\t\t\t\t\t<p class=\"p1\">\u0130ngilizce, d\u00fcnyada en \u00e7ok konu\u015fulan ve en etkili dillerden biridir. K\u00f6kenleri, Orta \u00c7a\u011f&#8217;\u0131n ba\u015flar\u0131nda \u0130ngiltere&#8217;de ya\u015fayan Germen kabilelerine dayan\u0131r. Zamanla, \u0130ngilizce, Norman fethi ve R\u00f6nesans gibi \u00e7e\u015fitli tarihi olaylarla \u015fekillenmi\u015f, Latin ve Frans\u0131z etkilerini b\u00fcnyesine katm\u0131\u015ft\u0131r.  <\/p>\n<p class=\"p1\">\u0130ngilizcenin s\u00fcrekli olarak geli\u015fmekte oldu\u011funu biliyor muydunuz? Bir milyondan fazla kelime i\u00e7eren geni\u015f bir kelime hazinesine sahiptir ve her y\u0131l yeni kelimeler eklenir. \u0130ngilizcenin bu dinamik yap\u0131s\u0131, onun k\u00fcresel etkisini ve uyum yetene\u011fini yans\u0131t\u0131r.  <\/p>\n<p class=\"p1\">\u0130ngilizceye dair ilgin\u00e7 bir anekdot, William Shakespeare&#8217;in etkisidir. Tarihin en b\u00fcy\u00fck oyun yazarlar\u0131ndan biri olarak kabul edilen Shakespeare, bug\u00fcn hala kullan\u0131lan bir\u00e7ok kelime ve ifadeyi icat etmi\u015f ve pop\u00fcler hale getirmi\u015ftir. \u00dcnl\u00fc \u00f6rnekler aras\u0131nda &#8216;all&#8217;s well that ends well&#8217; (sonu iyi olan her \u015fey iyidir), &#8216;break the ice&#8217; (buzlar\u0131 k\u0131rmak) ve &#8216;wild goose chase&#8217; (bo\u015funa \u00e7aba) yer al\u0131r.  <\/p>\n<p class=\"p1\">La Fran\u00e7aise de la Traduction \u00e7eviri b\u00fcrosu olarak, \u0130ngilizceye do\u011fru ve ak\u0131c\u0131 \u00e7eviriler sa\u011flaman\u0131n \u00f6nemini anl\u0131yoruz. Uzman \u00e7evirmenlerimiz, anadili \u0130ngilizce olan ve k\u00fclt\u00fcr ile dilin inceliklerine dair derin bilgiye sahip ki\u015filerdir. \u0130ster hukuki belgeler, ister pazarlama metinleri, ister \u00e7evrimi\u00e7i i\u00e7erikler \u00e7eviri etmeniz gerekiyorsa, size yard\u0131mc\u0131 olmak i\u00e7in buraday\u0131z.  <\/p>\n<p class=\"p1\">\u0130ngilizce \u00e7eviri projeleriniz i\u00e7in \u00fccretsiz bir teklif almak \u00fczere bug\u00fcn bizimle ileti\u015fime ge\u00e7in!<\/p>\n\t\t\t\t\t\t\t\t<\/div>\n\t\t\t\t<\/div>\n\t\t\t\t\t<\/div>\n\t\t<\/div>\n\t\t\t\t<div class=\"elementor-column elementor-col-50 elementor-top-column elementor-element elementor-element-7a43cb87\" data-id=\"7a43cb87\" data-element_type=\"column\" data-e-type=\"column\">\n\t\t\t<div class=\"elementor-widget-wrap elementor-element-populated\">\n\t\t\t\t\t\t<div class=\"elementor-element elementor-element-51c938b elementor-widget elementor-widget-image\" data-id=\"51c938b\" data-element_type=\"widget\" data-e-type=\"widget\" data-widget_type=\"image.default\">\n\t\t\t\t<div class=\"elementor-widget-container\">\n\t\t\t\t\t\t\t\t\t\t\t\t\t\t\t<img fetchpriority=\"high\" width=\"1000\" height=\"1500\" src=\"https:\/\/i0.wp.com\/lftraduction.fr\/wp-content\/uploads\/2023\/10\/LFTraduction_Agence-de-traduction_Paris_08_1.webp?fit=1000%2C1500&amp;ssl=1\" class=\"attachment-full size-full wp-image-16927\" alt=\"\" srcset=\"https:\/\/i0.wp.com\/lftraduction.fr\/wp-content\/uploads\/2023\/10\/LFTraduction_Agence-de-traduction_Paris_08_1.webp?w=1000&amp;ssl=1 1000w, https:\/\/i0.wp.com\/lftraduction.fr\/wp-content\/uploads\/2023\/10\/LFTraduction_Agence-de-traduction_Paris_08_1.webp?resize=200%2C300&amp;ssl=1 200w, https:\/\/i0.wp.com\/lftraduction.fr\/wp-content\/uploads\/2023\/10\/LFTraduction_Agence-de-traduction_Paris_08_1.webp?resize=683%2C1024&amp;ssl=1 683w, https:\/\/i0.wp.com\/lftraduction.fr\/wp-content\/uploads\/2023\/10\/LFTraduction_Agence-de-traduction_Paris_08_1.webp?resize=768%2C1152&amp;ssl=1 768w\" sizes=\"(max-width: 800px) 100vw, 800px\" \/>\t\t\t\t\t\t\t\t\t\t\t\t\t\t\t<\/div>\n\t\t\t\t<\/div>\n\t\t\t\t\t<\/div>\n\t\t<\/div>\n\t\t\t\t\t<\/div>\n\t\t<\/section>\n\t\t\t\t<section class=\"elementor-section elementor-top-section elementor-element elementor-element-1f014fa elementor-section-full_width elementor-section-height-default elementor-section-height-default\" data-id=\"1f014fa\" data-element_type=\"section\" data-e-type=\"section\" data-settings=\"{&quot;background_background&quot;:&quot;classic&quot;}\">\n\t\t\t\t\t\t<div class=\"elementor-container elementor-column-gap-no\">\n\t\t\t\t\t<div class=\"elementor-column elementor-col-50 elementor-top-column elementor-element elementor-element-32095c1\" data-id=\"32095c1\" data-element_type=\"column\" data-e-type=\"column\">\n\t\t\t<div class=\"elementor-widget-wrap elementor-element-populated\">\n\t\t\t\t\t\t<div class=\"elementor-element elementor-element-42fb82d elementor-invisible elementor-widget elementor-widget-heading\" data-id=\"42fb82d\" data-element_type=\"widget\" data-e-type=\"widget\" data-settings=\"{&quot;_animation&quot;:&quot;fadeIn&quot;}\" data-widget_type=\"heading.default\">\n\t\t\t\t<div class=\"elementor-widget-container\">\n\t\t\t\t\t<h2 class=\"elementor-heading-title elementor-size-default\">Teklif al<\/h2>\t\t\t\t<\/div>\n\t\t\t\t<\/div>\n\t\t\t\t<div class=\"elementor-element elementor-element-c6a1e56 elementor-widget__width-initial elementor-widget elementor-widget-text-editor\" data-id=\"c6a1e56\" data-element_type=\"widget\" data-e-type=\"widget\" data-widget_type=\"text-editor.default\">\n\t\t\t\t<div class=\"elementor-widget-container\">\n\t\t\t\t\t\t\t\t\t<p><strong>Ekibimizle ileti\u015fime ge\u00e7in<\/strong>, ihtiyac\u0131n\u0131z olan cevab\u0131 <strong>en k\u0131sa s\u00fcrede<\/strong> size iletece\u011fiz. <\/p>\n\t\t\t\t\t\t\t\t<\/div>\n\t\t\t\t<\/div>\n\t\t\t\t<div class=\"elementor-element elementor-element-e8aaf6d elementor-align-left elementor-mobile-align-center elementor-widget elementor-widget-button\" data-id=\"e8aaf6d\" data-element_type=\"widget\" data-e-type=\"widget\" data-widget_type=\"button.default\">\n\t\t\t\t<div class=\"elementor-widget-container\">\n\t\t\t\t\t\t\t\t\t<div class=\"elementor-button-wrapper\">\n\t\t\t\t\t<a class=\"elementor-button elementor-button-link elementor-size-sm\" href=\"#elementor-action%3Aaction%3Dpopup%3Aopen%26settings%3DeyJpZCI6NDM4MiwidG9nZ2xlIjpmYWxzZX0%3D\">\n\t\t\t\t\t\t<span class=\"elementor-button-content-wrapper\">\n\t\t\t\t\t\t<span class=\"elementor-button-icon\">\n\t\t\t\t<i aria-hidden=\"true\" class=\"icon icon-arrow-right\"><\/i>\t\t\t<\/span>\n\t\t\t\t\t\t\t\t\t<span class=\"elementor-button-text\">Bir saatten k\u0131sa s\u00fcrede teklif<\/span>\n\t\t\t\t\t<\/span>\n\t\t\t\t\t<\/a>\n\t\t\t\t<\/div>\n\t\t\t\t\t\t\t\t<\/div>\n\t\t\t\t<\/div>\n\t\t\t\t\t<\/div>\n\t\t<\/div>\n\t\t\t\t<div class=\"elementor-column elementor-col-50 elementor-top-column elementor-element elementor-element-0411e85\" data-id=\"0411e85\" data-element_type=\"column\" data-e-type=\"column\">\n\t\t\t<div class=\"elementor-widget-wrap elementor-element-populated\">\n\t\t\t\t\t\t<div class=\"elementor-element elementor-element-f9a7de2 elementor-widget elementor-widget-image\" data-id=\"f9a7de2\" data-element_type=\"widget\" data-e-type=\"widget\" data-widget_type=\"image.default\">\n\t\t\t\t<div class=\"elementor-widget-container\">\n\t\t\t\t\t\t\t\t\t\t\t\t\t\t\t<img width=\"1500\" height=\"1001\" src=\"https:\/\/i0.wp.com\/lftraduction.fr\/wp-content\/uploads\/2023\/10\/LFTraduction_Agence-de-traduction_05_2-copie.webp?fit=1500%2C1001&amp;ssl=1\" class=\"attachment-full size-full wp-image-16724\" alt=\"Lftraduction Agence De Traduction \u00e0 Paris\" srcset=\"https:\/\/i0.wp.com\/lftraduction.fr\/wp-content\/uploads\/2023\/10\/LFTraduction_Agence-de-traduction_05_2-copie.webp?w=1500&amp;ssl=1 1500w, https:\/\/i0.wp.com\/lftraduction.fr\/wp-content\/uploads\/2023\/10\/LFTraduction_Agence-de-traduction_05_2-copie.webp?resize=300%2C200&amp;ssl=1 300w, https:\/\/i0.wp.com\/lftraduction.fr\/wp-content\/uploads\/2023\/10\/LFTraduction_Agence-de-traduction_05_2-copie.webp?resize=1024%2C683&amp;ssl=1 1024w, https:\/\/i0.wp.com\/lftraduction.fr\/wp-content\/uploads\/2023\/10\/LFTraduction_Agence-de-traduction_05_2-copie.webp?resize=768%2C513&amp;ssl=1 768w\" sizes=\"(max-width: 800px) 100vw, 800px\" \/>\t\t\t\t\t\t\t\t\t\t\t\t\t\t\t<\/div>\n\t\t\t\t<\/div>\n\t\t\t\t\t<\/div>\n\t\t<\/div>\n\t\t\t\t\t<\/div>\n\t\t<\/section>\n\t\t\t\t<\/div>\n\t\t","protected":false},"excerpt":{"rendered":"<p>\u0130ngilizce \u00e7eviri \u0130ngilizce, d\u00fcnyada en \u00e7ok konu\u015fulan ve en etkili dillerden biridir. K\u00f6kenleri, Orta \u00c7a\u011f&#8217;\u0131n ba\u015flar\u0131nda \u0130ngiltere&#8217;de ya\u015fayan Germen kabilelerine dayan\u0131r. Zamanla, \u0130ngilizce, Norman fethi ve R\u00f6nesans gibi \u00e7e\u015fitli tarihi olaylarla \u015fekillenmi\u015f, Latin ve Frans\u0131z etkilerini b\u00fcnyesine katm\u0131\u015ft\u0131r. \u0130ngilizcenin s\u00fcrekli olarak geli\u015fmekte oldu\u011funu biliyor muydunuz? Bir milyondan fazla kelime i\u00e7eren geni\u015f bir kelime hazinesine sahiptir [&hellip;]<\/p>\n","protected":false},"author":1,"featured_media":0,"parent":0,"menu_order":0,"comment_status":"closed","ping_status":"closed","template":"","meta":{"footnotes":""},"class_list":["post-16920","page","type-page","status-publish","hentry"],"jetpack_sharing_enabled":true,"_links":{"self":[{"href":"https:\/\/lftraduction.fr\/tr\/wp-json\/wp\/v2\/pages\/16920","targetHints":{"allow":["GET"]}}],"collection":[{"href":"https:\/\/lftraduction.fr\/tr\/wp-json\/wp\/v2\/pages"}],"about":[{"href":"https:\/\/lftraduction.fr\/tr\/wp-json\/wp\/v2\/types\/page"}],"author":[{"embeddable":true,"href":"https:\/\/lftraduction.fr\/tr\/wp-json\/wp\/v2\/users\/1"}],"replies":[{"embeddable":true,"href":"https:\/\/lftraduction.fr\/tr\/wp-json\/wp\/v2\/comments?post=16920"}],"version-history":[{"count":0,"href":"https:\/\/lftraduction.fr\/tr\/wp-json\/wp\/v2\/pages\/16920\/revisions"}],"wp:attachment":[{"href":"https:\/\/lftraduction.fr\/tr\/wp-json\/wp\/v2\/media?parent=16920"}],"curies":[{"name":"wp","href":"https:\/\/api.w.org\/{rel}","templated":true}]}}