{"id":22377,"date":"2025-10-21T20:29:02","date_gmt":"2025-10-21T20:29:02","guid":{"rendered":"https:\/\/lftraduction.fr\/?post_type=product&#038;p=22377"},"modified":"2025-10-21T20:32:20","modified_gmt":"2025-10-21T20:32:20","slug":"traduction-avis-dimposition","status":"publish","type":"product","link":"https:\/\/lftraduction.fr\/pt-pt\/produit\/traduction-avis-dimposition\/","title":{"rendered":"Traduction avis d&#8217;imposition"},"content":{"rendered":"<ul>\n<li>Traduction officielle r\u00e9alis\u00e9e par un traducteur asserment\u00e9<\/li>\n<li>Documents reconnus par les administrations fran\u00e7aises et \u00e9trang\u00e8res<\/li>\n<li>D\u00e9lai moyen de traitement : 48h<\/li>\n<li>Option de livraison en urgence sous 24h (avec suppl\u00e9ment)<\/li>\n<li>Respect total de la confidentialit\u00e9<\/li}\n    \n\n<li>Assistance client disponible 6j\/7<\/li>\n<\/ul>\n","protected":false},"excerpt":{"rendered":"<p>Vous devez faire traduire un avis d\u2019imposition pour une demande de visa, un dossier bancaire, une candidature \u00e0 l\u2019\u00e9tranger ou une formalit\u00e9 administrative internationale ? Ce document officiel est souvent exig\u00e9 pour justifier votre situation fiscale aupr\u00e8s des autorit\u00e9s \u00e9trang\u00e8res.<\/p>\n<p>L\u2019avis d\u2019imposition contient des informations essentielles : identit\u00e9 du contribuable, adresse, ann\u00e9e fiscale, revenus d\u00e9clar\u00e9s et montant de l\u2019imp\u00f4t d\u00fb. Sa traduction doit \u00eatre exacte, exhaustive et strictement conforme au document original. Toute erreur ou omission peut entra\u00eener un refus de la part de l\u2019organisme destinataire. Dans certains pays, les donn\u00e9es doivent correspondre pr\u00e9cis\u00e9ment aux informations figurant sur les documents d\u2019identit\u00e9 traduits.<\/p>\n<p>La traduction est r\u00e9alis\u00e9e par un traducteur asserment\u00e9 inscrit aupr\u00e8s d\u2019une Cour d\u2019appel fran\u00e7aise.<\/p>\n<p>Le d\u00e9lai moyen de traitement est de 48 heures. La version certifi\u00e9e au format num\u00e9rique est envoy\u00e9e par e-mail. La version papier peut \u00eatre r\u00e9cup\u00e9r\u00e9e dans nos bureaux \u00e0 Paris ou envoy\u00e9e par courrier postal selon votre choix.<\/p>\n","protected":false},"featured_media":21926,"comment_status":"closed","ping_status":"closed","template":"","meta":[],"product_brand":[],"product_cat":[195],"product_tag":[],"class_list":{"0":"post-22377","1":"product","2":"type-product","3":"status-publish","4":"has-post-thumbnail","6":"product_cat-traductions-certifiees","8":"first","9":"instock","10":"taxable","11":"shipping-taxable","12":"purchasable","13":"product-type-variable"},"jetpack_sharing_enabled":true,"_links":{"self":[{"href":"https:\/\/lftraduction.fr\/pt-pt\/wp-json\/wp\/v2\/product\/22377","targetHints":{"allow":["GET"]}}],"collection":[{"href":"https:\/\/lftraduction.fr\/pt-pt\/wp-json\/wp\/v2\/product"}],"about":[{"href":"https:\/\/lftraduction.fr\/pt-pt\/wp-json\/wp\/v2\/types\/product"}],"replies":[{"embeddable":true,"href":"https:\/\/lftraduction.fr\/pt-pt\/wp-json\/wp\/v2\/comments?post=22377"}],"version-history":[{"count":1,"href":"https:\/\/lftraduction.fr\/pt-pt\/wp-json\/wp\/v2\/product\/22377\/revisions"}],"predecessor-version":[{"id":22406,"href":"https:\/\/lftraduction.fr\/pt-pt\/wp-json\/wp\/v2\/product\/22377\/revisions\/22406"}],"wp:featuredmedia":[{"embeddable":true,"href":"https:\/\/lftraduction.fr\/pt-pt\/wp-json\/wp\/v2\/media\/21926"}],"wp:attachment":[{"href":"https:\/\/lftraduction.fr\/pt-pt\/wp-json\/wp\/v2\/media?parent=22377"}],"wp:term":[{"taxonomy":"product_brand","embeddable":true,"href":"https:\/\/lftraduction.fr\/pt-pt\/wp-json\/wp\/v2\/product_brand?post=22377"},{"taxonomy":"product_cat","embeddable":true,"href":"https:\/\/lftraduction.fr\/pt-pt\/wp-json\/wp\/v2\/product_cat?post=22377"},{"taxonomy":"product_tag","embeddable":true,"href":"https:\/\/lftraduction.fr\/pt-pt\/wp-json\/wp\/v2\/product_tag?post=22377"}],"curies":[{"name":"wp","href":"https:\/\/api.w.org\/{rel}","templated":true}]}}