{"id":22375,"date":"2025-10-21T20:29:01","date_gmt":"2025-10-21T20:29:01","guid":{"rendered":"https:\/\/lftraduction.fr\/?post_type=product&#038;p=22375"},"modified":"2025-10-21T20:31:03","modified_gmt":"2025-10-21T20:31:03","slug":"traduction-recepisse-de-depot-de-titre-de-sejour","status":"publish","type":"product","link":"https:\/\/lftraduction.fr\/pt-pt\/produit\/traduction-recepisse-de-depot-de-titre-de-sejour\/","title":{"rendered":"Traduction r\u00e9c\u00e9piss\u00e9 de d\u00e9p\u00f4t de titre de s\u00e9jour"},"content":{"rendered":"<ul>\n<li>Traduction officielle r\u00e9alis\u00e9e par un traducteur asserment\u00e9<\/li>\n<li>Documents reconnus par les administrations fran\u00e7aises et \u00e9trang\u00e8res<\/li>\n<li>D\u00e9lai moyen de traitement : 48h<\/li>\n<li>Option de livraison en urgence sous 24h (avec suppl\u00e9ment)<\/li>\n<li>Respect total de la confidentialit\u00e9<\/li}\n    \n\n<li>Assistance client disponible 6j\/7<\/li>\n<\/ul>\n","protected":false},"excerpt":{"rendered":"<p data-start=\"55\" data-end=\"415\">Vous devez fournir un r\u00e9c\u00e9piss\u00e9 de d\u00e9p\u00f4t de demande de titre de s\u00e9jour dans le cadre d\u2019une formalit\u00e9 administrative, d\u2019une demande de visa ou d\u2019une proc\u00e9dure aupr\u00e8s d\u2019une institution \u00e9trang\u00e8re ? Bien que provisoire, ce document officiel peut \u00eatre requis pour attester de votre statut l\u00e9gal en France durant l\u2019examen de votre dossier.<\/p>\n<p data-start=\"417\" data-end=\"750\" data-is-last-node=\"\" data-is-only-node=\"\">Le r\u00e9c\u00e9piss\u00e9 mentionne des informations importantes : identit\u00e9 du demandeur, nature de la demande, date de d\u00e9p\u00f4t, p\u00e9riode de validit\u00e9 et parfois la pr\u00e9sence d\u2019une autorisation de travail. Pour \u00eatre accept\u00e9 \u00e0 l\u2019international, il peut n\u00e9cessiter une traduction officielle certifi\u00e9e, et dans certains cas une apostille ou une l\u00e9galisation selon les exigences du pays de destination.<\/p>\n<p data-start=\"800\" data-end=\"1133\">La traduction est r\u00e9alis\u00e9e par un traducteur asserment\u00e9 inscrit aupr\u00e8s d\u2019une Cour d\u2019appel fran\u00e7aise.<\/p>\n<p data-start=\"800\" data-end=\"1133\">Le d\u00e9lai moyen de traitement est de 48 heures. La version num\u00e9rique certifi\u00e9e est envoy\u00e9e syst\u00e9matiquement par e-mail. La version papier peut \u00eatre retir\u00e9e dans nos bureaux \u00e0 Paris ou exp\u00e9di\u00e9e par courrier postal selon votre pr\u00e9f\u00e9rence.<\/p>\n","protected":false},"featured_media":21877,"comment_status":"closed","ping_status":"closed","template":"","meta":[],"product_brand":[],"product_cat":[195],"product_tag":[],"class_list":{"0":"post-22375","1":"product","2":"type-product","3":"status-publish","4":"has-post-thumbnail","6":"product_cat-traductions-certifiees","8":"first","9":"instock","10":"taxable","11":"shipping-taxable","12":"purchasable","13":"product-type-variable"},"jetpack_sharing_enabled":true,"_links":{"self":[{"href":"https:\/\/lftraduction.fr\/pt-pt\/wp-json\/wp\/v2\/product\/22375","targetHints":{"allow":["GET"]}}],"collection":[{"href":"https:\/\/lftraduction.fr\/pt-pt\/wp-json\/wp\/v2\/product"}],"about":[{"href":"https:\/\/lftraduction.fr\/pt-pt\/wp-json\/wp\/v2\/types\/product"}],"replies":[{"embeddable":true,"href":"https:\/\/lftraduction.fr\/pt-pt\/wp-json\/wp\/v2\/comments?post=22375"}],"version-history":[{"count":1,"href":"https:\/\/lftraduction.fr\/pt-pt\/wp-json\/wp\/v2\/product\/22375\/revisions"}],"predecessor-version":[{"id":22399,"href":"https:\/\/lftraduction.fr\/pt-pt\/wp-json\/wp\/v2\/product\/22375\/revisions\/22399"}],"wp:featuredmedia":[{"embeddable":true,"href":"https:\/\/lftraduction.fr\/pt-pt\/wp-json\/wp\/v2\/media\/21877"}],"wp:attachment":[{"href":"https:\/\/lftraduction.fr\/pt-pt\/wp-json\/wp\/v2\/media?parent=22375"}],"wp:term":[{"taxonomy":"product_brand","embeddable":true,"href":"https:\/\/lftraduction.fr\/pt-pt\/wp-json\/wp\/v2\/product_brand?post=22375"},{"taxonomy":"product_cat","embeddable":true,"href":"https:\/\/lftraduction.fr\/pt-pt\/wp-json\/wp\/v2\/product_cat?post=22375"},{"taxonomy":"product_tag","embeddable":true,"href":"https:\/\/lftraduction.fr\/pt-pt\/wp-json\/wp\/v2\/product_tag?post=22375"}],"curies":[{"name":"wp","href":"https:\/\/api.w.org\/{rel}","templated":true}]}}