{"id":22368,"date":"2025-10-21T20:28:59","date_gmt":"2025-10-21T20:28:59","guid":{"rendered":"https:\/\/lftraduction.fr\/?post_type=product&#038;p=22368"},"modified":"2025-10-21T20:30:26","modified_gmt":"2025-10-21T20:30:26","slug":"traduction-casier-judiciaire","status":"publish","type":"product","link":"https:\/\/lftraduction.fr\/pt-pt\/produit\/traduction-casier-judiciaire\/","title":{"rendered":"Traduction casier judiciaire"},"content":{"rendered":"<p>&#8220;<\/p>\n<ul>\n<li>Traduction officielle r\u00e9alis\u00e9e par un traducteur asserment\u00e9<\/li>\n<li>Documents reconnus par les administrations fran\u00e7aises et \u00e9trang\u00e8res<\/li>\n<li>D\u00e9lai moyen de traitement : 48h<\/li>\n<li>Option de livraison en urgence sous 24h (avec suppl\u00e9ment)<\/li>\n<li>Respect total de la confidentialit\u00e9<\/li}\n    \n\n<li>Assistance client disponible 6j\/7<\/li>\n<\/ul>\n<p>&#8220;<\/p>\n","protected":false},"excerpt":{"rendered":"<p data-start=\"97\" data-end=\"437\">Vous devez faire traduire un extrait de casier judiciaire pour une proc\u00e9dure administrative, une candidature professionnelle \u00e0 l\u2019\u00e9tranger, une demande de visa ou un dossier de naturalisation ? Ce document officiel est fr\u00e9quemment exig\u00e9 pour attester de l\u2019absence de condamnations p\u00e9nales et doit \u00eatre pr\u00e9sent\u00e9 dans la langue du pays de destination.<\/p>\n<p data-start=\"439\" data-end=\"798\">L\u2019extrait de casier judiciaire, le plus souvent le bulletin n\u00b03, contient des informations personnelles sensibles et strictement encadr\u00e9es par la loi. Sa traduction doit \u00eatre pr\u00e9cise, fid\u00e8le et conforme \u00e0 la terminologie juridique de la langue cible. Toute approximation ou erreur peut entra\u00eener un refus du dossier par l\u2019administration concern\u00e9e.<\/p>\n<p data-start=\"800\" data-end=\"1133\">La traduction est r\u00e9alis\u00e9e par un traducteur asserment\u00e9 inscrit aupr\u00e8s d\u2019une Cour d\u2019appel fran\u00e7aise.<\/p>\n<p data-start=\"800\" data-end=\"1133\">Le d\u00e9lai moyen de traitement est de 48 heures. La version certifi\u00e9e au format num\u00e9rique est envoy\u00e9e par e-mail. La version papier peut \u00eatre retir\u00e9e dans nos bureaux \u00e0 Paris ou exp\u00e9di\u00e9e par courrier postal selon votre pr\u00e9f\u00e9rence.<\/p>\n","protected":false},"featured_media":22411,"comment_status":"closed","ping_status":"closed","template":"","meta":[],"product_brand":[],"product_cat":[195],"product_tag":[],"class_list":{"0":"post-22368","1":"product","2":"type-product","3":"status-publish","4":"has-post-thumbnail","6":"product_cat-traductions-certifiees","8":"first","9":"instock","10":"taxable","11":"shipping-taxable","12":"purchasable","13":"product-type-variable"},"jetpack_sharing_enabled":true,"_links":{"self":[{"href":"https:\/\/lftraduction.fr\/pt-pt\/wp-json\/wp\/v2\/product\/22368","targetHints":{"allow":["GET"]}}],"collection":[{"href":"https:\/\/lftraduction.fr\/pt-pt\/wp-json\/wp\/v2\/product"}],"about":[{"href":"https:\/\/lftraduction.fr\/pt-pt\/wp-json\/wp\/v2\/types\/product"}],"replies":[{"embeddable":true,"href":"https:\/\/lftraduction.fr\/pt-pt\/wp-json\/wp\/v2\/comments?post=22368"}],"version-history":[{"count":1,"href":"https:\/\/lftraduction.fr\/pt-pt\/wp-json\/wp\/v2\/product\/22368\/revisions"}],"predecessor-version":[{"id":22418,"href":"https:\/\/lftraduction.fr\/pt-pt\/wp-json\/wp\/v2\/product\/22368\/revisions\/22418"}],"wp:featuredmedia":[{"embeddable":true,"href":"https:\/\/lftraduction.fr\/pt-pt\/wp-json\/wp\/v2\/media\/22411"}],"wp:attachment":[{"href":"https:\/\/lftraduction.fr\/pt-pt\/wp-json\/wp\/v2\/media?parent=22368"}],"wp:term":[{"taxonomy":"product_brand","embeddable":true,"href":"https:\/\/lftraduction.fr\/pt-pt\/wp-json\/wp\/v2\/product_brand?post=22368"},{"taxonomy":"product_cat","embeddable":true,"href":"https:\/\/lftraduction.fr\/pt-pt\/wp-json\/wp\/v2\/product_cat?post=22368"},{"taxonomy":"product_tag","embeddable":true,"href":"https:\/\/lftraduction.fr\/pt-pt\/wp-json\/wp\/v2\/product_tag?post=22368"}],"curies":[{"name":"wp","href":"https:\/\/api.w.org\/{rel}","templated":true}]}}