{"id":22366,"date":"2025-10-21T20:28:59","date_gmt":"2025-10-21T20:28:59","guid":{"rendered":"https:\/\/lftraduction.fr\/?post_type=product&#038;p=22366"},"modified":"2025-10-21T20:29:49","modified_gmt":"2025-10-21T20:29:49","slug":"traduction-permis-de-conduire","status":"publish","type":"product","link":"https:\/\/lftraduction.fr\/pt-pt\/produit\/traduction-permis-de-conduire\/","title":{"rendered":"Traduction permis de conduire"},"content":{"rendered":"<ul>\n<li>Traduction officielle r\u00e9alis\u00e9e par un traducteur asserment\u00e9<\/li>\n<li>Documents reconnus par les administrations fran\u00e7aises et \u00e9trang\u00e8res<\/li>\n<li>D\u00e9lai moyen de traitement : 48h<\/li>\n<li>Option de livraison en urgence sous 24h (avec suppl\u00e9ment)<\/li>\n<li>Respect total de la confidentialit\u00e9<\/li}\n    \n\n<li>Assistance client disponible 6j\/7<\/li>\n<\/ul>\n","protected":false},"excerpt":{"rendered":"<p data-start=\"90\" data-end=\"415\">Vous devez faire traduire votre permis de conduire pour un \u00e9change aupr\u00e8s de l&#8217;ANTS, conduire \u00e0 l&#8217;\u00e9tranger, une demande de permis international ou pour prouver officiellement votre capacit\u00e9 de conduite dans un pays non francophone ? Dans de nombreux cas, les administrations \u00e9trang\u00e8res exigent une traduction certifi\u00e9e de ce document pour qu\u2019il soit reconnu comme valable.<\/p>\n<p data-start=\"417\" data-end=\"867\">Le permis de conduire comporte des informations personnelles (identit\u00e9, photo, date de naissance) ainsi que des indications techniques essentielles : types de v\u00e9hicules autoris\u00e9s, dates d\u2019obtention, limitations \u00e9ventuelles. La traduction doit reprendre l\u2019int\u00e9gralit\u00e9 de ces \u00e9l\u00e9ments avec exactitude tout en respectant la terminologie du pays destinataire. La pr\u00e9sentation ainsi que les abr\u00e9viations doivent \u00eatre clairement compr\u00e9hensibles pour les autorit\u00e9s locales.<\/p>\n<p data-start=\"800\" data-end=\"1133\">La traduction est effectu\u00e9e par un traducteur asserment\u00e9 inscrit aupr\u00e8s d\u2019une Cour d\u2019appel fran\u00e7aise.<\/p>\n<p data-start=\"800\" data-end=\"1133\">Le d\u00e9lai moyen de traitement est de 48 heures. La version num\u00e9rique certifi\u00e9e vous est envoy\u00e9e par e-mail. La version papier peut \u00eatre retir\u00e9e dans nos bureaux \u00e0 Paris ou envoy\u00e9e par courrier postal selon votre pr\u00e9f\u00e9rence.<\/p>\n","protected":false},"featured_media":21821,"comment_status":"closed","ping_status":"closed","template":"","meta":[],"product_brand":[],"product_cat":[195],"product_tag":[],"class_list":{"0":"post-22366","1":"product","2":"type-product","3":"status-publish","4":"has-post-thumbnail","6":"product_cat-traductions-certifiees","8":"first","9":"instock","10":"taxable","11":"shipping-taxable","12":"purchasable","13":"product-type-variable"},"jetpack_sharing_enabled":true,"_links":{"self":[{"href":"https:\/\/lftraduction.fr\/pt-pt\/wp-json\/wp\/v2\/product\/22366","targetHints":{"allow":["GET"]}}],"collection":[{"href":"https:\/\/lftraduction.fr\/pt-pt\/wp-json\/wp\/v2\/product"}],"about":[{"href":"https:\/\/lftraduction.fr\/pt-pt\/wp-json\/wp\/v2\/types\/product"}],"replies":[{"embeddable":true,"href":"https:\/\/lftraduction.fr\/pt-pt\/wp-json\/wp\/v2\/comments?post=22366"}],"version-history":[{"count":1,"href":"https:\/\/lftraduction.fr\/pt-pt\/wp-json\/wp\/v2\/product\/22366\/revisions"}],"predecessor-version":[{"id":22393,"href":"https:\/\/lftraduction.fr\/pt-pt\/wp-json\/wp\/v2\/product\/22366\/revisions\/22393"}],"wp:featuredmedia":[{"embeddable":true,"href":"https:\/\/lftraduction.fr\/pt-pt\/wp-json\/wp\/v2\/media\/21821"}],"wp:attachment":[{"href":"https:\/\/lftraduction.fr\/pt-pt\/wp-json\/wp\/v2\/media?parent=22366"}],"wp:term":[{"taxonomy":"product_brand","embeddable":true,"href":"https:\/\/lftraduction.fr\/pt-pt\/wp-json\/wp\/v2\/product_brand?post=22366"},{"taxonomy":"product_cat","embeddable":true,"href":"https:\/\/lftraduction.fr\/pt-pt\/wp-json\/wp\/v2\/product_cat?post=22366"},{"taxonomy":"product_tag","embeddable":true,"href":"https:\/\/lftraduction.fr\/pt-pt\/wp-json\/wp\/v2\/product_tag?post=22366"}],"curies":[{"name":"wp","href":"https:\/\/api.w.org\/{rel}","templated":true}]}}