{"id":21393,"date":"2023-10-19T09:36:24","date_gmt":"2023-10-19T09:36:24","guid":{"rendered":"https:\/\/lftraduction.fr\/servicos-de-traducao-em-paris\/traducao-marketing\/"},"modified":"2025-04-15T14:00:48","modified_gmt":"2025-04-15T14:00:48","slug":"traducao-marketing","status":"publish","type":"page","link":"https:\/\/lftraduction.fr\/pt-pt\/servicos-de-traducao-em-paris\/traducao-marketing\/","title":{"rendered":"Tradu\u00e7\u00e3o Marketing"},"content":{"rendered":"\t\t<div data-elementor-type=\"wp-page\" data-elementor-id=\"21393\" class=\"elementor elementor-21393 elementor-6656\" data-elementor-post-type=\"page\">\n\t\t\t\t\t\t<section class=\"elementor-section elementor-top-section elementor-element elementor-element-146f753 elementor-section-full_width elementor-section-height-default elementor-section-height-default\" data-id=\"146f753\" data-element_type=\"section\" data-e-type=\"section\">\n\t\t\t\t\t\t<div class=\"elementor-container elementor-column-gap-no\">\n\t\t\t\t\t<div class=\"elementor-column elementor-col-100 elementor-top-column elementor-element elementor-element-5cda981\" data-id=\"5cda981\" data-element_type=\"column\" data-e-type=\"column\">\n\t\t\t<div class=\"elementor-widget-wrap elementor-element-populated\">\n\t\t\t\t\t\t<div class=\"elementor-element elementor-element-3e7399f elementor-invisible elementor-widget elementor-widget-heading\" data-id=\"3e7399f\" data-element_type=\"widget\" data-e-type=\"widget\" data-settings=\"{&quot;_animation&quot;:&quot;fadeIn&quot;}\" data-widget_type=\"heading.default\">\n\t\t\t\t<div class=\"elementor-widget-container\">\n\t\t\t\t\t<h1 class=\"elementor-heading-title elementor-size-default\">Servi\u00e7o de tradu\u00e7\u00e3o<span style=\"color:#F4A41E\"> marketing<\/span><\/h1>\t\t\t\t<\/div>\n\t\t\t\t<\/div>\n\t\t\t\t\t<\/div>\n\t\t<\/div>\n\t\t\t\t\t<\/div>\n\t\t<\/section>\n\t\t\t\t<section class=\"elementor-section elementor-top-section elementor-element elementor-element-823be26 elementor-section-full_width elementor-reverse-tablet elementor-section-height-default elementor-section-height-default\" data-id=\"823be26\" data-element_type=\"section\" data-e-type=\"section\">\n\t\t\t\t\t\t<div class=\"elementor-container elementor-column-gap-no\">\n\t\t\t\t\t<div class=\"elementor-column elementor-col-50 elementor-top-column elementor-element elementor-element-d3de98f\" data-id=\"d3de98f\" data-element_type=\"column\" data-e-type=\"column\">\n\t\t\t<div class=\"elementor-widget-wrap elementor-element-populated\">\n\t\t\t\t\t\t<div class=\"elementor-element elementor-element-f86f3d5 elementor-widget__width-initial elementor-widget elementor-widget-text-editor\" data-id=\"f86f3d5\" data-element_type=\"widget\" data-e-type=\"widget\" data-widget_type=\"text-editor.default\">\n\t\t\t\t<div class=\"elementor-widget-container\">\n\t\t\t\t\t\t\t\t\t<p>Deseja traduzir os materiais de <strong>comunica\u00e7\u00e3o de marketing<\/strong> com qualidade e rapidez? Nesse caso, est\u00e1 no s\u00edtio certo. <\/p>\t\t\t\t\t\t\t\t<\/div>\n\t\t\t\t<\/div>\n\t\t\t\t<div class=\"elementor-element elementor-element-29aa0a0 elementor-view-stacked elementor-shape-circle elementor-invisible elementor-widget elementor-widget-icon\" data-id=\"29aa0a0\" data-element_type=\"widget\" data-e-type=\"widget\" data-settings=\"{&quot;_animation&quot;:&quot;bounceInUp&quot;,&quot;_animation_delay&quot;:700}\" data-widget_type=\"icon.default\">\n\t\t\t\t<div class=\"elementor-widget-container\">\n\t\t\t\t\t\t\t<div class=\"elementor-icon-wrapper\">\n\t\t\t<a class=\"elementor-icon elementor-animation-sink\" href=\"#next\">\n\t\t\t<i aria-hidden=\"true\" class=\"icon icon-arrow-down\"><\/i>\t\t\t<\/a>\n\t\t<\/div>\n\t\t\t\t\t\t<\/div>\n\t\t\t\t<\/div>\n\t\t\t\t\t<\/div>\n\t\t<\/div>\n\t\t\t\t<div class=\"elementor-column elementor-col-50 elementor-top-column elementor-element elementor-element-f29fe44\" data-id=\"f29fe44\" data-element_type=\"column\" data-e-type=\"column\">\n\t\t\t<div class=\"elementor-widget-wrap elementor-element-populated\">\n\t\t\t\t\t\t<div class=\"elementor-element elementor-element-280947e elementor-invisible elementor-widget elementor-widget-image\" data-id=\"280947e\" data-element_type=\"widget\" data-e-type=\"widget\" data-settings=\"{&quot;_animation&quot;:&quot;fadeInRight&quot;}\" data-widget_type=\"image.default\">\n\t\t\t\t<div class=\"elementor-widget-container\">\n\t\t\t\t\t\t\t\t\t\t\t\t\t\t\t<img fetchpriority=\"high\" width=\"800\" height=\"450\" src=\"https:\/\/i0.wp.com\/lftraduction.fr\/wp-content\/uploads\/2023\/10\/La-Francaise-de-la-Traduction_Traduction_02.webp?fit=800%2C450&amp;ssl=1\" class=\"attachment-large size-large wp-image-21395\" alt=\"\" srcset=\"https:\/\/i0.wp.com\/lftraduction.fr\/wp-content\/uploads\/2023\/10\/La-Francaise-de-la-Traduction_Traduction_02.webp?w=1500&amp;ssl=1 1500w, https:\/\/i0.wp.com\/lftraduction.fr\/wp-content\/uploads\/2023\/10\/La-Francaise-de-la-Traduction_Traduction_02.webp?resize=300%2C169&amp;ssl=1 300w, https:\/\/i0.wp.com\/lftraduction.fr\/wp-content\/uploads\/2023\/10\/La-Francaise-de-la-Traduction_Traduction_02.webp?resize=1024%2C576&amp;ssl=1 1024w, https:\/\/i0.wp.com\/lftraduction.fr\/wp-content\/uploads\/2023\/10\/La-Francaise-de-la-Traduction_Traduction_02.webp?resize=768%2C432&amp;ssl=1 768w\" sizes=\"(max-width: 800px) 100vw, 800px\" \/>\t\t\t\t\t\t\t\t\t\t\t\t\t\t\t<\/div>\n\t\t\t\t<\/div>\n\t\t\t\t\t<\/div>\n\t\t<\/div>\n\t\t\t\t\t<\/div>\n\t\t<\/section>\n\t\t\t\t<section class=\"elementor-section elementor-top-section elementor-element elementor-element-eeee132 elementor-section-full_width elementor-reverse-tablet elementor-reverse-mobile elementor-section-height-default elementor-section-height-default\" data-id=\"eeee132\" data-element_type=\"section\" data-e-type=\"section\" id=\"next\">\n\t\t\t\t\t\t<div class=\"elementor-container elementor-column-gap-no\">\n\t\t\t\t\t<div class=\"elementor-column elementor-col-50 elementor-top-column elementor-element elementor-element-bcfe7ad\" data-id=\"bcfe7ad\" data-element_type=\"column\" data-e-type=\"column\">\n\t\t\t<div class=\"elementor-widget-wrap elementor-element-populated\">\n\t\t\t\t\t\t<div class=\"elementor-element elementor-element-d882b00 elementor-widget elementor-widget-image\" data-id=\"d882b00\" data-element_type=\"widget\" data-e-type=\"widget\" data-widget_type=\"image.default\">\n\t\t\t\t<div class=\"elementor-widget-container\">\n\t\t\t\t\t\t\t\t\t\t\t\t\t\t\t<img width=\"800\" height=\"534\" src=\"https:\/\/i0.wp.com\/lftraduction.fr\/wp-content\/uploads\/2023\/10\/La-Francaise-de-la-Traduction_Traduction_01.webp?fit=800%2C534&amp;ssl=1\" class=\"attachment-large size-large wp-image-21394\" alt=\"\" srcset=\"https:\/\/i0.wp.com\/lftraduction.fr\/wp-content\/uploads\/2023\/10\/La-Francaise-de-la-Traduction_Traduction_01.webp?w=1500&amp;ssl=1 1500w, https:\/\/i0.wp.com\/lftraduction.fr\/wp-content\/uploads\/2023\/10\/La-Francaise-de-la-Traduction_Traduction_01.webp?resize=300%2C200&amp;ssl=1 300w, https:\/\/i0.wp.com\/lftraduction.fr\/wp-content\/uploads\/2023\/10\/La-Francaise-de-la-Traduction_Traduction_01.webp?resize=1024%2C683&amp;ssl=1 1024w, https:\/\/i0.wp.com\/lftraduction.fr\/wp-content\/uploads\/2023\/10\/La-Francaise-de-la-Traduction_Traduction_01.webp?resize=768%2C512&amp;ssl=1 768w\" sizes=\"(max-width: 800px) 100vw, 800px\" \/>\t\t\t\t\t\t\t\t\t\t\t\t\t\t\t<\/div>\n\t\t\t\t<\/div>\n\t\t\t\t\t<\/div>\n\t\t<\/div>\n\t\t\t\t<div class=\"elementor-column elementor-col-50 elementor-top-column elementor-element elementor-element-4f3eac9\" data-id=\"4f3eac9\" data-element_type=\"column\" data-e-type=\"column\">\n\t\t\t<div class=\"elementor-widget-wrap elementor-element-populated\">\n\t\t\t\t\t\t<div class=\"elementor-element elementor-element-2830661 elementor-invisible elementor-widget elementor-widget-heading\" data-id=\"2830661\" data-element_type=\"widget\" data-e-type=\"widget\" data-settings=\"{&quot;_animation&quot;:&quot;fadeIn&quot;}\" data-widget_type=\"heading.default\">\n\t\t\t\t<div class=\"elementor-widget-container\">\n\t\t\t\t\t<h2 class=\"elementor-heading-title elementor-size-default\">Expandir para novos mercados internacionais com <span style=\"color:#F4A41E\">tradu\u00e7\u00f5es de marketing de qualidade<\/span><\/h2>\t\t\t\t<\/div>\n\t\t\t\t<\/div>\n\t\t\t\t<div class=\"elementor-element elementor-element-99af3d2 elementor-widget elementor-widget-text-editor\" data-id=\"99af3d2\" data-element_type=\"widget\" data-e-type=\"widget\" data-widget_type=\"text-editor.default\">\n\t\t\t\t<div class=\"elementor-widget-container\">\n\t\t\t\t\t\t\t\t\t<p><strong>A Francesa da Tradu\u00e7\u00e3o<\/strong> oferece-lhe os melhores servi\u00e7os de tradu\u00e7\u00e3o de marketing em mais de 50 l\u00ednguas. Traduzimos todos os seus materiais de marketing (brochuras, comunicados de imprensa, e-mails de marketing, conte\u00fados em v\u00eddeo, sites e apresenta\u00e7\u00f5es) de forma r\u00e1pida e com qualidade.<strong> Na Francesa da Tradu\u00e7\u00e3o<\/strong>, ajudamos os nossos clientes a conquistar audi\u00eancias internacionais atrav\u00e9s de tradu\u00e7\u00f5es naturais e envolventes que transmitem fielmente a mensagem da sua marca a n\u00edvel global.  <\/p><p>Na <strong>Francesa da Tradu\u00e7\u00e3o<\/strong>, dispomos de recursos lingu\u00edsticos fi\u00e1veis e consistentes gra\u00e7as \u00e0 nossa equipa de mais de 40 tradutores internos. Implement\u00e1mos os processos mais eficazes para garantir tradu\u00e7\u00f5es de marketing linguisticamente flu\u00eddas e culturalmente envolventes, de forma a que a voz da sua marca seja clara, coerente e convincente <strong>em qualquer l\u00edngua<\/strong>.  <\/p>\t\t\t\t\t\t\t\t<\/div>\n\t\t\t\t<\/div>\n\t\t\t\t\t<\/div>\n\t\t<\/div>\n\t\t\t\t\t<\/div>\n\t\t<\/section>\n\t\t\t\t<section class=\"elementor-section elementor-top-section elementor-element elementor-element-62738d3 elementor-section-full_width elementor-section-height-default elementor-section-height-default\" data-id=\"62738d3\" data-element_type=\"section\" data-e-type=\"section\">\n\t\t\t\t\t\t<div class=\"elementor-container elementor-column-gap-no\">\n\t\t\t\t\t<div class=\"elementor-column elementor-col-50 elementor-top-column elementor-element elementor-element-fd32177\" data-id=\"fd32177\" data-element_type=\"column\" data-e-type=\"column\">\n\t\t\t<div class=\"elementor-widget-wrap elementor-element-populated\">\n\t\t\t\t\t\t<div class=\"elementor-element elementor-element-e4ca0ef elementor-invisible elementor-widget elementor-widget-heading\" data-id=\"e4ca0ef\" data-element_type=\"widget\" data-e-type=\"widget\" data-settings=\"{&quot;_animation&quot;:&quot;fadeIn&quot;}\" data-widget_type=\"heading.default\">\n\t\t\t\t<div class=\"elementor-widget-container\">\n\t\t\t\t\t<h2 class=\"elementor-heading-title elementor-size-default\"> <span style=\"color:#F4A41E\">A tradu\u00e7\u00e3o multicanal<\/span> encontra o marketing multicanal.\n\n<\/h2>\t\t\t\t<\/div>\n\t\t\t\t<\/div>\n\t\t\t\t<div class=\"elementor-element elementor-element-23c8787 elementor-widget elementor-widget-text-editor\" data-id=\"23c8787\" data-element_type=\"widget\" data-e-type=\"widget\" data-widget_type=\"text-editor.default\">\n\t\t\t\t<div class=\"elementor-widget-container\">\n\t\t\t\t\t\t\t\t\t<p>Os respons\u00e1veis de marketing das empresas adotam cada vez mais <strong>o marketing multicanal<\/strong> para envolver os clientes em todos os canais de comunica\u00e7\u00e3o, aumentando as taxas de convers\u00e3o e acelerando o crescimento da empresa a n\u00edvel global. <\/p><p>Os servi\u00e7os de tradu\u00e7\u00e3o de marketing tradicionais, que dependem de processos manuais, est\u00e1ticos e lentos para traduzir o conte\u00fado de marketing, j\u00e1 n\u00e3o s\u00e3o suficientes para responder \u00e0s necessidades atuais de localiza\u00e7\u00e3o de marketing. <\/p><p><strong>A Francesa da Tradu\u00e7\u00e3o<\/strong> \u00e9 especializada em solu\u00e7\u00f5es de tradu\u00e7\u00e3o multicanal para todas as redes de conte\u00fado e dispositivos, incluindo a Web, aplica\u00e7\u00f5es, e-mail, redes sociais, SMS, v\u00eddeos, entre outros.<\/p>\t\t\t\t\t\t\t\t<\/div>\n\t\t\t\t<\/div>\n\t\t\t\t\t<\/div>\n\t\t<\/div>\n\t\t\t\t<div class=\"elementor-column elementor-col-50 elementor-top-column elementor-element elementor-element-98a0aeb\" data-id=\"98a0aeb\" data-element_type=\"column\" data-e-type=\"column\">\n\t\t\t<div class=\"elementor-widget-wrap elementor-element-populated\">\n\t\t\t\t\t\t<div class=\"elementor-element elementor-element-92de5e5 elementor-widget elementor-widget-image\" data-id=\"92de5e5\" data-element_type=\"widget\" data-e-type=\"widget\" data-widget_type=\"image.default\">\n\t\t\t\t<div class=\"elementor-widget-container\">\n\t\t\t\t\t\t\t\t\t\t\t\t\t\t\t<img width=\"800\" height=\"534\" src=\"https:\/\/i0.wp.com\/lftraduction.fr\/wp-content\/uploads\/2023\/10\/La-Francaise-de-la-Traduction_Traduction_04.webp?fit=800%2C534&amp;ssl=1\" class=\"attachment-large size-large wp-image-21397\" alt=\"\" srcset=\"https:\/\/i0.wp.com\/lftraduction.fr\/wp-content\/uploads\/2023\/10\/La-Francaise-de-la-Traduction_Traduction_04.webp?w=1500&amp;ssl=1 1500w, https:\/\/i0.wp.com\/lftraduction.fr\/wp-content\/uploads\/2023\/10\/La-Francaise-de-la-Traduction_Traduction_04.webp?resize=300%2C200&amp;ssl=1 300w, https:\/\/i0.wp.com\/lftraduction.fr\/wp-content\/uploads\/2023\/10\/La-Francaise-de-la-Traduction_Traduction_04.webp?resize=1024%2C683&amp;ssl=1 1024w, https:\/\/i0.wp.com\/lftraduction.fr\/wp-content\/uploads\/2023\/10\/La-Francaise-de-la-Traduction_Traduction_04.webp?resize=768%2C512&amp;ssl=1 768w\" sizes=\"(max-width: 800px) 100vw, 800px\" \/>\t\t\t\t\t\t\t\t\t\t\t\t\t\t\t<\/div>\n\t\t\t\t<\/div>\n\t\t\t\t\t<\/div>\n\t\t<\/div>\n\t\t\t\t\t<\/div>\n\t\t<\/section>\n\t\t\t\t<section class=\"elementor-section elementor-top-section elementor-element elementor-element-2b3113a elementor-section-full_width elementor-reverse-tablet elementor-reverse-mobile elementor-section-height-default elementor-section-height-default\" data-id=\"2b3113a\" data-element_type=\"section\" data-e-type=\"section\">\n\t\t\t\t\t\t<div class=\"elementor-container elementor-column-gap-no\">\n\t\t\t\t\t<div class=\"elementor-column elementor-col-50 elementor-top-column elementor-element elementor-element-87236ad\" data-id=\"87236ad\" data-element_type=\"column\" data-e-type=\"column\" data-settings=\"{&quot;background_background&quot;:&quot;classic&quot;}\">\n\t\t\t<div class=\"elementor-widget-wrap elementor-element-populated\">\n\t\t\t\t\t\t<div class=\"elementor-element elementor-element-87da9d2 elementor-widget elementor-widget-image\" data-id=\"87da9d2\" data-element_type=\"widget\" data-e-type=\"widget\" data-widget_type=\"image.default\">\n\t\t\t\t<div class=\"elementor-widget-container\">\n\t\t\t\t\t\t\t\t\t\t\t\t\t\t\t<img loading=\"lazy\" width=\"800\" height=\"470\" src=\"https:\/\/i0.wp.com\/lftraduction.fr\/wp-content\/uploads\/2023\/10\/La-Francaise-de-la-Traduction_Traduction_05.webp?fit=800%2C470&amp;ssl=1\" class=\"attachment-large size-large wp-image-21398\" alt=\"\" srcset=\"https:\/\/i0.wp.com\/lftraduction.fr\/wp-content\/uploads\/2023\/10\/La-Francaise-de-la-Traduction_Traduction_05.webp?w=1500&amp;ssl=1 1500w, https:\/\/i0.wp.com\/lftraduction.fr\/wp-content\/uploads\/2023\/10\/La-Francaise-de-la-Traduction_Traduction_05.webp?resize=300%2C176&amp;ssl=1 300w, https:\/\/i0.wp.com\/lftraduction.fr\/wp-content\/uploads\/2023\/10\/La-Francaise-de-la-Traduction_Traduction_05.webp?resize=1024%2C601&amp;ssl=1 1024w, https:\/\/i0.wp.com\/lftraduction.fr\/wp-content\/uploads\/2023\/10\/La-Francaise-de-la-Traduction_Traduction_05.webp?resize=768%2C451&amp;ssl=1 768w\" sizes=\"(max-width: 800px) 100vw, 800px\" \/>\t\t\t\t\t\t\t\t\t\t\t\t\t\t\t<\/div>\n\t\t\t\t<\/div>\n\t\t\t\t\t<\/div>\n\t\t<\/div>\n\t\t\t\t<div class=\"elementor-column elementor-col-50 elementor-top-column elementor-element elementor-element-9c4ef13\" data-id=\"9c4ef13\" data-element_type=\"column\" data-e-type=\"column\">\n\t\t\t<div class=\"elementor-widget-wrap elementor-element-populated\">\n\t\t\t\t\t\t<div class=\"elementor-element elementor-element-209cf87 elementor-invisible elementor-widget elementor-widget-heading\" data-id=\"209cf87\" data-element_type=\"widget\" data-e-type=\"widget\" data-settings=\"{&quot;_animation&quot;:&quot;fadeIn&quot;}\" data-widget_type=\"heading.default\">\n\t\t\t\t<div class=\"elementor-widget-container\">\n\t\t\t\t\t<h2 class=\"elementor-heading-title elementor-size-default\">A tradu\u00e7\u00e3o para uma melhor otimiza\u00e7\u00e3o no <span style=\"color:#F4A41E\">SEO internacional<\/span>\n<\/h2>\t\t\t\t<\/div>\n\t\t\t\t<\/div>\n\t\t\t\t<div class=\"elementor-element elementor-element-ea051ca elementor-widget elementor-widget-text-editor\" data-id=\"ea051ca\" data-element_type=\"widget\" data-e-type=\"widget\" data-widget_type=\"text-editor.default\">\n\t\t\t\t<div class=\"elementor-widget-container\">\n\t\t\t\t\t\t\t\t\t<p>Na economia digital de hoje, as empresas precisam de produzir <strong>conte\u00fado de marketing<\/strong> que promova uma identidade de marca coerente a n\u00edvel internacional, enquanto garantem que <strong>as palavras-chave e as express\u00f5es<\/strong> estejam bem classificadas pelos principais motores de busca nas l\u00ednguas de destino. A <strong>Francesa da Tradu\u00e7\u00e3o <\/strong>desenvolveu um conjunto completo de melhores pr\u00e1ticas e solu\u00e7\u00f5es de tradu\u00e7\u00e3o para <strong>marketing digital<\/strong>, com o objetivo de melhorar a otimiza\u00e7\u00e3o para os motores de busca. <\/p><p>Envie-nos o seu conte\u00fado para obter um or\u00e7amento de tradu\u00e7\u00e3o SEO e surpreenda-se com a forma como <strong>A Francesa da Tradu\u00e7\u00e3o <\/strong>pode ajud\u00e1-lo a aumentar as suas vendas locais em todas as suas l\u00ednguas de destino.<\/p>\t\t\t\t\t\t\t\t<\/div>\n\t\t\t\t<\/div>\n\t\t\t\t\t<\/div>\n\t\t<\/div>\n\t\t\t\t\t<\/div>\n\t\t<\/section>\n\t\t\t\t<section class=\"elementor-section elementor-top-section elementor-element elementor-element-73c766d elementor-reverse-tablet elementor-section-boxed elementor-section-height-default elementor-section-height-default\" data-id=\"73c766d\" data-element_type=\"section\" data-e-type=\"section\">\n\t\t\t\t\t\t<div class=\"elementor-container elementor-column-gap-no\">\n\t\t\t\t\t<div class=\"elementor-column elementor-col-100 elementor-top-column elementor-element elementor-element-6570ab0\" data-id=\"6570ab0\" data-element_type=\"column\" data-e-type=\"column\" data-settings=\"{&quot;background_background&quot;:&quot;classic&quot;}\">\n\t\t\t<div class=\"elementor-widget-wrap elementor-element-populated\">\n\t\t\t\t\t\t<div class=\"elementor-element elementor-element-8bf07d4 elementor-invisible elementor-widget elementor-widget-heading\" data-id=\"8bf07d4\" data-element_type=\"widget\" data-e-type=\"widget\" data-settings=\"{&quot;_animation&quot;:&quot;fadeIn&quot;}\" data-widget_type=\"heading.default\">\n\t\t\t\t<div class=\"elementor-widget-container\">\n\t\t\t\t\t<h2 class=\"elementor-heading-title elementor-size-default\"> <span style=\"color:#F4A41E\">A tradu\u00e7\u00e3o multicanal<\/span> <br>encontra o marketing multicanal.\n\n<\/h2>\t\t\t\t<\/div>\n\t\t\t\t<\/div>\n\t\t\t\t<div class=\"elementor-element elementor-element-c133a67 elementor-widget elementor-widget-text-editor\" data-id=\"c133a67\" data-element_type=\"widget\" data-e-type=\"widget\" data-widget_type=\"text-editor.default\">\n\t\t\t\t<div class=\"elementor-widget-container\">\n\t\t\t\t\t\t\t\t\t<p>Investiu muito tempo no desenvolvimento das mensagens-chave da sua marca e <strong>nas suas comunica\u00e7\u00f5es de marketing<\/strong>. A \u00faltima coisa que deseja \u00e9 trabalhar com uma empresa de tradu\u00e7\u00e3o mediana que traduzir\u00e1 as suas mensagens de marca para outras l\u00ednguas com uma qualidade que n\u00e3o est\u00e1 \u00e0 altura da sua mensagem. <\/p><p>Um conte\u00fado de marketing mal traduzido n\u00e3o s\u00f3 prejudica a reputa\u00e7\u00e3o da sua marca, como tamb\u00e9m resulta na perda de oportunidades comerciais junto <strong>dos clientes internacionais<\/strong>. <\/p><p><strong>A Francesa da Tradu\u00e7\u00e3o<\/strong> disp\u00f5e de uma vasta equipa de tradutores de marketing e redatores criativos experientes em todas as l\u00ednguas europeias, asi\u00e1ticas e latino-americanas.<\/p><p><strong>Os nossos tradutores de marketing<\/strong> utilizam um processo chamado transcria\u00e7\u00e3o \u2014 uma combina\u00e7\u00e3o de tradu\u00e7\u00e3o e reda\u00e7\u00e3o criativa \u2014 para obter os melhores resultados em tradu\u00e7\u00f5es de marketing. <\/p><p>Quer precise de traduzir as suas campanhas publicit\u00e1rias, fichas de produto, promo\u00e7\u00f5es de marketing digital, conte\u00fados de rela\u00e7\u00f5es p\u00fablicas ou v\u00eddeos de marketing nas redes sociais, os tradutores profissionais de marketing da <strong>Francesa da Tradu\u00e7\u00e3o<\/strong> est\u00e3o preparados para fornecer tradu\u00e7\u00f5es altamente criativas que impulsionam a sua expans\u00e3o internacional.<\/p>\t\t\t\t\t\t\t\t<\/div>\n\t\t\t\t<\/div>\n\t\t\t\t\t<\/div>\n\t\t<\/div>\n\t\t\t\t\t<\/div>\n\t\t<\/section>\n\t\t\t\t<section class=\"elementor-section elementor-top-section elementor-element elementor-element-e2b569b elementor-section-full_width elementor-section-height-default elementor-section-height-default\" data-id=\"e2b569b\" data-element_type=\"section\" data-e-type=\"section\" data-settings=\"{&quot;background_background&quot;:&quot;classic&quot;}\">\n\t\t\t\t\t\t<div class=\"elementor-container elementor-column-gap-no\">\n\t\t\t\t\t<div class=\"elementor-column elementor-col-50 elementor-top-column elementor-element elementor-element-51aa84d\" data-id=\"51aa84d\" data-element_type=\"column\" data-e-type=\"column\">\n\t\t\t<div class=\"elementor-widget-wrap elementor-element-populated\">\n\t\t\t\t\t\t<div class=\"elementor-element elementor-element-4c90d3f elementor-invisible elementor-widget elementor-widget-heading\" data-id=\"4c90d3f\" data-element_type=\"widget\" data-e-type=\"widget\" data-settings=\"{&quot;_animation&quot;:&quot;fadeIn&quot;}\" data-widget_type=\"heading.default\">\n\t\t\t\t<div class=\"elementor-widget-container\">\n\t\t\t\t\t<h2 class=\"elementor-heading-title elementor-size-default\">Pedir Or\u00e7amento<\/h2>\t\t\t\t<\/div>\n\t\t\t\t<\/div>\n\t\t\t\t<div class=\"elementor-element elementor-element-1fe54e0 elementor-widget__width-initial elementor-widget elementor-widget-text-editor\" data-id=\"1fe54e0\" data-element_type=\"widget\" data-e-type=\"widget\" data-widget_type=\"text-editor.default\">\n\t\t\t\t<div class=\"elementor-widget-container\">\n\t\t\t\t\t\t\t\t\t<p><strong>Contacte a nossa equipa <\/strong>e n\u00f3s daremos a resposta de que precisa o <strong>mais rapidamente poss\u00edvel.<\/strong> <\/p>\t\t\t\t\t\t\t\t<\/div>\n\t\t\t\t<\/div>\n\t\t\t\t<div class=\"elementor-element elementor-element-317a3cc elementor-align-left elementor-mobile-align-center elementor-widget elementor-widget-button\" data-id=\"317a3cc\" data-element_type=\"widget\" data-e-type=\"widget\" data-widget_type=\"button.default\">\n\t\t\t\t<div class=\"elementor-widget-container\">\n\t\t\t\t\t\t\t\t\t<div class=\"elementor-button-wrapper\">\n\t\t\t\t\t<a class=\"elementor-button elementor-button-link elementor-size-sm\" href=\"#elementor-action%3Aaction%3Dpopup%3Aopen%26settings%3DeyJpZCI6NDM4MiwidG9nZ2xlIjpmYWxzZX0%3D\">\n\t\t\t\t\t\t<span class=\"elementor-button-content-wrapper\">\n\t\t\t\t\t\t<span class=\"elementor-button-icon\">\n\t\t\t\t<i aria-hidden=\"true\" class=\"icon icon-arrow-right\"><\/i>\t\t\t<\/span>\n\t\t\t\t\t\t\t\t\t<span class=\"elementor-button-text\">Or\u00e7amento em menos de uma hora<\/span>\n\t\t\t\t\t<\/span>\n\t\t\t\t\t<\/a>\n\t\t\t\t<\/div>\n\t\t\t\t\t\t\t\t<\/div>\n\t\t\t\t<\/div>\n\t\t\t\t\t<\/div>\n\t\t<\/div>\n\t\t\t\t<div class=\"elementor-column elementor-col-50 elementor-top-column elementor-element elementor-element-fa6d1da\" data-id=\"fa6d1da\" data-element_type=\"column\" data-e-type=\"column\">\n\t\t\t<div class=\"elementor-widget-wrap elementor-element-populated\">\n\t\t\t\t\t\t<div class=\"elementor-element elementor-element-31aba1f elementor-widget elementor-widget-image\" data-id=\"31aba1f\" data-element_type=\"widget\" data-e-type=\"widget\" data-widget_type=\"image.default\">\n\t\t\t\t<div class=\"elementor-widget-container\">\n\t\t\t\t\t\t\t\t\t\t\t\t\t\t\t<img loading=\"lazy\" width=\"1500\" height=\"1001\" src=\"https:\/\/i0.wp.com\/lftraduction.fr\/wp-content\/uploads\/2023\/10\/LFTraduction_Agence-de-traduction_05_2-copie.webp?fit=1500%2C1001&amp;ssl=1\" class=\"attachment-full size-full wp-image-20465\" alt=\"Lftraduction Agence De Traduction \u00e0 Paris\" srcset=\"https:\/\/i0.wp.com\/lftraduction.fr\/wp-content\/uploads\/2023\/10\/LFTraduction_Agence-de-traduction_05_2-copie.webp?w=1500&amp;ssl=1 1500w, https:\/\/i0.wp.com\/lftraduction.fr\/wp-content\/uploads\/2023\/10\/LFTraduction_Agence-de-traduction_05_2-copie.webp?resize=300%2C200&amp;ssl=1 300w, https:\/\/i0.wp.com\/lftraduction.fr\/wp-content\/uploads\/2023\/10\/LFTraduction_Agence-de-traduction_05_2-copie.webp?resize=1024%2C683&amp;ssl=1 1024w, https:\/\/i0.wp.com\/lftraduction.fr\/wp-content\/uploads\/2023\/10\/LFTraduction_Agence-de-traduction_05_2-copie.webp?resize=768%2C513&amp;ssl=1 768w\" sizes=\"(max-width: 800px) 100vw, 800px\" \/>\t\t\t\t\t\t\t\t\t\t\t\t\t\t\t<\/div>\n\t\t\t\t<\/div>\n\t\t\t\t\t<\/div>\n\t\t<\/div>\n\t\t\t\t\t<\/div>\n\t\t<\/section>\n\t\t\t\t<\/div>\n\t\t","protected":false},"excerpt":{"rendered":"<p>Traduzimos e localizamos todos os documentos jur\u00eddicos, contratos, condi\u00e7\u00f5es gerais de venda, etc., para mais de 50 idiomas. <\/p>\n","protected":false},"author":2,"featured_media":0,"parent":20996,"menu_order":0,"comment_status":"closed","ping_status":"closed","template":"","meta":{"footnotes":""},"class_list":["post-21393","page","type-page","status-publish","hentry"],"jetpack_sharing_enabled":true,"_links":{"self":[{"href":"https:\/\/lftraduction.fr\/pt-pt\/wp-json\/wp\/v2\/pages\/21393","targetHints":{"allow":["GET"]}}],"collection":[{"href":"https:\/\/lftraduction.fr\/pt-pt\/wp-json\/wp\/v2\/pages"}],"about":[{"href":"https:\/\/lftraduction.fr\/pt-pt\/wp-json\/wp\/v2\/types\/page"}],"author":[{"embeddable":true,"href":"https:\/\/lftraduction.fr\/pt-pt\/wp-json\/wp\/v2\/users\/2"}],"replies":[{"embeddable":true,"href":"https:\/\/lftraduction.fr\/pt-pt\/wp-json\/wp\/v2\/comments?post=21393"}],"version-history":[{"count":2,"href":"https:\/\/lftraduction.fr\/pt-pt\/wp-json\/wp\/v2\/pages\/21393\/revisions"}],"predecessor-version":[{"id":21400,"href":"https:\/\/lftraduction.fr\/pt-pt\/wp-json\/wp\/v2\/pages\/21393\/revisions\/21400"}],"up":[{"embeddable":true,"href":"https:\/\/lftraduction.fr\/pt-pt\/wp-json\/wp\/v2\/pages\/20996"}],"wp:attachment":[{"href":"https:\/\/lftraduction.fr\/pt-pt\/wp-json\/wp\/v2\/media?parent=21393"}],"curies":[{"name":"wp","href":"https:\/\/api.w.org\/{rel}","templated":true}]}}