{"id":21355,"date":"2023-06-11T20:45:40","date_gmt":"2023-06-11T20:45:40","guid":{"rendered":"https:\/\/lftraduction.fr\/servicos-de-traducao-em-frances\/"},"modified":"2025-04-15T08:37:20","modified_gmt":"2025-04-15T08:37:20","slug":"servicos-de-traducao-em-frances","status":"publish","type":"page","link":"https:\/\/lftraduction.fr\/pt-pt\/servicos-de-traducao-em-frances\/","title":{"rendered":"Servi\u00e7os de tradu\u00e7\u00e3o em franc\u00eas"},"content":{"rendered":"\t\t<div data-elementor-type=\"wp-page\" data-elementor-id=\"21355\" class=\"elementor elementor-21355 elementor-1148\" data-elementor-post-type=\"page\">\n\t\t\t\t\t\t<section class=\"elementor-section elementor-top-section elementor-element elementor-element-90d3293 elementor-section-full_width elementor-section-height-default elementor-section-height-default\" data-id=\"90d3293\" data-element_type=\"section\" data-e-type=\"section\">\n\t\t\t\t\t\t<div class=\"elementor-container elementor-column-gap-no\">\n\t\t\t\t\t<div class=\"elementor-column elementor-col-100 elementor-top-column elementor-element elementor-element-f004755\" data-id=\"f004755\" data-element_type=\"column\" data-e-type=\"column\">\n\t\t\t<div class=\"elementor-widget-wrap elementor-element-populated\">\n\t\t\t\t\t\t<div class=\"elementor-element elementor-element-78714a3 elementor-invisible elementor-widget elementor-widget-heading\" data-id=\"78714a3\" data-element_type=\"widget\" data-e-type=\"widget\" data-settings=\"{&quot;_animation&quot;:&quot;fadeIn&quot;}\" data-widget_type=\"heading.default\">\n\t\t\t\t<div class=\"elementor-widget-container\">\n\t\t\t\t\t<h1 class=\"elementor-heading-title elementor-size-default\">Tradu\u00e7\u00e3o <span style=\"color:#F4A41E\">franc\u00eas<\/span><\/h1>\t\t\t\t<\/div>\n\t\t\t\t<\/div>\n\t\t\t\t\t<\/div>\n\t\t<\/div>\n\t\t\t\t\t<\/div>\n\t\t<\/section>\n\t\t\t\t<section class=\"elementor-section elementor-top-section elementor-element elementor-element-c95d59d elementor-section-content-middle elementor-section-full_width elementor-section-height-default elementor-section-height-default\" data-id=\"c95d59d\" data-element_type=\"section\" data-e-type=\"section\">\n\t\t\t\t\t\t<div class=\"elementor-container elementor-column-gap-no\">\n\t\t\t\t\t<div class=\"elementor-column elementor-col-50 elementor-top-column elementor-element elementor-element-6ffd917\" data-id=\"6ffd917\" data-element_type=\"column\" data-e-type=\"column\">\n\t\t\t<div class=\"elementor-widget-wrap elementor-element-populated\">\n\t\t\t\t\t\t<div class=\"elementor-element elementor-element-6d02099 elementor-widget elementor-widget-text-editor\" data-id=\"6d02099\" data-element_type=\"widget\" data-e-type=\"widget\" data-widget_type=\"text-editor.default\">\n\t\t\t\t<div class=\"elementor-widget-container\">\n\t\t\t\t\t\t\t\t\t<p class=\"p1\">A l\u00edngua francesa \u00e9 uma das l\u00ednguas mais influentes e rom\u00e2nticas do mundo. Data da \u00e9poca do latim vulgar, utilizado pelas popula\u00e7\u00f5es rom\u00e2nicas durante a Idade M\u00e9dia. Ao longo dos s\u00e9culos, o franc\u00eas passou por v\u00e1rias evolu\u00e7\u00f5es e influ\u00eancias, nomeadamente gra\u00e7as a personalidades como Fran\u00e7ois Villon, Moli\u00e8re e Victor Hugo, que contribu\u00edram para a sua riqueza liter\u00e1ria.  <\/p><p class=\"p1\">Sabia que a l\u00edngua francesa foi a l\u00edngua da diplomacia durante s\u00e9culos? Muitos tratados internacionais eram redigidos em franc\u00eas e esta pr\u00e1tica perdurou at\u00e9 ao s\u00e9culo XX. Ainda hoje, o franc\u00eas \u00e9 uma das l\u00ednguas oficiais de v\u00e1rias organiza\u00e7\u00f5es internacionais, como as Na\u00e7\u00f5es Unidas, a UNESCO e a Cruz Vermelha.  <\/p><p class=\"p1\">Outro facto interessante sobre o franc\u00eas \u00e9 a inven\u00e7\u00e3o da Acad\u00e9mie Fran\u00e7aise em 1635. Esta institui\u00e7\u00e3o foi criada pelo cardeal Richelieu para padronizar a l\u00edngua e preservar a sua pureza. Desde ent\u00e3o, a Acad\u00e9mie Fran\u00e7aise desempenha um papel importante na promo\u00e7\u00e3o e prote\u00e7\u00e3o do franc\u00eas, publicando regularmente o seu famoso dicion\u00e1rio.  <\/p><p class=\"p1\">Na Francesa da Tradu\u00e7\u00e3o, compreendemos a import\u00e2ncia de fornecer tradu\u00e7\u00f5es precisas e fluentes em franc\u00eas. Os nossos tradutores especializados s\u00e3o nativos de franc\u00eas e possuem um conhecimento profundo da cultura e das particularidades lingu\u00edsticas. Quer precise de traduzir documentos jur\u00eddicos, textos de marketing ou conte\u00fados online, estamos aqui para o ajudar.  <\/p><p class=\"p1\">Contacte-nos ainda hoje para receber um or\u00e7amento gratuito para os seus projectos de tradu\u00e7\u00e3o em franc\u00eas!<\/p>\t\t\t\t\t\t\t\t<\/div>\n\t\t\t\t<\/div>\n\t\t\t\t\t<\/div>\n\t\t<\/div>\n\t\t\t\t<div class=\"elementor-column elementor-col-50 elementor-top-column elementor-element elementor-element-cb2ea59\" data-id=\"cb2ea59\" data-element_type=\"column\" data-e-type=\"column\">\n\t\t\t<div class=\"elementor-widget-wrap elementor-element-populated\">\n\t\t\t\t\t\t<div class=\"elementor-element elementor-element-4770f52 elementor-widget elementor-widget-image\" data-id=\"4770f52\" data-element_type=\"widget\" data-e-type=\"widget\" data-widget_type=\"image.default\">\n\t\t\t\t<div class=\"elementor-widget-container\">\n\t\t\t\t\t\t\t\t\t\t\t\t\t\t\t<img fetchpriority=\"high\" width=\"683\" height=\"1024\" src=\"https:\/\/i0.wp.com\/lftraduction.fr\/wp-content\/uploads\/2023\/10\/LFTraduction_Agence-de-traduction_Paris_04_1.webp?fit=683%2C1024&amp;ssl=1\" class=\"attachment-large size-large wp-image-21362\" alt=\"\" srcset=\"https:\/\/i0.wp.com\/lftraduction.fr\/wp-content\/uploads\/2023\/10\/LFTraduction_Agence-de-traduction_Paris_04_1.webp?w=1000&amp;ssl=1 1000w, https:\/\/i0.wp.com\/lftraduction.fr\/wp-content\/uploads\/2023\/10\/LFTraduction_Agence-de-traduction_Paris_04_1.webp?resize=200%2C300&amp;ssl=1 200w, https:\/\/i0.wp.com\/lftraduction.fr\/wp-content\/uploads\/2023\/10\/LFTraduction_Agence-de-traduction_Paris_04_1.webp?resize=683%2C1024&amp;ssl=1 683w, https:\/\/i0.wp.com\/lftraduction.fr\/wp-content\/uploads\/2023\/10\/LFTraduction_Agence-de-traduction_Paris_04_1.webp?resize=768%2C1152&amp;ssl=1 768w\" sizes=\"(max-width: 683px) 100vw, 683px\" \/>\t\t\t\t\t\t\t\t\t\t\t\t\t\t\t<\/div>\n\t\t\t\t<\/div>\n\t\t\t\t\t<\/div>\n\t\t<\/div>\n\t\t\t\t\t<\/div>\n\t\t<\/section>\n\t\t\t\t<section class=\"elementor-section elementor-top-section elementor-element elementor-element-fa9fa8d elementor-section-full_width elementor-section-height-default elementor-section-height-default\" data-id=\"fa9fa8d\" data-element_type=\"section\" data-e-type=\"section\" data-settings=\"{&quot;background_background&quot;:&quot;classic&quot;}\">\n\t\t\t\t\t\t<div class=\"elementor-container elementor-column-gap-no\">\n\t\t\t\t\t<div class=\"elementor-column elementor-col-50 elementor-top-column elementor-element elementor-element-72f5334\" data-id=\"72f5334\" data-element_type=\"column\" data-e-type=\"column\">\n\t\t\t<div class=\"elementor-widget-wrap elementor-element-populated\">\n\t\t\t\t\t\t<div class=\"elementor-element elementor-element-516f7fb elementor-invisible elementor-widget elementor-widget-heading\" data-id=\"516f7fb\" data-element_type=\"widget\" data-e-type=\"widget\" data-settings=\"{&quot;_animation&quot;:&quot;fadeIn&quot;}\" data-widget_type=\"heading.default\">\n\t\t\t\t<div class=\"elementor-widget-container\">\n\t\t\t\t\t<h2 class=\"elementor-heading-title elementor-size-default\">Pedir Or\u00e7amento<\/h2>\t\t\t\t<\/div>\n\t\t\t\t<\/div>\n\t\t\t\t<div class=\"elementor-element elementor-element-bc54313 elementor-widget__width-initial elementor-widget elementor-widget-text-editor\" data-id=\"bc54313\" data-element_type=\"widget\" data-e-type=\"widget\" data-widget_type=\"text-editor.default\">\n\t\t\t\t<div class=\"elementor-widget-container\">\n\t\t\t\t\t\t\t\t\t<p><strong>Contacte a nossa equipa <\/strong>e n\u00f3s daremos a resposta de que precisa o <strong>mais rapidamente poss\u00edvel.<\/strong> <\/p>\t\t\t\t\t\t\t\t<\/div>\n\t\t\t\t<\/div>\n\t\t\t\t<div class=\"elementor-element elementor-element-0e5efdc elementor-align-left elementor-mobile-align-center elementor-widget elementor-widget-button\" data-id=\"0e5efdc\" data-element_type=\"widget\" data-e-type=\"widget\" data-widget_type=\"button.default\">\n\t\t\t\t<div class=\"elementor-widget-container\">\n\t\t\t\t\t\t\t\t\t<div class=\"elementor-button-wrapper\">\n\t\t\t\t\t<a class=\"elementor-button elementor-button-link elementor-size-sm\" href=\"#elementor-action%3Aaction%3Dpopup%3Aopen%26settings%3DeyJpZCI6NDM4MiwidG9nZ2xlIjpmYWxzZX0%3D\">\n\t\t\t\t\t\t<span class=\"elementor-button-content-wrapper\">\n\t\t\t\t\t\t<span class=\"elementor-button-icon\">\n\t\t\t\t<i aria-hidden=\"true\" class=\"icon icon-arrow-right\"><\/i>\t\t\t<\/span>\n\t\t\t\t\t\t\t\t\t<span class=\"elementor-button-text\">Or\u00e7amento em menos de uma hora<\/span>\n\t\t\t\t\t<\/span>\n\t\t\t\t\t<\/a>\n\t\t\t\t<\/div>\n\t\t\t\t\t\t\t\t<\/div>\n\t\t\t\t<\/div>\n\t\t\t\t\t<\/div>\n\t\t<\/div>\n\t\t\t\t<div class=\"elementor-column elementor-col-50 elementor-top-column elementor-element elementor-element-93581c4\" data-id=\"93581c4\" data-element_type=\"column\" data-e-type=\"column\">\n\t\t\t<div class=\"elementor-widget-wrap elementor-element-populated\">\n\t\t\t\t\t\t<div class=\"elementor-element elementor-element-9747a81 elementor-widget elementor-widget-image\" data-id=\"9747a81\" data-element_type=\"widget\" data-e-type=\"widget\" data-widget_type=\"image.default\">\n\t\t\t\t<div class=\"elementor-widget-container\">\n\t\t\t\t\t\t\t\t\t\t\t\t\t\t\t<img width=\"1500\" height=\"1001\" src=\"https:\/\/i0.wp.com\/lftraduction.fr\/wp-content\/uploads\/2023\/10\/LFTraduction_Agence-de-traduction_05_2-copie.webp?fit=1500%2C1001&amp;ssl=1\" class=\"attachment-full size-full wp-image-20465\" alt=\"Lftraduction Agence De Traduction \u00e0 Paris\" srcset=\"https:\/\/i0.wp.com\/lftraduction.fr\/wp-content\/uploads\/2023\/10\/LFTraduction_Agence-de-traduction_05_2-copie.webp?w=1500&amp;ssl=1 1500w, https:\/\/i0.wp.com\/lftraduction.fr\/wp-content\/uploads\/2023\/10\/LFTraduction_Agence-de-traduction_05_2-copie.webp?resize=300%2C200&amp;ssl=1 300w, https:\/\/i0.wp.com\/lftraduction.fr\/wp-content\/uploads\/2023\/10\/LFTraduction_Agence-de-traduction_05_2-copie.webp?resize=1024%2C683&amp;ssl=1 1024w, https:\/\/i0.wp.com\/lftraduction.fr\/wp-content\/uploads\/2023\/10\/LFTraduction_Agence-de-traduction_05_2-copie.webp?resize=768%2C513&amp;ssl=1 768w\" sizes=\"(max-width: 800px) 100vw, 800px\" \/>\t\t\t\t\t\t\t\t\t\t\t\t\t\t\t<\/div>\n\t\t\t\t<\/div>\n\t\t\t\t\t<\/div>\n\t\t<\/div>\n\t\t\t\t\t<\/div>\n\t\t<\/section>\n\t\t\t\t<\/div>\n\t\t","protected":false},"excerpt":{"rendered":"<p>Tradu\u00e7\u00e3o franc\u00eas A l\u00edngua francesa \u00e9 uma das l\u00ednguas mais influentes e rom\u00e2nticas do mundo. Data da \u00e9poca do latim vulgar, utilizado pelas popula\u00e7\u00f5es rom\u00e2nicas durante a Idade M\u00e9dia. Ao longo dos s\u00e9culos, o franc\u00eas passou por v\u00e1rias evolu\u00e7\u00f5es e influ\u00eancias, nomeadamente gra\u00e7as a personalidades como Fran\u00e7ois Villon, Moli\u00e8re e Victor Hugo, que contribu\u00edram para [&hellip;]<\/p>\n","protected":false},"author":1,"featured_media":0,"parent":0,"menu_order":0,"comment_status":"closed","ping_status":"closed","template":"","meta":{"footnotes":""},"class_list":["post-21355","page","type-page","status-publish","hentry"],"jetpack_sharing_enabled":true,"_links":{"self":[{"href":"https:\/\/lftraduction.fr\/pt-pt\/wp-json\/wp\/v2\/pages\/21355","targetHints":{"allow":["GET"]}}],"collection":[{"href":"https:\/\/lftraduction.fr\/pt-pt\/wp-json\/wp\/v2\/pages"}],"about":[{"href":"https:\/\/lftraduction.fr\/pt-pt\/wp-json\/wp\/v2\/types\/page"}],"author":[{"embeddable":true,"href":"https:\/\/lftraduction.fr\/pt-pt\/wp-json\/wp\/v2\/users\/1"}],"replies":[{"embeddable":true,"href":"https:\/\/lftraduction.fr\/pt-pt\/wp-json\/wp\/v2\/comments?post=21355"}],"version-history":[{"count":2,"href":"https:\/\/lftraduction.fr\/pt-pt\/wp-json\/wp\/v2\/pages\/21355\/revisions"}],"predecessor-version":[{"id":21364,"href":"https:\/\/lftraduction.fr\/pt-pt\/wp-json\/wp\/v2\/pages\/21355\/revisions\/21364"}],"wp:attachment":[{"href":"https:\/\/lftraduction.fr\/pt-pt\/wp-json\/wp\/v2\/media?parent=21355"}],"curies":[{"name":"wp","href":"https:\/\/api.w.org\/{rel}","templated":true}]}}