{"id":21316,"date":"2023-06-11T20:28:45","date_gmt":"2023-06-11T20:28:45","guid":{"rendered":"https:\/\/lftraduction.fr\/servicos-de-traducao-em-arabe\/"},"modified":"2025-04-15T08:33:46","modified_gmt":"2025-04-15T08:33:46","slug":"servicos-de-traducao-em-arabe","status":"publish","type":"page","link":"https:\/\/lftraduction.fr\/pt-pt\/servicos-de-traducao-em-arabe\/","title":{"rendered":"Servi\u00e7os de tradu\u00e7\u00e3o em \u00e1rabe"},"content":{"rendered":"\t\t<div data-elementor-type=\"wp-page\" data-elementor-id=\"21316\" class=\"elementor elementor-21316 elementor-1116\" data-elementor-post-type=\"page\">\n\t\t\t\t\t\t<section class=\"elementor-section elementor-top-section elementor-element elementor-element-d307d03 elementor-section-full_width elementor-section-height-default elementor-section-height-default\" data-id=\"d307d03\" data-element_type=\"section\" data-e-type=\"section\">\n\t\t\t\t\t\t<div class=\"elementor-container elementor-column-gap-no\">\n\t\t\t\t\t<div class=\"elementor-column elementor-col-100 elementor-top-column elementor-element elementor-element-342ee91\" data-id=\"342ee91\" data-element_type=\"column\" data-e-type=\"column\">\n\t\t\t<div class=\"elementor-widget-wrap elementor-element-populated\">\n\t\t\t\t\t\t<div class=\"elementor-element elementor-element-c157444 elementor-invisible elementor-widget elementor-widget-heading\" data-id=\"c157444\" data-element_type=\"widget\" data-e-type=\"widget\" data-settings=\"{&quot;_animation&quot;:&quot;fadeIn&quot;}\" data-widget_type=\"heading.default\">\n\t\t\t\t<div class=\"elementor-widget-container\">\n\t\t\t\t\t<h1 class=\"elementor-heading-title elementor-size-default\">Tradu\u00e7\u00e3o <span style=\"color:#F4A41E\">\u00e1rabe<\/span> <\/h1>\t\t\t\t<\/div>\n\t\t\t\t<\/div>\n\t\t\t\t\t<\/div>\n\t\t<\/div>\n\t\t\t\t\t<\/div>\n\t\t<\/section>\n\t\t\t\t<section class=\"elementor-section elementor-top-section elementor-element elementor-element-dd1ff0c elementor-section-content-middle elementor-section-full_width elementor-section-height-default elementor-section-height-default\" data-id=\"dd1ff0c\" data-element_type=\"section\" data-e-type=\"section\">\n\t\t\t\t\t\t<div class=\"elementor-container elementor-column-gap-no\">\n\t\t\t\t\t<div class=\"elementor-column elementor-col-50 elementor-top-column elementor-element elementor-element-bc4b965\" data-id=\"bc4b965\" data-element_type=\"column\" data-e-type=\"column\">\n\t\t\t<div class=\"elementor-widget-wrap elementor-element-populated\">\n\t\t\t\t\t\t<div class=\"elementor-element elementor-element-3cdb74b elementor-widget elementor-widget-text-editor\" data-id=\"3cdb74b\" data-element_type=\"widget\" data-e-type=\"widget\" data-widget_type=\"text-editor.default\">\n\t\t\t\t<div class=\"elementor-widget-container\">\n\t\t\t\t\t\t\t\t\t<p class=\"p1\">A l\u00edngua \u00e1rabe \u00e9 uma das l\u00ednguas mais antigas e mais ricas do mundo. Tem uma longa hist\u00f3ria que remonta aos tempos pr\u00e9-isl\u00e2micos e desempenhou um papel essencial no desenvolvimento da literatura, da poesia e da ci\u00eancia. <\/p><p class=\"p1\">O \u00e1rabe \u00e9 uma l\u00edngua semita e tem mais de 300 milh\u00f5es de falantes em todo o mundo. Uma das particularidades do \u00e1rabe \u00e9 a sua escrita da direita para a esquerda, o que a torna uma l\u00edngua \u00fanica e facilmente reconhec\u00edvel. O \u00e1rabe tem tamb\u00e9m um sistema gramatical complexo e uma vasta gama de sons e consoantes.  <\/p><p class=\"p1\">Uma est\u00f3ria engra\u00e7ada sobre a l\u00edngua \u00e1rabe \u00e9 a sua influ\u00eancia no dom\u00ednio da matem\u00e1tica. Muitos conceitos matem\u00e1ticos, como o algoritmo e o zero, foram introduzidos no mundo ocidental gra\u00e7as aos matem\u00e1ticos \u00e1rabes da Idade M\u00e9dia. O \u00e1rabe foi tamb\u00e9m uma l\u00edngua importante na tradu\u00e7\u00e3o e preserva\u00e7\u00e3o do conhecimento antigo.  <\/p><p class=\"p1\">A Francesa da Tradu\u00e7\u00e3o compreende a import\u00e2ncia de fornecer tradu\u00e7\u00f5es precisas e de alta qualidade em \u00e1rabe. Os nossos tradutores especializados s\u00e3o falantes nativos de \u00e1rabe e possuem um conhecimento profundo da cultura e das complexidades lingu\u00edsticas. Quer precise de traduzir documentos jur\u00eddicos, manuais t\u00e9cnicos ou conte\u00fados de marketing, estamos aqui para o acompanhar.  <\/p><p class=\"p1\">Contacte-nos ainda hoje para receber um or\u00e7amento gratuito para os seus projectos de tradu\u00e7\u00e3o em \u00e1rabe.<\/p>\t\t\t\t\t\t\t\t<\/div>\n\t\t\t\t<\/div>\n\t\t\t\t\t<\/div>\n\t\t<\/div>\n\t\t\t\t<div class=\"elementor-column elementor-col-50 elementor-top-column elementor-element elementor-element-e15894c\" data-id=\"e15894c\" data-element_type=\"column\" data-e-type=\"column\">\n\t\t\t<div class=\"elementor-widget-wrap elementor-element-populated\">\n\t\t\t\t\t\t<div class=\"elementor-element elementor-element-d0db7ea elementor-widget elementor-widget-image\" data-id=\"d0db7ea\" data-element_type=\"widget\" data-e-type=\"widget\" data-widget_type=\"image.default\">\n\t\t\t\t<div class=\"elementor-widget-container\">\n\t\t\t\t\t\t\t\t\t\t\t\t\t\t\t<img fetchpriority=\"high\" width=\"683\" height=\"1024\" src=\"https:\/\/i0.wp.com\/lftraduction.fr\/wp-content\/uploads\/2023\/10\/LFTraduction_Agence-de-traduction_Paris_03_1.webp?fit=683%2C1024&amp;ssl=1\" class=\"attachment-large size-large wp-image-21325\" alt=\"\" srcset=\"https:\/\/i0.wp.com\/lftraduction.fr\/wp-content\/uploads\/2023\/10\/LFTraduction_Agence-de-traduction_Paris_03_1.webp?w=1000&amp;ssl=1 1000w, https:\/\/i0.wp.com\/lftraduction.fr\/wp-content\/uploads\/2023\/10\/LFTraduction_Agence-de-traduction_Paris_03_1.webp?resize=200%2C300&amp;ssl=1 200w, https:\/\/i0.wp.com\/lftraduction.fr\/wp-content\/uploads\/2023\/10\/LFTraduction_Agence-de-traduction_Paris_03_1.webp?resize=683%2C1024&amp;ssl=1 683w, https:\/\/i0.wp.com\/lftraduction.fr\/wp-content\/uploads\/2023\/10\/LFTraduction_Agence-de-traduction_Paris_03_1.webp?resize=768%2C1152&amp;ssl=1 768w\" sizes=\"(max-width: 683px) 100vw, 683px\" \/>\t\t\t\t\t\t\t\t\t\t\t\t\t\t\t<\/div>\n\t\t\t\t<\/div>\n\t\t\t\t\t<\/div>\n\t\t<\/div>\n\t\t\t\t\t<\/div>\n\t\t<\/section>\n\t\t\t\t<section class=\"elementor-section elementor-top-section elementor-element elementor-element-4724493 elementor-section-full_width elementor-section-height-default elementor-section-height-default\" data-id=\"4724493\" data-element_type=\"section\" data-e-type=\"section\" data-settings=\"{&quot;background_background&quot;:&quot;classic&quot;}\">\n\t\t\t\t\t\t<div class=\"elementor-container elementor-column-gap-no\">\n\t\t\t\t\t<div class=\"elementor-column elementor-col-50 elementor-top-column elementor-element elementor-element-59089b6\" data-id=\"59089b6\" data-element_type=\"column\" data-e-type=\"column\">\n\t\t\t<div class=\"elementor-widget-wrap elementor-element-populated\">\n\t\t\t\t\t\t<div class=\"elementor-element elementor-element-3754905 elementor-invisible elementor-widget elementor-widget-heading\" data-id=\"3754905\" data-element_type=\"widget\" data-e-type=\"widget\" data-settings=\"{&quot;_animation&quot;:&quot;fadeIn&quot;}\" data-widget_type=\"heading.default\">\n\t\t\t\t<div class=\"elementor-widget-container\">\n\t\t\t\t\t<h2 class=\"elementor-heading-title elementor-size-default\">Pedir Or\u00e7amento<\/h2>\t\t\t\t<\/div>\n\t\t\t\t<\/div>\n\t\t\t\t<div class=\"elementor-element elementor-element-1faafce elementor-widget__width-initial elementor-widget elementor-widget-text-editor\" data-id=\"1faafce\" data-element_type=\"widget\" data-e-type=\"widget\" data-widget_type=\"text-editor.default\">\n\t\t\t\t<div class=\"elementor-widget-container\">\n\t\t\t\t\t\t\t\t\t<p><strong>Contacte a nossa equipa <\/strong>e n\u00f3s daremos a resposta de que precisa o <strong>mais rapidamente poss\u00edvel.<\/strong> <\/p>\t\t\t\t\t\t\t\t<\/div>\n\t\t\t\t<\/div>\n\t\t\t\t<div class=\"elementor-element elementor-element-417498d elementor-align-left elementor-mobile-align-center elementor-widget elementor-widget-button\" data-id=\"417498d\" data-element_type=\"widget\" data-e-type=\"widget\" data-widget_type=\"button.default\">\n\t\t\t\t<div class=\"elementor-widget-container\">\n\t\t\t\t\t\t\t\t\t<div class=\"elementor-button-wrapper\">\n\t\t\t\t\t<a class=\"elementor-button elementor-button-link elementor-size-sm\" href=\"#elementor-action%3Aaction%3Dpopup%3Aopen%26settings%3DeyJpZCI6NDM4MiwidG9nZ2xlIjpmYWxzZX0%3D\">\n\t\t\t\t\t\t<span class=\"elementor-button-content-wrapper\">\n\t\t\t\t\t\t<span class=\"elementor-button-icon\">\n\t\t\t\t<i aria-hidden=\"true\" class=\"icon icon-arrow-right\"><\/i>\t\t\t<\/span>\n\t\t\t\t\t\t\t\t\t<span class=\"elementor-button-text\">Or\u00e7amento em menos de uma hora<\/span>\n\t\t\t\t\t<\/span>\n\t\t\t\t\t<\/a>\n\t\t\t\t<\/div>\n\t\t\t\t\t\t\t\t<\/div>\n\t\t\t\t<\/div>\n\t\t\t\t\t<\/div>\n\t\t<\/div>\n\t\t\t\t<div class=\"elementor-column elementor-col-50 elementor-top-column elementor-element elementor-element-f4352b5\" data-id=\"f4352b5\" data-element_type=\"column\" data-e-type=\"column\">\n\t\t\t<div class=\"elementor-widget-wrap elementor-element-populated\">\n\t\t\t\t\t\t<div class=\"elementor-element elementor-element-ea9d0ab elementor-widget elementor-widget-image\" data-id=\"ea9d0ab\" data-element_type=\"widget\" data-e-type=\"widget\" data-widget_type=\"image.default\">\n\t\t\t\t<div class=\"elementor-widget-container\">\n\t\t\t\t\t\t\t\t\t\t\t\t\t\t\t<img width=\"1500\" height=\"1001\" src=\"https:\/\/i0.wp.com\/lftraduction.fr\/wp-content\/uploads\/2023\/10\/LFTraduction_Agence-de-traduction_05_2-copie.webp?fit=1500%2C1001&amp;ssl=1\" class=\"attachment-full size-full wp-image-20465\" alt=\"Lftraduction Agence De Traduction \u00e0 Paris\" srcset=\"https:\/\/i0.wp.com\/lftraduction.fr\/wp-content\/uploads\/2023\/10\/LFTraduction_Agence-de-traduction_05_2-copie.webp?w=1500&amp;ssl=1 1500w, https:\/\/i0.wp.com\/lftraduction.fr\/wp-content\/uploads\/2023\/10\/LFTraduction_Agence-de-traduction_05_2-copie.webp?resize=300%2C200&amp;ssl=1 300w, https:\/\/i0.wp.com\/lftraduction.fr\/wp-content\/uploads\/2023\/10\/LFTraduction_Agence-de-traduction_05_2-copie.webp?resize=1024%2C683&amp;ssl=1 1024w, https:\/\/i0.wp.com\/lftraduction.fr\/wp-content\/uploads\/2023\/10\/LFTraduction_Agence-de-traduction_05_2-copie.webp?resize=768%2C513&amp;ssl=1 768w\" sizes=\"(max-width: 800px) 100vw, 800px\" \/>\t\t\t\t\t\t\t\t\t\t\t\t\t\t\t<\/div>\n\t\t\t\t<\/div>\n\t\t\t\t\t<\/div>\n\t\t<\/div>\n\t\t\t\t\t<\/div>\n\t\t<\/section>\n\t\t\t\t<\/div>\n\t\t","protected":false},"excerpt":{"rendered":"<p>Tradu\u00e7\u00e3o \u00e1rabe A l\u00edngua \u00e1rabe \u00e9 uma das l\u00ednguas mais antigas e mais ricas do mundo. Tem uma longa hist\u00f3ria que remonta aos tempos pr\u00e9-isl\u00e2micos e desempenhou um papel essencial no desenvolvimento da literatura, da poesia e da ci\u00eancia. O \u00e1rabe \u00e9 uma l\u00edngua semita e tem mais de 300 milh\u00f5es de falantes em todo [&hellip;]<\/p>\n","protected":false},"author":2,"featured_media":0,"parent":0,"menu_order":0,"comment_status":"closed","ping_status":"closed","template":"","meta":{"footnotes":""},"class_list":["post-21316","page","type-page","status-publish","hentry"],"jetpack_sharing_enabled":true,"_links":{"self":[{"href":"https:\/\/lftraduction.fr\/pt-pt\/wp-json\/wp\/v2\/pages\/21316","targetHints":{"allow":["GET"]}}],"collection":[{"href":"https:\/\/lftraduction.fr\/pt-pt\/wp-json\/wp\/v2\/pages"}],"about":[{"href":"https:\/\/lftraduction.fr\/pt-pt\/wp-json\/wp\/v2\/types\/page"}],"author":[{"embeddable":true,"href":"https:\/\/lftraduction.fr\/pt-pt\/wp-json\/wp\/v2\/users\/2"}],"replies":[{"embeddable":true,"href":"https:\/\/lftraduction.fr\/pt-pt\/wp-json\/wp\/v2\/comments?post=21316"}],"version-history":[{"count":18,"href":"https:\/\/lftraduction.fr\/pt-pt\/wp-json\/wp\/v2\/pages\/21316\/revisions"}],"predecessor-version":[{"id":21354,"href":"https:\/\/lftraduction.fr\/pt-pt\/wp-json\/wp\/v2\/pages\/21316\/revisions\/21354"}],"wp:attachment":[{"href":"https:\/\/lftraduction.fr\/pt-pt\/wp-json\/wp\/v2\/media?parent=21316"}],"curies":[{"name":"wp","href":"https:\/\/api.w.org\/{rel}","templated":true}]}}