{"id":21301,"date":"2023-06-11T20:50:43","date_gmt":"2023-06-11T20:50:43","guid":{"rendered":"https:\/\/lftraduction.fr\/servicos-de-traducao-em-italiano\/"},"modified":"2025-04-14T15:15:12","modified_gmt":"2025-04-14T15:15:12","slug":"servicos-de-traducao-em-italiano","status":"publish","type":"page","link":"https:\/\/lftraduction.fr\/pt-pt\/servicos-de-traducao-em-italiano\/","title":{"rendered":"Servi\u00e7os de tradu\u00e7\u00e3o em italiano"},"content":{"rendered":"\t\t<div data-elementor-type=\"wp-page\" data-elementor-id=\"21301\" class=\"elementor elementor-21301 elementor-1160\" data-elementor-post-type=\"page\">\n\t\t\t\t\t\t<section class=\"elementor-section elementor-top-section elementor-element elementor-element-e1e701a elementor-section-full_width elementor-section-height-default elementor-section-height-default\" data-id=\"e1e701a\" data-element_type=\"section\" data-e-type=\"section\">\n\t\t\t\t\t\t<div class=\"elementor-container elementor-column-gap-no\">\n\t\t\t\t\t<div class=\"elementor-column elementor-col-100 elementor-top-column elementor-element elementor-element-53c1804\" data-id=\"53c1804\" data-element_type=\"column\" data-e-type=\"column\">\n\t\t\t<div class=\"elementor-widget-wrap elementor-element-populated\">\n\t\t\t\t\t\t<div class=\"elementor-element elementor-element-1eb9975 elementor-invisible elementor-widget elementor-widget-heading\" data-id=\"1eb9975\" data-element_type=\"widget\" data-e-type=\"widget\" data-settings=\"{&quot;_animation&quot;:&quot;fadeIn&quot;}\" data-widget_type=\"heading.default\">\n\t\t\t\t<div class=\"elementor-widget-container\">\n\t\t\t\t\t<h1 class=\"elementor-heading-title elementor-size-default\">Tradu\u00e7\u00e3o em <span style=\"color:#F4A41E\">italiano<\/span><\/h1>\t\t\t\t<\/div>\n\t\t\t\t<\/div>\n\t\t\t\t\t<\/div>\n\t\t<\/div>\n\t\t\t\t\t<\/div>\n\t\t<\/section>\n\t\t\t\t<section class=\"elementor-section elementor-top-section elementor-element elementor-element-599cd12 elementor-section-content-middle elementor-section-full_width elementor-section-height-default elementor-section-height-default\" data-id=\"599cd12\" data-element_type=\"section\" data-e-type=\"section\">\n\t\t\t\t\t\t<div class=\"elementor-container elementor-column-gap-no\">\n\t\t\t\t\t<div class=\"elementor-column elementor-col-50 elementor-top-column elementor-element elementor-element-a4b5212\" data-id=\"a4b5212\" data-element_type=\"column\" data-e-type=\"column\">\n\t\t\t<div class=\"elementor-widget-wrap elementor-element-populated\">\n\t\t\t\t\t\t<div class=\"elementor-element elementor-element-83f900f elementor-widget elementor-widget-text-editor\" data-id=\"83f900f\" data-element_type=\"widget\" data-e-type=\"widget\" data-widget_type=\"text-editor.default\">\n\t\t\t\t<div class=\"elementor-widget-container\">\n\t\t\t\t\t\t\t\t\t<p class=\"p1\">A l\u00edngua italiana \u00e9 conhecida por ser uma das l\u00ednguas mais belas e mel\u00f3dicas do mundo. Origin\u00e1ria do latim vulgar, o italiano desenvolveu-se ao longo dos s\u00e9culos, integrando influ\u00eancias do grego, do \u00e1rabe e de outras l\u00ednguas. Hoje, o italiano \u00e9 falado por milh\u00f5es de pessoas em todo o mundo e \u00e9 considerado uma das l\u00ednguas da cultura, da arte e da gastronomia.  <\/p><p class=\"p1\">Uma particularidade interessante do italiano \u00e9 a sua rica hist\u00f3ria liter\u00e1ria. Autores como Dante Alighieri, Petrarca e Boccaccio deixaram uma marca indel\u00e9vel na literatura italiana e contribu\u00edram para a fama internacional da l\u00edngua. Al\u00e9m disso, o italiano est\u00e1 intimamente ligado \u00e0 \u00f3pera, com compositores como Verdi e Puccini que criaram obras-primas musicais cantadas em italiano.  <\/p><p class=\"p1\">Um facto hist\u00f3rico fascinante sobre o italiano \u00e9 o seu papel na Renascen\u00e7a. No s\u00e9culo XIV, o italiano toledano tornou-se a l\u00edngua da cultura e da arte na Europa. As obras de Leonardo da Vinci, Michelangelo e Rafael contribu\u00edram para a ascens\u00e3o do italiano como l\u00edngua internacional da arte e do pensamento.  <\/p><p class=\"p1\">Na Francesa da Tradu\u00e7\u00e3o, entendemos a import\u00e2ncia de fornecer tradu\u00e7\u00f5es precisas e de qualidade em italiano. Os nossos tradutores especializados s\u00e3o falantes nativos de italiano e possuem um conhecimento aprofundado da cultura e das particularidades lingu\u00edsticas. Quer precise de traduzir documentos jur\u00eddicos, manuais t\u00e9cnicos ou conte\u00fados de marketing, estamos aqui para o acompanhar.  <\/p><p class=\"p1\">Contacte-nos ainda hoje para obter um or\u00e7amento gratuito para os projetos de tradu\u00e7\u00e3o em italiano.<\/p>\t\t\t\t\t\t\t\t<\/div>\n\t\t\t\t<\/div>\n\t\t\t\t\t<\/div>\n\t\t<\/div>\n\t\t\t\t<div class=\"elementor-column elementor-col-50 elementor-top-column elementor-element elementor-element-9d4f7d7\" data-id=\"9d4f7d7\" data-element_type=\"column\" data-e-type=\"column\">\n\t\t\t<div class=\"elementor-widget-wrap elementor-element-populated\">\n\t\t\t\t\t\t<div class=\"elementor-element elementor-element-8387401 elementor-widget elementor-widget-image\" data-id=\"8387401\" data-element_type=\"widget\" data-e-type=\"widget\" data-widget_type=\"image.default\">\n\t\t\t\t<div class=\"elementor-widget-container\">\n\t\t\t\t\t\t\t\t\t\t\t\t\t\t\t<img fetchpriority=\"high\" width=\"683\" height=\"1024\" src=\"https:\/\/i0.wp.com\/lftraduction.fr\/wp-content\/uploads\/2023\/10\/LFTraduction_Agence-de-traduction_Paris_01_1.webp?fit=683%2C1024&amp;ssl=1\" class=\"attachment-large size-large wp-image-21310\" alt=\"\" srcset=\"https:\/\/i0.wp.com\/lftraduction.fr\/wp-content\/uploads\/2023\/10\/LFTraduction_Agence-de-traduction_Paris_01_1.webp?w=1000&amp;ssl=1 1000w, https:\/\/i0.wp.com\/lftraduction.fr\/wp-content\/uploads\/2023\/10\/LFTraduction_Agence-de-traduction_Paris_01_1.webp?resize=200%2C300&amp;ssl=1 200w, https:\/\/i0.wp.com\/lftraduction.fr\/wp-content\/uploads\/2023\/10\/LFTraduction_Agence-de-traduction_Paris_01_1.webp?resize=683%2C1024&amp;ssl=1 683w, https:\/\/i0.wp.com\/lftraduction.fr\/wp-content\/uploads\/2023\/10\/LFTraduction_Agence-de-traduction_Paris_01_1.webp?resize=768%2C1152&amp;ssl=1 768w\" sizes=\"(max-width: 683px) 100vw, 683px\" \/>\t\t\t\t\t\t\t\t\t\t\t\t\t\t\t<\/div>\n\t\t\t\t<\/div>\n\t\t\t\t\t<\/div>\n\t\t<\/div>\n\t\t\t\t\t<\/div>\n\t\t<\/section>\n\t\t\t\t<section class=\"elementor-section elementor-top-section elementor-element elementor-element-8355aa9 elementor-section-full_width elementor-section-height-default elementor-section-height-default\" data-id=\"8355aa9\" data-element_type=\"section\" data-e-type=\"section\" data-settings=\"{&quot;background_background&quot;:&quot;classic&quot;}\">\n\t\t\t\t\t\t<div class=\"elementor-container elementor-column-gap-no\">\n\t\t\t\t\t<div class=\"elementor-column elementor-col-50 elementor-top-column elementor-element elementor-element-3bb178a\" data-id=\"3bb178a\" data-element_type=\"column\" data-e-type=\"column\">\n\t\t\t<div class=\"elementor-widget-wrap elementor-element-populated\">\n\t\t\t\t\t\t<div class=\"elementor-element elementor-element-2fbeb92 elementor-invisible elementor-widget elementor-widget-heading\" data-id=\"2fbeb92\" data-element_type=\"widget\" data-e-type=\"widget\" data-settings=\"{&quot;_animation&quot;:&quot;fadeIn&quot;}\" data-widget_type=\"heading.default\">\n\t\t\t\t<div class=\"elementor-widget-container\">\n\t\t\t\t\t<h2 class=\"elementor-heading-title elementor-size-default\">Pedir Or\u00e7amento<\/h2>\t\t\t\t<\/div>\n\t\t\t\t<\/div>\n\t\t\t\t<div class=\"elementor-element elementor-element-0bc5603 elementor-widget__width-initial elementor-widget elementor-widget-text-editor\" data-id=\"0bc5603\" data-element_type=\"widget\" data-e-type=\"widget\" data-widget_type=\"text-editor.default\">\n\t\t\t\t<div class=\"elementor-widget-container\">\n\t\t\t\t\t\t\t\t\t<p><strong>Contacte a nossa equipa <\/strong>e n\u00f3s daremos a resposta de que precisa o <strong>mais rapidamente poss\u00edvel.<\/strong> <\/p>\t\t\t\t\t\t\t\t<\/div>\n\t\t\t\t<\/div>\n\t\t\t\t<div class=\"elementor-element elementor-element-1dc0307 elementor-align-left elementor-mobile-align-center elementor-widget elementor-widget-button\" data-id=\"1dc0307\" data-element_type=\"widget\" data-e-type=\"widget\" data-widget_type=\"button.default\">\n\t\t\t\t<div class=\"elementor-widget-container\">\n\t\t\t\t\t\t\t\t\t<div class=\"elementor-button-wrapper\">\n\t\t\t\t\t<a class=\"elementor-button elementor-button-link elementor-size-sm\" href=\"#elementor-action%3Aaction%3Dpopup%3Aopen%26settings%3DeyJpZCI6NDM4MiwidG9nZ2xlIjpmYWxzZX0%3D\">\n\t\t\t\t\t\t<span class=\"elementor-button-content-wrapper\">\n\t\t\t\t\t\t<span class=\"elementor-button-icon\">\n\t\t\t\t<i aria-hidden=\"true\" class=\"icon icon-arrow-right\"><\/i>\t\t\t<\/span>\n\t\t\t\t\t\t\t\t\t<span class=\"elementor-button-text\">Or\u00e7amento em menos de uma hora<\/span>\n\t\t\t\t\t<\/span>\n\t\t\t\t\t<\/a>\n\t\t\t\t<\/div>\n\t\t\t\t\t\t\t\t<\/div>\n\t\t\t\t<\/div>\n\t\t\t\t\t<\/div>\n\t\t<\/div>\n\t\t\t\t<div class=\"elementor-column elementor-col-50 elementor-top-column elementor-element elementor-element-e2e49fe\" data-id=\"e2e49fe\" data-element_type=\"column\" data-e-type=\"column\">\n\t\t\t<div class=\"elementor-widget-wrap elementor-element-populated\">\n\t\t\t\t\t\t<div class=\"elementor-element elementor-element-ebfd302 elementor-widget elementor-widget-image\" data-id=\"ebfd302\" data-element_type=\"widget\" data-e-type=\"widget\" data-widget_type=\"image.default\">\n\t\t\t\t<div class=\"elementor-widget-container\">\n\t\t\t\t\t\t\t\t\t\t\t\t\t\t\t<img width=\"1500\" height=\"1001\" src=\"https:\/\/i0.wp.com\/lftraduction.fr\/wp-content\/uploads\/2023\/10\/LFTraduction_Agence-de-traduction_05_2-copie.webp?fit=1500%2C1001&amp;ssl=1\" class=\"attachment-full size-full wp-image-20465\" alt=\"Lftraduction Agence De Traduction \u00e0 Paris\" srcset=\"https:\/\/i0.wp.com\/lftraduction.fr\/wp-content\/uploads\/2023\/10\/LFTraduction_Agence-de-traduction_05_2-copie.webp?w=1500&amp;ssl=1 1500w, https:\/\/i0.wp.com\/lftraduction.fr\/wp-content\/uploads\/2023\/10\/LFTraduction_Agence-de-traduction_05_2-copie.webp?resize=300%2C200&amp;ssl=1 300w, https:\/\/i0.wp.com\/lftraduction.fr\/wp-content\/uploads\/2023\/10\/LFTraduction_Agence-de-traduction_05_2-copie.webp?resize=1024%2C683&amp;ssl=1 1024w, https:\/\/i0.wp.com\/lftraduction.fr\/wp-content\/uploads\/2023\/10\/LFTraduction_Agence-de-traduction_05_2-copie.webp?resize=768%2C513&amp;ssl=1 768w\" sizes=\"(max-width: 800px) 100vw, 800px\" \/>\t\t\t\t\t\t\t\t\t\t\t\t\t\t\t<\/div>\n\t\t\t\t<\/div>\n\t\t\t\t\t<\/div>\n\t\t<\/div>\n\t\t\t\t\t<\/div>\n\t\t<\/section>\n\t\t\t\t<\/div>\n\t\t","protected":false},"excerpt":{"rendered":"<p>Tradu\u00e7\u00e3o em italiano A l\u00edngua italiana \u00e9 conhecida por ser uma das l\u00ednguas mais belas e mel\u00f3dicas do mundo. Origin\u00e1ria do latim vulgar, o italiano desenvolveu-se ao longo dos s\u00e9culos, integrando influ\u00eancias do grego, do \u00e1rabe e de outras l\u00ednguas. Hoje, o italiano \u00e9 falado por milh\u00f5es de pessoas em todo o mundo e \u00e9 [&hellip;]<\/p>\n","protected":false},"author":1,"featured_media":0,"parent":0,"menu_order":0,"comment_status":"closed","ping_status":"closed","template":"","meta":{"footnotes":""},"class_list":["post-21301","page","type-page","status-publish","hentry"],"jetpack_sharing_enabled":true,"_links":{"self":[{"href":"https:\/\/lftraduction.fr\/pt-pt\/wp-json\/wp\/v2\/pages\/21301","targetHints":{"allow":["GET"]}}],"collection":[{"href":"https:\/\/lftraduction.fr\/pt-pt\/wp-json\/wp\/v2\/pages"}],"about":[{"href":"https:\/\/lftraduction.fr\/pt-pt\/wp-json\/wp\/v2\/types\/page"}],"author":[{"embeddable":true,"href":"https:\/\/lftraduction.fr\/pt-pt\/wp-json\/wp\/v2\/users\/1"}],"replies":[{"embeddable":true,"href":"https:\/\/lftraduction.fr\/pt-pt\/wp-json\/wp\/v2\/comments?post=21301"}],"version-history":[{"count":2,"href":"https:\/\/lftraduction.fr\/pt-pt\/wp-json\/wp\/v2\/pages\/21301\/revisions"}],"predecessor-version":[{"id":21312,"href":"https:\/\/lftraduction.fr\/pt-pt\/wp-json\/wp\/v2\/pages\/21301\/revisions\/21312"}],"wp:attachment":[{"href":"https:\/\/lftraduction.fr\/pt-pt\/wp-json\/wp\/v2\/media?parent=21301"}],"curies":[{"name":"wp","href":"https:\/\/api.w.org\/{rel}","templated":true}]}}