{"id":21294,"date":"2023-06-06T13:44:13","date_gmt":"2023-06-06T13:44:13","guid":{"rendered":"https:\/\/lftraduction.fr\/blogue-da-francesa-da-traducao\/"},"modified":"2025-04-14T15:00:45","modified_gmt":"2025-04-14T15:00:45","slug":"blogue-da-francesa-da-traducao","status":"publish","type":"page","link":"https:\/\/lftraduction.fr\/pt-pt\/blogue-da-francesa-da-traducao\/","title":{"rendered":"Blogue da Francesa da Tradu\u00e7\u00e3o"},"content":{"rendered":"\t\t<div data-elementor-type=\"wp-page\" data-elementor-id=\"21294\" class=\"elementor elementor-21294 elementor-543\" data-elementor-post-type=\"page\">\n\t\t\t\t\t\t<section class=\"elementor-section elementor-top-section elementor-element elementor-element-2dcd870 elementor-section-full_width elementor-section-height-default elementor-section-height-default\" data-id=\"2dcd870\" data-element_type=\"section\" data-e-type=\"section\">\n\t\t\t\t\t\t<div class=\"elementor-container elementor-column-gap-no\">\n\t\t\t\t\t<div class=\"elementor-column elementor-col-100 elementor-top-column elementor-element elementor-element-555affe\" data-id=\"555affe\" data-element_type=\"column\" data-e-type=\"column\">\n\t\t\t<div class=\"elementor-widget-wrap elementor-element-populated\">\n\t\t\t\t\t\t<div class=\"elementor-element elementor-element-878eedf elementor-invisible elementor-widget elementor-widget-heading\" data-id=\"878eedf\" data-element_type=\"widget\" data-e-type=\"widget\" data-settings=\"{&quot;_animation&quot;:&quot;fadeIn&quot;}\" data-widget_type=\"heading.default\">\n\t\t\t\t<div class=\"elementor-widget-container\">\n\t\t\t\t\t<h1 class=\"elementor-heading-title elementor-size-default\">\u00daltimos <span style=\"color:#F4A41E\">artigos<\/span><\/h1>\t\t\t\t<\/div>\n\t\t\t\t<\/div>\n\t\t\t\t\t<\/div>\n\t\t<\/div>\n\t\t\t\t\t<\/div>\n\t\t<\/section>\n\t\t\t\t<section class=\"elementor-section elementor-top-section elementor-element elementor-element-5d33e83 elementor-section-full_width elementor-section-height-default elementor-section-height-default\" data-id=\"5d33e83\" data-element_type=\"section\" data-e-type=\"section\">\n\t\t\t\t\t\t<div class=\"elementor-container elementor-column-gap-narrow\">\n\t\t\t\t\t<div class=\"elementor-column elementor-col-100 elementor-top-column elementor-element elementor-element-08266c8\" data-id=\"08266c8\" data-element_type=\"column\" data-e-type=\"column\">\n\t\t\t<div class=\"elementor-widget-wrap elementor-element-populated\">\n\t\t\t\t\t\t\t<\/div>\n\t\t<\/div>\n\t\t\t\t\t<\/div>\n\t\t<\/section>\n\t\t\t\t<\/div>\n\t\t","protected":false},"excerpt":{"rendered":"<p>Descubra o nosso blogue enriquecido com artigos \u00fateis e pedag\u00f3gicos sobre o mundo da tradu\u00e7\u00e3o profissional. Mergulhe no nosso universo cativante, onde encontrar\u00e1 conselhos, dicas e atualiza\u00e7\u00f5es sobre o setor. Explore os nossos conte\u00fados variados e alargue os seus conhecimentos sobre a arte da tradu\u00e7\u00e3o profissional. Junte-se a n\u00f3s para uma experi\u00eancia enriquecedora e mantenha-se atualizado sobre as tend\u00eancias e inova\u00e7\u00f5es da nossa ind\u00fastria.   <\/p>\n","protected":false},"author":1,"featured_media":0,"parent":0,"menu_order":0,"comment_status":"closed","ping_status":"closed","template":"","meta":{"footnotes":""},"class_list":["post-21294","page","type-page","status-publish","hentry"],"jetpack_sharing_enabled":true,"_links":{"self":[{"href":"https:\/\/lftraduction.fr\/pt-pt\/wp-json\/wp\/v2\/pages\/21294","targetHints":{"allow":["GET"]}}],"collection":[{"href":"https:\/\/lftraduction.fr\/pt-pt\/wp-json\/wp\/v2\/pages"}],"about":[{"href":"https:\/\/lftraduction.fr\/pt-pt\/wp-json\/wp\/v2\/types\/page"}],"author":[{"embeddable":true,"href":"https:\/\/lftraduction.fr\/pt-pt\/wp-json\/wp\/v2\/users\/1"}],"replies":[{"embeddable":true,"href":"https:\/\/lftraduction.fr\/pt-pt\/wp-json\/wp\/v2\/comments?post=21294"}],"version-history":[{"count":1,"href":"https:\/\/lftraduction.fr\/pt-pt\/wp-json\/wp\/v2\/pages\/21294\/revisions"}],"predecessor-version":[{"id":21300,"href":"https:\/\/lftraduction.fr\/pt-pt\/wp-json\/wp\/v2\/pages\/21294\/revisions\/21300"}],"wp:attachment":[{"href":"https:\/\/lftraduction.fr\/pt-pt\/wp-json\/wp\/v2\/media?parent=21294"}],"curies":[{"name":"wp","href":"https:\/\/api.w.org\/{rel}","templated":true}]}}