{"id":21082,"date":"2023-10-24T14:58:18","date_gmt":"2023-10-24T14:58:18","guid":{"rendered":"https:\/\/lftraduction.fr\/servicos-de-traducao-em-paris\/empresa-de-traducao-financeira\/"},"modified":"2025-04-07T08:53:09","modified_gmt":"2025-04-07T08:53:09","slug":"empresa-de-traducao-financeira","status":"publish","type":"page","link":"https:\/\/lftraduction.fr\/pt-pt\/servicos-de-traducao-em-paris\/empresa-de-traducao-financeira\/","title":{"rendered":"Empresa de Tradu\u00e7\u00e3o Financeira"},"content":{"rendered":"\t\t<div data-elementor-type=\"wp-page\" data-elementor-id=\"21082\" class=\"elementor elementor-21082 elementor-7781\" data-elementor-post-type=\"page\">\n\t\t\t\t\t\t<section class=\"elementor-section elementor-top-section elementor-element elementor-element-34197cf1 elementor-section-full_width elementor-section-height-default elementor-section-height-default\" data-id=\"34197cf1\" data-element_type=\"section\" data-e-type=\"section\">\n\t\t\t\t\t\t<div class=\"elementor-container elementor-column-gap-no\">\n\t\t\t\t\t<div class=\"elementor-column elementor-col-100 elementor-top-column elementor-element elementor-element-6c2e4412\" data-id=\"6c2e4412\" data-element_type=\"column\" data-e-type=\"column\">\n\t\t\t<div class=\"elementor-widget-wrap elementor-element-populated\">\n\t\t\t\t\t\t<div class=\"elementor-element elementor-element-6f5d905e elementor-invisible elementor-widget elementor-widget-heading\" data-id=\"6f5d905e\" data-element_type=\"widget\" data-e-type=\"widget\" data-settings=\"{&quot;_animation&quot;:&quot;fadeIn&quot;}\" data-widget_type=\"heading.default\">\n\t\t\t\t<div class=\"elementor-widget-container\">\n\t\t\t\t\t<h1 class=\"elementor-heading-title elementor-size-default\">Empresa de Tradu\u00e7\u00e3o\n<span style=\"color:#F4A41E\">Financeira<\/span><\/h1>\t\t\t\t<\/div>\n\t\t\t\t<\/div>\n\t\t\t\t\t<\/div>\n\t\t<\/div>\n\t\t\t\t\t<\/div>\n\t\t<\/section>\n\t\t\t\t<section class=\"elementor-section elementor-top-section elementor-element elementor-element-589cbb73 elementor-section-full_width elementor-reverse-tablet elementor-section-height-default elementor-section-height-default\" data-id=\"589cbb73\" data-element_type=\"section\" data-e-type=\"section\">\n\t\t\t\t\t\t<div class=\"elementor-container elementor-column-gap-no\">\n\t\t\t\t\t<div class=\"elementor-column elementor-col-50 elementor-top-column elementor-element elementor-element-75ac4faa\" data-id=\"75ac4faa\" data-element_type=\"column\" data-e-type=\"column\">\n\t\t\t<div class=\"elementor-widget-wrap elementor-element-populated\">\n\t\t\t\t\t\t<div class=\"elementor-element elementor-element-7d929a8a elementor-widget__width-initial elementor-widget elementor-widget-text-editor\" data-id=\"7d929a8a\" data-element_type=\"widget\" data-e-type=\"widget\" data-widget_type=\"text-editor.default\">\n\t\t\t\t<div class=\"elementor-widget-container\">\n\t\t\t\t\t\t\t\t\t<p><span style=\"font-weight: 400;\">O mundo das finan\u00e7as \u00e9 extremamente exigente, tanto em termos de precis\u00e3o quanto de prazos. Contextos como opera\u00e7\u00f5es financeiras de grande porte, pedidos de financiamento, parcerias comerciais e internacionaliza\u00e7\u00e3o de empresas muitas vezes requerem a atua\u00e7\u00e3o de um <strong>tradutor especializado em finan\u00e7as<\/strong>. Nessas situa\u00e7\u00f5es, uma aten\u00e7\u00e3o especial e um conhecimento aprofundado do setor financeiro s\u00e3o essenciais para garantir uma tradu\u00e7\u00e3o precisa e fiel.  <\/span><\/p>\t\t\t\t\t\t\t\t<\/div>\n\t\t\t\t<\/div>\n\t\t\t\t<div class=\"elementor-element elementor-element-26bd6667 elementor-view-stacked elementor-shape-circle elementor-invisible elementor-widget elementor-widget-icon\" data-id=\"26bd6667\" data-element_type=\"widget\" data-e-type=\"widget\" data-settings=\"{&quot;_animation&quot;:&quot;bounceInUp&quot;,&quot;_animation_delay&quot;:700}\" data-widget_type=\"icon.default\">\n\t\t\t\t<div class=\"elementor-widget-container\">\n\t\t\t\t\t\t\t<div class=\"elementor-icon-wrapper\">\n\t\t\t<a class=\"elementor-icon elementor-animation-sink\" href=\"#next\">\n\t\t\t<i aria-hidden=\"true\" class=\"icon icon-arrow-down\"><\/i>\t\t\t<\/a>\n\t\t<\/div>\n\t\t\t\t\t\t<\/div>\n\t\t\t\t<\/div>\n\t\t\t\t\t<\/div>\n\t\t<\/div>\n\t\t\t\t<div class=\"elementor-column elementor-col-50 elementor-top-column elementor-element elementor-element-4467976a\" data-id=\"4467976a\" data-element_type=\"column\" data-e-type=\"column\">\n\t\t\t<div class=\"elementor-widget-wrap elementor-element-populated\">\n\t\t\t\t\t\t<div class=\"elementor-element elementor-element-49f891c6 elementor-invisible elementor-widget elementor-widget-image\" data-id=\"49f891c6\" data-element_type=\"widget\" data-e-type=\"widget\" data-settings=\"{&quot;_animation&quot;:&quot;fadeInRight&quot;}\" data-widget_type=\"image.default\">\n\t\t\t\t<div class=\"elementor-widget-container\">\n\t\t\t\t\t\t\t\t\t\t\t\t\t\t\t<img fetchpriority=\"high\" width=\"800\" height=\"534\" src=\"https:\/\/i0.wp.com\/lftraduction.fr\/wp-content\/uploads\/2023\/10\/n__bnvq_w18.webp?fit=800%2C534&amp;ssl=1\" class=\"attachment-large size-large wp-image-21083\" alt=\"\" srcset=\"https:\/\/i0.wp.com\/lftraduction.fr\/wp-content\/uploads\/2023\/10\/n__bnvq_w18.webp?w=1600&amp;ssl=1 1600w, https:\/\/i0.wp.com\/lftraduction.fr\/wp-content\/uploads\/2023\/10\/n__bnvq_w18.webp?resize=300%2C200&amp;ssl=1 300w, https:\/\/i0.wp.com\/lftraduction.fr\/wp-content\/uploads\/2023\/10\/n__bnvq_w18.webp?resize=1024%2C683&amp;ssl=1 1024w, https:\/\/i0.wp.com\/lftraduction.fr\/wp-content\/uploads\/2023\/10\/n__bnvq_w18.webp?resize=768%2C512&amp;ssl=1 768w, https:\/\/i0.wp.com\/lftraduction.fr\/wp-content\/uploads\/2023\/10\/n__bnvq_w18.webp?resize=1536%2C1024&amp;ssl=1 1536w\" sizes=\"(max-width: 800px) 100vw, 800px\" \/>\t\t\t\t\t\t\t\t\t\t\t\t\t\t\t<\/div>\n\t\t\t\t<\/div>\n\t\t\t\t\t<\/div>\n\t\t<\/div>\n\t\t\t\t\t<\/div>\n\t\t<\/section>\n\t\t\t\t<section class=\"elementor-section elementor-top-section elementor-element elementor-element-5849fb81 elementor-section-full_width elementor-reverse-mobile elementor-section-height-default elementor-section-height-default\" data-id=\"5849fb81\" data-element_type=\"section\" data-e-type=\"section\" id=\"next\">\n\t\t\t\t\t\t<div class=\"elementor-container elementor-column-gap-no\">\n\t\t\t\t\t<div class=\"elementor-column elementor-col-50 elementor-top-column elementor-element elementor-element-29820906\" data-id=\"29820906\" data-element_type=\"column\" data-e-type=\"column\">\n\t\t\t<div class=\"elementor-widget-wrap elementor-element-populated\">\n\t\t\t\t\t\t<div class=\"elementor-element elementor-element-45cc6bb7 elementor-widget__width-initial elementor-widget elementor-widget-image\" data-id=\"45cc6bb7\" data-element_type=\"widget\" data-e-type=\"widget\" data-widget_type=\"image.default\">\n\t\t\t\t<div class=\"elementor-widget-container\">\n\t\t\t\t\t\t\t\t\t\t\t\t\t\t\t<img width=\"681\" height=\"1024\" src=\"https:\/\/i0.wp.com\/lftraduction.fr\/wp-content\/uploads\/2023\/10\/ne2hv5auxfo.webp?fit=681%2C1024&amp;ssl=1\" class=\"attachment-large size-large wp-image-21086\" alt=\"\" srcset=\"https:\/\/i0.wp.com\/lftraduction.fr\/wp-content\/uploads\/2023\/10\/ne2hv5auxfo.webp?w=798&amp;ssl=1 798w, https:\/\/i0.wp.com\/lftraduction.fr\/wp-content\/uploads\/2023\/10\/ne2hv5auxfo.webp?resize=200%2C300&amp;ssl=1 200w, https:\/\/i0.wp.com\/lftraduction.fr\/wp-content\/uploads\/2023\/10\/ne2hv5auxfo.webp?resize=681%2C1024&amp;ssl=1 681w, https:\/\/i0.wp.com\/lftraduction.fr\/wp-content\/uploads\/2023\/10\/ne2hv5auxfo.webp?resize=768%2C1155&amp;ssl=1 768w\" sizes=\"(max-width: 681px) 100vw, 681px\" \/>\t\t\t\t\t\t\t\t\t\t\t\t\t\t\t<\/div>\n\t\t\t\t<\/div>\n\t\t\t\t\t<\/div>\n\t\t<\/div>\n\t\t\t\t<div class=\"elementor-column elementor-col-50 elementor-top-column elementor-element elementor-element-62eeaade\" data-id=\"62eeaade\" data-element_type=\"column\" data-e-type=\"column\">\n\t\t\t<div class=\"elementor-widget-wrap elementor-element-populated\">\n\t\t\t\t\t\t<div class=\"elementor-element elementor-element-6879f1e5 elementor-widget elementor-widget-text-editor\" data-id=\"6879f1e5\" data-element_type=\"widget\" data-e-type=\"widget\" data-widget_type=\"text-editor.default\">\n\t\t\t\t<div class=\"elementor-widget-container\">\n\t\t\t\t\t\t\t\t\t<p><b>Aqui est\u00e3o alguns tipos de documentos financeiros que traduzimos: <\/b><\/p><ul><li style=\"font-weight: 400;\" aria-level=\"1\"><span style=\"font-weight: 400;\">Balan\u00e7os<\/span><\/li><li style=\"font-weight: 400;\" aria-level=\"1\"><span style=\"font-weight: 400;\">Demonstra\u00e7\u00f5es de resultados<\/span><\/li><li style=\"font-weight: 400;\" aria-level=\"1\"><span style=\"font-weight: 400;\">Declara\u00e7\u00f5es fiscais<\/span><\/li><li style=\"font-weight: 400;\" aria-level=\"1\"><span style=\"font-weight: 400;\">Extratos banc\u00e1rios<\/span><\/li><li style=\"font-weight: 400;\" aria-level=\"1\"><span style=\"font-weight: 400;\">Documentos de seguro<\/span><\/li><li style=\"font-weight: 400;\" aria-level=\"1\"><span style=\"font-weight: 400;\">Garantias banc\u00e1rias<\/span><\/li><li style=\"font-weight: 400;\" aria-level=\"1\"><span style=\"font-weight: 400;\">Ofertas privadas e p\u00fablicas<\/span><\/li><li style=\"font-weight: 400;\" aria-level=\"1\"><span style=\"font-weight: 400;\">Procedimentos cont\u00e1beis<\/span><\/li><li style=\"font-weight: 400;\" aria-level=\"1\"><span style=\"font-weight: 400;\">Procedimentos de dilig\u00eancia devida<\/span><\/li><li style=\"font-weight: 400;\" aria-level=\"1\"><span style=\"font-weight: 400;\">Projetos financeiros<\/span><\/li><li style=\"font-weight: 400;\" aria-level=\"1\"><span style=\"font-weight: 400;\">Perspectivas de investimento<\/span><\/li><li style=\"font-weight: 400;\" aria-level=\"1\"><span style=\"font-weight: 400;\">Relat\u00f3rios anuais<\/span><\/li><li style=\"font-weight: 400;\" aria-level=\"1\"><span style=\"font-weight: 400;\">Relat\u00f3rios dos auditores<\/span><\/li><li style=\"font-weight: 400;\" aria-level=\"1\"><span style=\"font-weight: 400;\">Demonstra\u00e7\u00e3o de fluxos de caixa<\/span><\/li><\/ul>\t\t\t\t\t\t\t\t<\/div>\n\t\t\t\t<\/div>\n\t\t\t\t\t<\/div>\n\t\t<\/div>\n\t\t\t\t\t<\/div>\n\t\t<\/section>\n\t\t\t\t<section class=\"elementor-section elementor-top-section elementor-element elementor-element-3ceb32a3 elementor-reverse-tablet elementor-section-boxed elementor-section-height-default elementor-section-height-default\" data-id=\"3ceb32a3\" data-element_type=\"section\" data-e-type=\"section\">\n\t\t\t\t\t\t<div class=\"elementor-container elementor-column-gap-no\">\n\t\t\t\t\t<div class=\"elementor-column elementor-col-100 elementor-top-column elementor-element elementor-element-193f03c\" data-id=\"193f03c\" data-element_type=\"column\" data-e-type=\"column\" data-settings=\"{&quot;background_background&quot;:&quot;classic&quot;}\">\n\t\t\t<div class=\"elementor-widget-wrap elementor-element-populated\">\n\t\t\t\t\t\t<div class=\"elementor-element elementor-element-12f1759a elementor-invisible elementor-widget elementor-widget-heading\" data-id=\"12f1759a\" data-element_type=\"widget\" data-e-type=\"widget\" data-settings=\"{&quot;_animation&quot;:&quot;fadeIn&quot;}\" data-widget_type=\"heading.default\">\n\t\t\t\t<div class=\"elementor-widget-container\">\n\t\t\t\t\t<h2 class=\"elementor-heading-title elementor-size-default\">Especificidades dos <span style=\"color:#F4A41E\">Documentos Financeiros<\/span> <\/h2>\t\t\t\t<\/div>\n\t\t\t\t<\/div>\n\t\t\t\t<div class=\"elementor-element elementor-element-434638db elementor-widget elementor-widget-text-editor\" data-id=\"434638db\" data-element_type=\"widget\" data-e-type=\"widget\" data-widget_type=\"text-editor.default\">\n\t\t\t\t<div class=\"elementor-widget-container\">\n\t\t\t\t\t\t\t\t\t<p><span style=\"font-weight: 400;\">Tal como a tradu\u00e7\u00e3o jur\u00eddica, <strong>a tradu\u00e7\u00e3o financeira<\/strong> exige que os tradutores tenham experi\u00eancia atualizada na ind\u00fastria espec\u00edfica que traduzem. Por exemplo, um tradutor especializado em investimentos pessoais provavelmente n\u00e3o estaria familiarizado com a terminologia e os regulamentos relacionados com os pedidos de seguro, enquanto um especialista internacional em fiscalidade poderia n\u00e3o ter um bom entendimento das transa\u00e7\u00f5es de capital de risco. Isto significa que deve colaborar com um tradutor financeiro que tenha a experi\u00eancia adequada para o seu projeto.  <\/span><\/p><p><span style=\"font-weight: 400;\">Al\u00e9m desses conhecimentos setoriais, o tradutor deve ter<strong> um conhecimento das leis locais, dos regulamentos e das pr\u00e1ticas financeiras<\/strong>, bem como dos fatores culturais que podem influenciar a precis\u00e3o das tradu\u00e7\u00f5es. Um exemplo comum refere-se \u00e0 tradu\u00e7\u00e3o para o espanhol. Mais de 20 pa\u00edses t\u00eam o espanhol como l\u00edngua oficial, por isso \u00e9 essencial trabalhar com um tradutor de espanhol familiarizado com a regi\u00e3o em que opera e garantir que ele tenha um bom entendimento dos termos e pr\u00e1ticas financeiras atuais nesse pa\u00eds.  <\/span><\/p>\t\t\t\t\t\t\t\t<\/div>\n\t\t\t\t<\/div>\n\t\t\t\t\t<\/div>\n\t\t<\/div>\n\t\t\t\t\t<\/div>\n\t\t<\/section>\n\t\t\t\t<section class=\"elementor-section elementor-top-section elementor-element elementor-element-33afc880 elementor-section-full_width elementor-reverse-tablet elementor-section-height-default elementor-section-height-default\" data-id=\"33afc880\" data-element_type=\"section\" data-e-type=\"section\">\n\t\t\t\t\t\t<div class=\"elementor-container elementor-column-gap-no\">\n\t\t\t\t\t<div class=\"elementor-column elementor-col-50 elementor-top-column elementor-element elementor-element-22577824\" data-id=\"22577824\" data-element_type=\"column\" data-e-type=\"column\">\n\t\t\t<div class=\"elementor-widget-wrap elementor-element-populated\">\n\t\t\t\t\t\t<div class=\"elementor-element elementor-element-204af92b elementor-widget__width-initial elementor-widget elementor-widget-text-editor\" data-id=\"204af92b\" data-element_type=\"widget\" data-e-type=\"widget\" data-widget_type=\"text-editor.default\">\n\t\t\t\t<div class=\"elementor-widget-container\">\n\t\t\t\t\t\t\t\t\t<p><b>Erros frequentes<\/b> <span style=\"font-weight: 400;\">na<\/span><b> <span style=\"color: #f4a41e;\">Tradu\u00e7\u00e3o Financeira<\/span><\/b><\/p><p><span style=\"font-weight: 400;\">Uma tradu\u00e7\u00e3o financeira incorreta pode causar problemas financeiros e jur\u00eddicos catastr\u00f3ficos para uma empresa. A reputa\u00e7\u00e3o de uma empresa pode ser gravemente prejudicada se fornecer documentos mal traduzidos. Por isso, \u00e9 \u00fatil conhecer os erros mais comuns. Quando se trata de n\u00fameros e informa\u00e7\u00f5es financeiras, os tradutores devem ser cautelosos para evitar esses erros:   <\/span><\/p><ul><li style=\"font-weight: 400;\" aria-level=\"1\"><b>Utilizar a terminologia errada<\/b>: <span style=\"font-weight: 400;\">Um erro de terminologia financeira pode causar confus\u00f5es graves e interpreta\u00e7\u00f5es erradas dos documentos.<\/span><\/li><li style=\"font-weight: 400;\" aria-level=\"1\"><b>M\u00e1 interpreta\u00e7\u00e3o dos dados financeiros<\/b>: <span style=\"font-weight: 400;\">Uma m\u00e1 interpreta\u00e7\u00e3o dos dados financeiros pode levar a an\u00e1lises incorretas e a decis\u00f5es financeiras ou comerciais erradas.<\/span><\/li><li style=\"font-weight: 400;\" aria-level=\"1\"><b>Uso de um formato errado <\/b><span style=\"font-weight: 400;\">Os idiomas e as regi\u00f5es expressam os n\u00fameros de maneiras diferentes. Um tradutor inexperiente em finan\u00e7as pode n\u00e3o estar familiarizado com certas terminologias e conven\u00e7\u00f5es. Por exemplo, alguns pa\u00edses usam v\u00edrgulas para separar os milhares, enquanto outros utilizam pontos. Al\u00e9m disso, existe uma diferen\u00e7a fundamental entre o portugu\u00eas de Portugal e o do Brasil em rela\u00e7\u00e3o aos termos &#8220;mil milh\u00f5es&#8221; e &#8220;bilh\u00e3o&#8221;. Se essa distin\u00e7\u00e3o n\u00e3o for feita corretamente, pode resultar em erros graves nos relat\u00f3rios financeiros   <\/span><\/li><\/ul><p><span style=\"font-weight: 400;\">Tamb\u00e9m \u00e9 importante entender os formatos t\u00edpicos usados na l\u00edngua de origem e de destino. As informa\u00e7\u00f5es num contrato ou extrato de conta que s\u00e3o comuns numa regi\u00e3o podem n\u00e3o existir noutra, e os tradutores devem saber como lidar com esses casos para evitar mal-entendidos. <\/span><\/p>\t\t\t\t\t\t\t\t<\/div>\n\t\t\t\t<\/div>\n\t\t\t\t\t<\/div>\n\t\t<\/div>\n\t\t\t\t<div class=\"elementor-column elementor-col-50 elementor-top-column elementor-element elementor-element-344ae982\" data-id=\"344ae982\" data-element_type=\"column\" data-e-type=\"column\">\n\t\t\t<div class=\"elementor-widget-wrap elementor-element-populated\">\n\t\t\t\t\t\t<div class=\"elementor-element elementor-element-2351f75e elementor-invisible elementor-widget elementor-widget-image\" data-id=\"2351f75e\" data-element_type=\"widget\" data-e-type=\"widget\" data-settings=\"{&quot;_animation&quot;:&quot;fadeInRight&quot;}\" data-widget_type=\"image.default\">\n\t\t\t\t<div class=\"elementor-widget-container\">\n\t\t\t\t\t\t\t\t\t\t\t\t\t\t\t<img width=\"683\" height=\"1024\" src=\"https:\/\/i0.wp.com\/lftraduction.fr\/wp-content\/uploads\/2023\/10\/nl_fmfpxo2g.webp?fit=683%2C1024&amp;ssl=1\" class=\"attachment-large size-large wp-image-21085\" alt=\"\" srcset=\"https:\/\/i0.wp.com\/lftraduction.fr\/wp-content\/uploads\/2023\/10\/nl_fmfpxo2g.webp?w=800&amp;ssl=1 800w, https:\/\/i0.wp.com\/lftraduction.fr\/wp-content\/uploads\/2023\/10\/nl_fmfpxo2g.webp?resize=200%2C300&amp;ssl=1 200w, https:\/\/i0.wp.com\/lftraduction.fr\/wp-content\/uploads\/2023\/10\/nl_fmfpxo2g.webp?resize=683%2C1024&amp;ssl=1 683w, https:\/\/i0.wp.com\/lftraduction.fr\/wp-content\/uploads\/2023\/10\/nl_fmfpxo2g.webp?resize=768%2C1152&amp;ssl=1 768w\" sizes=\"(max-width: 683px) 100vw, 683px\" \/>\t\t\t\t\t\t\t\t\t\t\t\t\t\t\t<\/div>\n\t\t\t\t<\/div>\n\t\t\t\t\t<\/div>\n\t\t<\/div>\n\t\t\t\t\t<\/div>\n\t\t<\/section>\n\t\t\t\t<section class=\"elementor-section elementor-top-section elementor-element elementor-element-6b657719 elementor-section-boxed elementor-section-height-default elementor-section-height-default\" data-id=\"6b657719\" data-element_type=\"section\" data-e-type=\"section\">\n\t\t\t\t\t\t<div class=\"elementor-container elementor-column-gap-default\">\n\t\t\t\t\t<div class=\"elementor-column elementor-col-100 elementor-top-column elementor-element elementor-element-1cd0056b\" data-id=\"1cd0056b\" data-element_type=\"column\" data-e-type=\"column\">\n\t\t\t<div class=\"elementor-widget-wrap elementor-element-populated\">\n\t\t\t\t\t\t<div class=\"elementor-element elementor-element-acd04ff elementor-widget elementor-widget-spacer\" data-id=\"acd04ff\" data-element_type=\"widget\" data-e-type=\"widget\" data-widget_type=\"spacer.default\">\n\t\t\t\t<div class=\"elementor-widget-container\">\n\t\t\t\t\t\t\t<div class=\"elementor-spacer\">\n\t\t\t<div class=\"elementor-spacer-inner\"><\/div>\n\t\t<\/div>\n\t\t\t\t\t\t<\/div>\n\t\t\t\t<\/div>\n\t\t\t\t\t<\/div>\n\t\t<\/div>\n\t\t\t\t\t<\/div>\n\t\t<\/section>\n\t\t\t\t<section class=\"elementor-section elementor-top-section elementor-element elementor-element-181f742e elementor-section-full_width elementor-section-height-default elementor-section-height-default\" data-id=\"181f742e\" data-element_type=\"section\" data-e-type=\"section\" data-settings=\"{&quot;background_background&quot;:&quot;classic&quot;}\">\n\t\t\t\t\t\t<div class=\"elementor-container elementor-column-gap-no\">\n\t\t\t\t\t<div class=\"elementor-column elementor-col-50 elementor-top-column elementor-element elementor-element-1e393156\" data-id=\"1e393156\" data-element_type=\"column\" data-e-type=\"column\">\n\t\t\t<div class=\"elementor-widget-wrap elementor-element-populated\">\n\t\t\t\t\t\t<div class=\"elementor-element elementor-element-3fb87a6f elementor-invisible elementor-widget elementor-widget-heading\" data-id=\"3fb87a6f\" data-element_type=\"widget\" data-e-type=\"widget\" data-settings=\"{&quot;_animation&quot;:&quot;fadeIn&quot;}\" data-widget_type=\"heading.default\">\n\t\t\t\t<div class=\"elementor-widget-container\">\n\t\t\t\t\t<h2 class=\"elementor-heading-title elementor-size-default\">Pedir Or\u00e7amento<\/h2>\t\t\t\t<\/div>\n\t\t\t\t<\/div>\n\t\t\t\t<div class=\"elementor-element elementor-element-7ff04da3 elementor-widget__width-initial elementor-widget-tablet__width-inherit elementor-widget elementor-widget-text-editor\" data-id=\"7ff04da3\" data-element_type=\"widget\" data-e-type=\"widget\" data-widget_type=\"text-editor.default\">\n\t\t\t\t<div class=\"elementor-widget-container\">\n\t\t\t\t\t\t\t\t\t<p><strong>Contacte nossa equipa<\/strong> para qualquer pedido e n\u00f3s forneceremos a resposta de que precisa no <strong>menor tempo poss\u00edvel.<\/strong> <\/p>\t\t\t\t\t\t\t\t<\/div>\n\t\t\t\t<\/div>\n\t\t\t\t<div class=\"elementor-element elementor-element-1d079fc9 elementor-align-left elementor-mobile-align-center elementor-widget elementor-widget-button\" data-id=\"1d079fc9\" data-element_type=\"widget\" data-e-type=\"widget\" data-widget_type=\"button.default\">\n\t\t\t\t<div class=\"elementor-widget-container\">\n\t\t\t\t\t\t\t\t\t<div class=\"elementor-button-wrapper\">\n\t\t\t\t\t<a class=\"elementor-button elementor-button-link elementor-size-sm\" href=\"#elementor-action%3Aaction%3Dpopup%3Aopen%26settings%3DeyJpZCI6NDM4MiwidG9nZ2xlIjpmYWxzZX0%3D\">\n\t\t\t\t\t\t<span class=\"elementor-button-content-wrapper\">\n\t\t\t\t\t\t<span class=\"elementor-button-icon\">\n\t\t\t\t<i aria-hidden=\"true\" class=\"icon icon-arrow-right\"><\/i>\t\t\t<\/span>\n\t\t\t\t\t\t\t\t\t<span class=\"elementor-button-text\">Or\u00e7amento em menos de uma hora<\/span>\n\t\t\t\t\t<\/span>\n\t\t\t\t\t<\/a>\n\t\t\t\t<\/div>\n\t\t\t\t\t\t\t\t<\/div>\n\t\t\t\t<\/div>\n\t\t\t\t\t<\/div>\n\t\t<\/div>\n\t\t\t\t<div class=\"elementor-column elementor-col-50 elementor-top-column elementor-element elementor-element-6c8aab7d\" data-id=\"6c8aab7d\" data-element_type=\"column\" data-e-type=\"column\">\n\t\t\t<div class=\"elementor-widget-wrap elementor-element-populated\">\n\t\t\t\t\t\t<div class=\"elementor-element elementor-element-eff9f89 elementor-widget elementor-widget-image\" data-id=\"eff9f89\" data-element_type=\"widget\" data-e-type=\"widget\" data-widget_type=\"image.default\">\n\t\t\t\t<div class=\"elementor-widget-container\">\n\t\t\t\t\t\t\t\t\t\t\t\t\t\t\t<img loading=\"lazy\" width=\"1500\" height=\"1001\" src=\"https:\/\/i0.wp.com\/lftraduction.fr\/wp-content\/uploads\/2023\/10\/LFTraduction_Agence-de-traduction_05_2-copie.webp?fit=1500%2C1001&amp;ssl=1\" class=\"attachment-full size-full wp-image-20465\" alt=\"Lftraduction Agence De Traduction \u00e0 Paris\" srcset=\"https:\/\/i0.wp.com\/lftraduction.fr\/wp-content\/uploads\/2023\/10\/LFTraduction_Agence-de-traduction_05_2-copie.webp?w=1500&amp;ssl=1 1500w, https:\/\/i0.wp.com\/lftraduction.fr\/wp-content\/uploads\/2023\/10\/LFTraduction_Agence-de-traduction_05_2-copie.webp?resize=300%2C200&amp;ssl=1 300w, https:\/\/i0.wp.com\/lftraduction.fr\/wp-content\/uploads\/2023\/10\/LFTraduction_Agence-de-traduction_05_2-copie.webp?resize=1024%2C683&amp;ssl=1 1024w, https:\/\/i0.wp.com\/lftraduction.fr\/wp-content\/uploads\/2023\/10\/LFTraduction_Agence-de-traduction_05_2-copie.webp?resize=768%2C513&amp;ssl=1 768w\" sizes=\"(max-width: 800px) 100vw, 800px\" \/>\t\t\t\t\t\t\t\t\t\t\t\t\t\t\t<\/div>\n\t\t\t\t<\/div>\n\t\t\t\t\t<\/div>\n\t\t<\/div>\n\t\t\t\t\t<\/div>\n\t\t<\/section>\n\t\t\t\t<\/div>\n\t\t","protected":false},"excerpt":{"rendered":"<p>A precis\u00e3o \u00e9 imprescind\u00edvel no mundo complexo das finan\u00e7as. A nossa equipa de tradutores financeiros especializados compreende as subtilezas dos documentos, como os balan\u00e7os, os extratos banc\u00e1rios e as ofertas p\u00fablicas. Ao evitar erros de terminologia, de interpreta\u00e7\u00e3o dos dados e de formato, garantimos tradu\u00e7\u00f5es financeiras sem falhas. Colaborar connosco \u00e9 assegurar que cada documento seja fielmente transposto, respeitando as regulamenta\u00e7\u00f5es locais e as pr\u00e1ticas culturais. Evite riscos e opte por uma tradu\u00e7\u00e3o financeira de qualidade.    <\/p>\n","protected":false},"author":2,"featured_media":0,"parent":20996,"menu_order":0,"comment_status":"closed","ping_status":"closed","template":"","meta":{"footnotes":""},"class_list":["post-21082","page","type-page","status-publish","hentry"],"jetpack_sharing_enabled":true,"_links":{"self":[{"href":"https:\/\/lftraduction.fr\/pt-pt\/wp-json\/wp\/v2\/pages\/21082","targetHints":{"allow":["GET"]}}],"collection":[{"href":"https:\/\/lftraduction.fr\/pt-pt\/wp-json\/wp\/v2\/pages"}],"about":[{"href":"https:\/\/lftraduction.fr\/pt-pt\/wp-json\/wp\/v2\/types\/page"}],"author":[{"embeddable":true,"href":"https:\/\/lftraduction.fr\/pt-pt\/wp-json\/wp\/v2\/users\/2"}],"replies":[{"embeddable":true,"href":"https:\/\/lftraduction.fr\/pt-pt\/wp-json\/wp\/v2\/comments?post=21082"}],"version-history":[{"count":5,"href":"https:\/\/lftraduction.fr\/pt-pt\/wp-json\/wp\/v2\/pages\/21082\/revisions"}],"predecessor-version":[{"id":21171,"href":"https:\/\/lftraduction.fr\/pt-pt\/wp-json\/wp\/v2\/pages\/21082\/revisions\/21171"}],"up":[{"embeddable":true,"href":"https:\/\/lftraduction.fr\/pt-pt\/wp-json\/wp\/v2\/pages\/20996"}],"wp:attachment":[{"href":"https:\/\/lftraduction.fr\/pt-pt\/wp-json\/wp\/v2\/media?parent=21082"}],"curies":[{"name":"wp","href":"https:\/\/api.w.org\/{rel}","templated":true}]}}