{"id":22371,"date":"2025-10-21T20:29:00","date_gmt":"2025-10-21T20:29:00","guid":{"rendered":"https:\/\/lftraduction.fr\/?post_type=product&#038;p=22371"},"modified":"2025-10-21T20:30:26","modified_gmt":"2025-10-21T20:30:26","slug":"traduction-de-passeport","status":"publish","type":"product","link":"https:\/\/lftraduction.fr\/es\/produit\/traduction-de-passeport\/","title":{"rendered":"Traduction de passeport"},"content":{"rendered":"<ul>\n<li>Traduction officielle r\u00e9alis\u00e9e par un traducteur asserment\u00e9<\/li>\n<li>Documents reconnus par les administrations fran\u00e7aises et \u00e9trang\u00e8res<\/li>\n<li>D\u00e9lai moyen de traitement : 48h<\/li>\n<li>Option de livraison en urgence sous 24h (avec suppl\u00e9ment)<\/li>\n<li>Respect total de la confidentialit\u00e9<\/li}\n    \n\n<li>Assistance client disponible 6j\/7<\/li>\n<\/ul>\n","protected":false},"excerpt":{"rendered":"<p data-start=\"153\" data-end=\"542\">Vous devez faire traduire un titre d\u2019identit\u00e9 pour compl\u00e9ter un dossier administratif, effectuer une demande de visa, finaliser une inscription \u00e0 l\u2019\u00e9tranger ou r\u00e9pondre \u00e0 une exigence officielle d\u2019une autorit\u00e9 \u00e9trang\u00e8re ? Ce document officiel, qu\u2019il s\u2019agisse d\u2019un passeport, d\u2019une carte nationale d\u2019identit\u00e9, d\u2019un titre de s\u00e9jour ou d\u2019une carte de r\u00e9sident, doit \u00eatre traduit de mani\u00e8re certifi\u00e9e pour \u00eatre accept\u00e9.<\/p>\n<p data-start=\"544\" data-end=\"914\">Les documents d\u2019identit\u00e9 contiennent des informations personnelles essentielles : nom, pr\u00e9noms, date et lieu de naissance, photographie, num\u00e9ro d\u2019identification, p\u00e9riode de validit\u00e9, ainsi que diverses mentions officielles selon le pays d\u2019\u00e9mission. Leur traduction doit \u00eatre pr\u00e9cise et compl\u00e8te, en reproduisant fid\u00e8lement chaque donn\u00e9e, y compris les r\u00e9f\u00e9rences l\u00e9gales, abr\u00e9viations ou codes de s\u00e9curit\u00e9.<\/p>\n<p data-start=\"800\" data-end=\"1133\">La traduction est r\u00e9alis\u00e9e par un traducteur asserment\u00e9 inscrit aupr\u00e8s d\u2019une Cour d\u2019appel en France.<\/p>\n<p data-start=\"800\" data-end=\"1133\">Le d\u00e9lai moyen de traitement est de 48 heures. La version num\u00e9rique certifi\u00e9e vous est envoy\u00e9e par e-mail. La version papier est disponible dans nos bureaux \u00e0 Paris ou exp\u00e9di\u00e9e par courrier postal selon votre pr\u00e9f\u00e9rence.<\/p>\n","protected":false},"featured_media":21842,"comment_status":"closed","ping_status":"closed","template":"","meta":[],"product_brand":[],"product_cat":[195],"product_tag":[],"class_list":{"0":"post-22371","1":"product","2":"type-product","3":"status-publish","4":"has-post-thumbnail","6":"product_cat-traductions-certifiees","8":"first","9":"instock","10":"taxable","11":"shipping-taxable","12":"purchasable","13":"product-type-variable"},"jetpack_sharing_enabled":true,"_links":{"self":[{"href":"https:\/\/lftraduction.fr\/es\/wp-json\/wp\/v2\/product\/22371","targetHints":{"allow":["GET"]}}],"collection":[{"href":"https:\/\/lftraduction.fr\/es\/wp-json\/wp\/v2\/product"}],"about":[{"href":"https:\/\/lftraduction.fr\/es\/wp-json\/wp\/v2\/types\/product"}],"replies":[{"embeddable":true,"href":"https:\/\/lftraduction.fr\/es\/wp-json\/wp\/v2\/comments?post=22371"}],"version-history":[{"count":1,"href":"https:\/\/lftraduction.fr\/es\/wp-json\/wp\/v2\/product\/22371\/revisions"}],"predecessor-version":[{"id":22396,"href":"https:\/\/lftraduction.fr\/es\/wp-json\/wp\/v2\/product\/22371\/revisions\/22396"}],"wp:featuredmedia":[{"embeddable":true,"href":"https:\/\/lftraduction.fr\/es\/wp-json\/wp\/v2\/media\/21842"}],"wp:attachment":[{"href":"https:\/\/lftraduction.fr\/es\/wp-json\/wp\/v2\/media?parent=22371"}],"wp:term":[{"taxonomy":"product_brand","embeddable":true,"href":"https:\/\/lftraduction.fr\/es\/wp-json\/wp\/v2\/product_brand?post=22371"},{"taxonomy":"product_cat","embeddable":true,"href":"https:\/\/lftraduction.fr\/es\/wp-json\/wp\/v2\/product_cat?post=22371"},{"taxonomy":"product_tag","embeddable":true,"href":"https:\/\/lftraduction.fr\/es\/wp-json\/wp\/v2\/product_tag?post=22371"}],"curies":[{"name":"wp","href":"https:\/\/api.w.org\/{rel}","templated":true}]}}