{"id":14651,"date":"2023-10-19T09:36:24","date_gmt":"2023-10-19T09:36:24","guid":{"rendered":"https:\/\/lftraduction.fr\/servicio-de-traduccion-en-paris\/traduccion-de-marketing\/"},"modified":"2024-05-24T14:43:02","modified_gmt":"2024-05-24T14:43:02","slug":"traduccion-de-marketing","status":"publish","type":"page","link":"https:\/\/lftraduction.fr\/es\/servicio-de-traduccion-en-paris\/traduccion-de-marketing\/","title":{"rendered":"Traducci\u00f3n de marketing"},"content":{"rendered":"\t\t<div data-elementor-type=\"wp-page\" data-elementor-id=\"14651\" class=\"elementor elementor-14651 elementor-6656\" data-elementor-post-type=\"page\">\n\t\t\t\t\t\t<section class=\"elementor-section elementor-top-section elementor-element elementor-element-146f753 elementor-section-full_width elementor-section-height-default elementor-section-height-default\" data-id=\"146f753\" data-element_type=\"section\" data-e-type=\"section\">\n\t\t\t\t\t\t<div class=\"elementor-container elementor-column-gap-no\">\n\t\t\t\t\t<div class=\"elementor-column elementor-col-100 elementor-top-column elementor-element elementor-element-5cda981\" data-id=\"5cda981\" data-element_type=\"column\" data-e-type=\"column\">\n\t\t\t<div class=\"elementor-widget-wrap elementor-element-populated\">\n\t\t\t\t\t\t<div class=\"elementor-element elementor-element-3e7399f elementor-invisible elementor-widget elementor-widget-heading\" data-id=\"3e7399f\" data-element_type=\"widget\" data-e-type=\"widget\" data-settings=\"{&quot;_animation&quot;:&quot;fadeIn&quot;}\" data-widget_type=\"heading.default\">\n\t\t\t\t<div class=\"elementor-widget-container\">\n\t\t\t\t\t<h1 class=\"elementor-heading-title elementor-size-default\">Servicio de traducci\u00f3n de<span style=\"color:#F4A41E\"> marketing<\/span><\/h1>\t\t\t\t<\/div>\n\t\t\t\t<\/div>\n\t\t\t\t\t<\/div>\n\t\t<\/div>\n\t\t\t\t\t<\/div>\n\t\t<\/section>\n\t\t\t\t<section class=\"elementor-section elementor-top-section elementor-element elementor-element-823be26 elementor-section-full_width elementor-reverse-tablet elementor-section-height-default elementor-section-height-default\" data-id=\"823be26\" data-element_type=\"section\" data-e-type=\"section\">\n\t\t\t\t\t\t<div class=\"elementor-container elementor-column-gap-no\">\n\t\t\t\t\t<div class=\"elementor-column elementor-col-50 elementor-top-column elementor-element elementor-element-d3de98f\" data-id=\"d3de98f\" data-element_type=\"column\" data-e-type=\"column\">\n\t\t\t<div class=\"elementor-widget-wrap elementor-element-populated\">\n\t\t\t\t\t\t<div class=\"elementor-element elementor-element-f86f3d5 elementor-widget__width-initial elementor-widget elementor-widget-text-editor\" data-id=\"f86f3d5\" data-element_type=\"widget\" data-e-type=\"widget\" data-widget_type=\"text-editor.default\">\n\t\t\t\t<div class=\"elementor-widget-container\">\n\t\t\t\t\t\t\t\t\t<p>\u00bfTe gustar\u00eda traducir tus <strong>comunicaciones de<\/strong> marketing con rapidez y alta calidad? Entonces has llegado al mejor lugar.<\/p>\n\t\t\t\t\t\t\t\t<\/div>\n\t\t\t\t<\/div>\n\t\t\t\t<div class=\"elementor-element elementor-element-29aa0a0 elementor-view-stacked elementor-shape-circle elementor-invisible elementor-widget elementor-widget-icon\" data-id=\"29aa0a0\" data-element_type=\"widget\" data-e-type=\"widget\" data-settings=\"{&quot;_animation&quot;:&quot;bounceInUp&quot;,&quot;_animation_delay&quot;:700}\" data-widget_type=\"icon.default\">\n\t\t\t\t<div class=\"elementor-widget-container\">\n\t\t\t\t\t\t\t<div class=\"elementor-icon-wrapper\">\n\t\t\t<a class=\"elementor-icon elementor-animation-sink\" href=\"#next\">\n\t\t\t<i aria-hidden=\"true\" class=\"icon icon-arrow-down\"><\/i>\t\t\t<\/a>\n\t\t<\/div>\n\t\t\t\t\t\t<\/div>\n\t\t\t\t<\/div>\n\t\t\t\t\t<\/div>\n\t\t<\/div>\n\t\t\t\t<div class=\"elementor-column elementor-col-50 elementor-top-column elementor-element elementor-element-f29fe44\" data-id=\"f29fe44\" data-element_type=\"column\" data-e-type=\"column\">\n\t\t\t<div class=\"elementor-widget-wrap elementor-element-populated\">\n\t\t\t\t\t\t<div class=\"elementor-element elementor-element-280947e elementor-invisible elementor-widget elementor-widget-image\" data-id=\"280947e\" data-element_type=\"widget\" data-e-type=\"widget\" data-settings=\"{&quot;_animation&quot;:&quot;fadeInRight&quot;}\" data-widget_type=\"image.default\">\n\t\t\t\t<div class=\"elementor-widget-container\">\n\t\t\t\t\t\t\t\t\t\t\t\t\t\t\t<img fetchpriority=\"high\" width=\"800\" height=\"450\" src=\"https:\/\/i0.wp.com\/lftraduction.fr\/wp-content\/uploads\/2023\/10\/La-Francaise-de-la-Traduction_Traduction_02.webp?fit=800%2C450&amp;ssl=1\" class=\"attachment-large size-large wp-image-14653\" alt=\"\" srcset=\"https:\/\/i0.wp.com\/lftraduction.fr\/wp-content\/uploads\/2023\/10\/La-Francaise-de-la-Traduction_Traduction_02.webp?w=1500&amp;ssl=1 1500w, https:\/\/i0.wp.com\/lftraduction.fr\/wp-content\/uploads\/2023\/10\/La-Francaise-de-la-Traduction_Traduction_02.webp?resize=300%2C169&amp;ssl=1 300w, https:\/\/i0.wp.com\/lftraduction.fr\/wp-content\/uploads\/2023\/10\/La-Francaise-de-la-Traduction_Traduction_02.webp?resize=1024%2C576&amp;ssl=1 1024w, https:\/\/i0.wp.com\/lftraduction.fr\/wp-content\/uploads\/2023\/10\/La-Francaise-de-la-Traduction_Traduction_02.webp?resize=768%2C432&amp;ssl=1 768w\" sizes=\"(max-width: 800px) 100vw, 800px\" \/>\t\t\t\t\t\t\t\t\t\t\t\t\t\t\t<\/div>\n\t\t\t\t<\/div>\n\t\t\t\t\t<\/div>\n\t\t<\/div>\n\t\t\t\t\t<\/div>\n\t\t<\/section>\n\t\t\t\t<section class=\"elementor-section elementor-top-section elementor-element elementor-element-eeee132 elementor-section-full_width elementor-reverse-tablet elementor-reverse-mobile elementor-section-height-default elementor-section-height-default\" data-id=\"eeee132\" data-element_type=\"section\" data-e-type=\"section\" id=\"next\">\n\t\t\t\t\t\t<div class=\"elementor-container elementor-column-gap-no\">\n\t\t\t\t\t<div class=\"elementor-column elementor-col-50 elementor-top-column elementor-element elementor-element-bcfe7ad\" data-id=\"bcfe7ad\" data-element_type=\"column\" data-e-type=\"column\">\n\t\t\t<div class=\"elementor-widget-wrap elementor-element-populated\">\n\t\t\t\t\t\t<div class=\"elementor-element elementor-element-d882b00 elementor-widget elementor-widget-image\" data-id=\"d882b00\" data-element_type=\"widget\" data-e-type=\"widget\" data-widget_type=\"image.default\">\n\t\t\t\t<div class=\"elementor-widget-container\">\n\t\t\t\t\t\t\t\t\t\t\t\t\t\t\t<img width=\"800\" height=\"534\" src=\"https:\/\/i0.wp.com\/lftraduction.fr\/wp-content\/uploads\/2023\/10\/La-Francaise-de-la-Traduction_Traduction_01.webp?fit=800%2C534&amp;ssl=1\" class=\"attachment-large size-large wp-image-14652\" alt=\"\" srcset=\"https:\/\/i0.wp.com\/lftraduction.fr\/wp-content\/uploads\/2023\/10\/La-Francaise-de-la-Traduction_Traduction_01.webp?w=1500&amp;ssl=1 1500w, https:\/\/i0.wp.com\/lftraduction.fr\/wp-content\/uploads\/2023\/10\/La-Francaise-de-la-Traduction_Traduction_01.webp?resize=300%2C200&amp;ssl=1 300w, https:\/\/i0.wp.com\/lftraduction.fr\/wp-content\/uploads\/2023\/10\/La-Francaise-de-la-Traduction_Traduction_01.webp?resize=1024%2C683&amp;ssl=1 1024w, https:\/\/i0.wp.com\/lftraduction.fr\/wp-content\/uploads\/2023\/10\/La-Francaise-de-la-Traduction_Traduction_01.webp?resize=768%2C512&amp;ssl=1 768w\" sizes=\"(max-width: 800px) 100vw, 800px\" \/>\t\t\t\t\t\t\t\t\t\t\t\t\t\t\t<\/div>\n\t\t\t\t<\/div>\n\t\t\t\t\t<\/div>\n\t\t<\/div>\n\t\t\t\t<div class=\"elementor-column elementor-col-50 elementor-top-column elementor-element elementor-element-4f3eac9\" data-id=\"4f3eac9\" data-element_type=\"column\" data-e-type=\"column\">\n\t\t\t<div class=\"elementor-widget-wrap elementor-element-populated\">\n\t\t\t\t\t\t<div class=\"elementor-element elementor-element-2830661 elementor-invisible elementor-widget elementor-widget-heading\" data-id=\"2830661\" data-element_type=\"widget\" data-e-type=\"widget\" data-settings=\"{&quot;_animation&quot;:&quot;fadeIn&quot;}\" data-widget_type=\"heading.default\">\n\t\t\t\t<div class=\"elementor-widget-container\">\n\t\t\t\t\t<h2 class=\"elementor-heading-title elementor-size-default\">Conquistar nuevos mercados internacionales con <span style=\"color:#F4A41E\">traducciones de marketing de alta calidad<\/span><\/h2>\t\t\t\t<\/div>\n\t\t\t\t<\/div>\n\t\t\t\t<div class=\"elementor-element elementor-element-99af3d2 elementor-widget elementor-widget-text-editor\" data-id=\"99af3d2\" data-element_type=\"widget\" data-e-type=\"widget\" data-widget_type=\"text-editor.default\">\n\t\t\t\t<div class=\"elementor-widget-container\">\n\t\t\t\t\t\t\t\t\t<p><strong>La Fran\u00e7aise de la Traduction<\/strong> te ofrece los mejores servicios de traducci\u00f3n de marketing en m\u00e1s de 50 idiomas. Traducimos todo tu material de marketing, como folletos, comunicados de prensa, correos electr\u00f3nicos de marketing, v\u00eddeos, sitios web y presentaciones, r\u00e1pidamente y con alta calidad. En <strong>La Fran\u00e7aise de la Traduction<\/strong> ayudamos a nuestros clientes a atraer al p\u00fablico internacional con traducciones fluidas y atractivas que transmiten con precisi\u00f3n el mensaje de tu marca a escala mundial.<\/p>\n<p>En <strong>La Fran\u00e7aise de la Traduction<\/strong> disponemos de recursos ling\u00fc\u00edsticos fiables y resistentes gracias a nuestro equipo de m\u00e1s de 40 traductores internos. Hemos puesto en marcha los mejores procesos de su clase para ofrecer traducciones de marketing ling\u00fc\u00edsticamente fluidas y culturalmente atractivas, para que la voz de tu marca sea clara, coherente y convincente <strong>en cualquier idioma <\/strong>. <\/p>\n\t\t\t\t\t\t\t\t<\/div>\n\t\t\t\t<\/div>\n\t\t\t\t\t<\/div>\n\t\t<\/div>\n\t\t\t\t\t<\/div>\n\t\t<\/section>\n\t\t\t\t<section class=\"elementor-section elementor-top-section elementor-element elementor-element-62738d3 elementor-section-full_width elementor-section-height-default elementor-section-height-default\" data-id=\"62738d3\" data-element_type=\"section\" data-e-type=\"section\">\n\t\t\t\t\t\t<div class=\"elementor-container elementor-column-gap-no\">\n\t\t\t\t\t<div class=\"elementor-column elementor-col-50 elementor-top-column elementor-element elementor-element-fd32177\" data-id=\"fd32177\" data-element_type=\"column\" data-e-type=\"column\">\n\t\t\t<div class=\"elementor-widget-wrap elementor-element-populated\">\n\t\t\t\t\t\t<div class=\"elementor-element elementor-element-e4ca0ef elementor-invisible elementor-widget elementor-widget-heading\" data-id=\"e4ca0ef\" data-element_type=\"widget\" data-e-type=\"widget\" data-settings=\"{&quot;_animation&quot;:&quot;fadeIn&quot;}\" data-widget_type=\"heading.default\">\n\t\t\t\t<div class=\"elementor-widget-container\">\n\t\t\t\t\t<h2 class=\"elementor-heading-title elementor-size-default\"> La <span style=\"color:#F4A41E\">traducci\u00f3n multicanal <\/span>se une al marketing multicanal\n\n<\/h2>\t\t\t\t<\/div>\n\t\t\t\t<\/div>\n\t\t\t\t<div class=\"elementor-element elementor-element-23c8787 elementor-widget elementor-widget-text-editor\" data-id=\"23c8787\" data-element_type=\"widget\" data-e-type=\"widget\" data-widget_type=\"text-editor.default\">\n\t\t\t\t<div class=\"elementor-widget-container\">\n\t\t\t\t\t\t\t\t\t<p>Los responsables de marketing de las empresas adoptan cada vez m\u00e1s el <strong>marketing multicanal<\/strong> para captar clientes a trav\u00e9s de todos sus canales de comunicaci\u00f3n, con el fin de aumentar las tasas de conversi\u00f3n y acelerar el crecimiento empresarial a escala mundial. <\/p>\n<p>Los servicios tradicionales de traducci\u00f3n de marketing que se basan en procesos manuales, est\u00e1ticos y lentos para traducir contenidos de marketing ya no bastan para satisfacer las necesidades actuales de localizaci\u00f3n de marketing. <\/p>\n<p><strong>La Fran\u00e7aise de la Traduction<\/strong> es experta en soluciones de traducci\u00f3n multicanal para todas las redes de contenido y todos los dispositivos, incluidos la Web, las aplicaciones, el correo electr\u00f3nico, las redes sociales, los mensajes, los v\u00eddeos, etc.<\/p>\n\t\t\t\t\t\t\t\t<\/div>\n\t\t\t\t<\/div>\n\t\t\t\t\t<\/div>\n\t\t<\/div>\n\t\t\t\t<div class=\"elementor-column elementor-col-50 elementor-top-column elementor-element elementor-element-98a0aeb\" data-id=\"98a0aeb\" data-element_type=\"column\" data-e-type=\"column\">\n\t\t\t<div class=\"elementor-widget-wrap elementor-element-populated\">\n\t\t\t\t\t\t<div class=\"elementor-element elementor-element-92de5e5 elementor-widget elementor-widget-image\" data-id=\"92de5e5\" data-element_type=\"widget\" data-e-type=\"widget\" data-widget_type=\"image.default\">\n\t\t\t\t<div class=\"elementor-widget-container\">\n\t\t\t\t\t\t\t\t\t\t\t\t\t\t\t<img width=\"800\" height=\"534\" src=\"https:\/\/i0.wp.com\/lftraduction.fr\/wp-content\/uploads\/2023\/10\/La-Francaise-de-la-Traduction_Traduction_04.webp?fit=800%2C534&amp;ssl=1\" class=\"attachment-large size-large wp-image-14655\" alt=\"\" srcset=\"https:\/\/i0.wp.com\/lftraduction.fr\/wp-content\/uploads\/2023\/10\/La-Francaise-de-la-Traduction_Traduction_04.webp?w=1500&amp;ssl=1 1500w, https:\/\/i0.wp.com\/lftraduction.fr\/wp-content\/uploads\/2023\/10\/La-Francaise-de-la-Traduction_Traduction_04.webp?resize=300%2C200&amp;ssl=1 300w, https:\/\/i0.wp.com\/lftraduction.fr\/wp-content\/uploads\/2023\/10\/La-Francaise-de-la-Traduction_Traduction_04.webp?resize=1024%2C683&amp;ssl=1 1024w, https:\/\/i0.wp.com\/lftraduction.fr\/wp-content\/uploads\/2023\/10\/La-Francaise-de-la-Traduction_Traduction_04.webp?resize=768%2C512&amp;ssl=1 768w\" sizes=\"(max-width: 800px) 100vw, 800px\" \/>\t\t\t\t\t\t\t\t\t\t\t\t\t\t\t<\/div>\n\t\t\t\t<\/div>\n\t\t\t\t\t<\/div>\n\t\t<\/div>\n\t\t\t\t\t<\/div>\n\t\t<\/section>\n\t\t\t\t<section class=\"elementor-section elementor-top-section elementor-element elementor-element-2b3113a elementor-section-full_width elementor-reverse-tablet elementor-reverse-mobile elementor-section-height-default elementor-section-height-default\" data-id=\"2b3113a\" data-element_type=\"section\" data-e-type=\"section\">\n\t\t\t\t\t\t<div class=\"elementor-container elementor-column-gap-no\">\n\t\t\t\t\t<div class=\"elementor-column elementor-col-50 elementor-top-column elementor-element elementor-element-87236ad\" data-id=\"87236ad\" data-element_type=\"column\" data-e-type=\"column\" data-settings=\"{&quot;background_background&quot;:&quot;classic&quot;}\">\n\t\t\t<div class=\"elementor-widget-wrap elementor-element-populated\">\n\t\t\t\t\t\t<div class=\"elementor-element elementor-element-87da9d2 elementor-widget elementor-widget-image\" data-id=\"87da9d2\" data-element_type=\"widget\" data-e-type=\"widget\" data-widget_type=\"image.default\">\n\t\t\t\t<div class=\"elementor-widget-container\">\n\t\t\t\t\t\t\t\t\t\t\t\t\t\t\t<img loading=\"lazy\" width=\"800\" height=\"470\" src=\"https:\/\/i0.wp.com\/lftraduction.fr\/wp-content\/uploads\/2023\/10\/La-Francaise-de-la-Traduction_Traduction_05.webp?fit=800%2C470&amp;ssl=1\" class=\"attachment-large size-large wp-image-14656\" alt=\"\" srcset=\"https:\/\/i0.wp.com\/lftraduction.fr\/wp-content\/uploads\/2023\/10\/La-Francaise-de-la-Traduction_Traduction_05.webp?w=1500&amp;ssl=1 1500w, https:\/\/i0.wp.com\/lftraduction.fr\/wp-content\/uploads\/2023\/10\/La-Francaise-de-la-Traduction_Traduction_05.webp?resize=300%2C176&amp;ssl=1 300w, https:\/\/i0.wp.com\/lftraduction.fr\/wp-content\/uploads\/2023\/10\/La-Francaise-de-la-Traduction_Traduction_05.webp?resize=1024%2C601&amp;ssl=1 1024w, https:\/\/i0.wp.com\/lftraduction.fr\/wp-content\/uploads\/2023\/10\/La-Francaise-de-la-Traduction_Traduction_05.webp?resize=768%2C451&amp;ssl=1 768w\" sizes=\"(max-width: 800px) 100vw, 800px\" \/>\t\t\t\t\t\t\t\t\t\t\t\t\t\t\t<\/div>\n\t\t\t\t<\/div>\n\t\t\t\t\t<\/div>\n\t\t<\/div>\n\t\t\t\t<div class=\"elementor-column elementor-col-50 elementor-top-column elementor-element elementor-element-9c4ef13\" data-id=\"9c4ef13\" data-element_type=\"column\" data-e-type=\"column\">\n\t\t\t<div class=\"elementor-widget-wrap elementor-element-populated\">\n\t\t\t\t\t\t<div class=\"elementor-element elementor-element-209cf87 elementor-invisible elementor-widget elementor-widget-heading\" data-id=\"209cf87\" data-element_type=\"widget\" data-e-type=\"widget\" data-settings=\"{&quot;_animation&quot;:&quot;fadeIn&quot;}\" data-widget_type=\"heading.default\">\n\t\t\t\t<div class=\"elementor-widget-container\">\n\t\t\t\t\t<h2 class=\"elementor-heading-title elementor-size-default\">Traducci\u00f3n para una mejor <span style=\"color:#F4A41E\">referenciaci\u00f3n<\/span> internacional\n<\/h2>\t\t\t\t<\/div>\n\t\t\t\t<\/div>\n\t\t\t\t<div class=\"elementor-element elementor-element-ea051ca elementor-widget elementor-widget-text-editor\" data-id=\"ea051ca\" data-element_type=\"widget\" data-e-type=\"widget\" data-widget_type=\"text-editor.default\">\n\t\t\t\t<div class=\"elementor-widget-container\">\n\t\t\t\t\t\t\t\t\t<p>En la econom\u00eda digital actual, las empresas necesitan producir <strong>contenidos de marketing<\/strong> que promuevan una voz de marca coherente a escala internacional, garantizando al mismo tiempo que las <strong>palabras clave y los giros de las<\/strong> frases est\u00e9n bien clasificados por los principales motores de b\u00fasqueda en los idiomas de destino. <strong>La Fran\u00e7aise de la traduction<\/strong> ha desarrollado una amplia gama de buenas pr\u00e1cticas y soluciones de traducci\u00f3n para el <strong>marketing digital<\/strong> con el fin de mejorar la optimizaci\u00f3n de los motores de b\u00fasqueda. <\/p>\n<p>Env\u00edanos tu contenido para obtener un presupuesto de traducci\u00f3n SEO y sorpr\u00e9ndete de c\u00f3mo <strong>La Fran\u00e7aise de la traduction<\/strong> puede ayudarte a aumentar tus ventas locales en todas tus lenguas metas.<\/p>\n\t\t\t\t\t\t\t\t<\/div>\n\t\t\t\t<\/div>\n\t\t\t\t\t<\/div>\n\t\t<\/div>\n\t\t\t\t\t<\/div>\n\t\t<\/section>\n\t\t\t\t<section class=\"elementor-section elementor-top-section elementor-element elementor-element-73c766d elementor-reverse-tablet elementor-section-boxed elementor-section-height-default elementor-section-height-default\" data-id=\"73c766d\" data-element_type=\"section\" data-e-type=\"section\">\n\t\t\t\t\t\t<div class=\"elementor-container elementor-column-gap-no\">\n\t\t\t\t\t<div class=\"elementor-column elementor-col-100 elementor-top-column elementor-element elementor-element-6570ab0\" data-id=\"6570ab0\" data-element_type=\"column\" data-e-type=\"column\" data-settings=\"{&quot;background_background&quot;:&quot;classic&quot;}\">\n\t\t\t<div class=\"elementor-widget-wrap elementor-element-populated\">\n\t\t\t\t\t\t<div class=\"elementor-element elementor-element-8bf07d4 elementor-invisible elementor-widget elementor-widget-heading\" data-id=\"8bf07d4\" data-element_type=\"widget\" data-e-type=\"widget\" data-settings=\"{&quot;_animation&quot;:&quot;fadeIn&quot;}\" data-widget_type=\"heading.default\">\n\t\t\t\t<div class=\"elementor-widget-container\">\n\t\t\t\t\t<h2 class=\"elementor-heading-title elementor-size-default\"> <span style=\"color:#F4A41E\">La traducci\u00f3n multicanal<br><\/span> se une al marketing multicanal\n\n<\/h2>\t\t\t\t<\/div>\n\t\t\t\t<\/div>\n\t\t\t\t<div class=\"elementor-element elementor-element-c133a67 elementor-widget elementor-widget-text-editor\" data-id=\"c133a67\" data-element_type=\"widget\" data-e-type=\"widget\" data-widget_type=\"text-editor.default\">\n\t\t\t\t<div class=\"elementor-widget-container\">\n\t\t\t\t\t\t\t\t\t<p>Has invertido mucho tiempo en desarrollar los mensajes clave de tu marca y <strong>tus comunicaciones de marketing<\/strong>. Lo \u00faltimo que quieres es trabajar con una empresa de traducci\u00f3n media que traduzca los mensajes de tu marca a otros idiomas con una calidad que no se corresponda con tu mensaje.<\/p>\n<p>Los contenidos de marketing mal traducidos no s\u00f3lo empa\u00f1an la reputaci\u00f3n de tu marca, sino que te cuestan oportunidades de venta con <strong>tus clientes internacionales <\/strong>. <\/p>\n<p><strong>La Fran\u00e7aise de la Traduction<\/strong> cuenta con un amplio equipo de traductores de marketing y redactores creativos con experiencia en todas las lenguas europeas, asi\u00e1ticas y latinoamericanas.<\/p>\n<p><strong>Nuestros traductores<\/strong> de marketing utilizan un proceso llamado transcreaci\u00f3n, una combinaci\u00f3n de traducci\u00f3n y escritura creativa para conseguir los mejores resultados en la traducci\u00f3n de marketing. <\/p>\n<p>Tanto si necesitas traducir tus campa\u00f1as publicitarias, fichas de producto, promociones de marketing digital, contenidos de relaciones p\u00fablicas o v\u00eddeos de marketing social, los traductores profesionales de marketing de <strong>La Fran\u00e7aise de la Traduction<\/strong> pueden proporcionarte traducciones muy creativas para acelerar tu expansi\u00f3n internacional.<\/p>\n\t\t\t\t\t\t\t\t<\/div>\n\t\t\t\t<\/div>\n\t\t\t\t\t<\/div>\n\t\t<\/div>\n\t\t\t\t\t<\/div>\n\t\t<\/section>\n\t\t\t\t<section class=\"elementor-section elementor-top-section elementor-element elementor-element-e2b569b elementor-section-full_width elementor-section-height-default elementor-section-height-default\" data-id=\"e2b569b\" data-element_type=\"section\" data-e-type=\"section\" data-settings=\"{&quot;background_background&quot;:&quot;classic&quot;}\">\n\t\t\t\t\t\t<div class=\"elementor-container elementor-column-gap-no\">\n\t\t\t\t\t<div class=\"elementor-column elementor-col-50 elementor-top-column elementor-element elementor-element-51aa84d\" data-id=\"51aa84d\" data-element_type=\"column\" data-e-type=\"column\">\n\t\t\t<div class=\"elementor-widget-wrap elementor-element-populated\">\n\t\t\t\t\t\t<div class=\"elementor-element elementor-element-4c90d3f elementor-invisible elementor-widget elementor-widget-heading\" data-id=\"4c90d3f\" data-element_type=\"widget\" data-e-type=\"widget\" data-settings=\"{&quot;_animation&quot;:&quot;fadeIn&quot;}\" data-widget_type=\"heading.default\">\n\t\t\t\t<div class=\"elementor-widget-container\">\n\t\t\t\t\t<h2 class=\"elementor-heading-title elementor-size-default\">Solicitar presupuesto<\/h2>\t\t\t\t<\/div>\n\t\t\t\t<\/div>\n\t\t\t\t<div class=\"elementor-element elementor-element-1fe54e0 elementor-widget__width-initial elementor-widget elementor-widget-text-editor\" data-id=\"1fe54e0\" data-element_type=\"widget\" data-e-type=\"widget\" data-widget_type=\"text-editor.default\">\n\t\t\t\t<div class=\"elementor-widget-container\">\n\t\t\t\t\t\t\t\t\t<p><strong>Ponte en contacto con nuestro equipo<\/strong> y te daremos la respuesta que necesitas lo antes <strong>posible <\/strong>. <\/p>\n\t\t\t\t\t\t\t\t<\/div>\n\t\t\t\t<\/div>\n\t\t\t\t<div class=\"elementor-element elementor-element-317a3cc elementor-align-left elementor-mobile-align-center elementor-widget elementor-widget-button\" data-id=\"317a3cc\" data-element_type=\"widget\" data-e-type=\"widget\" data-widget_type=\"button.default\">\n\t\t\t\t<div class=\"elementor-widget-container\">\n\t\t\t\t\t\t\t\t\t<div class=\"elementor-button-wrapper\">\n\t\t\t\t\t<a class=\"elementor-button elementor-button-link elementor-size-sm\" href=\"#elementor-action%3Aaction%3Dpopup%3Aopen%26settings%3DeyJpZCI6NDM4MiwidG9nZ2xlIjpmYWxzZX0%3D\">\n\t\t\t\t\t\t<span class=\"elementor-button-content-wrapper\">\n\t\t\t\t\t\t<span class=\"elementor-button-icon\">\n\t\t\t\t<i aria-hidden=\"true\" class=\"icon icon-arrow-right\"><\/i>\t\t\t<\/span>\n\t\t\t\t\t\t\t\t\t<span class=\"elementor-button-text\">Presupuesto en menos de una hora<\/span>\n\t\t\t\t\t<\/span>\n\t\t\t\t\t<\/a>\n\t\t\t\t<\/div>\n\t\t\t\t\t\t\t\t<\/div>\n\t\t\t\t<\/div>\n\t\t\t\t\t<\/div>\n\t\t<\/div>\n\t\t\t\t<div class=\"elementor-column elementor-col-50 elementor-top-column elementor-element elementor-element-fa6d1da\" data-id=\"fa6d1da\" data-element_type=\"column\" data-e-type=\"column\">\n\t\t\t<div class=\"elementor-widget-wrap elementor-element-populated\">\n\t\t\t\t\t\t<div class=\"elementor-element elementor-element-31aba1f elementor-widget elementor-widget-image\" data-id=\"31aba1f\" data-element_type=\"widget\" data-e-type=\"widget\" data-widget_type=\"image.default\">\n\t\t\t\t<div class=\"elementor-widget-container\">\n\t\t\t\t\t\t\t\t\t\t\t\t\t\t\t<img loading=\"lazy\" width=\"1500\" height=\"1001\" src=\"https:\/\/i0.wp.com\/lftraduction.fr\/wp-content\/uploads\/2023\/10\/LFTraduction_Agence-de-traduction_05_2-copie.webp?fit=1500%2C1001&amp;ssl=1\" class=\"attachment-full size-full wp-image-14431\" alt=\"Lftraduction Agence De Traduction \u00e0 Paris\" srcset=\"https:\/\/i0.wp.com\/lftraduction.fr\/wp-content\/uploads\/2023\/10\/LFTraduction_Agence-de-traduction_05_2-copie.webp?w=1500&amp;ssl=1 1500w, https:\/\/i0.wp.com\/lftraduction.fr\/wp-content\/uploads\/2023\/10\/LFTraduction_Agence-de-traduction_05_2-copie.webp?resize=300%2C200&amp;ssl=1 300w, https:\/\/i0.wp.com\/lftraduction.fr\/wp-content\/uploads\/2023\/10\/LFTraduction_Agence-de-traduction_05_2-copie.webp?resize=1024%2C683&amp;ssl=1 1024w, https:\/\/i0.wp.com\/lftraduction.fr\/wp-content\/uploads\/2023\/10\/LFTraduction_Agence-de-traduction_05_2-copie.webp?resize=768%2C513&amp;ssl=1 768w\" sizes=\"(max-width: 800px) 100vw, 800px\" \/>\t\t\t\t\t\t\t\t\t\t\t\t\t\t\t<\/div>\n\t\t\t\t<\/div>\n\t\t\t\t\t<\/div>\n\t\t<\/div>\n\t\t\t\t\t<\/div>\n\t\t<\/section>\n\t\t\t\t<\/div>\n\t\t","protected":false},"excerpt":{"rendered":"<p>Traducimos y localizamos todos tus documentos legales, contratos, condiciones generales de venta, etc. a m\u00e1s de 50 idiomas. <\/p>\n","protected":false},"author":2,"featured_media":0,"parent":14443,"menu_order":0,"comment_status":"closed","ping_status":"closed","template":"","meta":{"footnotes":""},"class_list":["post-14651","page","type-page","status-publish","hentry"],"jetpack_sharing_enabled":true,"_links":{"self":[{"href":"https:\/\/lftraduction.fr\/es\/wp-json\/wp\/v2\/pages\/14651","targetHints":{"allow":["GET"]}}],"collection":[{"href":"https:\/\/lftraduction.fr\/es\/wp-json\/wp\/v2\/pages"}],"about":[{"href":"https:\/\/lftraduction.fr\/es\/wp-json\/wp\/v2\/types\/page"}],"author":[{"embeddable":true,"href":"https:\/\/lftraduction.fr\/es\/wp-json\/wp\/v2\/users\/2"}],"replies":[{"embeddable":true,"href":"https:\/\/lftraduction.fr\/es\/wp-json\/wp\/v2\/comments?post=14651"}],"version-history":[{"count":0,"href":"https:\/\/lftraduction.fr\/es\/wp-json\/wp\/v2\/pages\/14651\/revisions"}],"up":[{"embeddable":true,"href":"https:\/\/lftraduction.fr\/es\/wp-json\/wp\/v2\/pages\/14443"}],"wp:attachment":[{"href":"https:\/\/lftraduction.fr\/es\/wp-json\/wp\/v2\/media?parent=14651"}],"curies":[{"name":"wp","href":"https:\/\/api.w.org\/{rel}","templated":true}]}}