{"id":14631,"date":"2023-08-30T08:46:42","date_gmt":"2023-08-30T08:46:42","guid":{"rendered":"https:\/\/lftraduction.fr\/el-grupo-aft\/"},"modified":"2024-05-24T14:11:33","modified_gmt":"2024-05-24T14:11:33","slug":"el-grupo-aft","status":"publish","type":"page","link":"https:\/\/lftraduction.fr\/es\/el-grupo-aft\/","title":{"rendered":"El Grupo AFT"},"content":{"rendered":"\t\t<div data-elementor-type=\"wp-page\" data-elementor-id=\"14631\" class=\"elementor elementor-14631 elementor-2788\" data-elementor-post-type=\"page\">\n\t\t\t\t\t\t<section class=\"elementor-section elementor-top-section elementor-element elementor-element-fe78dc0 elementor-section-full_width elementor-section-height-default elementor-section-height-default\" data-id=\"fe78dc0\" data-element_type=\"section\" data-e-type=\"section\">\n\t\t\t\t\t\t<div class=\"elementor-container elementor-column-gap-no\">\n\t\t\t\t\t<div class=\"elementor-column elementor-col-100 elementor-top-column elementor-element elementor-element-f8b98e6\" data-id=\"f8b98e6\" data-element_type=\"column\" data-e-type=\"column\">\n\t\t\t<div class=\"elementor-widget-wrap elementor-element-populated\">\n\t\t\t\t\t\t<div class=\"elementor-element elementor-element-1569b6b elementor-invisible elementor-widget elementor-widget-image\" data-id=\"1569b6b\" data-element_type=\"widget\" data-e-type=\"widget\" data-settings=\"{&quot;_animation&quot;:&quot;fadeIn&quot;}\" data-widget_type=\"image.default\">\n\t\t\t\t<div class=\"elementor-widget-container\">\n\t\t\t\t\t\t\t\t\t\t\t\t\t\t\t<img fetchpriority=\"high\" width=\"999\" height=\"283\" src=\"https:\/\/i0.wp.com\/lftraduction.fr\/wp-content\/uploads\/2023\/08\/LogoAFTGroupe3.3-480w.png?fit=999%2C283&amp;ssl=1\" class=\"attachment-full size-full wp-image-14647\" alt=\"\" srcset=\"https:\/\/i0.wp.com\/lftraduction.fr\/wp-content\/uploads\/2023\/08\/LogoAFTGroupe3.3-480w.png?w=999&amp;ssl=1 999w, https:\/\/i0.wp.com\/lftraduction.fr\/wp-content\/uploads\/2023\/08\/LogoAFTGroupe3.3-480w.png?resize=300%2C85&amp;ssl=1 300w, https:\/\/i0.wp.com\/lftraduction.fr\/wp-content\/uploads\/2023\/08\/LogoAFTGroupe3.3-480w.png?resize=768%2C218&amp;ssl=1 768w\" sizes=\"(max-width: 800px) 100vw, 800px\" \/>\t\t\t\t\t\t\t\t\t\t\t\t\t\t\t<\/div>\n\t\t\t\t<\/div>\n\t\t\t\t<div class=\"elementor-element elementor-element-f642ac8 elementor-widget__width-initial elementor-widget elementor-widget-text-editor\" data-id=\"f642ac8\" data-element_type=\"widget\" data-e-type=\"widget\" data-widget_type=\"text-editor.default\">\n\t\t\t\t<div class=\"elementor-widget-container\">\n\t\t\t\t\t\t\t\t\t<p><span style=\"color: #000000;\"><span style=\"color: #000080;\"><a style=\"color: #000080;\" href=\"https:\/\/www.aftgroupe.fr\/\" rel=\"nofollow noopener\" target=\"_blank\">El Grupo AFT<\/a><\/span> re\u00fane a 5 agencias de traducci\u00f3n e interpretaci\u00f3n y un centro de formaci\u00f3n. Cada agencia est\u00e1 especializada en un campo concreto, por lo que podemos ayudarte en lo que necesites.<\/span><\/p>\n\t\t\t\t\t\t\t\t<\/div>\n\t\t\t\t<\/div>\n\t\t\t\t\t<\/div>\n\t\t<\/div>\n\t\t\t\t\t<\/div>\n\t\t<\/section>\n\t\t\t\t<section class=\"elementor-section elementor-top-section elementor-element elementor-element-2e2e2c8 elementor-section-boxed elementor-section-height-default elementor-section-height-default\" data-id=\"2e2e2c8\" data-element_type=\"section\" data-e-type=\"section\" data-settings=\"{&quot;background_background&quot;:&quot;classic&quot;}\">\n\t\t\t\t\t\t<div class=\"elementor-container elementor-column-gap-default\">\n\t\t\t\t\t<div class=\"elementor-column elementor-col-100 elementor-top-column elementor-element elementor-element-09d89f8\" data-id=\"09d89f8\" data-element_type=\"column\" data-e-type=\"column\">\n\t\t\t<div class=\"elementor-widget-wrap\">\n\t\t\t\t\t\t\t<\/div>\n\t\t<\/div>\n\t\t\t\t\t<\/div>\n\t\t<\/section>\n\t\t\t\t<\/div>\n\t\t","protected":false},"excerpt":{"rendered":"<p>El Grupo AFT re\u00fane a 5 agencias de traducci\u00f3n e interpretaci\u00f3n y un centro de formaci\u00f3n. Cada agencia est\u00e1 especializada en un campo concreto, por lo que podemos ayudarte en lo que necesites.<\/p>\n","protected":false},"author":1,"featured_media":0,"parent":0,"menu_order":0,"comment_status":"closed","ping_status":"closed","template":"","meta":{"footnotes":""},"class_list":["post-14631","page","type-page","status-publish","hentry"],"jetpack_sharing_enabled":true,"_links":{"self":[{"href":"https:\/\/lftraduction.fr\/es\/wp-json\/wp\/v2\/pages\/14631","targetHints":{"allow":["GET"]}}],"collection":[{"href":"https:\/\/lftraduction.fr\/es\/wp-json\/wp\/v2\/pages"}],"about":[{"href":"https:\/\/lftraduction.fr\/es\/wp-json\/wp\/v2\/types\/page"}],"author":[{"embeddable":true,"href":"https:\/\/lftraduction.fr\/es\/wp-json\/wp\/v2\/users\/1"}],"replies":[{"embeddable":true,"href":"https:\/\/lftraduction.fr\/es\/wp-json\/wp\/v2\/comments?post=14631"}],"version-history":[{"count":0,"href":"https:\/\/lftraduction.fr\/es\/wp-json\/wp\/v2\/pages\/14631\/revisions"}],"wp:attachment":[{"href":"https:\/\/lftraduction.fr\/es\/wp-json\/wp\/v2\/media?parent=14631"}],"curies":[{"name":"wp","href":"https:\/\/api.w.org\/{rel}","templated":true}]}}