{"id":14606,"date":"2023-06-15T15:20:33","date_gmt":"2023-06-15T15:20:33","guid":{"rendered":"https:\/\/lftraduction.fr\/agencia-de-traduccion-en-paris\/avisos-legales\/"},"modified":"2024-05-24T14:07:18","modified_gmt":"2024-05-24T14:07:18","slug":"avisos-legales","status":"publish","type":"page","link":"https:\/\/lftraduction.fr\/es\/agencia-de-traduccion-en-paris\/avisos-legales\/","title":{"rendered":"Avisos legales"},"content":{"rendered":"\t\t<div data-elementor-type=\"wp-page\" data-elementor-id=\"14606\" class=\"elementor elementor-14606 elementor-1637\" data-elementor-post-type=\"page\">\n\t\t\t\t\t\t<section class=\"elementor-section elementor-top-section elementor-element elementor-element-e2602ce elementor-section-full_width elementor-section-height-default elementor-section-height-default\" data-id=\"e2602ce\" data-element_type=\"section\" data-e-type=\"section\">\n\t\t\t\t\t\t<div class=\"elementor-container elementor-column-gap-no\">\n\t\t\t\t\t<div class=\"elementor-column elementor-col-100 elementor-top-column elementor-element elementor-element-36618f2\" data-id=\"36618f2\" data-element_type=\"column\" data-e-type=\"column\">\n\t\t\t<div class=\"elementor-widget-wrap elementor-element-populated\">\n\t\t\t\t\t\t<div class=\"elementor-element elementor-element-d839081 elementor-invisible elementor-widget elementor-widget-heading\" data-id=\"d839081\" data-element_type=\"widget\" data-e-type=\"widget\" data-settings=\"{&quot;_animation&quot;:&quot;fadeIn&quot;}\" data-widget_type=\"heading.default\">\n\t\t\t\t<div class=\"elementor-widget-container\">\n\t\t\t\t\t<h1 class=\"elementor-heading-title elementor-size-default\">Avisos legales<\/h1>\t\t\t\t<\/div>\n\t\t\t\t<\/div>\n\t\t\t\t\t<\/div>\n\t\t<\/div>\n\t\t\t\t\t<\/div>\n\t\t<\/section>\n\t\t\t\t<section class=\"elementor-section elementor-top-section elementor-element elementor-element-0fa3e3a elementor-section-full_width elementor-section-height-default elementor-section-height-default\" data-id=\"0fa3e3a\" data-element_type=\"section\" data-e-type=\"section\">\n\t\t\t\t\t\t<div class=\"elementor-container elementor-column-gap-default\">\n\t\t\t\t\t<div class=\"elementor-column elementor-col-100 elementor-top-column elementor-element elementor-element-8b5800e\" data-id=\"8b5800e\" data-element_type=\"column\" data-e-type=\"column\">\n\t\t\t<div class=\"elementor-widget-wrap elementor-element-populated\">\n\t\t\t\t\t\t<div class=\"elementor-element elementor-element-8abbf61 elementor-widget elementor-widget-heading\" data-id=\"8abbf61\" data-element_type=\"widget\" data-e-type=\"widget\" data-widget_type=\"heading.default\">\n\t\t\t\t<div class=\"elementor-widget-container\">\n\t\t\t\t\t<h2 class=\"elementor-heading-title elementor-size-default\">1 - Edici\u00f3n del sitio<\/h2>\t\t\t\t<\/div>\n\t\t\t\t<\/div>\n\t\t\t\t<div class=\"elementor-element elementor-element-502552a elementor-widget elementor-widget-text-editor\" data-id=\"502552a\" data-element_type=\"widget\" data-e-type=\"widget\" data-widget_type=\"text-editor.default\">\n\t\t\t\t<div class=\"elementor-widget-container\">\n\t\t\t\t\t\t\t\t\t<p>En aplicaci\u00f3n del <a href=\"https:\/\/www.legifrance.gouv.fr\/affichTexte.do?cidTexte=JORFTEXT000000801164#LEGIARTI000042038977\" target=\"_blank\" rel=\"noreferrer noopener nofollow\">art\u00edculo 6 de la Ley francesa n\u00ba 2004-575, de 21 de junio de 2004<\/a>, sobre la confianza en la econom\u00eda digital, los usuarios del sitio web <strong><span class=\"ff_dynamic_value\" data-ref=\"url\" data-fallback=\"\">https:\/\/lftraduction.fr\/<\/span><\/strong> la identidad de las distintas partes implicadas en su creaci\u00f3n y seguimiento:<\/p>\n<p><strong>Propietario del sitio: <\/strong><span class=\"ff_dynamic_value\" data-ref=\"nom_proprietaire\" data-fallback=\"\">Yanis Mohdeb<\/span> &#8211; Contacto: <span class=\"ff_dynamic_value\" data-ref=\"e_mail_contact\" data-fallback=\"\">contact@lftraduction.fr &#8211; <\/span> <span class=\"ff_dynamic_value\" data-ref=\"telephone\" data-fallback=\"\">+33 1 78 91 02 42<\/span> &#8211; Direcci\u00f3n: <span class=\"ff_dynamic_value\" data-ref=\"adresse_postale\" data-fallback=\"\">8 Rue du Colis\u00e9e, 75008 Par\u00eds &#8211; Francia<\/span>.<\/p>\n<p><strong>Identificaci\u00f3n de la empresa:<\/strong> <span class=\"ff_dynamic_value\" data-ref=\"nom_proprietaire\" data-fallback=\"\">LFTraduction &#8211;<\/span> SIREN: <span class=\"ff_dynamic_value\" data-ref=\"siren\" data-fallback=\"\">953 197 621<\/span> &#8211; Direcci\u00f3n postal: <span class=\"ff_dynamic_value\" data-ref=\"adresse_postale\" data-fallback=\"\">8 Rue du Colis\u00e9e, 75008 Par\u00eds &#8211; Francia &#8211;<\/span> <\/p>\n<p><strong>Propietario:<\/strong> <span class=\"ff_dynamic_value\" data-ref=\"hebergeur\" data-fallback=\"\">1&amp;1 \/ IONOS &#8211; 7 Place de la Gare &#8211; 57200 Sarreguemines &#8211; Francia &#8211; Tel\u00e9fono: +33.9.70.80.89.11<\/span><\/p>\n<p><strong>Responsable de protecci\u00f3n de datos: <\/strong><span class=\"ff_dynamic_value\" data-ref=\"dpo\" data-fallback=\"\">Yanis Mohdeb<\/span> &#8211; <span class=\"ff_dynamic_value\" data-ref=\"contact_dpo\" data-fallback=\"\">contact@lftraduction.fr<\/span><\/p>\n\t\t\t\t\t\t\t\t<\/div>\n\t\t\t\t<\/div>\n\t\t\t\t<div class=\"elementor-element elementor-element-4b52692 elementor-widget elementor-widget-heading\" data-id=\"4b52692\" data-element_type=\"widget\" data-e-type=\"widget\" data-widget_type=\"heading.default\">\n\t\t\t\t<div class=\"elementor-widget-container\">\n\t\t\t\t\t<h2 class=\"elementor-heading-title elementor-size-default\">2 - Propiedad intelectual y falsificaci\u00f3n.<\/h2>\t\t\t\t<\/div>\n\t\t\t\t<\/div>\n\t\t\t\t<div class=\"elementor-element elementor-element-97aaf51 elementor-widget elementor-widget-text-editor\" data-id=\"97aaf51\" data-element_type=\"widget\" data-e-type=\"widget\" data-widget_type=\"text-editor.default\">\n\t\t\t\t<div class=\"elementor-widget-container\">\n\t\t\t\t\t\t\t\t\t<p><strong><span class=\"ff_dynamic_value\" data-ref=\"nom_proprietaire\" data-fallback=\"\">Yanis Mohdeb<\/span><\/strong> es el titular de los derechos de propiedad intelectual y posee los derechos de uso sobre todos los elementos accesibles en el sitio web, en particular los textos, im\u00e1genes, gr\u00e1ficos, logotipos, v\u00eddeos, arquitectura, iconos y sonidos.<\/p>\n<p>Toda reproducci\u00f3n, representaci\u00f3n, modificaci\u00f3n, publicaci\u00f3n, adaptaci\u00f3n de la totalidad o parte de los elementos del sitio, cualesquiera que sean los medios o procedimientos utilizados, est\u00e1 prohibida, salvo autorizaci\u00f3n previa por escrito de <strong><span class=\"ff_dynamic_value\" data-ref=\"nom_proprietaire\" data-fallback=\"\">Yanis Mohdeb<\/span><\/strong>.<\/p>\n<p>Cualquier uso no autorizado del sitio o de cualquiera de los elementos que contiene se considerar\u00e1 constitutivo de infracci\u00f3n y ser\u00e1 perseguido de conformidad con las disposiciones de los art\u00edculos <a href=\"https:\/\/www.legifrance.gouv.fr\/affichCodeArticle.do?idArticle=LEGIARTI000032655082&amp;cidTexte=LEGITEXT000006069414&amp;dateTexte=20160605\" target=\"_blank\" rel=\"noreferrer nofollow noopener\">L.335-2 y siguientes del C\u00f3digo franc\u00e9s de la Propiedad Intelectual<\/a>.<\/p>\n\t\t\t\t\t\t\t\t<\/div>\n\t\t\t\t<\/div>\n\t\t\t\t<div class=\"elementor-element elementor-element-311e17d elementor-widget elementor-widget-heading\" data-id=\"311e17d\" data-element_type=\"widget\" data-e-type=\"widget\" data-widget_type=\"heading.default\">\n\t\t\t\t<div class=\"elementor-widget-container\">\n\t\t\t\t\t<h2 class=\"elementor-heading-title elementor-size-default\">3 - Limitaciones de responsabilidad.\n<\/h2>\t\t\t\t<\/div>\n\t\t\t\t<\/div>\n\t\t\t\t<div class=\"elementor-element elementor-element-d852f0f elementor-widget elementor-widget-text-editor\" data-id=\"d852f0f\" data-element_type=\"widget\" data-e-type=\"widget\" data-widget_type=\"text-editor.default\">\n\t\t\t\t<div class=\"elementor-widget-container\">\n\t\t\t\t\t\t\t\t\t<p><strong><span class=\"ff_dynamic_value\" data-ref=\"nom_proprietaire\" data-fallback=\"\">Yanis Mohdeb<\/span><\/strong> no se hace responsable de los da\u00f1os directos o indirectos causados al equipo del usuario al acceder al sitio <strong><span class=\"ff_dynamic_value\" data-ref=\"url\" data-fallback=\"\">https:\/\/lftraduction.fr\/<\/span><\/strong>.<\/p>\n<p><strong><span class=\"ff_dynamic_value\" data-ref=\"nom_proprietaire\" data-fallback=\"\">Yanis Mohdeb<\/span><\/strong> declina toda responsabilidad por el uso que pueda hacerse de la informaci\u00f3n y contenidos presentes en <strong><span class=\"ff_dynamic_value\" data-ref=\"url\" data-fallback=\"\">https:\/\/lftraduction.fr\/<\/span><\/strong>.<\/p>\n<p><strong><span class=\"ff_dynamic_value\" data-ref=\"nom_proprietaire\" data-fallback=\"\">Yanis Mohdeb<\/span><\/strong> se compromete a hacer que el sitio sea lo m\u00e1s seguro posible <strong><span class=\"ff_dynamic_value\" data-ref=\"url\" data-fallback=\"\">https:\/\/lftraduction.fr\/<\/span><\/strong>Sin embargo, no se le puede considerar responsable si se importan e instalan datos no deseados en su sitio sin su conocimiento.<\/p>\n<p>Los usuarios disponen de espacios interactivos (espacio de contacto o comentarios). <strong><span class=\"ff_dynamic_value\" data-ref=\"nom_proprietaire\" data-fallback=\"\">Yanis Mohdeb<\/span><\/strong> se reserva el derecho de eliminar, sin previo aviso, cualquier contenido publicado en este espacio que contravenga la legislaci\u00f3n aplicable en Francia, en particular las disposiciones relativas a la protecci\u00f3n de datos.<\/p>\n<p>Si procede, <strong><span class=\"ff_dynamic_value\" data-ref=\"nom_proprietaire\" data-fallback=\"\">Yanis Mohdeb<\/span><\/strong> tambi\u00e9n se reserva el derecho de exigir responsabilidades civiles y\/o penales al usuario, especialmente en caso de mensajes de car\u00e1cter racista, insultante, difamatorio o pornogr\u00e1fico, independientemente del medio utilizado (texto, fotograf\u00edas, etc.).<\/p>\n\t\t\t\t\t\t\t\t<\/div>\n\t\t\t\t<\/div>\n\t\t\t\t<div class=\"elementor-element elementor-element-9ed704e elementor-widget elementor-widget-heading\" data-id=\"9ed704e\" data-element_type=\"widget\" data-e-type=\"widget\" data-widget_type=\"heading.default\">\n\t\t\t\t<div class=\"elementor-widget-container\">\n\t\t\t\t\t<h2 class=\"elementor-heading-title elementor-size-default\">4 - La CNIL (Comisi\u00f3n Nacional de Inform\u00e1tica y de las Libertades) y la gesti\u00f3n de datos personales.\n<\/h2>\t\t\t\t<\/div>\n\t\t\t\t<\/div>\n\t\t\t\t<div class=\"elementor-element elementor-element-5f79fc3 elementor-widget elementor-widget-text-editor\" data-id=\"5f79fc3\" data-element_type=\"widget\" data-e-type=\"widget\" data-widget_type=\"text-editor.default\">\n\t\t\t\t<div class=\"elementor-widget-container\">\n\t\t\t\t\t\t\t\t\t<p>De conformidad con las disposiciones de <a href=\"https:\/\/www.legifrance.gouv.fr\/affichTexte.do?cidTexte=JORFTEXT000000886460\" target=\"_blank\" rel=\"noreferrer nofollow noopener\">la Ley francesa 78-17 de 6 de enero de 1978 modificada<\/a>, los usuarios del sitio <strong><span class=\"ff_dynamic_value\" data-ref=\"url\" data-fallback=\"\">https:\/\/lftraduction.fr\/<\/span><\/strong> dispone de un derecho de acceso, modificaci\u00f3n y supresi\u00f3n de los datos recogidos. Para ejercer este derecho, env\u00eda un mensaje a nuestro Responsable de Protecci\u00f3n de Datos: <strong><span class=\"ff_dynamic_value\" data-ref=\"dpo\" data-fallback=\"\">Yanis Mohdeb<\/span><\/strong> &#8211; <strong><span class=\"ff_dynamic_value\" data-ref=\"contact_dpo\" data-fallback=\"\">contact@lftraduction.fr<\/span><\/strong>.<\/p>\n<p>Para m\u00e1s informaci\u00f3n sobre c\u00f3mo procesamos tus datos (tipo de datos, finalidad, destinatario, etc.), lee nuestra pol\u00edtica de privacidad. <a href=\"https:\/\/lftraduction.fr\/politique-de-confidentialite\/\"><strong><span class=\"ff_dynamic_value\" data-ref=\"politique_confidentialite\" data-fallback=\"\">https:\/\/lftraduction.fr\/politique-de-confidentialite<\/span><\/strong><\/a>. <\/p>\n\t\t\t\t\t\t\t\t<\/div>\n\t\t\t\t<\/div>\n\t\t\t\t<div class=\"elementor-element elementor-element-8985dc9 elementor-widget elementor-widget-heading\" data-id=\"8985dc9\" data-element_type=\"widget\" data-e-type=\"widget\" data-widget_type=\"heading.default\">\n\t\t\t\t<div class=\"elementor-widget-container\">\n\t\t\t\t\t<h2 class=\"elementor-heading-title elementor-size-default\">5 - Hiperv\u00ednculos y cookies<\/h2>\t\t\t\t<\/div>\n\t\t\t\t<\/div>\n\t\t\t\t<div class=\"elementor-element elementor-element-f96de05 elementor-widget elementor-widget-text-editor\" data-id=\"f96de05\" data-element_type=\"widget\" data-e-type=\"widget\" data-widget_type=\"text-editor.default\">\n\t\t\t\t<div class=\"elementor-widget-container\">\n\t\t\t\t\t\t\t\t\t<p>El sitio web <strong><span class=\"ff_dynamic_value\" data-ref=\"url\" data-fallback=\"\">https:\/\/lftraduction.fr\/<\/span><\/strong> contiene hiperv\u00ednculos a otros sitios y no acepta ninguna responsabilidad por estos enlaces externos ni por los enlaces creados por otros sitios a <strong><span class=\"ff_dynamic_value\" data-ref=\"url\" data-fallback=\"\">https:\/\/lftraduction.fr\/<\/span><\/strong>.<\/p>\n<p>Navegando por el sitio <strong><span class=\"ff_dynamic_value\" data-ref=\"url\" data-fallback=\"\">https:\/\/lftraduction.fr\/<\/span><\/strong> puede provocar la instalaci\u00f3n de cookies en el ordenador del usuario.<\/p>\n<p>Una &#8220;cookie&#8221; es un peque\u00f1o archivo que registra informaci\u00f3n sobre la navegaci\u00f3n de un usuario en un sitio. Los datos obtenidos de este modo pueden utilizarse para medir el n\u00famero de visitantes, por ejemplo.<\/p>\n<p>Puedes <strong>aceptar o rechazar las cookies<\/strong> modificando la configuraci\u00f3n de tu navegador. No se depositar\u00e1 ninguna cookie sin tu consentimiento.<\/p>\n<p>Las cookies se guardan por un periodo m\u00e1ximo de <span class=\"ff_dynamic_value\" data-ref=\"cookies\" data-fallback=\"\">6<\/span> meses.<\/p>\n<p>Para obtener m\u00e1s informaci\u00f3n sobre c\u00f3mo utilizamos las cookies, lee nuestro <a href=\"https:\/\/lftraduction.fr\/politique-de-confidentialite\/\"><strong><span class=\"ff_dynamic_value\" data-ref=\"politique_confidentialite\" data-fallback=\"\">https:\/\/lftraduction.fr\/politique-de-confidentialite<\/span><\/strong><\/a>.<\/p>\n\t\t\t\t\t\t\t\t<\/div>\n\t\t\t\t<\/div>\n\t\t\t\t<div class=\"elementor-element elementor-element-0471b6e elementor-widget elementor-widget-heading\" data-id=\"0471b6e\" data-element_type=\"widget\" data-e-type=\"widget\" data-widget_type=\"heading.default\">\n\t\t\t\t<div class=\"elementor-widget-container\">\n\t\t\t\t\t<h2 class=\"elementor-heading-title elementor-size-default\">6 - Ley aplicable y jurisdicci\u00f3n.<\/h2>\t\t\t\t<\/div>\n\t\t\t\t<\/div>\n\t\t\t\t<div class=\"elementor-element elementor-element-4a60096 elementor-widget elementor-widget-text-editor\" data-id=\"4a60096\" data-element_type=\"widget\" data-e-type=\"widget\" data-widget_type=\"text-editor.default\">\n\t\t\t\t<div class=\"elementor-widget-container\">\n\t\t\t\t\t\t\t\t\t<p>Cualquier disputa relacionada con el uso del sitio <strong><span class=\"ff_dynamic_value\" data-ref=\"url\" data-fallback=\"\">https:\/\/lftraduction.fr\/<\/span><\/strong> est\u00e1 sujeto a la legislaci\u00f3n francesa. Salvo en los casos en que la ley no lo permita, la competencia exclusiva corresponde a los tribunales competentes de <strong><span class=\"ff_dynamic_value\" data-ref=\"ville_du_tribunal\" data-fallback=\"\">Toulouse<\/span><\/strong>.<\/p>\n\t\t\t\t\t\t\t\t<\/div>\n\t\t\t\t<\/div>\n\t\t\t\t\t<\/div>\n\t\t<\/div>\n\t\t\t\t\t<\/div>\n\t\t<\/section>\n\t\t\t\t<\/div>\n\t\t","protected":false},"excerpt":{"rendered":"<p>Avisos legales 1 &#8211; Edici\u00f3n del sitio En aplicaci\u00f3n del art\u00edculo 6 de la Ley francesa n\u00ba 2004-575, de 21 de junio de 2004, sobre la confianza en la econom\u00eda digital, los usuarios del sitio web https:\/\/lftraduction.fr\/ la identidad de las distintas partes implicadas en su creaci\u00f3n y seguimiento: Propietario del sitio: Yanis Mohdeb &#8211; [&hellip;]<\/p>\n","protected":false},"author":1,"featured_media":0,"parent":14382,"menu_order":0,"comment_status":"closed","ping_status":"closed","template":"","meta":{"footnotes":""},"class_list":["post-14606","page","type-page","status-publish","hentry"],"jetpack_sharing_enabled":true,"_links":{"self":[{"href":"https:\/\/lftraduction.fr\/es\/wp-json\/wp\/v2\/pages\/14606","targetHints":{"allow":["GET"]}}],"collection":[{"href":"https:\/\/lftraduction.fr\/es\/wp-json\/wp\/v2\/pages"}],"about":[{"href":"https:\/\/lftraduction.fr\/es\/wp-json\/wp\/v2\/types\/page"}],"author":[{"embeddable":true,"href":"https:\/\/lftraduction.fr\/es\/wp-json\/wp\/v2\/users\/1"}],"replies":[{"embeddable":true,"href":"https:\/\/lftraduction.fr\/es\/wp-json\/wp\/v2\/comments?post=14606"}],"version-history":[{"count":0,"href":"https:\/\/lftraduction.fr\/es\/wp-json\/wp\/v2\/pages\/14606\/revisions"}],"up":[{"embeddable":true,"href":"https:\/\/lftraduction.fr\/es\/wp-json\/wp\/v2\/pages\/14382"}],"wp:attachment":[{"href":"https:\/\/lftraduction.fr\/es\/wp-json\/wp\/v2\/media?parent=14606"}],"curies":[{"name":"wp","href":"https:\/\/api.w.org\/{rel}","templated":true}]}}