{"id":14594,"date":"2023-06-11T20:50:43","date_gmt":"2023-06-11T20:50:43","guid":{"rendered":"https:\/\/lftraduction.fr\/servicios-de-traduccion-al-italiano\/"},"modified":"2024-05-24T13:44:09","modified_gmt":"2024-05-24T13:44:09","slug":"servicios-de-traduccion-al-italiano","status":"publish","type":"page","link":"https:\/\/lftraduction.fr\/es\/servicios-de-traduccion-al-italiano\/","title":{"rendered":"Servicios de traducci\u00f3n al italiano"},"content":{"rendered":"\t\t<div data-elementor-type=\"wp-page\" data-elementor-id=\"14594\" class=\"elementor elementor-14594 elementor-1160\" data-elementor-post-type=\"page\">\n\t\t\t\t\t\t<section class=\"elementor-section elementor-top-section elementor-element elementor-element-e1e701a elementor-section-full_width elementor-section-height-default elementor-section-height-default\" data-id=\"e1e701a\" data-element_type=\"section\" data-e-type=\"section\">\n\t\t\t\t\t\t<div class=\"elementor-container elementor-column-gap-no\">\n\t\t\t\t\t<div class=\"elementor-column elementor-col-100 elementor-top-column elementor-element elementor-element-53c1804\" data-id=\"53c1804\" data-element_type=\"column\" data-e-type=\"column\">\n\t\t\t<div class=\"elementor-widget-wrap elementor-element-populated\">\n\t\t\t\t\t\t<div class=\"elementor-element elementor-element-1eb9975 elementor-invisible elementor-widget elementor-widget-heading\" data-id=\"1eb9975\" data-element_type=\"widget\" data-e-type=\"widget\" data-settings=\"{&quot;_animation&quot;:&quot;fadeIn&quot;}\" data-widget_type=\"heading.default\">\n\t\t\t\t<div class=\"elementor-widget-container\">\n\t\t\t\t\t<h1 class=\"elementor-heading-title elementor-size-default\">Traducci\u00f3n <span style=\"color:#F4A41E\"> al italiano<\/span><\/h1>\t\t\t\t<\/div>\n\t\t\t\t<\/div>\n\t\t\t\t\t<\/div>\n\t\t<\/div>\n\t\t\t\t\t<\/div>\n\t\t<\/section>\n\t\t\t\t<section class=\"elementor-section elementor-top-section elementor-element elementor-element-599cd12 elementor-section-content-middle elementor-section-full_width elementor-section-height-default elementor-section-height-default\" data-id=\"599cd12\" data-element_type=\"section\" data-e-type=\"section\">\n\t\t\t\t\t\t<div class=\"elementor-container elementor-column-gap-no\">\n\t\t\t\t\t<div class=\"elementor-column elementor-col-50 elementor-top-column elementor-element elementor-element-a4b5212\" data-id=\"a4b5212\" data-element_type=\"column\" data-e-type=\"column\">\n\t\t\t<div class=\"elementor-widget-wrap elementor-element-populated\">\n\t\t\t\t\t\t<div class=\"elementor-element elementor-element-83f900f elementor-widget elementor-widget-text-editor\" data-id=\"83f900f\" data-element_type=\"widget\" data-e-type=\"widget\" data-widget_type=\"text-editor.default\">\n\t\t\t\t<div class=\"elementor-widget-container\">\n\t\t\t\t\t\t\t\t\t<p class=\"p1\">El italiano es conocido por ser una de las lenguas m\u00e1s bellas y melodiosas del mundo. Originario del lat\u00edn vulgar, el italiano se ha desarrollado a lo largo de los siglos incorporando influencias del griego, el \u00e1rabe y otras lenguas. Hoy en d\u00eda, millones de personas hablan italiano en todo el mundo y se considera una lengua de cultura, arte y gastronom\u00eda.<\/p>\n<p class=\"p1\">Una caracter\u00edstica interesante del italiano es su rica historia literaria. Autores como Dante Alighieri, Petrarca y Boccaccio dejaron una huella indeleble en la literatura italiana y contribuyeron al renombre internacional de la lengua. El italiano tambi\u00e9n est\u00e1 estrechamente vinculado a la \u00f3pera, ya que compositores como Verdi y Puccini crearon obras maestras musicales cantadas en italiano.<\/p>\n<p class=\"p1\">Un hecho hist\u00f3rico fascinante sobre el italiano es su papel en el Renacimiento. En el siglo XIV, el italiano toscano se convirti\u00f3 en la lengua de la cultura y el arte en Europa. Las obras de Leonardo da Vinci, Miguel \u00c1ngel y Rafael contribuyeron al surgimiento del italiano como lengua internacional de arte y pensamiento.<\/p>\n<p class=\"p1\">En La Fran\u00e7aise de la Traduction somos conscientes de la importancia de ofrecer traducciones al italiano precisas y de calidad. Nuestros traductores especializados son nativos de italiano y conocen a fondo la cultura y las sutilezas de la lengua. Si necesitas traducir documentos jur\u00eddicos, manuales t\u00e9cnicos o contenidos de marketing, estamos aqu\u00ed para ayudarte.<\/p>\n<p class=\"p1\">Ponte en contacto con nosotros hoy mismo para obtener un presupuesto gratuito para tus proyectos de traducci\u00f3n al italiano.<\/p>\n\t\t\t\t\t\t\t\t<\/div>\n\t\t\t\t<\/div>\n\t\t\t\t\t<\/div>\n\t\t<\/div>\n\t\t\t\t<div class=\"elementor-column elementor-col-50 elementor-top-column elementor-element elementor-element-9d4f7d7\" data-id=\"9d4f7d7\" data-element_type=\"column\" data-e-type=\"column\">\n\t\t\t<div class=\"elementor-widget-wrap elementor-element-populated\">\n\t\t\t\t\t\t<div class=\"elementor-element elementor-element-8387401 elementor-widget elementor-widget-image\" data-id=\"8387401\" data-element_type=\"widget\" data-e-type=\"widget\" data-widget_type=\"image.default\">\n\t\t\t\t<div class=\"elementor-widget-container\">\n\t\t\t\t\t\t\t\t\t\t\t\t\t\t\t<img fetchpriority=\"high\" width=\"683\" height=\"1024\" src=\"https:\/\/i0.wp.com\/lftraduction.fr\/wp-content\/uploads\/2023\/10\/LFTraduction_Agence-de-traduction_Paris_01_1.webp?fit=683%2C1024&amp;ssl=1\" class=\"attachment-large size-large wp-image-14605\" alt=\"\" srcset=\"https:\/\/i0.wp.com\/lftraduction.fr\/wp-content\/uploads\/2023\/10\/LFTraduction_Agence-de-traduction_Paris_01_1.webp?w=1000&amp;ssl=1 1000w, https:\/\/i0.wp.com\/lftraduction.fr\/wp-content\/uploads\/2023\/10\/LFTraduction_Agence-de-traduction_Paris_01_1.webp?resize=200%2C300&amp;ssl=1 200w, https:\/\/i0.wp.com\/lftraduction.fr\/wp-content\/uploads\/2023\/10\/LFTraduction_Agence-de-traduction_Paris_01_1.webp?resize=683%2C1024&amp;ssl=1 683w, https:\/\/i0.wp.com\/lftraduction.fr\/wp-content\/uploads\/2023\/10\/LFTraduction_Agence-de-traduction_Paris_01_1.webp?resize=768%2C1152&amp;ssl=1 768w\" sizes=\"(max-width: 683px) 100vw, 683px\" \/>\t\t\t\t\t\t\t\t\t\t\t\t\t\t\t<\/div>\n\t\t\t\t<\/div>\n\t\t\t\t\t<\/div>\n\t\t<\/div>\n\t\t\t\t\t<\/div>\n\t\t<\/section>\n\t\t\t\t<section class=\"elementor-section elementor-top-section elementor-element elementor-element-8355aa9 elementor-section-full_width elementor-section-height-default elementor-section-height-default\" data-id=\"8355aa9\" data-element_type=\"section\" data-e-type=\"section\" data-settings=\"{&quot;background_background&quot;:&quot;classic&quot;}\">\n\t\t\t\t\t\t<div class=\"elementor-container elementor-column-gap-no\">\n\t\t\t\t\t<div class=\"elementor-column elementor-col-50 elementor-top-column elementor-element elementor-element-3bb178a\" data-id=\"3bb178a\" data-element_type=\"column\" data-e-type=\"column\">\n\t\t\t<div class=\"elementor-widget-wrap elementor-element-populated\">\n\t\t\t\t\t\t<div class=\"elementor-element elementor-element-2fbeb92 elementor-invisible elementor-widget elementor-widget-heading\" data-id=\"2fbeb92\" data-element_type=\"widget\" data-e-type=\"widget\" data-settings=\"{&quot;_animation&quot;:&quot;fadeIn&quot;}\" data-widget_type=\"heading.default\">\n\t\t\t\t<div class=\"elementor-widget-container\">\n\t\t\t\t\t<h2 class=\"elementor-heading-title elementor-size-default\">Solicitar presupuesto<\/h2>\t\t\t\t<\/div>\n\t\t\t\t<\/div>\n\t\t\t\t<div class=\"elementor-element elementor-element-0bc5603 elementor-widget__width-initial elementor-widget elementor-widget-text-editor\" data-id=\"0bc5603\" data-element_type=\"widget\" data-e-type=\"widget\" data-widget_type=\"text-editor.default\">\n\t\t\t\t<div class=\"elementor-widget-container\">\n\t\t\t\t\t\t\t\t\t<p><strong>Ponte en contacto con nuestro equipo<\/strong> y te daremos la respuesta que necesitas lo antes <strong>posible <\/strong>. <\/p>\n\t\t\t\t\t\t\t\t<\/div>\n\t\t\t\t<\/div>\n\t\t\t\t<div class=\"elementor-element elementor-element-1dc0307 elementor-align-left elementor-mobile-align-center elementor-widget elementor-widget-button\" data-id=\"1dc0307\" data-element_type=\"widget\" data-e-type=\"widget\" data-widget_type=\"button.default\">\n\t\t\t\t<div class=\"elementor-widget-container\">\n\t\t\t\t\t\t\t\t\t<div class=\"elementor-button-wrapper\">\n\t\t\t\t\t<a class=\"elementor-button elementor-button-link elementor-size-sm\" href=\"#elementor-action%3Aaction%3Dpopup%3Aopen%26settings%3DeyJpZCI6NDM4MiwidG9nZ2xlIjpmYWxzZX0%3D\">\n\t\t\t\t\t\t<span class=\"elementor-button-content-wrapper\">\n\t\t\t\t\t\t<span class=\"elementor-button-icon\">\n\t\t\t\t<i aria-hidden=\"true\" class=\"icon icon-arrow-right\"><\/i>\t\t\t<\/span>\n\t\t\t\t\t\t\t\t\t<span class=\"elementor-button-text\">Presupuesto en menos de una hora<\/span>\n\t\t\t\t\t<\/span>\n\t\t\t\t\t<\/a>\n\t\t\t\t<\/div>\n\t\t\t\t\t\t\t\t<\/div>\n\t\t\t\t<\/div>\n\t\t\t\t\t<\/div>\n\t\t<\/div>\n\t\t\t\t<div class=\"elementor-column elementor-col-50 elementor-top-column elementor-element elementor-element-e2e49fe\" data-id=\"e2e49fe\" data-element_type=\"column\" data-e-type=\"column\">\n\t\t\t<div class=\"elementor-widget-wrap elementor-element-populated\">\n\t\t\t\t\t\t<div class=\"elementor-element elementor-element-ebfd302 elementor-widget elementor-widget-image\" data-id=\"ebfd302\" data-element_type=\"widget\" data-e-type=\"widget\" data-widget_type=\"image.default\">\n\t\t\t\t<div class=\"elementor-widget-container\">\n\t\t\t\t\t\t\t\t\t\t\t\t\t\t\t<img width=\"1500\" height=\"1001\" src=\"https:\/\/i0.wp.com\/lftraduction.fr\/wp-content\/uploads\/2023\/10\/LFTraduction_Agence-de-traduction_05_2-copie.webp?fit=1500%2C1001&amp;ssl=1\" class=\"attachment-full size-full wp-image-14431\" alt=\"Lftraduction Agence De Traduction \u00e0 Paris\" srcset=\"https:\/\/i0.wp.com\/lftraduction.fr\/wp-content\/uploads\/2023\/10\/LFTraduction_Agence-de-traduction_05_2-copie.webp?w=1500&amp;ssl=1 1500w, https:\/\/i0.wp.com\/lftraduction.fr\/wp-content\/uploads\/2023\/10\/LFTraduction_Agence-de-traduction_05_2-copie.webp?resize=300%2C200&amp;ssl=1 300w, https:\/\/i0.wp.com\/lftraduction.fr\/wp-content\/uploads\/2023\/10\/LFTraduction_Agence-de-traduction_05_2-copie.webp?resize=1024%2C683&amp;ssl=1 1024w, https:\/\/i0.wp.com\/lftraduction.fr\/wp-content\/uploads\/2023\/10\/LFTraduction_Agence-de-traduction_05_2-copie.webp?resize=768%2C513&amp;ssl=1 768w\" sizes=\"(max-width: 800px) 100vw, 800px\" \/>\t\t\t\t\t\t\t\t\t\t\t\t\t\t\t<\/div>\n\t\t\t\t<\/div>\n\t\t\t\t\t<\/div>\n\t\t<\/div>\n\t\t\t\t\t<\/div>\n\t\t<\/section>\n\t\t\t\t<\/div>\n\t\t","protected":false},"excerpt":{"rendered":"<p>Traducci\u00f3n al italiano El italiano es conocido por ser una de las lenguas m\u00e1s bellas y melodiosas del mundo. Originario del lat\u00edn vulgar, el italiano se ha desarrollado a lo largo de los siglos incorporando influencias del griego, el \u00e1rabe y otras lenguas. Hoy en d\u00eda, millones de personas hablan italiano en todo el mundo [&hellip;]<\/p>\n","protected":false},"author":1,"featured_media":0,"parent":0,"menu_order":0,"comment_status":"closed","ping_status":"closed","template":"","meta":{"footnotes":""},"class_list":["post-14594","page","type-page","status-publish","hentry"],"jetpack_sharing_enabled":true,"_links":{"self":[{"href":"https:\/\/lftraduction.fr\/es\/wp-json\/wp\/v2\/pages\/14594","targetHints":{"allow":["GET"]}}],"collection":[{"href":"https:\/\/lftraduction.fr\/es\/wp-json\/wp\/v2\/pages"}],"about":[{"href":"https:\/\/lftraduction.fr\/es\/wp-json\/wp\/v2\/types\/page"}],"author":[{"embeddable":true,"href":"https:\/\/lftraduction.fr\/es\/wp-json\/wp\/v2\/users\/1"}],"replies":[{"embeddable":true,"href":"https:\/\/lftraduction.fr\/es\/wp-json\/wp\/v2\/comments?post=14594"}],"version-history":[{"count":0,"href":"https:\/\/lftraduction.fr\/es\/wp-json\/wp\/v2\/pages\/14594\/revisions"}],"wp:attachment":[{"href":"https:\/\/lftraduction.fr\/es\/wp-json\/wp\/v2\/media?parent=14594"}],"curies":[{"name":"wp","href":"https:\/\/api.w.org\/{rel}","templated":true}]}}