{"id":13106,"date":"2023-06-15T15:20:33","date_gmt":"2023-06-15T15:20:33","guid":{"rendered":"https:\/\/lftraduction.fr\/uebersetzungsagentur-in-paris\/rechtliche-hinweise\/"},"modified":"2024-04-03T14:03:07","modified_gmt":"2024-04-03T14:03:07","slug":"rechtliche-hinweise","status":"publish","type":"page","link":"https:\/\/lftraduction.fr\/de\/uebersetzungsagentur-in-paris\/rechtliche-hinweise\/","title":{"rendered":"Rechtliche Hinweise"},"content":{"rendered":"\t\t<div data-elementor-type=\"wp-page\" data-elementor-id=\"13106\" class=\"elementor elementor-13106 elementor-1637\" data-elementor-post-type=\"page\">\n\t\t\t\t\t\t<section class=\"elementor-section elementor-top-section elementor-element elementor-element-e2602ce elementor-section-full_width elementor-section-height-default elementor-section-height-default\" data-id=\"e2602ce\" data-element_type=\"section\" data-e-type=\"section\">\n\t\t\t\t\t\t<div class=\"elementor-container elementor-column-gap-no\">\n\t\t\t\t\t<div class=\"elementor-column elementor-col-100 elementor-top-column elementor-element elementor-element-36618f2\" data-id=\"36618f2\" data-element_type=\"column\" data-e-type=\"column\">\n\t\t\t<div class=\"elementor-widget-wrap elementor-element-populated\">\n\t\t\t\t\t\t<div class=\"elementor-element elementor-element-d839081 elementor-invisible elementor-widget elementor-widget-heading\" data-id=\"d839081\" data-element_type=\"widget\" data-e-type=\"widget\" data-settings=\"{&quot;_animation&quot;:&quot;fadeIn&quot;}\" data-widget_type=\"heading.default\">\n\t\t\t\t<div class=\"elementor-widget-container\">\n\t\t\t\t\t<h1 class=\"elementor-heading-title elementor-size-default\">Rechtliche Hinweise<\/h1>\t\t\t\t<\/div>\n\t\t\t\t<\/div>\n\t\t\t\t\t<\/div>\n\t\t<\/div>\n\t\t\t\t\t<\/div>\n\t\t<\/section>\n\t\t\t\t<section class=\"elementor-section elementor-top-section elementor-element elementor-element-0fa3e3a elementor-section-full_width elementor-section-height-default elementor-section-height-default\" data-id=\"0fa3e3a\" data-element_type=\"section\" data-e-type=\"section\">\n\t\t\t\t\t\t<div class=\"elementor-container elementor-column-gap-default\">\n\t\t\t\t\t<div class=\"elementor-column elementor-col-100 elementor-top-column elementor-element elementor-element-8b5800e\" data-id=\"8b5800e\" data-element_type=\"column\" data-e-type=\"column\">\n\t\t\t<div class=\"elementor-widget-wrap elementor-element-populated\">\n\t\t\t\t\t\t<div class=\"elementor-element elementor-element-8abbf61 elementor-widget elementor-widget-heading\" data-id=\"8abbf61\" data-element_type=\"widget\" data-e-type=\"widget\" data-widget_type=\"heading.default\">\n\t\t\t\t<div class=\"elementor-widget-container\">\n\t\t\t\t\t<h2 class=\"elementor-heading-title elementor-size-default\">1 - Herausgabe der Website<\/h2>\t\t\t\t<\/div>\n\t\t\t\t<\/div>\n\t\t\t\t<div class=\"elementor-element elementor-element-502552a elementor-widget elementor-widget-text-editor\" data-id=\"502552a\" data-element_type=\"widget\" data-e-type=\"widget\" data-widget_type=\"text-editor.default\">\n\t\t\t\t<div class=\"elementor-widget-container\">\n\t\t\t\t\t\t\t\t\t<p>Gem\u00e4\u00df <a href=\"https:\/\/www.legifrance.gouv.fr\/affichTexte.do?cidTexte=JORFTEXT000000801164#LEGIARTI000042038977\" target=\"_blank\" rel=\"noreferrer noopener nofollow\">Artikel 6 des franz\u00f6sisches Gesetzes Nr. 2004-575 vom 21. Juni 2004<\/a> \u00fcber das Vertrauen in die digitale Wirtschaft wird den Nutzern der Website <strong><span class=\"ff_dynamic_value\" data-ref=\"url\" data-fallback=\"\">https:\/\/lftraduction.fr\/<\/span><\/strong> die Identit\u00e4t der verschiedenen Akteure im Rahmen ihrer Entwicklung und Betreuung mitgeteilt:<\/p>\n<p><strong>Inhaber der Website: <\/strong><span class=\"ff_dynamic_value\" data-ref=\"nom_proprietaire\" data-fallback=\"\">Yanis Mohdeb<\/span> &#8211; Kontakt: <span class=\"ff_dynamic_value\" data-ref=\"e_mail_contact\" data-fallback=\"\">contact@lftraduction.fr <\/span> &#8211; <span class=\"ff_dynamic_value\" data-ref=\"telephone\" data-fallback=\"\">+33 1 78 91 02 42<\/span> &#8211; Anschrift: <span class=\"ff_dynamic_value\" data-ref=\"adresse_postale\" data-fallback=\"\">8 Rue du Colis\u00e9e, 75008 Paris<\/span>.<\/p>\n<p><strong>Identifizierung des Unternehmens:<\/strong> <span class=\"ff_dynamic_value\" data-ref=\"nom_proprietaire\" data-fallback=\"\">LFTraduction &#8211;<\/span> SIREN: <span class=\"ff_dynamic_value\" data-ref=\"siren\" data-fallback=\"\">953 197 621<\/span> &#8211; Postanschrift: <span class=\"ff_dynamic_value\" data-ref=\"adresse_postale\" data-fallback=\"\">8 Rue du Colis\u00e9e, 75008 Paris<\/span> &#8211; <\/p>\n<p><strong>Hosting :<\/strong> <span class=\"ff_dynamic_value\" data-ref=\"hebergeur\" data-fallback=\"\">1&amp;1 \/ IONOS &#8211; 7 Place de la Gare &#8211; 57200 Sarreguemines &#8211; Telefon: +33.9.70.80.89.11<\/span><\/p>\n<p><strong>Datenschutzbeauftragter: <\/strong><span class=\"ff_dynamic_value\" data-ref=\"dpo\" data-fallback=\"\">Yanis Mohdeb<\/span> &#8211; <span class=\"ff_dynamic_value\" data-ref=\"contact_dpo\" data-fallback=\"\">contact@lftraduction.fr<\/span><\/p>\n\t\t\t\t\t\t\t\t<\/div>\n\t\t\t\t<\/div>\n\t\t\t\t<div class=\"elementor-element elementor-element-4b52692 elementor-widget elementor-widget-heading\" data-id=\"4b52692\" data-element_type=\"widget\" data-e-type=\"widget\" data-widget_type=\"heading.default\">\n\t\t\t\t<div class=\"elementor-widget-container\">\n\t\t\t\t\t<h2 class=\"elementor-heading-title elementor-size-default\">2 - Geistiges Eigentum und F\u00e4lschungen<\/h2>\t\t\t\t<\/div>\n\t\t\t\t<\/div>\n\t\t\t\t<div class=\"elementor-element elementor-element-97aaf51 elementor-widget elementor-widget-text-editor\" data-id=\"97aaf51\" data-element_type=\"widget\" data-e-type=\"widget\" data-widget_type=\"text-editor.default\">\n\t\t\t\t<div class=\"elementor-widget-container\">\n\t\t\t\t\t\t\t\t\t<p><strong><span class=\"ff_dynamic_value\" data-ref=\"nom_proprietaire\" data-fallback=\"\">Yanis Mohdeb<\/span><\/strong> ist Eigent\u00fcmer der Rechte am geistigen Eigentum und besitzt die Nutzungsrechte f\u00fcr alle auf der Website zug\u00e4nglichen Elemente, insbesondere Texte, Bilder, Grafiken, Logos, Videos, Architektur, Icons und Sounds.<\/p>\n<p>Jegliche Vervielf\u00e4ltigung, Darstellung, \u00c4nderung, Ver\u00f6ffentlichung und Anpassung aller oder eines Teils der Elemente der Website, ist ohne vorherige schriftliche Genehmigung von <strong><span class=\"ff_dynamic_value\" data-ref=\"nom_proprietaire\" data-fallback=\"\">Yanis Mohdeb<\/span><\/strong> und unabh\u00e4ngig von den verwendeten Mitteln oder Verfahren untersagt.<\/p>\n<p>Jede unbefugte Nutzung der Website oder eines ihrer Elemente wird als F\u00e4lschung angesehen und gem\u00e4\u00df den Bestimmungen der Artikel <a href=\"https:\/\/www.legifrance.gouv.fr\/affichCodeArticle.do?idArticle=LEGIARTI000032655082&amp;cidTexte=LEGITEXT000006069414&amp;dateTexte=20160605\" target=\"_blank\" rel=\"noreferrer nofollow noopener\">L.335-2 ff. des franz\u00f6sischen Gesetzbuchs f\u00fcr geistiges Eigentum<\/a> verfolgt.<\/p>\n\t\t\t\t\t\t\t\t<\/div>\n\t\t\t\t<\/div>\n\t\t\t\t<div class=\"elementor-element elementor-element-311e17d elementor-widget elementor-widget-heading\" data-id=\"311e17d\" data-element_type=\"widget\" data-e-type=\"widget\" data-widget_type=\"heading.default\">\n\t\t\t\t<div class=\"elementor-widget-container\">\n\t\t\t\t\t<h2 class=\"elementor-heading-title elementor-size-default\">3 - Haftungsbeschr\u00e4nkungen\n<\/h2>\t\t\t\t<\/div>\n\t\t\t\t<\/div>\n\t\t\t\t<div class=\"elementor-element elementor-element-d852f0f elementor-widget elementor-widget-text-editor\" data-id=\"d852f0f\" data-element_type=\"widget\" data-e-type=\"widget\" data-widget_type=\"text-editor.default\">\n\t\t\t\t<div class=\"elementor-widget-container\">\n\t\t\t\t\t\t\t\t\t<p><strong><span class=\"ff_dynamic_value\" data-ref=\"nom_proprietaire\" data-fallback=\"\">Yanis Mohdeb<\/span><\/strong> \u00fcbernimmt keine Haftung f\u00fcr direkte und indirekte Sch\u00e4den an der Hardware des Nutzers beim Zugriff auf die Website <strong><span class=\"ff_dynamic_value\" data-ref=\"url\" data-fallback=\"\">https:\/\/lftraduction.fr\/<\/span><\/strong>.<\/p>\n<p><strong><span class=\"ff_dynamic_value\" data-ref=\"nom_proprietaire\" data-fallback=\"\">Yanis Mohdeb<\/span><\/strong> \u00fcbernimmt keine Haftung f\u00fcr die Verwendung von Informationen und Inhalten auf <strong><span class=\"ff_dynamic_value\" data-ref=\"url\" data-fallback=\"\">https:\/\/lftraduction.fr\/<\/span><\/strong>.<\/p>\n<p><strong><span class=\"ff_dynamic_value\" data-ref=\"nom_proprietaire\" data-fallback=\"\">Yanis Mohdeb<\/span><\/strong> verpflichtet sich, die Website so gut wie m\u00f6glich zu sichern. <strong><span class=\"ff_dynamic_value\" data-ref=\"url\" data-fallback=\"\">https:\/\/lftraduction.fr\/ <\/span><\/strong>Er kann jedoch nicht haftbar gemacht werden, wenn ohne sein Wissen unerw\u00fcnschte Daten auf seine Seite importiert und dort installiert werden.<\/p>\n<p>Interaktive Bereiche (Kontaktbereich oder Kommentare) stehen den Nutzern zur Verf\u00fcgung. <strong><span class=\"ff_dynamic_value\" data-ref=\"nom_proprietaire\" data-fallback=\"\">Yanis Mohdeb<\/span><\/strong> beh\u00e4lt sich das Recht vor, ohne vorherige Mahnung alle in diesem Bereich abgelegten Inhalte zu l\u00f6schen, die gegen die in Frankreich geltenden Gesetze, insbesondere die Datenschutzbestimmungen, versto\u00dfen.<\/p>\n<p>Gegebenfalls beh\u00e4lt sich <strong><span class=\"ff_dynamic_value\" data-ref=\"nom_proprietaire\" data-fallback=\"\">Yanis Mohdeb<\/span><\/strong> au\u00dferdem die M\u00f6glichkeit vor, den Nutzer zivil- und\/oder strafrechtlich haftbar zu machen, insbesondere bei rassistischen, beleidigenden, diffamierenden oder pornografischen Mitteilungen, und zwar unabh\u00e4ngig von den verwendeten Medien (Text, Fotografie&#8230;).<\/p>\n\t\t\t\t\t\t\t\t<\/div>\n\t\t\t\t<\/div>\n\t\t\t\t<div class=\"elementor-element elementor-element-9ed704e elementor-widget elementor-widget-heading\" data-id=\"9ed704e\" data-element_type=\"widget\" data-e-type=\"widget\" data-widget_type=\"heading.default\">\n\t\t\t\t<div class=\"elementor-widget-container\">\n\t\t\t\t\t<h2 class=\"elementor-heading-title elementor-size-default\">4 - CNIL und Umgang mit personenbezogenen Daten.\n<\/h2>\t\t\t\t<\/div>\n\t\t\t\t<\/div>\n\t\t\t\t<div class=\"elementor-element elementor-element-5f79fc3 elementor-widget elementor-widget-text-editor\" data-id=\"5f79fc3\" data-element_type=\"widget\" data-e-type=\"widget\" data-widget_type=\"text-editor.default\">\n\t\t\t\t<div class=\"elementor-widget-container\">\n\t\t\t\t\t\t\t\t\t<p>Gem\u00e4\u00df den Bestimmungen des <a href=\"https:\/\/www.legifrance.gouv.fr\/affichTexte.do?cidTexte=JORFTEXT000000886460\" target=\"_blank\" rel=\"noreferrer nofollow noopener\">Gesetzes 78-17 vom 6. Januar 1978 in seiner ge\u00e4nderten<\/a> Fassung verf\u00fcgt der Nutzer der Website <strong><span class=\"ff_dynamic_value\" data-ref=\"url\" data-fallback=\"\">https:\/\/lftraduction.fr\/<\/span><\/strong> \u00fcber ein Recht auf Zugang, \u00c4nderung und L\u00f6schung der gesammelten Daten. Um dieses Recht auszu\u00fcben, senden Sie eine Nachricht an unseren Datenschutzbeauftragten: <strong><span class=\"ff_dynamic_value\" data-ref=\"dpo\" data-fallback=\"\">Yanis Mohdeb<\/span><\/strong> &#8211; <strong><span class=\"ff_dynamic_value\" data-ref=\"contact_dpo\" data-fallback=\"\">contact@lftraduction.fr<\/span><\/strong>.<\/p>\n<p>F\u00fcr weitere Informationen dar\u00fcber, wie wir Ihre Daten verarbeiten (Art der Daten, Zweck, Empf\u00e4nger&#8230;), lesen Sie bitte unsere <a href=\"https:\/\/lftraduction.fr\/politique-de-confidentialite\/\"><strong><span class=\"ff_dynamic_value\" data-ref=\"politique_confidentialite\" data-fallback=\"\">https:\/\/lftraduction.fr\/politique-de-confidentialite<\/span><\/strong><\/a>. <\/p>\n\t\t\t\t\t\t\t\t<\/div>\n\t\t\t\t<\/div>\n\t\t\t\t<div class=\"elementor-element elementor-element-8985dc9 elementor-widget elementor-widget-heading\" data-id=\"8985dc9\" data-element_type=\"widget\" data-e-type=\"widget\" data-widget_type=\"heading.default\">\n\t\t\t\t<div class=\"elementor-widget-container\">\n\t\t\t\t\t<h2 class=\"elementor-heading-title elementor-size-default\">5 - Hyperlinks und Cookies<\/h2>\t\t\t\t<\/div>\n\t\t\t\t<\/div>\n\t\t\t\t<div class=\"elementor-element elementor-element-f96de05 elementor-widget elementor-widget-text-editor\" data-id=\"f96de05\" data-element_type=\"widget\" data-e-type=\"widget\" data-widget_type=\"text-editor.default\">\n\t\t\t\t<div class=\"elementor-widget-container\">\n\t\t\t\t\t\t\t\t\t<p>Die Website <strong><span class=\"ff_dynamic_value\" data-ref=\"url\" data-fallback=\"\">https:\/\/lftraduction.fr\/<\/span><\/strong> enth\u00e4lt Hyperlinks zu anderen Websites und \u00fcbernimmt keine Haftung f\u00fcr diese externen Links oder f\u00fcr Links zu der Website <strong><span class=\"ff_dynamic_value\" data-ref=\"url\" data-fallback=\"\">https:\/\/lftraduction.fr\/<\/span><\/strong>, die von anderen Websites erstellt wurden.<\/p>\n<p>Die Navigation auf der Website <strong><span class=\"ff_dynamic_value\" data-ref=\"url\" data-fallback=\"\">https:\/\/lftraduction.fr\/<\/span><\/strong> kann dazu f\u00fchren, dass auf dem Computer des Nutzers ein oder mehrere Cookies installiert werden.<\/p>\n<p>Ein &#8220;Cookie&#8221; ist eine kleine Datei, die Informationen \u00fcber die Navigation eines Nutzers auf einer Website speichert. Mit den auf dieser Weise gesammelten Daten lassen sich z. B. die Besucherzahlen messen.<\/p>\n<p>Sie haben die M\u00f6glichkeit, <strong>Cookies zu akzeptieren oder abzulehnen<\/strong>, indem Sie die Einstellungen Ihres Browsers \u00e4ndern. Ohne Ihre Zustimmung werden keine Cookies gespeichert.<\/p>\n<p>Cookies werden f\u00fcr eine Dauer von maximal <span class=\"ff_dynamic_value\" data-ref=\"cookies\" data-fallback=\"\">6<\/span> Monaten gespeichert.<\/p>\n<p>Weitere Informationen dar\u00fcber, wie wir Cookies verwenden, finden Sie in unserer <a href=\"https:\/\/lftraduction.fr\/politique-de-confidentialite\/\"><strong><span class=\"ff_dynamic_value\" data-ref=\"politique_confidentialite\" data-fallback=\"\">https:\/\/lftraduction.fr\/politique-de-confidentialite<\/span><\/strong><\/a>.<\/p>\n\t\t\t\t\t\t\t\t<\/div>\n\t\t\t\t<\/div>\n\t\t\t\t<div class=\"elementor-element elementor-element-0471b6e elementor-widget elementor-widget-heading\" data-id=\"0471b6e\" data-element_type=\"widget\" data-e-type=\"widget\" data-widget_type=\"heading.default\">\n\t\t\t\t<div class=\"elementor-widget-container\">\n\t\t\t\t\t<h2 class=\"elementor-heading-title elementor-size-default\">6 - Geltendes Recht und Gerichtsstand<\/h2>\t\t\t\t<\/div>\n\t\t\t\t<\/div>\n\t\t\t\t<div class=\"elementor-element elementor-element-4a60096 elementor-widget elementor-widget-text-editor\" data-id=\"4a60096\" data-element_type=\"widget\" data-e-type=\"widget\" data-widget_type=\"text-editor.default\">\n\t\t\t\t<div class=\"elementor-widget-container\">\n\t\t\t\t\t\t\t\t\t<p>Alle Streitigkeiten im Zusammenhang mit der Nutzung der Website <strong><span class=\"ff_dynamic_value\" data-ref=\"url\" data-fallback=\"\">https:\/\/lftraduction.fr\/<\/span><\/strong> unterliegen dem franz\u00f6sischen Recht. Au\u00dfer in F\u00e4llen, in denen dies gesetzlich nicht zul\u00e4ssig ist, sind die zust\u00e4ndigen Gerichten von <strong><span class=\"ff_dynamic_value\" data-ref=\"ville_du_tribunal\" data-fallback=\"\">Toulouse<\/span><\/strong> ausschlie\u00dflicher Gerichtsstand.<\/p>\n\t\t\t\t\t\t\t\t<\/div>\n\t\t\t\t<\/div>\n\t\t\t\t\t<\/div>\n\t\t<\/div>\n\t\t\t\t\t<\/div>\n\t\t<\/section>\n\t\t\t\t<\/div>\n\t\t","protected":false},"excerpt":{"rendered":"<p>Rechtliche Hinweise 1 &#8211; Herausgabe der Website Gem\u00e4\u00df Artikel 6 des franz\u00f6sisches Gesetzes Nr. 2004-575 vom 21. Juni 2004 \u00fcber das Vertrauen in die digitale Wirtschaft wird den Nutzern der Website https:\/\/lftraduction.fr\/ die Identit\u00e4t der verschiedenen Akteure im Rahmen ihrer Entwicklung und Betreuung mitgeteilt: Inhaber der Website: Yanis Mohdeb &#8211; Kontakt: contact@lftraduction.fr &#8211; +33 1 [&hellip;]<\/p>\n","protected":false},"author":1,"featured_media":0,"parent":11140,"menu_order":0,"comment_status":"closed","ping_status":"closed","template":"","meta":{"footnotes":""},"class_list":["post-13106","page","type-page","status-publish","hentry"],"jetpack_sharing_enabled":true,"_links":{"self":[{"href":"https:\/\/lftraduction.fr\/de\/wp-json\/wp\/v2\/pages\/13106","targetHints":{"allow":["GET"]}}],"collection":[{"href":"https:\/\/lftraduction.fr\/de\/wp-json\/wp\/v2\/pages"}],"about":[{"href":"https:\/\/lftraduction.fr\/de\/wp-json\/wp\/v2\/types\/page"}],"author":[{"embeddable":true,"href":"https:\/\/lftraduction.fr\/de\/wp-json\/wp\/v2\/users\/1"}],"replies":[{"embeddable":true,"href":"https:\/\/lftraduction.fr\/de\/wp-json\/wp\/v2\/comments?post=13106"}],"version-history":[{"count":1,"href":"https:\/\/lftraduction.fr\/de\/wp-json\/wp\/v2\/pages\/13106\/revisions"}],"predecessor-version":[{"id":13108,"href":"https:\/\/lftraduction.fr\/de\/wp-json\/wp\/v2\/pages\/13106\/revisions\/13108"}],"up":[{"embeddable":true,"href":"https:\/\/lftraduction.fr\/de\/wp-json\/wp\/v2\/pages\/11140"}],"wp:attachment":[{"href":"https:\/\/lftraduction.fr\/de\/wp-json\/wp\/v2\/media?parent=13106"}],"curies":[{"name":"wp","href":"https:\/\/api.w.org\/{rel}","templated":true}]}}