{"id":12932,"date":"2023-06-11T20:50:43","date_gmt":"2023-06-11T20:50:43","guid":{"rendered":"https:\/\/lftraduction.fr\/italienisch-uebersetzungsdienste\/"},"modified":"2024-03-28T11:05:27","modified_gmt":"2024-03-28T11:05:27","slug":"italienisch-uebersetzungsdienste","status":"publish","type":"page","link":"https:\/\/lftraduction.fr\/de\/italienisch-uebersetzungsdienste\/","title":{"rendered":"Italienisch-\u00dcbersetzungsdienste"},"content":{"rendered":"\t\t<div data-elementor-type=\"wp-page\" data-elementor-id=\"12932\" class=\"elementor elementor-12932 elementor-1160\" data-elementor-post-type=\"page\">\n\t\t\t\t\t\t<section class=\"elementor-section elementor-top-section elementor-element elementor-element-e1e701a elementor-section-full_width elementor-section-height-default elementor-section-height-default\" data-id=\"e1e701a\" data-element_type=\"section\" data-e-type=\"section\">\n\t\t\t\t\t\t<div class=\"elementor-container elementor-column-gap-no\">\n\t\t\t\t\t<div class=\"elementor-column elementor-col-100 elementor-top-column elementor-element elementor-element-53c1804\" data-id=\"53c1804\" data-element_type=\"column\" data-e-type=\"column\">\n\t\t\t<div class=\"elementor-widget-wrap elementor-element-populated\">\n\t\t\t\t\t\t<div class=\"elementor-element elementor-element-1eb9975 elementor-invisible elementor-widget elementor-widget-heading\" data-id=\"1eb9975\" data-element_type=\"widget\" data-e-type=\"widget\" data-settings=\"{&quot;_animation&quot;:&quot;fadeIn&quot;}\" data-widget_type=\"heading.default\">\n\t\t\t\t<div class=\"elementor-widget-container\">\n\t\t\t\t\t<h1 class=\"elementor-heading-title elementor-size-default\"><span style=\"color:#F4A41E\">Italienisch<\/span>-\u00dcbersetzung<\/h1>\t\t\t\t<\/div>\n\t\t\t\t<\/div>\n\t\t\t\t\t<\/div>\n\t\t<\/div>\n\t\t\t\t\t<\/div>\n\t\t<\/section>\n\t\t\t\t<section class=\"elementor-section elementor-top-section elementor-element elementor-element-599cd12 elementor-section-content-middle elementor-section-full_width elementor-section-height-default elementor-section-height-default\" data-id=\"599cd12\" data-element_type=\"section\" data-e-type=\"section\">\n\t\t\t\t\t\t<div class=\"elementor-container elementor-column-gap-no\">\n\t\t\t\t\t<div class=\"elementor-column elementor-col-50 elementor-top-column elementor-element elementor-element-a4b5212\" data-id=\"a4b5212\" data-element_type=\"column\" data-e-type=\"column\">\n\t\t\t<div class=\"elementor-widget-wrap elementor-element-populated\">\n\t\t\t\t\t\t<div class=\"elementor-element elementor-element-83f900f elementor-widget elementor-widget-text-editor\" data-id=\"83f900f\" data-element_type=\"widget\" data-e-type=\"widget\" data-widget_type=\"text-editor.default\">\n\t\t\t\t<div class=\"elementor-widget-container\">\n\t\t\t\t\t\t\t\t\t<p class=\"p1\">Die italienische Sprache ist daf\u00fcr bekannt, eine der sch\u00f6nsten und melodischsten Sprachen der Welt zu sein. Das Italienische stammt urspr\u00fcnglich aus dem Vulg\u00e4rlatein und hat sich im Laufe der Jahrhunderte entwickelt, indem es Einfl\u00fcsse aus dem Griechischen, dem Arabischen und anderen Sprachen aufgenommen hat. Heute wird Italienisch von Millionen von Menschen auf der ganzen Welt gesprochen und gilt als Sprache der Kultur, der Kunst und der Gastronomie.<\/p>\n<p class=\"p1\">Eine interessante Besonderheit des Italienischen ist seine reiche Literaturgeschichte. Autoren wie Dante Alighieri, Petrarca und Boccaccio haben einen unausl\u00f6schlichen Eindruck in der italienischen Literatur hinterlassen und zum internationalen Ansehen der Sprache beigetragen. Au\u00dferdem ist Italienisch eng mit der Oper verbunden, da Komponisten wie Verdi und Puccini musikalische Meisterwerke geschaffen haben, die auf Italienisch gesungen werden.<\/p>\n<p class=\"p1\">Eine faszinierende historische Tatsache \u00fcber das Italienische ist seine Rolle in der Renaissance. Im 14. Jahrhundert wurde das toskanische Italienische zur Sprache der Kultur und Kunst in Europa. Die Werke von Leonardo da Vinci, Michelangelo und Raffael trugen dazu bei, dass sich das Italienische als internationale Sprache der Kunst und des Denkens etablierte.<\/p>\n<p class=\"p1\">Bei La Fran\u00e7aise de la Traduction wissen wir, wie wichtig es ist, pr\u00e4zise und qualitativ hochwertige \u00dcbersetzungen ins Italienische zu liefern. Unsere Fach\u00fcbersetzer sind Muttersprachler des Italienischen und verf\u00fcgen \u00fcber umfassende Kenntnisse der Kultur und der sprachlichen Feinheiten. Egal, ob Sie juristische Dokumente, technische Handb\u00fccher oder Marketinginhalte \u00fcbersetzen m\u00fcssen, wir stehen Ihnen zur Seite.<\/p>\n<p class=\"p1\">Kontaktieren Sie uns noch heute, um ein kostenloses Angebot f\u00fcr Ihre Italienisch-\u00dcbersetzungsprojekte zu erhalten.<\/p>\n\t\t\t\t\t\t\t\t<\/div>\n\t\t\t\t<\/div>\n\t\t\t\t\t<\/div>\n\t\t<\/div>\n\t\t\t\t<div class=\"elementor-column elementor-col-50 elementor-top-column elementor-element elementor-element-9d4f7d7\" data-id=\"9d4f7d7\" data-element_type=\"column\" data-e-type=\"column\">\n\t\t\t<div class=\"elementor-widget-wrap elementor-element-populated\">\n\t\t\t\t\t\t<div class=\"elementor-element elementor-element-8387401 elementor-widget elementor-widget-image\" data-id=\"8387401\" data-element_type=\"widget\" data-e-type=\"widget\" data-widget_type=\"image.default\">\n\t\t\t\t<div class=\"elementor-widget-container\">\n\t\t\t\t\t\t\t\t\t\t\t\t\t\t\t<img fetchpriority=\"high\" width=\"683\" height=\"1024\" src=\"https:\/\/i0.wp.com\/lftraduction.fr\/wp-content\/uploads\/2023\/10\/LFTraduction_Agence-de-traduction_Paris_01_1.webp?fit=683%2C1024&amp;ssl=1\" class=\"attachment-large size-large wp-image-12942\" alt=\"\" srcset=\"https:\/\/i0.wp.com\/lftraduction.fr\/wp-content\/uploads\/2023\/10\/LFTraduction_Agence-de-traduction_Paris_01_1.webp?w=1000&amp;ssl=1 1000w, https:\/\/i0.wp.com\/lftraduction.fr\/wp-content\/uploads\/2023\/10\/LFTraduction_Agence-de-traduction_Paris_01_1.webp?resize=200%2C300&amp;ssl=1 200w, https:\/\/i0.wp.com\/lftraduction.fr\/wp-content\/uploads\/2023\/10\/LFTraduction_Agence-de-traduction_Paris_01_1.webp?resize=683%2C1024&amp;ssl=1 683w, https:\/\/i0.wp.com\/lftraduction.fr\/wp-content\/uploads\/2023\/10\/LFTraduction_Agence-de-traduction_Paris_01_1.webp?resize=768%2C1152&amp;ssl=1 768w\" sizes=\"(max-width: 683px) 100vw, 683px\" \/>\t\t\t\t\t\t\t\t\t\t\t\t\t\t\t<\/div>\n\t\t\t\t<\/div>\n\t\t\t\t\t<\/div>\n\t\t<\/div>\n\t\t\t\t\t<\/div>\n\t\t<\/section>\n\t\t\t\t<section class=\"elementor-section elementor-top-section elementor-element elementor-element-8355aa9 elementor-section-full_width elementor-section-height-default elementor-section-height-default\" data-id=\"8355aa9\" data-element_type=\"section\" data-e-type=\"section\" data-settings=\"{&quot;background_background&quot;:&quot;classic&quot;}\">\n\t\t\t\t\t\t<div class=\"elementor-container elementor-column-gap-no\">\n\t\t\t\t\t<div class=\"elementor-column elementor-col-50 elementor-top-column elementor-element elementor-element-3bb178a\" data-id=\"3bb178a\" data-element_type=\"column\" data-e-type=\"column\">\n\t\t\t<div class=\"elementor-widget-wrap elementor-element-populated\">\n\t\t\t\t\t\t<div class=\"elementor-element elementor-element-2fbeb92 elementor-invisible elementor-widget elementor-widget-heading\" data-id=\"2fbeb92\" data-element_type=\"widget\" data-e-type=\"widget\" data-settings=\"{&quot;_animation&quot;:&quot;fadeIn&quot;}\" data-widget_type=\"heading.default\">\n\t\t\t\t<div class=\"elementor-widget-container\">\n\t\t\t\t\t<h2 class=\"elementor-heading-title elementor-size-default\">Angebot anfordern<\/h2>\t\t\t\t<\/div>\n\t\t\t\t<\/div>\n\t\t\t\t<div class=\"elementor-element elementor-element-0bc5603 elementor-widget__width-initial elementor-widget elementor-widget-text-editor\" data-id=\"0bc5603\" data-element_type=\"widget\" data-e-type=\"widget\" data-widget_type=\"text-editor.default\">\n\t\t\t\t<div class=\"elementor-widget-container\">\n\t\t\t\t\t\t\t\t\t<p><strong>Kontaktieren Sie unser Team<\/strong> und wir werden Ihnen <strong>so schnell wie m\u00f6glich<\/strong> die Antwort geben, die Sie brauchen. <\/p>\n\t\t\t\t\t\t\t\t<\/div>\n\t\t\t\t<\/div>\n\t\t\t\t<div class=\"elementor-element elementor-element-1dc0307 elementor-align-left elementor-mobile-align-center elementor-widget elementor-widget-button\" data-id=\"1dc0307\" data-element_type=\"widget\" data-e-type=\"widget\" data-widget_type=\"button.default\">\n\t\t\t\t<div class=\"elementor-widget-container\">\n\t\t\t\t\t\t\t\t\t<div class=\"elementor-button-wrapper\">\n\t\t\t\t\t<a class=\"elementor-button elementor-button-link elementor-size-sm\" href=\"#elementor-action%3Aaction%3Dpopup%3Aopen%26settings%3DeyJpZCI6MTIzODMsInRvZ2dsZSI6ZmFsc2V9\">\n\t\t\t\t\t\t<span class=\"elementor-button-content-wrapper\">\n\t\t\t\t\t\t<span class=\"elementor-button-icon\">\n\t\t\t\t<i aria-hidden=\"true\" class=\"icon icon-arrow-right\"><\/i>\t\t\t<\/span>\n\t\t\t\t\t\t\t\t\t<span class=\"elementor-button-text\">Kostenvoranschlag in weniger als einer Stunde<\/span>\n\t\t\t\t\t<\/span>\n\t\t\t\t\t<\/a>\n\t\t\t\t<\/div>\n\t\t\t\t\t\t\t\t<\/div>\n\t\t\t\t<\/div>\n\t\t\t\t\t<\/div>\n\t\t<\/div>\n\t\t\t\t<div class=\"elementor-column elementor-col-50 elementor-top-column elementor-element elementor-element-e2e49fe\" data-id=\"e2e49fe\" data-element_type=\"column\" data-e-type=\"column\">\n\t\t\t<div class=\"elementor-widget-wrap elementor-element-populated\">\n\t\t\t\t\t\t<div class=\"elementor-element elementor-element-ebfd302 elementor-widget elementor-widget-image\" data-id=\"ebfd302\" data-element_type=\"widget\" data-e-type=\"widget\" data-widget_type=\"image.default\">\n\t\t\t\t<div class=\"elementor-widget-container\">\n\t\t\t\t\t\t\t\t\t\t\t\t\t\t\t<img width=\"1500\" height=\"1001\" src=\"https:\/\/i0.wp.com\/lftraduction.fr\/wp-content\/uploads\/2023\/10\/LFTraduction_Agence-de-traduction_05_2-copie.webp?fit=1500%2C1001&amp;ssl=1\" class=\"attachment-full size-full wp-image-11189\" alt=\"Lftraduction Agence De Traduction \u00e0 Paris\" srcset=\"https:\/\/i0.wp.com\/lftraduction.fr\/wp-content\/uploads\/2023\/10\/LFTraduction_Agence-de-traduction_05_2-copie.webp?w=1500&amp;ssl=1 1500w, https:\/\/i0.wp.com\/lftraduction.fr\/wp-content\/uploads\/2023\/10\/LFTraduction_Agence-de-traduction_05_2-copie.webp?resize=300%2C200&amp;ssl=1 300w, https:\/\/i0.wp.com\/lftraduction.fr\/wp-content\/uploads\/2023\/10\/LFTraduction_Agence-de-traduction_05_2-copie.webp?resize=1024%2C683&amp;ssl=1 1024w, https:\/\/i0.wp.com\/lftraduction.fr\/wp-content\/uploads\/2023\/10\/LFTraduction_Agence-de-traduction_05_2-copie.webp?resize=768%2C513&amp;ssl=1 768w\" sizes=\"(max-width: 800px) 100vw, 800px\" \/>\t\t\t\t\t\t\t\t\t\t\t\t\t\t\t<\/div>\n\t\t\t\t<\/div>\n\t\t\t\t\t<\/div>\n\t\t<\/div>\n\t\t\t\t\t<\/div>\n\t\t<\/section>\n\t\t\t\t<\/div>\n\t\t","protected":false},"excerpt":{"rendered":"<p>Italienisch-\u00dcbersetzung Die italienische Sprache ist daf\u00fcr bekannt, eine der sch\u00f6nsten und melodischsten Sprachen der Welt zu sein. Das Italienische stammt urspr\u00fcnglich aus dem Vulg\u00e4rlatein und hat sich im Laufe der Jahrhunderte entwickelt, indem es Einfl\u00fcsse aus dem Griechischen, dem Arabischen und anderen Sprachen aufgenommen hat. Heute wird Italienisch von Millionen von Menschen auf der ganzen [&hellip;]<\/p>\n","protected":false},"author":1,"featured_media":0,"parent":0,"menu_order":0,"comment_status":"closed","ping_status":"closed","template":"","meta":{"footnotes":""},"class_list":["post-12932","page","type-page","status-publish","hentry"],"jetpack_sharing_enabled":true,"_links":{"self":[{"href":"https:\/\/lftraduction.fr\/de\/wp-json\/wp\/v2\/pages\/12932","targetHints":{"allow":["GET"]}}],"collection":[{"href":"https:\/\/lftraduction.fr\/de\/wp-json\/wp\/v2\/pages"}],"about":[{"href":"https:\/\/lftraduction.fr\/de\/wp-json\/wp\/v2\/types\/page"}],"author":[{"embeddable":true,"href":"https:\/\/lftraduction.fr\/de\/wp-json\/wp\/v2\/users\/1"}],"replies":[{"embeddable":true,"href":"https:\/\/lftraduction.fr\/de\/wp-json\/wp\/v2\/comments?post=12932"}],"version-history":[{"count":3,"href":"https:\/\/lftraduction.fr\/de\/wp-json\/wp\/v2\/pages\/12932\/revisions"}],"predecessor-version":[{"id":12951,"href":"https:\/\/lftraduction.fr\/de\/wp-json\/wp\/v2\/pages\/12932\/revisions\/12951"}],"wp:attachment":[{"href":"https:\/\/lftraduction.fr\/de\/wp-json\/wp\/v2\/media?parent=12932"}],"curies":[{"name":"wp","href":"https:\/\/api.w.org\/{rel}","templated":true}]}}