{"id":12889,"date":"2023-06-11T20:45:40","date_gmt":"2023-06-11T20:45:40","guid":{"rendered":"https:\/\/lftraduction.fr\/franzoesisch-uebersetzungsdienste\/"},"modified":"2024-03-28T11:08:22","modified_gmt":"2024-03-28T11:08:22","slug":"franzoesisch-uebersetzungsdienste","status":"publish","type":"page","link":"https:\/\/lftraduction.fr\/de\/franzoesisch-uebersetzungsdienste\/","title":{"rendered":"Franz\u00f6sisch-\u00dcbersetzungsdienste"},"content":{"rendered":"\t\t<div data-elementor-type=\"wp-page\" data-elementor-id=\"12889\" class=\"elementor elementor-12889 elementor-1148\" data-elementor-post-type=\"page\">\n\t\t\t\t\t\t<section class=\"elementor-section elementor-top-section elementor-element elementor-element-90d3293 elementor-section-full_width elementor-section-height-default elementor-section-height-default\" data-id=\"90d3293\" data-element_type=\"section\" data-e-type=\"section\">\n\t\t\t\t\t\t<div class=\"elementor-container elementor-column-gap-no\">\n\t\t\t\t\t<div class=\"elementor-column elementor-col-100 elementor-top-column elementor-element elementor-element-f004755\" data-id=\"f004755\" data-element_type=\"column\" data-e-type=\"column\">\n\t\t\t<div class=\"elementor-widget-wrap elementor-element-populated\">\n\t\t\t\t\t\t<div class=\"elementor-element elementor-element-78714a3 elementor-invisible elementor-widget elementor-widget-heading\" data-id=\"78714a3\" data-element_type=\"widget\" data-e-type=\"widget\" data-settings=\"{&quot;_animation&quot;:&quot;fadeIn&quot;}\" data-widget_type=\"heading.default\">\n\t\t\t\t<div class=\"elementor-widget-container\">\n\t\t\t\t\t<h1 class=\"elementor-heading-title elementor-size-default\"><span style=\"color:#F4A41E\">Franz\u00f6sisch<\/span>-\u00dcbersetzung<\/h1>\t\t\t\t<\/div>\n\t\t\t\t<\/div>\n\t\t\t\t\t<\/div>\n\t\t<\/div>\n\t\t\t\t\t<\/div>\n\t\t<\/section>\n\t\t\t\t<section class=\"elementor-section elementor-top-section elementor-element elementor-element-c95d59d elementor-section-content-middle elementor-section-full_width elementor-section-height-default elementor-section-height-default\" data-id=\"c95d59d\" data-element_type=\"section\" data-e-type=\"section\">\n\t\t\t\t\t\t<div class=\"elementor-container elementor-column-gap-no\">\n\t\t\t\t\t<div class=\"elementor-column elementor-col-50 elementor-top-column elementor-element elementor-element-6ffd917\" data-id=\"6ffd917\" data-element_type=\"column\" data-e-type=\"column\">\n\t\t\t<div class=\"elementor-widget-wrap elementor-element-populated\">\n\t\t\t\t\t\t<div class=\"elementor-element elementor-element-6d02099 elementor-widget elementor-widget-text-editor\" data-id=\"6d02099\" data-element_type=\"widget\" data-e-type=\"widget\" data-widget_type=\"text-editor.default\">\n\t\t\t\t<div class=\"elementor-widget-container\">\n\t\t\t\t\t\t\t\t\t<p class=\"p1\">Die franz\u00f6sische Sprache ist eine der einflussreichsten und romantischsten Sprachen der Welt. Sie geht auf die Zeit des Vulg\u00e4rlateins zur\u00fcck, das im Mittelalter von der romanischen Bev\u00f6lkerung verwendet wurde. Im Laufe der Jahrhunderte hat das Franz\u00f6sische vielf\u00e4ltige Entwicklungen und Einfl\u00fcsse erfahren, nicht zuletzt dank Pers\u00f6nlichkeiten wie Fran\u00e7ois Villon, Moli\u00e8re und Victor Hugo, die zu seinem literarischen Reichtum beigetragen haben.<\/p>\n<p class=\"p1\">Wussten Sie, dass die franz\u00f6sische Sprache seit Jahrhunderten die Sprache der Diplomatie ist? Viele internationale Vertr\u00e4ge wurden auf Franz\u00f6sisch verfasst, und diese Praxis hielt bis ins 20. Auch heute noch ist Franz\u00f6sisch eine der offiziellen Sprachen vieler internationaler Organisationen wie der UNO, der UNESCO und des Roten Kreuzes.<\/p>\n<p class=\"p1\">Eine weitere interessante Tatsache \u00fcber das Franz\u00f6sische ist die Gr\u00fcndung der Acad\u00e9mie fran\u00e7aise im Jahr 1635. Diese Institution wurde von Kardinal Richelieu gegr\u00fcndet, um die Sprache zu standardisieren und ihre Reinheit zu bewahren. Seitdem spielt die Acad\u00e9mie fran\u00e7aise eine wichtige Rolle bei der F\u00f6rderung und dem Schutz der franz\u00f6sischen Sprache und ver\u00f6ffentlicht regelm\u00e4\u00dfig ihr ber\u00fchmtes W\u00f6rterbuch.<\/p>\n<p class=\"p1\">Bei La Fran\u00e7aise de la traduction wissen wir, wie wichtig es ist, pr\u00e4zise und fl\u00fcssige \u00dcbersetzungen ins Franz\u00f6sische zu liefern. Unsere Fach\u00fcbersetzer sind franz\u00f6sische Muttersprachler und verf\u00fcgen \u00fcber umfassende Kenntnisse der Kultur und der sprachlichen Feinheiten. Egal, ob Sie juristische Dokumente, Marketingtexte oder Online-Inhalte \u00fcbersetzen m\u00fcssen, wir helfen Ihnen gerne weiter.<\/p>\n<p class=\"p1\">Kontaktieren Sie uns noch heute, um ein kostenloses Angebot f\u00fcr Ihre Franz\u00f6sisch-\u00dcbersetzungsprojekte zu erhalten!<\/p>\n\t\t\t\t\t\t\t\t<\/div>\n\t\t\t\t<\/div>\n\t\t\t\t\t<\/div>\n\t\t<\/div>\n\t\t\t\t<div class=\"elementor-column elementor-col-50 elementor-top-column elementor-element elementor-element-cb2ea59\" data-id=\"cb2ea59\" data-element_type=\"column\" data-e-type=\"column\">\n\t\t\t<div class=\"elementor-widget-wrap elementor-element-populated\">\n\t\t\t\t\t\t<div class=\"elementor-element elementor-element-4770f52 elementor-widget elementor-widget-image\" data-id=\"4770f52\" data-element_type=\"widget\" data-e-type=\"widget\" data-widget_type=\"image.default\">\n\t\t\t\t<div class=\"elementor-widget-container\">\n\t\t\t\t\t\t\t\t\t\t\t\t\t\t\t<img fetchpriority=\"high\" width=\"683\" height=\"1024\" src=\"https:\/\/i0.wp.com\/lftraduction.fr\/wp-content\/uploads\/2023\/10\/LFTraduction_Agence-de-traduction_Paris_04_1.webp?fit=683%2C1024&amp;ssl=1\" class=\"attachment-large size-large wp-image-12896\" alt=\"\" srcset=\"https:\/\/i0.wp.com\/lftraduction.fr\/wp-content\/uploads\/2023\/10\/LFTraduction_Agence-de-traduction_Paris_04_1.webp?w=1000&amp;ssl=1 1000w, https:\/\/i0.wp.com\/lftraduction.fr\/wp-content\/uploads\/2023\/10\/LFTraduction_Agence-de-traduction_Paris_04_1.webp?resize=200%2C300&amp;ssl=1 200w, https:\/\/i0.wp.com\/lftraduction.fr\/wp-content\/uploads\/2023\/10\/LFTraduction_Agence-de-traduction_Paris_04_1.webp?resize=683%2C1024&amp;ssl=1 683w, https:\/\/i0.wp.com\/lftraduction.fr\/wp-content\/uploads\/2023\/10\/LFTraduction_Agence-de-traduction_Paris_04_1.webp?resize=768%2C1152&amp;ssl=1 768w\" sizes=\"(max-width: 683px) 100vw, 683px\" \/>\t\t\t\t\t\t\t\t\t\t\t\t\t\t\t<\/div>\n\t\t\t\t<\/div>\n\t\t\t\t\t<\/div>\n\t\t<\/div>\n\t\t\t\t\t<\/div>\n\t\t<\/section>\n\t\t\t\t<section class=\"elementor-section elementor-top-section elementor-element elementor-element-fa9fa8d elementor-section-full_width elementor-section-height-default elementor-section-height-default\" data-id=\"fa9fa8d\" data-element_type=\"section\" data-e-type=\"section\" data-settings=\"{&quot;background_background&quot;:&quot;classic&quot;}\">\n\t\t\t\t\t\t<div class=\"elementor-container elementor-column-gap-no\">\n\t\t\t\t\t<div class=\"elementor-column elementor-col-50 elementor-top-column elementor-element elementor-element-72f5334\" data-id=\"72f5334\" data-element_type=\"column\" data-e-type=\"column\">\n\t\t\t<div class=\"elementor-widget-wrap elementor-element-populated\">\n\t\t\t\t\t\t<div class=\"elementor-element elementor-element-516f7fb elementor-invisible elementor-widget elementor-widget-heading\" data-id=\"516f7fb\" data-element_type=\"widget\" data-e-type=\"widget\" data-settings=\"{&quot;_animation&quot;:&quot;fadeIn&quot;}\" data-widget_type=\"heading.default\">\n\t\t\t\t<div class=\"elementor-widget-container\">\n\t\t\t\t\t<h2 class=\"elementor-heading-title elementor-size-default\">Angebot anfordern<\/h2>\t\t\t\t<\/div>\n\t\t\t\t<\/div>\n\t\t\t\t<div class=\"elementor-element elementor-element-bc54313 elementor-widget__width-initial elementor-widget elementor-widget-text-editor\" data-id=\"bc54313\" data-element_type=\"widget\" data-e-type=\"widget\" data-widget_type=\"text-editor.default\">\n\t\t\t\t<div class=\"elementor-widget-container\">\n\t\t\t\t\t\t\t\t\t<p><strong>Kontaktieren Sie unser Team<\/strong> und wir werden Ihnen <strong>so schnell wie m\u00f6glich<\/strong> die Antwort geben, die Sie brauchen. <\/p>\n\t\t\t\t\t\t\t\t<\/div>\n\t\t\t\t<\/div>\n\t\t\t\t<div class=\"elementor-element elementor-element-0e5efdc elementor-align-left elementor-mobile-align-center elementor-widget elementor-widget-button\" data-id=\"0e5efdc\" data-element_type=\"widget\" data-e-type=\"widget\" data-widget_type=\"button.default\">\n\t\t\t\t<div class=\"elementor-widget-container\">\n\t\t\t\t\t\t\t\t\t<div class=\"elementor-button-wrapper\">\n\t\t\t\t\t<a class=\"elementor-button elementor-button-link elementor-size-sm\" href=\"#elementor-action%3Aaction%3Dpopup%3Aopen%26settings%3DeyJpZCI6MTIzODMsInRvZ2dsZSI6ZmFsc2V9\">\n\t\t\t\t\t\t<span class=\"elementor-button-content-wrapper\">\n\t\t\t\t\t\t<span class=\"elementor-button-icon\">\n\t\t\t\t<i aria-hidden=\"true\" class=\"icon icon-arrow-right\"><\/i>\t\t\t<\/span>\n\t\t\t\t\t\t\t\t\t<span class=\"elementor-button-text\">Kostenvoranschlag in weniger als einer Stunde<\/span>\n\t\t\t\t\t<\/span>\n\t\t\t\t\t<\/a>\n\t\t\t\t<\/div>\n\t\t\t\t\t\t\t\t<\/div>\n\t\t\t\t<\/div>\n\t\t\t\t\t<\/div>\n\t\t<\/div>\n\t\t\t\t<div class=\"elementor-column elementor-col-50 elementor-top-column elementor-element elementor-element-93581c4\" data-id=\"93581c4\" data-element_type=\"column\" data-e-type=\"column\">\n\t\t\t<div class=\"elementor-widget-wrap elementor-element-populated\">\n\t\t\t\t\t\t<div class=\"elementor-element elementor-element-9747a81 elementor-widget elementor-widget-image\" data-id=\"9747a81\" data-element_type=\"widget\" data-e-type=\"widget\" data-widget_type=\"image.default\">\n\t\t\t\t<div class=\"elementor-widget-container\">\n\t\t\t\t\t\t\t\t\t\t\t\t\t\t\t<img width=\"1500\" height=\"1001\" src=\"https:\/\/i0.wp.com\/lftraduction.fr\/wp-content\/uploads\/2023\/10\/LFTraduction_Agence-de-traduction_05_2-copie.webp?fit=1500%2C1001&amp;ssl=1\" class=\"attachment-full size-full wp-image-11189\" alt=\"Lftraduction Agence De Traduction \u00e0 Paris\" srcset=\"https:\/\/i0.wp.com\/lftraduction.fr\/wp-content\/uploads\/2023\/10\/LFTraduction_Agence-de-traduction_05_2-copie.webp?w=1500&amp;ssl=1 1500w, https:\/\/i0.wp.com\/lftraduction.fr\/wp-content\/uploads\/2023\/10\/LFTraduction_Agence-de-traduction_05_2-copie.webp?resize=300%2C200&amp;ssl=1 300w, https:\/\/i0.wp.com\/lftraduction.fr\/wp-content\/uploads\/2023\/10\/LFTraduction_Agence-de-traduction_05_2-copie.webp?resize=1024%2C683&amp;ssl=1 1024w, https:\/\/i0.wp.com\/lftraduction.fr\/wp-content\/uploads\/2023\/10\/LFTraduction_Agence-de-traduction_05_2-copie.webp?resize=768%2C513&amp;ssl=1 768w\" sizes=\"(max-width: 800px) 100vw, 800px\" \/>\t\t\t\t\t\t\t\t\t\t\t\t\t\t\t<\/div>\n\t\t\t\t<\/div>\n\t\t\t\t\t<\/div>\n\t\t<\/div>\n\t\t\t\t\t<\/div>\n\t\t<\/section>\n\t\t\t\t<\/div>\n\t\t","protected":false},"excerpt":{"rendered":"<p>Franz\u00f6sisch-\u00dcbersetzung Die franz\u00f6sische Sprache ist eine der einflussreichsten und romantischsten Sprachen der Welt. Sie geht auf die Zeit des Vulg\u00e4rlateins zur\u00fcck, das im Mittelalter von der romanischen Bev\u00f6lkerung verwendet wurde. Im Laufe der Jahrhunderte hat das Franz\u00f6sische vielf\u00e4ltige Entwicklungen und Einfl\u00fcsse erfahren, nicht zuletzt dank Pers\u00f6nlichkeiten wie Fran\u00e7ois Villon, Moli\u00e8re und Victor Hugo, die zu [&hellip;]<\/p>\n","protected":false},"author":1,"featured_media":0,"parent":0,"menu_order":0,"comment_status":"closed","ping_status":"closed","template":"","meta":{"footnotes":""},"class_list":["post-12889","page","type-page","status-publish","hentry"],"jetpack_sharing_enabled":true,"_links":{"self":[{"href":"https:\/\/lftraduction.fr\/de\/wp-json\/wp\/v2\/pages\/12889","targetHints":{"allow":["GET"]}}],"collection":[{"href":"https:\/\/lftraduction.fr\/de\/wp-json\/wp\/v2\/pages"}],"about":[{"href":"https:\/\/lftraduction.fr\/de\/wp-json\/wp\/v2\/types\/page"}],"author":[{"embeddable":true,"href":"https:\/\/lftraduction.fr\/de\/wp-json\/wp\/v2\/users\/1"}],"replies":[{"embeddable":true,"href":"https:\/\/lftraduction.fr\/de\/wp-json\/wp\/v2\/comments?post=12889"}],"version-history":[{"count":5,"href":"https:\/\/lftraduction.fr\/de\/wp-json\/wp\/v2\/pages\/12889\/revisions"}],"predecessor-version":[{"id":12963,"href":"https:\/\/lftraduction.fr\/de\/wp-json\/wp\/v2\/pages\/12889\/revisions\/12963"}],"wp:attachment":[{"href":"https:\/\/lftraduction.fr\/de\/wp-json\/wp\/v2\/media?parent=12889"}],"curies":[{"name":"wp","href":"https:\/\/api.w.org\/{rel}","templated":true}]}}