{"id":12822,"date":"2023-06-11T20:21:14","date_gmt":"2023-06-11T20:21:14","guid":{"rendered":"https:\/\/lftraduction.fr\/englisch-uebersetzungsdienste\/"},"modified":"2024-03-28T11:07:47","modified_gmt":"2024-03-28T11:07:47","slug":"englisch-uebersetzungsdienste","status":"publish","type":"page","link":"https:\/\/lftraduction.fr\/de\/englisch-uebersetzungsdienste\/","title":{"rendered":"Englisch-\u00dcbersetzungsdienste"},"content":{"rendered":"\t\t<div data-elementor-type=\"wp-page\" data-elementor-id=\"12822\" class=\"elementor elementor-12822 elementor-1104\" data-elementor-post-type=\"page\">\n\t\t\t\t\t\t<section class=\"elementor-section elementor-top-section elementor-element elementor-element-0338501 elementor-section-full_width elementor-section-height-default elementor-section-height-default\" data-id=\"0338501\" data-element_type=\"section\" data-e-type=\"section\">\n\t\t\t\t\t\t<div class=\"elementor-container elementor-column-gap-no\">\n\t\t\t\t\t<div class=\"elementor-column elementor-col-100 elementor-top-column elementor-element elementor-element-21f24d2\" data-id=\"21f24d2\" data-element_type=\"column\" data-e-type=\"column\">\n\t\t\t<div class=\"elementor-widget-wrap elementor-element-populated\">\n\t\t\t\t\t\t<div class=\"elementor-element elementor-element-01da339 elementor-invisible elementor-widget elementor-widget-heading\" data-id=\"01da339\" data-element_type=\"widget\" data-e-type=\"widget\" data-settings=\"{&quot;_animation&quot;:&quot;fadeIn&quot;}\" data-widget_type=\"heading.default\">\n\t\t\t\t<div class=\"elementor-widget-container\">\n\t\t\t\t\t<h1 class=\"elementor-heading-title elementor-size-default\"><span style=\"color:#F4A41E\">Englisch<\/span>-\u00dcbersetzung<\/h1>\t\t\t\t<\/div>\n\t\t\t\t<\/div>\n\t\t\t\t\t<\/div>\n\t\t<\/div>\n\t\t\t\t\t<\/div>\n\t\t<\/section>\n\t\t\t\t<section class=\"elementor-section elementor-top-section elementor-element elementor-element-478c5a68 elementor-section-content-middle elementor-section-full_width elementor-section-height-default elementor-section-height-default\" data-id=\"478c5a68\" data-element_type=\"section\" data-e-type=\"section\">\n\t\t\t\t\t\t<div class=\"elementor-container elementor-column-gap-no\">\n\t\t\t\t\t<div class=\"elementor-column elementor-col-50 elementor-top-column elementor-element elementor-element-3cb3ab77\" data-id=\"3cb3ab77\" data-element_type=\"column\" data-e-type=\"column\">\n\t\t\t<div class=\"elementor-widget-wrap elementor-element-populated\">\n\t\t\t\t\t\t<div class=\"elementor-element elementor-element-4afacaf elementor-widget elementor-widget-text-editor\" data-id=\"4afacaf\" data-element_type=\"widget\" data-e-type=\"widget\" data-widget_type=\"text-editor.default\">\n\t\t\t\t<div class=\"elementor-widget-container\">\n\t\t\t\t\t\t\t\t\t<p class=\"p1\">Die englische Sprache ist eine der meistgesprochenen und einflussreichsten Sprachen der Welt. Ihre Urspr\u00fcnge gehen auf die germanischen St\u00e4mme zur\u00fcck, die im fr\u00fchen Mittelalter in England lebten. Im Laufe der Zeit wurde das Englische durch verschiedene historische Ereignisse gepr\u00e4gt, insbesondere durch die normannische Eroberung und die Renaissance, die lateinische und franz\u00f6sische Einfl\u00fcsse mit sich brachten.<\/p>\n<p class=\"p1\">Wussten Sie, dass sich die englische Sprache st\u00e4ndig weiterentwickelt? Sie verf\u00fcgt \u00fcber einen gro\u00dfen Wortschatz mit \u00fcber einer Million W\u00f6rtern, und jedes Jahr kommen neue W\u00f6rter hinzu. Diese dynamische Natur der englischen Sprache spiegelt ihre globale Reichweite und ihre Anpassungsf\u00e4higkeit wider.<\/p>\n<p class=\"p1\">Eine interessante Anekdote \u00fcber Englisch ist der Einfluss von William Shakespeare. Shakespeare, der oft als der gr\u00f6\u00dfte Dramatiker der Geschichte bezeichnet wird, erfand und popularisierte viele W\u00f6rter und Ausdr\u00fccke, die noch heute verwendet werden. Ber\u00fchmte Beispiele sind u. a. &#8220;all&#8217;s well that ends well&#8221; (Ende gut, alles gut), &#8220;break the ice&#8221; (das Eis brechen) und &#8220;wild goose chase&#8221; (wortw\u00f6rtlich: Jagd auf Wildg\u00e4nse).<\/p>\n<p class=\"p1\">Bei der \u00dcbersetzungsagentur La Fran\u00e7aise de la Traduction wissen wir, wie wichtig es ist, pr\u00e4zise und fl\u00fcssige \u00dcbersetzungen ins Englische zu liefern. Unsere fachkundigen \u00dcbersetzer sind Muttersprachler des Englischen und verf\u00fcgen \u00fcber umfassende Kenntnisse der Kultur und der sprachlichen Feinheiten. Egal, ob Sie juristische Dokumente, Marketingtexte oder Online-Inhalte \u00fcbersetzen m\u00fcssen, wir helfen Ihnen gerne weiter.<\/p>\n<p class=\"p1\">Kontaktieren Sie uns noch heute, um ein kostenloses Angebot f\u00fcr Ihre englischen \u00dcbersetzungsprojekte zu erhalten!<\/p>\n\t\t\t\t\t\t\t\t<\/div>\n\t\t\t\t<\/div>\n\t\t\t\t\t<\/div>\n\t\t<\/div>\n\t\t\t\t<div class=\"elementor-column elementor-col-50 elementor-top-column elementor-element elementor-element-7a43cb87\" data-id=\"7a43cb87\" data-element_type=\"column\" data-e-type=\"column\">\n\t\t\t<div class=\"elementor-widget-wrap elementor-element-populated\">\n\t\t\t\t\t\t<div class=\"elementor-element elementor-element-51c938b elementor-widget elementor-widget-image\" data-id=\"51c938b\" data-element_type=\"widget\" data-e-type=\"widget\" data-widget_type=\"image.default\">\n\t\t\t\t<div class=\"elementor-widget-container\">\n\t\t\t\t\t\t\t\t\t\t\t\t\t\t\t<img fetchpriority=\"high\" width=\"1000\" height=\"1500\" src=\"https:\/\/i0.wp.com\/lftraduction.fr\/wp-content\/uploads\/2023\/10\/LFTraduction_Agence-de-traduction_Paris_08_1.webp?fit=1000%2C1500&amp;ssl=1\" class=\"attachment-full size-full wp-image-12829\" alt=\"\" srcset=\"https:\/\/i0.wp.com\/lftraduction.fr\/wp-content\/uploads\/2023\/10\/LFTraduction_Agence-de-traduction_Paris_08_1.webp?w=1000&amp;ssl=1 1000w, https:\/\/i0.wp.com\/lftraduction.fr\/wp-content\/uploads\/2023\/10\/LFTraduction_Agence-de-traduction_Paris_08_1.webp?resize=200%2C300&amp;ssl=1 200w, https:\/\/i0.wp.com\/lftraduction.fr\/wp-content\/uploads\/2023\/10\/LFTraduction_Agence-de-traduction_Paris_08_1.webp?resize=683%2C1024&amp;ssl=1 683w, https:\/\/i0.wp.com\/lftraduction.fr\/wp-content\/uploads\/2023\/10\/LFTraduction_Agence-de-traduction_Paris_08_1.webp?resize=768%2C1152&amp;ssl=1 768w\" sizes=\"(max-width: 800px) 100vw, 800px\" \/>\t\t\t\t\t\t\t\t\t\t\t\t\t\t\t<\/div>\n\t\t\t\t<\/div>\n\t\t\t\t\t<\/div>\n\t\t<\/div>\n\t\t\t\t\t<\/div>\n\t\t<\/section>\n\t\t\t\t<section class=\"elementor-section elementor-top-section elementor-element elementor-element-1f014fa elementor-section-full_width elementor-section-height-default elementor-section-height-default\" data-id=\"1f014fa\" data-element_type=\"section\" data-e-type=\"section\" data-settings=\"{&quot;background_background&quot;:&quot;classic&quot;}\">\n\t\t\t\t\t\t<div class=\"elementor-container elementor-column-gap-no\">\n\t\t\t\t\t<div class=\"elementor-column elementor-col-50 elementor-top-column elementor-element elementor-element-32095c1\" data-id=\"32095c1\" data-element_type=\"column\" data-e-type=\"column\">\n\t\t\t<div class=\"elementor-widget-wrap elementor-element-populated\">\n\t\t\t\t\t\t<div class=\"elementor-element elementor-element-42fb82d elementor-invisible elementor-widget elementor-widget-heading\" data-id=\"42fb82d\" data-element_type=\"widget\" data-e-type=\"widget\" data-settings=\"{&quot;_animation&quot;:&quot;fadeIn&quot;}\" data-widget_type=\"heading.default\">\n\t\t\t\t<div class=\"elementor-widget-container\">\n\t\t\t\t\t<h2 class=\"elementor-heading-title elementor-size-default\">Angebot anfordern<\/h2>\t\t\t\t<\/div>\n\t\t\t\t<\/div>\n\t\t\t\t<div class=\"elementor-element elementor-element-c6a1e56 elementor-widget__width-initial elementor-widget elementor-widget-text-editor\" data-id=\"c6a1e56\" data-element_type=\"widget\" data-e-type=\"widget\" data-widget_type=\"text-editor.default\">\n\t\t\t\t<div class=\"elementor-widget-container\">\n\t\t\t\t\t\t\t\t\t<p><strong>Kontaktieren Sie unser Team<\/strong> und wir werden Ihnen <strong>so schnell wie m\u00f6glich<\/strong> die Antwort geben, die Sie brauchen. <\/p>\n\t\t\t\t\t\t\t\t<\/div>\n\t\t\t\t<\/div>\n\t\t\t\t<div class=\"elementor-element elementor-element-e8aaf6d elementor-align-left elementor-mobile-align-center elementor-widget elementor-widget-button\" data-id=\"e8aaf6d\" data-element_type=\"widget\" data-e-type=\"widget\" data-widget_type=\"button.default\">\n\t\t\t\t<div class=\"elementor-widget-container\">\n\t\t\t\t\t\t\t\t\t<div class=\"elementor-button-wrapper\">\n\t\t\t\t\t<a class=\"elementor-button elementor-button-link elementor-size-sm\" href=\"#elementor-action%3Aaction%3Dpopup%3Aopen%26settings%3DeyJpZCI6MTIzODMsInRvZ2dsZSI6ZmFsc2V9\">\n\t\t\t\t\t\t<span class=\"elementor-button-content-wrapper\">\n\t\t\t\t\t\t<span class=\"elementor-button-icon\">\n\t\t\t\t<i aria-hidden=\"true\" class=\"icon icon-arrow-right\"><\/i>\t\t\t<\/span>\n\t\t\t\t\t\t\t\t\t<span class=\"elementor-button-text\">Kostenvoranschlag in weniger als einer Stunde<\/span>\n\t\t\t\t\t<\/span>\n\t\t\t\t\t<\/a>\n\t\t\t\t<\/div>\n\t\t\t\t\t\t\t\t<\/div>\n\t\t\t\t<\/div>\n\t\t\t\t\t<\/div>\n\t\t<\/div>\n\t\t\t\t<div class=\"elementor-column elementor-col-50 elementor-top-column elementor-element elementor-element-0411e85\" data-id=\"0411e85\" data-element_type=\"column\" data-e-type=\"column\">\n\t\t\t<div class=\"elementor-widget-wrap elementor-element-populated\">\n\t\t\t\t\t\t<div class=\"elementor-element elementor-element-f9a7de2 elementor-widget elementor-widget-image\" data-id=\"f9a7de2\" data-element_type=\"widget\" data-e-type=\"widget\" data-widget_type=\"image.default\">\n\t\t\t\t<div class=\"elementor-widget-container\">\n\t\t\t\t\t\t\t\t\t\t\t\t\t\t\t<img width=\"1500\" height=\"1001\" src=\"https:\/\/i0.wp.com\/lftraduction.fr\/wp-content\/uploads\/2023\/10\/LFTraduction_Agence-de-traduction_05_2-copie.webp?fit=1500%2C1001&amp;ssl=1\" class=\"attachment-full size-full wp-image-11189\" alt=\"Lftraduction Agence De Traduction \u00e0 Paris\" srcset=\"https:\/\/i0.wp.com\/lftraduction.fr\/wp-content\/uploads\/2023\/10\/LFTraduction_Agence-de-traduction_05_2-copie.webp?w=1500&amp;ssl=1 1500w, https:\/\/i0.wp.com\/lftraduction.fr\/wp-content\/uploads\/2023\/10\/LFTraduction_Agence-de-traduction_05_2-copie.webp?resize=300%2C200&amp;ssl=1 300w, https:\/\/i0.wp.com\/lftraduction.fr\/wp-content\/uploads\/2023\/10\/LFTraduction_Agence-de-traduction_05_2-copie.webp?resize=1024%2C683&amp;ssl=1 1024w, https:\/\/i0.wp.com\/lftraduction.fr\/wp-content\/uploads\/2023\/10\/LFTraduction_Agence-de-traduction_05_2-copie.webp?resize=768%2C513&amp;ssl=1 768w\" sizes=\"(max-width: 800px) 100vw, 800px\" \/>\t\t\t\t\t\t\t\t\t\t\t\t\t\t\t<\/div>\n\t\t\t\t<\/div>\n\t\t\t\t\t<\/div>\n\t\t<\/div>\n\t\t\t\t\t<\/div>\n\t\t<\/section>\n\t\t\t\t<\/div>\n\t\t","protected":false},"excerpt":{"rendered":"<p>Englisch-\u00dcbersetzung Die englische Sprache ist eine der meistgesprochenen und einflussreichsten Sprachen der Welt. Ihre Urspr\u00fcnge gehen auf die germanischen St\u00e4mme zur\u00fcck, die im fr\u00fchen Mittelalter in England lebten. Im Laufe der Zeit wurde das Englische durch verschiedene historische Ereignisse gepr\u00e4gt, insbesondere durch die normannische Eroberung und die Renaissance, die lateinische und franz\u00f6sische Einfl\u00fcsse mit sich [&hellip;]<\/p>\n","protected":false},"author":1,"featured_media":0,"parent":0,"menu_order":0,"comment_status":"closed","ping_status":"closed","template":"","meta":{"footnotes":""},"class_list":["post-12822","page","type-page","status-publish","hentry"],"jetpack_sharing_enabled":true,"_links":{"self":[{"href":"https:\/\/lftraduction.fr\/de\/wp-json\/wp\/v2\/pages\/12822","targetHints":{"allow":["GET"]}}],"collection":[{"href":"https:\/\/lftraduction.fr\/de\/wp-json\/wp\/v2\/pages"}],"about":[{"href":"https:\/\/lftraduction.fr\/de\/wp-json\/wp\/v2\/types\/page"}],"author":[{"embeddable":true,"href":"https:\/\/lftraduction.fr\/de\/wp-json\/wp\/v2\/users\/1"}],"replies":[{"embeddable":true,"href":"https:\/\/lftraduction.fr\/de\/wp-json\/wp\/v2\/comments?post=12822"}],"version-history":[{"count":3,"href":"https:\/\/lftraduction.fr\/de\/wp-json\/wp\/v2\/pages\/12822\/revisions"}],"predecessor-version":[{"id":12959,"href":"https:\/\/lftraduction.fr\/de\/wp-json\/wp\/v2\/pages\/12822\/revisions\/12959"}],"wp:attachment":[{"href":"https:\/\/lftraduction.fr\/de\/wp-json\/wp\/v2\/media?parent=12822"}],"curies":[{"name":"wp","href":"https:\/\/api.w.org\/{rel}","templated":true}]}}