{"id":12794,"date":"2023-10-17T14:50:24","date_gmt":"2023-10-17T14:50:24","guid":{"rendered":"https:\/\/lftraduction.fr\/portugiesische-uebersetzungsdienste\/"},"modified":"2024-03-28T11:04:25","modified_gmt":"2024-03-28T11:04:25","slug":"portugiesische-uebersetzungsdienste","status":"publish","type":"page","link":"https:\/\/lftraduction.fr\/de\/portugiesische-uebersetzungsdienste\/","title":{"rendered":"Portugiesische \u00dcbersetzungsdienste"},"content":{"rendered":"\t\t<div data-elementor-type=\"wp-page\" data-elementor-id=\"12794\" class=\"elementor elementor-12794 elementor-6600\" data-elementor-post-type=\"page\">\n\t\t\t\t\t\t<section class=\"elementor-section elementor-top-section elementor-element elementor-element-e1e701a elementor-section-full_width elementor-section-height-default elementor-section-height-default\" data-id=\"e1e701a\" data-element_type=\"section\" data-e-type=\"section\">\n\t\t\t\t\t\t<div class=\"elementor-container elementor-column-gap-no\">\n\t\t\t\t\t<div class=\"elementor-column elementor-col-100 elementor-top-column elementor-element elementor-element-53c1804\" data-id=\"53c1804\" data-element_type=\"column\" data-e-type=\"column\">\n\t\t\t<div class=\"elementor-widget-wrap elementor-element-populated\">\n\t\t\t\t\t\t<div class=\"elementor-element elementor-element-1eb9975 elementor-invisible elementor-widget elementor-widget-heading\" data-id=\"1eb9975\" data-element_type=\"widget\" data-e-type=\"widget\" data-settings=\"{&quot;_animation&quot;:&quot;fadeIn&quot;}\" data-widget_type=\"heading.default\">\n\t\t\t\t<div class=\"elementor-widget-container\">\n\t\t\t\t\t<h1 class=\"elementor-heading-title elementor-size-default\"><span style=\"color:#F4A41E\">Portugiesisch<\/span>-\u00dcbersetzung<\/h1>\t\t\t\t<\/div>\n\t\t\t\t<\/div>\n\t\t\t\t\t<\/div>\n\t\t<\/div>\n\t\t\t\t\t<\/div>\n\t\t<\/section>\n\t\t\t\t<section class=\"elementor-section elementor-top-section elementor-element elementor-element-5ce4450e elementor-section-content-middle elementor-section-full_width elementor-section-height-default elementor-section-height-default\" data-id=\"5ce4450e\" data-element_type=\"section\" data-e-type=\"section\">\n\t\t\t\t\t\t<div class=\"elementor-container elementor-column-gap-no\">\n\t\t\t\t\t<div class=\"elementor-column elementor-col-50 elementor-top-column elementor-element elementor-element-1ad5ea9e\" data-id=\"1ad5ea9e\" data-element_type=\"column\" data-e-type=\"column\">\n\t\t\t<div class=\"elementor-widget-wrap elementor-element-populated\">\n\t\t\t\t\t\t<div class=\"elementor-element elementor-element-38570ddc elementor-widget elementor-widget-text-editor\" data-id=\"38570ddc\" data-element_type=\"widget\" data-e-type=\"widget\" data-widget_type=\"text-editor.default\">\n\t\t\t\t<div class=\"elementor-widget-container\">\n\t\t\t\t\t\t\t\t\t<p>Portugiesisch ist eine weltweit h\u00e4ufig gesprochene Sprache, die aus den galicischen und asturischen Dialekten im Nordwestspanien hervorgegangen ist. Portugiesisch ist eine Sprache, die weltweit von mehr als 220 Millionen Menschen gesprochen wird und tiefe historische und kulturelle Wurzeln hat.<\/p>\n<p>Portugiesisch ist die Amtssprache mehrerer L\u00e4nder, darunter Portugal, Brasilien, Mosambik, Angola und Kap Verde.<\/p>\n<h3>Urspr\u00fcnge der portugiesischen Sprache<\/h3>\n<p>Das moderne Portugiesische stammt vom Galicisch-Portugiesischen ab, einem Dialekt, der im Mittelalter im Nordwesten der Iberischen Halbinsel gesprochen wurde. Die portugiesische Sprache verbreitete sich durch die portugiesischen Entdeckungsreisen und wurde w\u00e4hrend der europ\u00e4ischen Kolonialisierung zur Hauptsprache Brasiliens.<\/p>\n<h3>Die portugiesische Sprache: ein kultureller und sprachlicher Reichtum<\/h3>\n<p>In Brasilien entwickelte sich das Portugiesische durch die Vermischung mit indigenen und afrikanischen Sprachen. Dies ist auf die komplexe Geschichte des Landes zur\u00fcckzuf\u00fchren, insbesondere w\u00e4hrend der Zeit der Sklaverei.<\/p>\n<p>In Brasilien hat das Portugiesische aufgrund der Sklaverei W\u00f6rter aus indigenen und afrikanischen Sprachen vermischt.<\/p>\n<h3>Sprache in Brasilien: ein lebendiges kulturelles Erbe<\/h3>\n<p>In Brasilien ist Portugiesisch die Hauptsprache. Das Land ist riesig und vielf\u00e4ltig, mit einer reichen Kultur und Sprache. Au\u00dferdem besitzt es gro\u00dfe Teile des Amazonasgebiets. In diesem Mosaik aus regionalen Kulturen entstehen einzigartige Ausdrucksformen, die von Generationen, die von althergebrachten Traditionen gepr\u00e4gt sind, sorgf\u00e4ltig gewebt werden. Jede Ecke Brasiliens erklingt mit ihren eigenen Rhythmen, Br\u00e4uchen und sprachlichen Nuancen.<\/p>\n<p>Die warmen Akzente des brasilianischen Portugiesischen spiegeln die Freundlichkeit und Offenheit des brasilianischen Volkes wider. Jede Region, jede Stadt hat ihre eigene Klangfarbe und verwandelt den einfachen Akt des Sprechens in eine lebendige Symphonie von Kl\u00e4ngen. Jeder Akzent in Brasilien feiert die Geschichte und die kulturelle Vielfalt des Landes. Von den sanften Kl\u00e4ngen des Nordostens bis zur mitrei\u00dfenden Samba-Musik in Rio de Janeiro.<\/p>\n<p>Auf diesem fruchtbaren Boden gedeihen auch au\u00dfergew\u00f6hnliche literarische Traditionen. Machado de Assis, Clarice Lispector und Jorge Amado sind ber\u00fchmte Schriftsteller. Sie haben eine reiche und vielf\u00e4ltige Literatur geschaffen. Diese Literatur f\u00e4ngt die Essenz der brasilianischen Seele ein. Portugiesisch wird in den H\u00e4nden von Experten zu einem lebendigen Gem\u00e4lde. Dieses Gem\u00e4lde besteht aus vibrierenden Bildern, die das brasilianische Leben, seine Tr\u00e4ume und Herausforderungen darstellen.<\/p>\n<h3>Regionale Vielfalt und afrikanischer Einfluss<\/h3>\n<p>Diese afrikanischen Varianten des Portugiesischen sind das Ergebnis eines jahrelangen Austauschs mit den lokalen Sprachen und Kulturen, wodurch eine gro\u00dfe sprachliche Vielfalt entstanden ist.<\/p>\n<p>Die afrikanischen Varianten des Portugiesischen sind ein reiches sprachliches Erbe und bieten wertvolle Einblicke in die Br\u00e4uche, Traditionen und die Geschichte der jeweiligen Region. Vom Kapverdischen bis zum Mosambikanischen, vom Guinea-Bissauischen bis zum Angolanischen &#8211; jede Variante des Portugiesischen in Afrika schwingt mit der Musikalit\u00e4t der einheimischen Sprachen und dem Einfluss der w\u00e4hrend der Kolonialzeit eingef\u00fchrten Sprachen mit.<\/p>\n<h3>Unsere Dienstleistungen f\u00fcr beglaubigte und zertifizierte Portugiesisch-Franz\u00f6sisch-\u00dcbersetzungen<\/h3>\n<p>Wenn Sie einen offiziellen Portugiesisch-Franz\u00f6sisch-\u00dcbersetzer suchen oder Brasilianisch-Franz\u00f6sisch-\u00dcbersetzungsdienste ben\u00f6tigen, sind wir hier, um Ihnen zu helfen. Unser Team von Fach\u00fcbersetzern bietet professionelle, pr\u00e4zise und zuverl\u00e4ssige \u00dcbersetzungen an, die gew\u00e4hrleisten, dass der sprachliche und kulturelle Reichtum des Portugiesischen erhalten bleibt.<\/p>\n<p>Kontaktieren Sie uns noch heute f\u00fcr alle Ihre \u00dcbersetzungen, egal ob es sich um offizielle Dokumente, Gesch\u00e4ftskorrespondenz oder literarische Projekte handelt. Wir sind Ihr zuverl\u00e4ssiger Partner f\u00fcr alle Ihre Sprachbed\u00fcrfnisse in Portugiesisch.<\/p>\n<p><em>Erkunden Sie unsere Website, um mehr \u00fcber unsere \u00dcbersetzungsdienste zu erfahren und zu sehen, wie wir Ihnen helfen k\u00f6nnen, effektiv in der sch\u00f6nen portugiesischen Sprache zu kommunizieren, sei es in Brasilien, Portugal oder anderswo in der portugiesischsprachigen Welt.<\/em><\/p>\n\t\t\t\t\t\t\t\t<\/div>\n\t\t\t\t<\/div>\n\t\t\t\t\t<\/div>\n\t\t<\/div>\n\t\t\t\t<div class=\"elementor-column elementor-col-50 elementor-top-column elementor-element elementor-element-736197b2\" data-id=\"736197b2\" data-element_type=\"column\" data-e-type=\"column\">\n\t\t\t<div class=\"elementor-widget-wrap elementor-element-populated\">\n\t\t\t\t\t\t<div class=\"elementor-element elementor-element-741fde0c elementor-widget elementor-widget-image\" data-id=\"741fde0c\" data-element_type=\"widget\" data-e-type=\"widget\" data-widget_type=\"image.default\">\n\t\t\t\t<div class=\"elementor-widget-container\">\n\t\t\t\t\t\t\t\t\t\t\t\t\t\t\t<img fetchpriority=\"high\" width=\"683\" height=\"1024\" src=\"https:\/\/i0.wp.com\/lftraduction.fr\/wp-content\/uploads\/2023\/10\/dngezbqlxy8.webp?fit=683%2C1024&amp;ssl=1\" class=\"attachment-large size-large wp-image-12798\" alt=\"\" \/>\t\t\t\t\t\t\t\t\t\t\t\t\t\t\t<\/div>\n\t\t\t\t<\/div>\n\t\t\t\t\t<\/div>\n\t\t<\/div>\n\t\t\t\t\t<\/div>\n\t\t<\/section>\n\t\t\t\t<section class=\"elementor-section elementor-top-section elementor-element elementor-element-49f76a99 elementor-section-full_width elementor-section-height-default elementor-section-height-default\" data-id=\"49f76a99\" data-element_type=\"section\" data-e-type=\"section\" data-settings=\"{&quot;background_background&quot;:&quot;classic&quot;}\">\n\t\t\t\t\t\t<div class=\"elementor-container elementor-column-gap-no\">\n\t\t\t\t\t<div class=\"elementor-column elementor-col-50 elementor-top-column elementor-element elementor-element-50b71e96\" data-id=\"50b71e96\" data-element_type=\"column\" data-e-type=\"column\">\n\t\t\t<div class=\"elementor-widget-wrap elementor-element-populated\">\n\t\t\t\t\t\t<div class=\"elementor-element elementor-element-2944365a elementor-invisible elementor-widget elementor-widget-heading\" data-id=\"2944365a\" data-element_type=\"widget\" data-e-type=\"widget\" data-settings=\"{&quot;_animation&quot;:&quot;fadeIn&quot;}\" data-widget_type=\"heading.default\">\n\t\t\t\t<div class=\"elementor-widget-container\">\n\t\t\t\t\t<h2 class=\"elementor-heading-title elementor-size-default\">Angebot anfordern<\/h2>\t\t\t\t<\/div>\n\t\t\t\t<\/div>\n\t\t\t\t<div class=\"elementor-element elementor-element-49452134 elementor-widget__width-initial elementor-widget elementor-widget-text-editor\" data-id=\"49452134\" data-element_type=\"widget\" data-e-type=\"widget\" data-widget_type=\"text-editor.default\">\n\t\t\t\t<div class=\"elementor-widget-container\">\n\t\t\t\t\t\t\t\t\t<p><strong>Kontaktieren Sie unser Team<\/strong> und wir werden Ihnen <strong>so schnell wie m\u00f6glich<\/strong> die Antwort geben, die Sie brauchen. <\/p>\n\t\t\t\t\t\t\t\t<\/div>\n\t\t\t\t<\/div>\n\t\t\t\t<div class=\"elementor-element elementor-element-6c5647e elementor-align-left elementor-mobile-align-center elementor-widget elementor-widget-button\" data-id=\"6c5647e\" data-element_type=\"widget\" data-e-type=\"widget\" data-widget_type=\"button.default\">\n\t\t\t\t<div class=\"elementor-widget-container\">\n\t\t\t\t\t\t\t\t\t<div class=\"elementor-button-wrapper\">\n\t\t\t\t\t<a class=\"elementor-button elementor-button-link elementor-size-sm\" href=\"#elementor-action%3Aaction%3Dpopup%3Aopen%26settings%3DeyJpZCI6MTIzODMsInRvZ2dsZSI6ZmFsc2V9\">\n\t\t\t\t\t\t<span class=\"elementor-button-content-wrapper\">\n\t\t\t\t\t\t<span class=\"elementor-button-icon\">\n\t\t\t\t<i aria-hidden=\"true\" class=\"icon icon-arrow-right\"><\/i>\t\t\t<\/span>\n\t\t\t\t\t\t\t\t\t<span class=\"elementor-button-text\">Kostenvoranschlag in weniger als einer Stunde<\/span>\n\t\t\t\t\t<\/span>\n\t\t\t\t\t<\/a>\n\t\t\t\t<\/div>\n\t\t\t\t\t\t\t\t<\/div>\n\t\t\t\t<\/div>\n\t\t\t\t\t<\/div>\n\t\t<\/div>\n\t\t\t\t<div class=\"elementor-column elementor-col-50 elementor-top-column elementor-element elementor-element-336166d2\" data-id=\"336166d2\" data-element_type=\"column\" data-e-type=\"column\">\n\t\t\t<div class=\"elementor-widget-wrap elementor-element-populated\">\n\t\t\t\t\t\t<div class=\"elementor-element elementor-element-1c2ff05a elementor-widget elementor-widget-image\" data-id=\"1c2ff05a\" data-element_type=\"widget\" data-e-type=\"widget\" data-widget_type=\"image.default\">\n\t\t\t\t<div class=\"elementor-widget-container\">\n\t\t\t\t\t\t\t\t\t\t\t\t\t\t\t<img width=\"1500\" height=\"1001\" src=\"https:\/\/i0.wp.com\/lftraduction.fr\/wp-content\/uploads\/2023\/10\/LFTraduction_Agence-de-traduction_05_2-copie.webp?fit=1500%2C1001&amp;ssl=1\" class=\"attachment-full size-full wp-image-11189\" alt=\"Lftraduction Agence De Traduction \u00e0 Paris\" srcset=\"https:\/\/i0.wp.com\/lftraduction.fr\/wp-content\/uploads\/2023\/10\/LFTraduction_Agence-de-traduction_05_2-copie.webp?w=1500&amp;ssl=1 1500w, https:\/\/i0.wp.com\/lftraduction.fr\/wp-content\/uploads\/2023\/10\/LFTraduction_Agence-de-traduction_05_2-copie.webp?resize=300%2C200&amp;ssl=1 300w, https:\/\/i0.wp.com\/lftraduction.fr\/wp-content\/uploads\/2023\/10\/LFTraduction_Agence-de-traduction_05_2-copie.webp?resize=1024%2C683&amp;ssl=1 1024w, https:\/\/i0.wp.com\/lftraduction.fr\/wp-content\/uploads\/2023\/10\/LFTraduction_Agence-de-traduction_05_2-copie.webp?resize=768%2C513&amp;ssl=1 768w\" sizes=\"(max-width: 800px) 100vw, 800px\" \/>\t\t\t\t\t\t\t\t\t\t\t\t\t\t\t<\/div>\n\t\t\t\t<\/div>\n\t\t\t\t\t<\/div>\n\t\t<\/div>\n\t\t\t\t\t<\/div>\n\t\t<\/section>\n\t\t\t\t<\/div>\n\t\t","protected":false},"excerpt":{"rendered":"<p>Portugiesisch-\u00dcbersetzung Portugiesisch ist eine weltweit h\u00e4ufig gesprochene Sprache, die aus den galicischen und asturischen Dialekten im Nordwestspanien hervorgegangen ist. Portugiesisch ist eine Sprache, die weltweit von mehr als 220 Millionen Menschen gesprochen wird und tiefe historische und kulturelle Wurzeln hat. Portugiesisch ist die Amtssprache mehrerer L\u00e4nder, darunter Portugal, Brasilien, Mosambik, Angola und Kap Verde. Urspr\u00fcnge [&hellip;]<\/p>\n","protected":false},"author":2,"featured_media":0,"parent":0,"menu_order":0,"comment_status":"closed","ping_status":"closed","template":"","meta":{"footnotes":""},"class_list":["post-12794","page","type-page","status-publish","hentry"],"jetpack_sharing_enabled":true,"_links":{"self":[{"href":"https:\/\/lftraduction.fr\/de\/wp-json\/wp\/v2\/pages\/12794","targetHints":{"allow":["GET"]}}],"collection":[{"href":"https:\/\/lftraduction.fr\/de\/wp-json\/wp\/v2\/pages"}],"about":[{"href":"https:\/\/lftraduction.fr\/de\/wp-json\/wp\/v2\/types\/page"}],"author":[{"embeddable":true,"href":"https:\/\/lftraduction.fr\/de\/wp-json\/wp\/v2\/users\/2"}],"replies":[{"embeddable":true,"href":"https:\/\/lftraduction.fr\/de\/wp-json\/wp\/v2\/comments?post=12794"}],"version-history":[{"count":5,"href":"https:\/\/lftraduction.fr\/de\/wp-json\/wp\/v2\/pages\/12794\/revisions"}],"predecessor-version":[{"id":12948,"href":"https:\/\/lftraduction.fr\/de\/wp-json\/wp\/v2\/pages\/12794\/revisions\/12948"}],"wp:attachment":[{"href":"https:\/\/lftraduction.fr\/de\/wp-json\/wp\/v2\/media?parent=12794"}],"curies":[{"name":"wp","href":"https:\/\/api.w.org\/{rel}","templated":true}]}}