{"id":11487,"date":"2023-10-19T09:36:24","date_gmt":"2023-10-19T09:36:24","guid":{"rendered":"https:\/\/lftraduction.fr\/uebersetzungsdienst-in-paris\/marketing-uebersetzung\/"},"modified":"2024-02-28T09:45:48","modified_gmt":"2024-02-28T09:45:48","slug":"marketing-uebersetzung","status":"publish","type":"page","link":"https:\/\/lftraduction.fr\/de\/uebersetzungsdienst-in-paris\/marketing-uebersetzung\/","title":{"rendered":"Marketing-\u00dcbersetzung"},"content":{"rendered":"\t\t<div data-elementor-type=\"wp-page\" data-elementor-id=\"11487\" class=\"elementor elementor-11487 elementor-6656\" data-elementor-post-type=\"page\">\n\t\t\t\t\t\t<section class=\"elementor-section elementor-top-section elementor-element elementor-element-146f753 elementor-section-full_width elementor-section-height-default elementor-section-height-default\" data-id=\"146f753\" data-element_type=\"section\" data-e-type=\"section\">\n\t\t\t\t\t\t<div class=\"elementor-container elementor-column-gap-no\">\n\t\t\t\t\t<div class=\"elementor-column elementor-col-100 elementor-top-column elementor-element elementor-element-5cda981\" data-id=\"5cda981\" data-element_type=\"column\" data-e-type=\"column\">\n\t\t\t<div class=\"elementor-widget-wrap elementor-element-populated\">\n\t\t\t\t\t\t<div class=\"elementor-element elementor-element-3e7399f elementor-invisible elementor-widget elementor-widget-heading\" data-id=\"3e7399f\" data-element_type=\"widget\" data-e-type=\"widget\" data-settings=\"{&quot;_animation&quot;:&quot;fadeIn&quot;}\" data-widget_type=\"heading.default\">\n\t\t\t\t<div class=\"elementor-widget-container\">\n\t\t\t\t\t<h1 class=\"elementor-heading-title elementor-size-default\"><span style=\"color:#F4A41E\">Marketing<\/span>-\u00dcbersetzungsdienst<\/h1>\t\t\t\t<\/div>\n\t\t\t\t<\/div>\n\t\t\t\t\t<\/div>\n\t\t<\/div>\n\t\t\t\t\t<\/div>\n\t\t<\/section>\n\t\t\t\t<section class=\"elementor-section elementor-top-section elementor-element elementor-element-823be26 elementor-section-full_width elementor-reverse-tablet elementor-section-height-default elementor-section-height-default\" data-id=\"823be26\" data-element_type=\"section\" data-e-type=\"section\">\n\t\t\t\t\t\t<div class=\"elementor-container elementor-column-gap-no\">\n\t\t\t\t\t<div class=\"elementor-column elementor-col-50 elementor-top-column elementor-element elementor-element-d3de98f\" data-id=\"d3de98f\" data-element_type=\"column\" data-e-type=\"column\">\n\t\t\t<div class=\"elementor-widget-wrap elementor-element-populated\">\n\t\t\t\t\t\t<div class=\"elementor-element elementor-element-f86f3d5 elementor-widget__width-initial elementor-widget elementor-widget-text-editor\" data-id=\"f86f3d5\" data-element_type=\"widget\" data-e-type=\"widget\" data-widget_type=\"text-editor.default\">\n\t\t\t\t<div class=\"elementor-widget-container\">\n\t\t\t\t\t\t\t\t\t<p>Sie m\u00f6chten Ihre <strong>Marketingkommunikationstr\u00e4ger<\/strong> qualitativ hochwertig und schnell \u00fcbersetzen? Dann sind Sie an der richtigen Stelle.<\/p>\n\t\t\t\t\t\t\t\t<\/div>\n\t\t\t\t<\/div>\n\t\t\t\t<div class=\"elementor-element elementor-element-29aa0a0 elementor-view-stacked elementor-shape-circle elementor-invisible elementor-widget elementor-widget-icon\" data-id=\"29aa0a0\" data-element_type=\"widget\" data-e-type=\"widget\" data-settings=\"{&quot;_animation&quot;:&quot;bounceInUp&quot;,&quot;_animation_delay&quot;:700}\" data-widget_type=\"icon.default\">\n\t\t\t\t<div class=\"elementor-widget-container\">\n\t\t\t\t\t\t\t<div class=\"elementor-icon-wrapper\">\n\t\t\t<a class=\"elementor-icon elementor-animation-sink\" href=\"#next\">\n\t\t\t<i aria-hidden=\"true\" class=\"icon icon-arrow-down\"><\/i>\t\t\t<\/a>\n\t\t<\/div>\n\t\t\t\t\t\t<\/div>\n\t\t\t\t<\/div>\n\t\t\t\t\t<\/div>\n\t\t<\/div>\n\t\t\t\t<div class=\"elementor-column elementor-col-50 elementor-top-column elementor-element elementor-element-f29fe44\" data-id=\"f29fe44\" data-element_type=\"column\" data-e-type=\"column\">\n\t\t\t<div class=\"elementor-widget-wrap elementor-element-populated\">\n\t\t\t\t\t\t<div class=\"elementor-element elementor-element-280947e elementor-invisible elementor-widget elementor-widget-image\" data-id=\"280947e\" data-element_type=\"widget\" data-e-type=\"widget\" data-settings=\"{&quot;_animation&quot;:&quot;fadeInRight&quot;}\" data-widget_type=\"image.default\">\n\t\t\t\t<div class=\"elementor-widget-container\">\n\t\t\t\t\t\t\t\t\t\t\t\t\t\t\t<img fetchpriority=\"high\" width=\"800\" height=\"450\" src=\"https:\/\/i0.wp.com\/lftraduction.fr\/wp-content\/uploads\/2023\/10\/La-Francaise-de-la-Traduction_Traduction_02.webp?fit=800%2C450&amp;ssl=1\" class=\"attachment-large size-large wp-image-11489\" alt=\"\" srcset=\"https:\/\/i0.wp.com\/lftraduction.fr\/wp-content\/uploads\/2023\/10\/La-Francaise-de-la-Traduction_Traduction_02.webp?w=1500&amp;ssl=1 1500w, https:\/\/i0.wp.com\/lftraduction.fr\/wp-content\/uploads\/2023\/10\/La-Francaise-de-la-Traduction_Traduction_02.webp?resize=300%2C169&amp;ssl=1 300w, https:\/\/i0.wp.com\/lftraduction.fr\/wp-content\/uploads\/2023\/10\/La-Francaise-de-la-Traduction_Traduction_02.webp?resize=1024%2C576&amp;ssl=1 1024w, https:\/\/i0.wp.com\/lftraduction.fr\/wp-content\/uploads\/2023\/10\/La-Francaise-de-la-Traduction_Traduction_02.webp?resize=768%2C432&amp;ssl=1 768w\" sizes=\"(max-width: 800px) 100vw, 800px\" \/>\t\t\t\t\t\t\t\t\t\t\t\t\t\t\t<\/div>\n\t\t\t\t<\/div>\n\t\t\t\t\t<\/div>\n\t\t<\/div>\n\t\t\t\t\t<\/div>\n\t\t<\/section>\n\t\t\t\t<section class=\"elementor-section elementor-top-section elementor-element elementor-element-eeee132 elementor-section-full_width elementor-reverse-tablet elementor-reverse-mobile elementor-section-height-default elementor-section-height-default\" data-id=\"eeee132\" data-element_type=\"section\" data-e-type=\"section\" id=\"next\">\n\t\t\t\t\t\t<div class=\"elementor-container elementor-column-gap-no\">\n\t\t\t\t\t<div class=\"elementor-column elementor-col-50 elementor-top-column elementor-element elementor-element-bcfe7ad\" data-id=\"bcfe7ad\" data-element_type=\"column\" data-e-type=\"column\">\n\t\t\t<div class=\"elementor-widget-wrap elementor-element-populated\">\n\t\t\t\t\t\t<div class=\"elementor-element elementor-element-d882b00 elementor-widget elementor-widget-image\" data-id=\"d882b00\" data-element_type=\"widget\" data-e-type=\"widget\" data-widget_type=\"image.default\">\n\t\t\t\t<div class=\"elementor-widget-container\">\n\t\t\t\t\t\t\t\t\t\t\t\t\t\t\t<img width=\"800\" height=\"534\" src=\"https:\/\/i0.wp.com\/lftraduction.fr\/wp-content\/uploads\/2023\/10\/La-Francaise-de-la-Traduction_Traduction_01.webp?fit=800%2C534&amp;ssl=1\" class=\"attachment-large size-large wp-image-11488\" alt=\"\" srcset=\"https:\/\/i0.wp.com\/lftraduction.fr\/wp-content\/uploads\/2023\/10\/La-Francaise-de-la-Traduction_Traduction_01.webp?w=1500&amp;ssl=1 1500w, https:\/\/i0.wp.com\/lftraduction.fr\/wp-content\/uploads\/2023\/10\/La-Francaise-de-la-Traduction_Traduction_01.webp?resize=300%2C200&amp;ssl=1 300w, https:\/\/i0.wp.com\/lftraduction.fr\/wp-content\/uploads\/2023\/10\/La-Francaise-de-la-Traduction_Traduction_01.webp?resize=1024%2C683&amp;ssl=1 1024w, https:\/\/i0.wp.com\/lftraduction.fr\/wp-content\/uploads\/2023\/10\/La-Francaise-de-la-Traduction_Traduction_01.webp?resize=768%2C512&amp;ssl=1 768w\" sizes=\"(max-width: 800px) 100vw, 800px\" \/>\t\t\t\t\t\t\t\t\t\t\t\t\t\t\t<\/div>\n\t\t\t\t<\/div>\n\t\t\t\t\t<\/div>\n\t\t<\/div>\n\t\t\t\t<div class=\"elementor-column elementor-col-50 elementor-top-column elementor-element elementor-element-4f3eac9\" data-id=\"4f3eac9\" data-element_type=\"column\" data-e-type=\"column\">\n\t\t\t<div class=\"elementor-widget-wrap elementor-element-populated\">\n\t\t\t\t\t\t<div class=\"elementor-element elementor-element-2830661 elementor-invisible elementor-widget elementor-widget-heading\" data-id=\"2830661\" data-element_type=\"widget\" data-e-type=\"widget\" data-settings=\"{&quot;_animation&quot;:&quot;fadeIn&quot;}\" data-widget_type=\"heading.default\">\n\t\t\t\t<div class=\"elementor-widget-container\">\n\t\t\t\t\t<h2 class=\"elementor-heading-title elementor-size-default\">Mit hochwertigen <span style=\"color:#F4A41E\">Marketing-\u00dcbersetzungen<\/span> neue internationale M\u00e4rkte erschlie\u00dfen<\/h2>\t\t\t\t<\/div>\n\t\t\t\t<\/div>\n\t\t\t\t<div class=\"elementor-element elementor-element-99af3d2 elementor-widget elementor-widget-text-editor\" data-id=\"99af3d2\" data-element_type=\"widget\" data-e-type=\"widget\" data-widget_type=\"text-editor.default\">\n\t\t\t\t<div class=\"elementor-widget-container\">\n\t\t\t\t\t\t\t\t\t<p><strong>La Fran\u00e7aise de la Traduction<\/strong> bietet Ihnen die besten Marketing-\u00dcbersetzungsdienste in \u00fcber 50 Sprachen. Wir \u00fcbersetzen all Ihre Marketingkommunikationstr\u00e4ger wie Brosch\u00fcren, Pressemitteilungen, Marketing-E-Mails, Videos, Websites und Pr\u00e4sentationen schnell und qualitativ. Bei <strong>La Fran\u00e7aise de la Traduction<\/strong> helfen wir unseren Kunden, internationale Zielgruppen durch fl\u00fcssige und ansprechende \u00dcbersetzungen zu gewinnen, die die Botschaft Ihrer Marke weltweit wahrheitsgetreu vermitteln.<\/p>\n<p>Bei <strong>La Fran\u00e7aise de la Traduction<\/strong> verf\u00fcgen wir \u00fcber zuverl\u00e4ssige und belastbare Sprachressourcen durch unser Team von mehr als 40 internen \u00dcbersetzern. Wir haben die leistungsf\u00e4higsten Prozesse implementiert, um sprachlich fl\u00fcssige und kulturell ansprechende Marketing-\u00dcbersetzungen zu liefern, damit die Stimme Ihrer Marke <strong>in jeder Sprache <\/strong> klar, einheitlich und \u00fcberzeugend ist. <\/p>\n\t\t\t\t\t\t\t\t<\/div>\n\t\t\t\t<\/div>\n\t\t\t\t\t<\/div>\n\t\t<\/div>\n\t\t\t\t\t<\/div>\n\t\t<\/section>\n\t\t\t\t<section class=\"elementor-section elementor-top-section elementor-element elementor-element-62738d3 elementor-section-full_width elementor-section-height-default elementor-section-height-default\" data-id=\"62738d3\" data-element_type=\"section\" data-e-type=\"section\">\n\t\t\t\t\t\t<div class=\"elementor-container elementor-column-gap-no\">\n\t\t\t\t\t<div class=\"elementor-column elementor-col-50 elementor-top-column elementor-element elementor-element-fd32177\" data-id=\"fd32177\" data-element_type=\"column\" data-e-type=\"column\">\n\t\t\t<div class=\"elementor-widget-wrap elementor-element-populated\">\n\t\t\t\t\t\t<div class=\"elementor-element elementor-element-e4ca0ef elementor-invisible elementor-widget elementor-widget-heading\" data-id=\"e4ca0ef\" data-element_type=\"widget\" data-e-type=\"widget\" data-settings=\"{&quot;_animation&quot;:&quot;fadeIn&quot;}\" data-widget_type=\"heading.default\">\n\t\t\t\t<div class=\"elementor-widget-container\">\n\t\t\t\t\t<h2 class=\"elementor-heading-title elementor-size-default\"> <span style=\"color:#F4A41E\">Medien\u00fcbergreifende \u00dcbersetzung <\/span>trifft auf medien\u00fcbergreifendes Marketing\n\n<\/h2>\t\t\t\t<\/div>\n\t\t\t\t<\/div>\n\t\t\t\t<div class=\"elementor-element elementor-element-23c8787 elementor-widget elementor-widget-text-editor\" data-id=\"23c8787\" data-element_type=\"widget\" data-e-type=\"widget\" data-widget_type=\"text-editor.default\">\n\t\t\t\t<div class=\"elementor-widget-container\">\n\t\t\t\t\t\t\t\t\t<p>Die Marketingleiter in Unternehmen setzen zunehmend auf <strong>medien\u00fcbergreifendes Marketing<\/strong>, um Kunden \u00fcber alle Kommunikationsmedien hinweg anzusprechen, die Konversionsraten zu erh\u00f6hen und das weltweite Unternehmenswachstum zu beschleunigen. <\/p>\n<p>Traditionelle Marketing-\u00dcbersetzungsdienste, die sich bei der \u00dcbersetzung von Marketinginhalten auf manuelle, statische und langsame Prozesse st\u00fctzen, reichen nicht mehr aus, um den heutigen Anforderungen an die Marketinglokalisierung gerecht zu werden. <\/p>\n<p><strong>La Fran\u00e7aise de la Traduction<\/strong> ist Experte f\u00fcr medien\u00fcbergreifende \u00dcbersetzungsl\u00f6sungen f\u00fcr alle Inhaltsnetzwerke und Ger\u00e4te, einschlie\u00dflich Web, Anwendungen, E-Mail, soziale Netzwerke, SMS, Videos usw.<\/p>\n\t\t\t\t\t\t\t\t<\/div>\n\t\t\t\t<\/div>\n\t\t\t\t\t<\/div>\n\t\t<\/div>\n\t\t\t\t<div class=\"elementor-column elementor-col-50 elementor-top-column elementor-element elementor-element-98a0aeb\" data-id=\"98a0aeb\" data-element_type=\"column\" data-e-type=\"column\">\n\t\t\t<div class=\"elementor-widget-wrap elementor-element-populated\">\n\t\t\t\t\t\t<div class=\"elementor-element elementor-element-92de5e5 elementor-widget elementor-widget-image\" data-id=\"92de5e5\" data-element_type=\"widget\" data-e-type=\"widget\" data-widget_type=\"image.default\">\n\t\t\t\t<div class=\"elementor-widget-container\">\n\t\t\t\t\t\t\t\t\t\t\t\t\t\t\t<img width=\"800\" height=\"534\" src=\"https:\/\/i0.wp.com\/lftraduction.fr\/wp-content\/uploads\/2023\/10\/La-Francaise-de-la-Traduction_Traduction_04.webp?fit=800%2C534&amp;ssl=1\" class=\"attachment-large size-large wp-image-11491\" alt=\"\" srcset=\"https:\/\/i0.wp.com\/lftraduction.fr\/wp-content\/uploads\/2023\/10\/La-Francaise-de-la-Traduction_Traduction_04.webp?w=1500&amp;ssl=1 1500w, https:\/\/i0.wp.com\/lftraduction.fr\/wp-content\/uploads\/2023\/10\/La-Francaise-de-la-Traduction_Traduction_04.webp?resize=300%2C200&amp;ssl=1 300w, https:\/\/i0.wp.com\/lftraduction.fr\/wp-content\/uploads\/2023\/10\/La-Francaise-de-la-Traduction_Traduction_04.webp?resize=1024%2C683&amp;ssl=1 1024w, https:\/\/i0.wp.com\/lftraduction.fr\/wp-content\/uploads\/2023\/10\/La-Francaise-de-la-Traduction_Traduction_04.webp?resize=768%2C512&amp;ssl=1 768w\" sizes=\"(max-width: 800px) 100vw, 800px\" \/>\t\t\t\t\t\t\t\t\t\t\t\t\t\t\t<\/div>\n\t\t\t\t<\/div>\n\t\t\t\t\t<\/div>\n\t\t<\/div>\n\t\t\t\t\t<\/div>\n\t\t<\/section>\n\t\t\t\t<section class=\"elementor-section elementor-top-section elementor-element elementor-element-2b3113a elementor-section-full_width elementor-reverse-tablet elementor-reverse-mobile elementor-section-height-default elementor-section-height-default\" data-id=\"2b3113a\" data-element_type=\"section\" data-e-type=\"section\">\n\t\t\t\t\t\t<div class=\"elementor-container elementor-column-gap-no\">\n\t\t\t\t\t<div class=\"elementor-column elementor-col-50 elementor-top-column elementor-element elementor-element-87236ad\" data-id=\"87236ad\" data-element_type=\"column\" data-e-type=\"column\" data-settings=\"{&quot;background_background&quot;:&quot;classic&quot;}\">\n\t\t\t<div class=\"elementor-widget-wrap elementor-element-populated\">\n\t\t\t\t\t\t<div class=\"elementor-element elementor-element-87da9d2 elementor-widget elementor-widget-image\" data-id=\"87da9d2\" data-element_type=\"widget\" data-e-type=\"widget\" data-widget_type=\"image.default\">\n\t\t\t\t<div class=\"elementor-widget-container\">\n\t\t\t\t\t\t\t\t\t\t\t\t\t\t\t<img loading=\"lazy\" width=\"800\" height=\"470\" src=\"https:\/\/i0.wp.com\/lftraduction.fr\/wp-content\/uploads\/2023\/10\/La-Francaise-de-la-Traduction_Traduction_05.webp?fit=800%2C470&amp;ssl=1\" class=\"attachment-large size-large wp-image-11492\" alt=\"\" srcset=\"https:\/\/i0.wp.com\/lftraduction.fr\/wp-content\/uploads\/2023\/10\/La-Francaise-de-la-Traduction_Traduction_05.webp?w=1500&amp;ssl=1 1500w, https:\/\/i0.wp.com\/lftraduction.fr\/wp-content\/uploads\/2023\/10\/La-Francaise-de-la-Traduction_Traduction_05.webp?resize=300%2C176&amp;ssl=1 300w, https:\/\/i0.wp.com\/lftraduction.fr\/wp-content\/uploads\/2023\/10\/La-Francaise-de-la-Traduction_Traduction_05.webp?resize=1024%2C601&amp;ssl=1 1024w, https:\/\/i0.wp.com\/lftraduction.fr\/wp-content\/uploads\/2023\/10\/La-Francaise-de-la-Traduction_Traduction_05.webp?resize=768%2C451&amp;ssl=1 768w\" sizes=\"(max-width: 800px) 100vw, 800px\" \/>\t\t\t\t\t\t\t\t\t\t\t\t\t\t\t<\/div>\n\t\t\t\t<\/div>\n\t\t\t\t\t<\/div>\n\t\t<\/div>\n\t\t\t\t<div class=\"elementor-column elementor-col-50 elementor-top-column elementor-element elementor-element-9c4ef13\" data-id=\"9c4ef13\" data-element_type=\"column\" data-e-type=\"column\">\n\t\t\t<div class=\"elementor-widget-wrap elementor-element-populated\">\n\t\t\t\t\t\t<div class=\"elementor-element elementor-element-209cf87 elementor-invisible elementor-widget elementor-widget-heading\" data-id=\"209cf87\" data-element_type=\"widget\" data-e-type=\"widget\" data-settings=\"{&quot;_animation&quot;:&quot;fadeIn&quot;}\" data-widget_type=\"heading.default\">\n\t\t\t\t<div class=\"elementor-widget-container\">\n\t\t\t\t\t<h2 class=\"elementor-heading-title elementor-size-default\">\u00dcbersetzungen f\u00fcr eine bessere <span style=\"color:#F4A41E\">internationale Suchmaschinenoptimierung<\/span>\n<\/h2>\t\t\t\t<\/div>\n\t\t\t\t<\/div>\n\t\t\t\t<div class=\"elementor-element elementor-element-ea051ca elementor-widget elementor-widget-text-editor\" data-id=\"ea051ca\" data-element_type=\"widget\" data-e-type=\"widget\" data-widget_type=\"text-editor.default\">\n\t\t\t\t<div class=\"elementor-widget-container\">\n\t\t\t\t\t\t\t\t\t<p>In der heutigen digitalen Wirtschaft m\u00fcssen Unternehmen <strong>Marketinginhalte<\/strong> produzieren, die eine einheitliche Markenstimme auf internationaler Ebene f\u00f6rdern und gleichzeitig daf\u00fcr sorgen, dass <strong>die Schl\u00fcsselw\u00f6rter und Wendungen<\/strong> von den wichtigsten Suchmaschinen in den Zielsprachen hoch eingestuft werden. <strong>La Fran\u00e7aise de la traduction<\/strong> hat eine umfassende Reihe von bew\u00e4hrten Methoden und \u00dcbersetzungsl\u00f6sungen f\u00fcr<strong>das digitale Marketing<\/strong> entwickelt, um die Suchmaschinenoptimierung zu verbessern. <\/p>\n<p>Senden Sie uns Ihren Inhalt, um ein Angebot f\u00fcr eine SEO-\u00dcbersetzung zu erhalten, und lassen Sie sich \u00fcberraschen, wie <strong>La Fran\u00e7aise de la traduction<\/strong> Ihnen helfen kann, Ihre lokalen Gesch\u00e4fte in all Ihren Zielsprachen zu steigern.<\/p>\n\t\t\t\t\t\t\t\t<\/div>\n\t\t\t\t<\/div>\n\t\t\t\t\t<\/div>\n\t\t<\/div>\n\t\t\t\t\t<\/div>\n\t\t<\/section>\n\t\t\t\t<section class=\"elementor-section elementor-top-section elementor-element elementor-element-73c766d elementor-reverse-tablet elementor-section-boxed elementor-section-height-default elementor-section-height-default\" data-id=\"73c766d\" data-element_type=\"section\" data-e-type=\"section\">\n\t\t\t\t\t\t<div class=\"elementor-container elementor-column-gap-no\">\n\t\t\t\t\t<div class=\"elementor-column elementor-col-100 elementor-top-column elementor-element elementor-element-6570ab0\" data-id=\"6570ab0\" data-element_type=\"column\" data-e-type=\"column\" data-settings=\"{&quot;background_background&quot;:&quot;classic&quot;}\">\n\t\t\t<div class=\"elementor-widget-wrap elementor-element-populated\">\n\t\t\t\t\t\t<div class=\"elementor-element elementor-element-8bf07d4 elementor-invisible elementor-widget elementor-widget-heading\" data-id=\"8bf07d4\" data-element_type=\"widget\" data-e-type=\"widget\" data-settings=\"{&quot;_animation&quot;:&quot;fadeIn&quot;}\" data-widget_type=\"heading.default\">\n\t\t\t\t<div class=\"elementor-widget-container\">\n\t\t\t\t\t<h2 class=\"elementor-heading-title elementor-size-default\"> <span style=\"color:#F4A41E\">Medien\u00fcbergreifende \u00dcbersetzung<br><\/span> trifft auf medien\u00fcbergreifendes Marketing\n\n<\/h2>\t\t\t\t<\/div>\n\t\t\t\t<\/div>\n\t\t\t\t<div class=\"elementor-element elementor-element-c133a67 elementor-widget elementor-widget-text-editor\" data-id=\"c133a67\" data-element_type=\"widget\" data-e-type=\"widget\" data-widget_type=\"text-editor.default\">\n\t\t\t\t<div class=\"elementor-widget-container\">\n\t\t\t\t\t\t\t\t\t<p>Sie haben viel Zeit in die Entwicklung der Kernbotschaften Ihrer Marke und <strong>Ihrer Marketingkommunikation<\/strong> investiert. Das Letzte, was Sie wollen, ist, mit einem mittelm\u00e4\u00dfigen \u00dcbersetzungsunternehmen zu arbeiten, das Ihre Markenbotschaften in andere Sprachen \u00fcbersetzt, und zwar in einer Qualit\u00e4t, die Ihrer Botschaft nicht gerecht wird.<\/p>\n<p>Schlecht \u00fcbersetzte Marketinginhalte schaden nicht nur dem Ruf Ihrer Marke, sondern f\u00fchren auch dazu, dass Sie Gesch\u00e4ftsm\u00f6glichkeiten bei <strong>Ihren internationalen Kunden <\/strong> verpassen. <\/p>\n<p><strong>La Fran\u00e7aise de la Traduction<\/strong> verf\u00fcgt \u00fcber ein gro\u00dfes Team von erfahrenen Marketing-\u00dcbersetzern und kreativen Textern in allen europ\u00e4ischen, asiatischen und lateinamerikanischen Sprachen.<\/p>\n<p><strong>Unsere Marketing-\u00dcbersetzer<\/strong> verwenden einen Prozess, der als Transkreation bezeichnet wird. Dabei handelt es sich um eine Kombination aus \u00dcbersetzung und kreativem Schreiben, um die besten Ergebnisse bei Marketing-\u00dcbersetzungen zu erzielen. <\/p>\n<p>Ob Sie Ihre Werbekampagnen, Produktdatenbl\u00e4tter, digitalen Marketingaktionen, PR-Inhalte oder Social-Marketing-Videos \u00fcbersetzen m\u00fcssen, sind die professionellen Marketing-\u00dcbersetzer von <strong>La Fran\u00e7aise de la Traduction<\/strong> in der Lage, hochkreative \u00dcbersetzungen zu liefern, um Ihre internationale Expansion zu beschleunigen.<\/p>\n\t\t\t\t\t\t\t\t<\/div>\n\t\t\t\t<\/div>\n\t\t\t\t\t<\/div>\n\t\t<\/div>\n\t\t\t\t\t<\/div>\n\t\t<\/section>\n\t\t\t\t<section class=\"elementor-section elementor-top-section elementor-element elementor-element-e2b569b elementor-section-full_width elementor-section-height-default elementor-section-height-default\" data-id=\"e2b569b\" data-element_type=\"section\" data-e-type=\"section\" data-settings=\"{&quot;background_background&quot;:&quot;classic&quot;}\">\n\t\t\t\t\t\t<div class=\"elementor-container elementor-column-gap-no\">\n\t\t\t\t\t<div class=\"elementor-column elementor-col-50 elementor-top-column elementor-element elementor-element-51aa84d\" data-id=\"51aa84d\" data-element_type=\"column\" data-e-type=\"column\">\n\t\t\t<div class=\"elementor-widget-wrap elementor-element-populated\">\n\t\t\t\t\t\t<div class=\"elementor-element elementor-element-4c90d3f elementor-invisible elementor-widget elementor-widget-heading\" data-id=\"4c90d3f\" data-element_type=\"widget\" data-e-type=\"widget\" data-settings=\"{&quot;_animation&quot;:&quot;fadeIn&quot;}\" data-widget_type=\"heading.default\">\n\t\t\t\t<div class=\"elementor-widget-container\">\n\t\t\t\t\t<h2 class=\"elementor-heading-title elementor-size-default\">Angebot anfordern<\/h2>\t\t\t\t<\/div>\n\t\t\t\t<\/div>\n\t\t\t\t<div class=\"elementor-element elementor-element-1fe54e0 elementor-widget__width-initial elementor-widget elementor-widget-text-editor\" data-id=\"1fe54e0\" data-element_type=\"widget\" data-e-type=\"widget\" data-widget_type=\"text-editor.default\">\n\t\t\t\t<div class=\"elementor-widget-container\">\n\t\t\t\t\t\t\t\t\t<p><strong>Kontaktieren Sie unser Team<\/strong> und wir werden Ihnen <strong>so schnell wie m\u00f6glich<\/strong> die Antwort geben, die Sie brauchen. <\/p>\n\t\t\t\t\t\t\t\t<\/div>\n\t\t\t\t<\/div>\n\t\t\t\t<div class=\"elementor-element elementor-element-317a3cc elementor-align-left elementor-mobile-align-center elementor-widget elementor-widget-button\" data-id=\"317a3cc\" data-element_type=\"widget\" data-e-type=\"widget\" data-widget_type=\"button.default\">\n\t\t\t\t<div class=\"elementor-widget-container\">\n\t\t\t\t\t\t\t\t\t<div class=\"elementor-button-wrapper\">\n\t\t\t\t\t<a class=\"elementor-button elementor-button-link elementor-size-sm\" href=\"#elementor-action%3Aaction%3Dpopup%3Aopen%26settings%3DeyJpZCI6MTIzODMsInRvZ2dsZSI6ZmFsc2V9\">\n\t\t\t\t\t\t<span class=\"elementor-button-content-wrapper\">\n\t\t\t\t\t\t<span class=\"elementor-button-icon\">\n\t\t\t\t<i aria-hidden=\"true\" class=\"icon icon-arrow-right\"><\/i>\t\t\t<\/span>\n\t\t\t\t\t\t\t\t\t<span class=\"elementor-button-text\">Kostenvoranschlag in weniger als einer Stunde<\/span>\n\t\t\t\t\t<\/span>\n\t\t\t\t\t<\/a>\n\t\t\t\t<\/div>\n\t\t\t\t\t\t\t\t<\/div>\n\t\t\t\t<\/div>\n\t\t\t\t\t<\/div>\n\t\t<\/div>\n\t\t\t\t<div class=\"elementor-column elementor-col-50 elementor-top-column elementor-element elementor-element-fa6d1da\" data-id=\"fa6d1da\" data-element_type=\"column\" data-e-type=\"column\">\n\t\t\t<div class=\"elementor-widget-wrap elementor-element-populated\">\n\t\t\t\t\t\t<div class=\"elementor-element elementor-element-31aba1f elementor-widget elementor-widget-image\" data-id=\"31aba1f\" data-element_type=\"widget\" data-e-type=\"widget\" data-widget_type=\"image.default\">\n\t\t\t\t<div class=\"elementor-widget-container\">\n\t\t\t\t\t\t\t\t\t\t\t\t\t\t\t<img loading=\"lazy\" width=\"1500\" height=\"1001\" src=\"https:\/\/i0.wp.com\/lftraduction.fr\/wp-content\/uploads\/2023\/10\/LFTraduction_Agence-de-traduction_05_2-copie.webp?fit=1500%2C1001&amp;ssl=1\" class=\"attachment-full size-full wp-image-11189\" alt=\"Lftraduction Agence De Traduction \u00e0 Paris\" srcset=\"https:\/\/i0.wp.com\/lftraduction.fr\/wp-content\/uploads\/2023\/10\/LFTraduction_Agence-de-traduction_05_2-copie.webp?w=1500&amp;ssl=1 1500w, https:\/\/i0.wp.com\/lftraduction.fr\/wp-content\/uploads\/2023\/10\/LFTraduction_Agence-de-traduction_05_2-copie.webp?resize=300%2C200&amp;ssl=1 300w, https:\/\/i0.wp.com\/lftraduction.fr\/wp-content\/uploads\/2023\/10\/LFTraduction_Agence-de-traduction_05_2-copie.webp?resize=1024%2C683&amp;ssl=1 1024w, https:\/\/i0.wp.com\/lftraduction.fr\/wp-content\/uploads\/2023\/10\/LFTraduction_Agence-de-traduction_05_2-copie.webp?resize=768%2C513&amp;ssl=1 768w\" sizes=\"(max-width: 800px) 100vw, 800px\" \/>\t\t\t\t\t\t\t\t\t\t\t\t\t\t\t<\/div>\n\t\t\t\t<\/div>\n\t\t\t\t\t<\/div>\n\t\t<\/div>\n\t\t\t\t\t<\/div>\n\t\t<\/section>\n\t\t\t\t<\/div>\n\t\t","protected":false},"excerpt":{"rendered":"<p>Wir \u00fcbersetzen und lokalisieren Ihre gesamten rechtlichen Dokumente, Vertr\u00e4ge, AGBs usw. in \u00fcber 50 Sprachen. <\/p>\n","protected":false},"author":2,"featured_media":0,"parent":11201,"menu_order":0,"comment_status":"closed","ping_status":"closed","template":"","meta":{"footnotes":""},"class_list":["post-11487","page","type-page","status-publish","hentry"],"jetpack_sharing_enabled":true,"_links":{"self":[{"href":"https:\/\/lftraduction.fr\/de\/wp-json\/wp\/v2\/pages\/11487","targetHints":{"allow":["GET"]}}],"collection":[{"href":"https:\/\/lftraduction.fr\/de\/wp-json\/wp\/v2\/pages"}],"about":[{"href":"https:\/\/lftraduction.fr\/de\/wp-json\/wp\/v2\/types\/page"}],"author":[{"embeddable":true,"href":"https:\/\/lftraduction.fr\/de\/wp-json\/wp\/v2\/users\/2"}],"replies":[{"embeddable":true,"href":"https:\/\/lftraduction.fr\/de\/wp-json\/wp\/v2\/comments?post=11487"}],"version-history":[{"count":1,"href":"https:\/\/lftraduction.fr\/de\/wp-json\/wp\/v2\/pages\/11487\/revisions"}],"predecessor-version":[{"id":11493,"href":"https:\/\/lftraduction.fr\/de\/wp-json\/wp\/v2\/pages\/11487\/revisions\/11493"}],"up":[{"embeddable":true,"href":"https:\/\/lftraduction.fr\/de\/wp-json\/wp\/v2\/pages\/11201"}],"wp:attachment":[{"href":"https:\/\/lftraduction.fr\/de\/wp-json\/wp\/v2\/media?parent=11487"}],"curies":[{"name":"wp","href":"https:\/\/api.w.org\/{rel}","templated":true}]}}