{"id":11339,"date":"2023-10-24T14:58:18","date_gmt":"2023-10-24T14:58:18","guid":{"rendered":"https:\/\/lftraduction.fr\/uebersetzungsdienst-in-paris\/agentur-fuer-finanzuebersetzungen\/"},"modified":"2024-02-27T10:54:13","modified_gmt":"2024-02-27T10:54:13","slug":"agentur-fuer-finanzuebersetzungen","status":"publish","type":"page","link":"https:\/\/lftraduction.fr\/de\/uebersetzungsdienst-in-paris\/agentur-fuer-finanzuebersetzungen\/","title":{"rendered":"Agentur f\u00fcr Finanz\u00fcbersetzungen"},"content":{"rendered":"\t\t<div data-elementor-type=\"wp-page\" data-elementor-id=\"11339\" class=\"elementor elementor-11339 elementor-7781\" data-elementor-post-type=\"page\">\n\t\t\t\t\t\t<section class=\"elementor-section elementor-top-section elementor-element elementor-element-34197cf1 elementor-section-full_width elementor-section-height-default elementor-section-height-default\" data-id=\"34197cf1\" data-element_type=\"section\" data-e-type=\"section\">\n\t\t\t\t\t\t<div class=\"elementor-container elementor-column-gap-no\">\n\t\t\t\t\t<div class=\"elementor-column elementor-col-100 elementor-top-column elementor-element elementor-element-6c2e4412\" data-id=\"6c2e4412\" data-element_type=\"column\" data-e-type=\"column\">\n\t\t\t<div class=\"elementor-widget-wrap elementor-element-populated\">\n\t\t\t\t\t\t<div class=\"elementor-element elementor-element-6f5d905e elementor-invisible elementor-widget elementor-widget-heading\" data-id=\"6f5d905e\" data-element_type=\"widget\" data-e-type=\"widget\" data-settings=\"{&quot;_animation&quot;:&quot;fadeIn&quot;}\" data-widget_type=\"heading.default\">\n\t\t\t\t<div class=\"elementor-widget-container\">\n\t\t\t\t\t<h1 class=\"elementor-heading-title elementor-size-default\">Agentur f\u00fcr <span style=\"color:#F4A41E\">\n Finanz\u00fcbersetzungen<\/span><\/h1>\t\t\t\t<\/div>\n\t\t\t\t<\/div>\n\t\t\t\t\t<\/div>\n\t\t<\/div>\n\t\t\t\t\t<\/div>\n\t\t<\/section>\n\t\t\t\t<section class=\"elementor-section elementor-top-section elementor-element elementor-element-589cbb73 elementor-section-full_width elementor-reverse-tablet elementor-section-height-default elementor-section-height-default\" data-id=\"589cbb73\" data-element_type=\"section\" data-e-type=\"section\">\n\t\t\t\t\t\t<div class=\"elementor-container elementor-column-gap-no\">\n\t\t\t\t\t<div class=\"elementor-column elementor-col-50 elementor-top-column elementor-element elementor-element-75ac4faa\" data-id=\"75ac4faa\" data-element_type=\"column\" data-e-type=\"column\">\n\t\t\t<div class=\"elementor-widget-wrap elementor-element-populated\">\n\t\t\t\t\t\t<div class=\"elementor-element elementor-element-7d929a8a elementor-widget__width-initial elementor-widget elementor-widget-text-editor\" data-id=\"7d929a8a\" data-element_type=\"widget\" data-e-type=\"widget\" data-widget_type=\"text-editor.default\">\n\t\t\t\t<div class=\"elementor-widget-container\">\n\t\t\t\t\t\t\t\t\t<p><span style=\"font-weight: 400;\">Die Finanzwelt ist sehr anspruchsvoll, sowohl was die Genauigkeit als auch die Fristen betrifft. Kontexte wie gr\u00f6\u00dfere Finanztransaktionen, Finanzierungsantr\u00e4ge, Gesch\u00e4ftspartnerschaften und die Internationalisierung von Unternehmen erfordern h\u00e4ufig einen <strong>\u00dcbersetzer, der sich auf Finanzthemen spezialisiert<\/strong> hat. In solchen Situationen sind besondere Aufmerksamkeit und umfassende Fachkenntnisse im Finanzbereich unerl\u00e4sslich, um eine genaue und getreue \u00dcbersetzung zu gew\u00e4hrleisten.<\/span><\/p>\n\t\t\t\t\t\t\t\t<\/div>\n\t\t\t\t<\/div>\n\t\t\t\t<div class=\"elementor-element elementor-element-26bd6667 elementor-view-stacked elementor-shape-circle elementor-invisible elementor-widget elementor-widget-icon\" data-id=\"26bd6667\" data-element_type=\"widget\" data-e-type=\"widget\" data-settings=\"{&quot;_animation&quot;:&quot;bounceInUp&quot;,&quot;_animation_delay&quot;:700}\" data-widget_type=\"icon.default\">\n\t\t\t\t<div class=\"elementor-widget-container\">\n\t\t\t\t\t\t\t<div class=\"elementor-icon-wrapper\">\n\t\t\t<a class=\"elementor-icon elementor-animation-sink\" href=\"#next\">\n\t\t\t<i aria-hidden=\"true\" class=\"icon icon-arrow-down\"><\/i>\t\t\t<\/a>\n\t\t<\/div>\n\t\t\t\t\t\t<\/div>\n\t\t\t\t<\/div>\n\t\t\t\t\t<\/div>\n\t\t<\/div>\n\t\t\t\t<div class=\"elementor-column elementor-col-50 elementor-top-column elementor-element elementor-element-4467976a\" data-id=\"4467976a\" data-element_type=\"column\" data-e-type=\"column\">\n\t\t\t<div class=\"elementor-widget-wrap elementor-element-populated\">\n\t\t\t\t\t\t<div class=\"elementor-element elementor-element-49f891c6 elementor-invisible elementor-widget elementor-widget-image\" data-id=\"49f891c6\" data-element_type=\"widget\" data-e-type=\"widget\" data-settings=\"{&quot;_animation&quot;:&quot;fadeInRight&quot;}\" data-widget_type=\"image.default\">\n\t\t\t\t<div class=\"elementor-widget-container\">\n\t\t\t\t\t\t\t\t\t\t\t\t\t\t\t<img fetchpriority=\"high\" width=\"800\" height=\"534\" src=\"https:\/\/i0.wp.com\/lftraduction.fr\/wp-content\/uploads\/2023\/10\/n__bnvq_w18.webp?fit=800%2C534&amp;ssl=1\" class=\"attachment-large size-large wp-image-11340\" alt=\"\" \/>\t\t\t\t\t\t\t\t\t\t\t\t\t\t\t<\/div>\n\t\t\t\t<\/div>\n\t\t\t\t\t<\/div>\n\t\t<\/div>\n\t\t\t\t\t<\/div>\n\t\t<\/section>\n\t\t\t\t<section class=\"elementor-section elementor-top-section elementor-element elementor-element-5849fb81 elementor-section-full_width elementor-reverse-mobile elementor-section-height-default elementor-section-height-default\" data-id=\"5849fb81\" data-element_type=\"section\" data-e-type=\"section\" id=\"next\">\n\t\t\t\t\t\t<div class=\"elementor-container elementor-column-gap-no\">\n\t\t\t\t\t<div class=\"elementor-column elementor-col-50 elementor-top-column elementor-element elementor-element-29820906\" data-id=\"29820906\" data-element_type=\"column\" data-e-type=\"column\">\n\t\t\t<div class=\"elementor-widget-wrap elementor-element-populated\">\n\t\t\t\t\t\t<div class=\"elementor-element elementor-element-45cc6bb7 elementor-widget__width-initial elementor-widget elementor-widget-image\" data-id=\"45cc6bb7\" data-element_type=\"widget\" data-e-type=\"widget\" data-widget_type=\"image.default\">\n\t\t\t\t<div class=\"elementor-widget-container\">\n\t\t\t\t\t\t\t\t\t\t\t\t\t\t\t<img width=\"681\" height=\"1024\" src=\"https:\/\/i0.wp.com\/lftraduction.fr\/wp-content\/uploads\/2023\/10\/ne2hv5auxfo.webp?fit=681%2C1024&amp;ssl=1\" class=\"attachment-large size-large wp-image-11343\" alt=\"\" \/>\t\t\t\t\t\t\t\t\t\t\t\t\t\t\t<\/div>\n\t\t\t\t<\/div>\n\t\t\t\t\t<\/div>\n\t\t<\/div>\n\t\t\t\t<div class=\"elementor-column elementor-col-50 elementor-top-column elementor-element elementor-element-62eeaade\" data-id=\"62eeaade\" data-element_type=\"column\" data-e-type=\"column\">\n\t\t\t<div class=\"elementor-widget-wrap elementor-element-populated\">\n\t\t\t\t\t\t<div class=\"elementor-element elementor-element-6879f1e5 elementor-widget elementor-widget-text-editor\" data-id=\"6879f1e5\" data-element_type=\"widget\" data-e-type=\"widget\" data-widget_type=\"text-editor.default\">\n\t\t\t\t<div class=\"elementor-widget-container\">\n\t\t\t\t\t\t\t\t\t<p><b>Beispiele f\u00fcr Finanzdokumente, die wir bearbeiten <\/b><\/p>\n<ul>\n<li style=\"font-weight: 400;\" aria-level=\"1\"><span style=\"font-weight: 400;\">Bilanzen<\/span><\/li>\n<li style=\"font-weight: 400;\" aria-level=\"1\"><span style=\"font-weight: 400;\">Gewinn- und Verlustrechnungen<\/span><\/li>\n<li style=\"font-weight: 400;\" aria-level=\"1\"><span style=\"font-weight: 400;\">Steuererkl\u00e4rungen<\/span><\/li>\n<li style=\"font-weight: 400;\" aria-level=\"1\"><span style=\"font-weight: 400;\">Bankausz\u00fcge<\/span><\/li>\n<li style=\"font-weight: 400;\" aria-level=\"1\"><span style=\"font-weight: 400;\">Versicherungsdokumente<\/span><\/li>\n<li style=\"font-weight: 400;\" aria-level=\"1\"><span style=\"font-weight: 400;\">Bankgarantien<\/span><\/li>\n<li style=\"font-weight: 400;\" aria-level=\"1\"><span style=\"font-weight: 400;\">Private und \u00f6ffentliche Angebote<\/span><\/li>\n<li style=\"font-weight: 400;\" aria-level=\"1\"><span style=\"font-weight: 400;\">Buchhaltungsverfahren<\/span><\/li>\n<li style=\"font-weight: 400;\" aria-level=\"1\"><span style=\"font-weight: 400;\">Sorgfaltspr\u00fcfungen<\/span><\/li>\n<li style=\"font-weight: 400;\" aria-level=\"1\"><span style=\"font-weight: 400;\">Finanzielle Projekte<\/span><\/li>\n<li style=\"font-weight: 400;\" aria-level=\"1\"><span style=\"font-weight: 400;\">Investitionsperspektiven<\/span><\/li>\n<li style=\"font-weight: 400;\" aria-level=\"1\"><span style=\"font-weight: 400;\">Jahresberichte<\/span><\/li>\n<li style=\"font-weight: 400;\" aria-level=\"1\"><span style=\"font-weight: 400;\">Pr\u00fcfungsberichte<\/span><\/li>\n<li style=\"font-weight: 400;\" aria-level=\"1\"><span style=\"font-weight: 400;\">Kapitalflussrechnungen<\/span><\/li>\n<\/ul>\n\t\t\t\t\t\t\t\t<\/div>\n\t\t\t\t<\/div>\n\t\t\t\t\t<\/div>\n\t\t<\/div>\n\t\t\t\t\t<\/div>\n\t\t<\/section>\n\t\t\t\t<section class=\"elementor-section elementor-top-section elementor-element elementor-element-3ceb32a3 elementor-reverse-tablet elementor-section-boxed elementor-section-height-default elementor-section-height-default\" data-id=\"3ceb32a3\" data-element_type=\"section\" data-e-type=\"section\">\n\t\t\t\t\t\t<div class=\"elementor-container elementor-column-gap-no\">\n\t\t\t\t\t<div class=\"elementor-column elementor-col-100 elementor-top-column elementor-element elementor-element-193f03c\" data-id=\"193f03c\" data-element_type=\"column\" data-e-type=\"column\" data-settings=\"{&quot;background_background&quot;:&quot;classic&quot;}\">\n\t\t\t<div class=\"elementor-widget-wrap elementor-element-populated\">\n\t\t\t\t\t\t<div class=\"elementor-element elementor-element-12f1759a elementor-invisible elementor-widget elementor-widget-heading\" data-id=\"12f1759a\" data-element_type=\"widget\" data-e-type=\"widget\" data-settings=\"{&quot;_animation&quot;:&quot;fadeIn&quot;}\" data-widget_type=\"heading.default\">\n\t\t\t\t<div class=\"elementor-widget-container\">\n\t\t\t\t\t<h2 class=\"elementor-heading-title elementor-size-default\">Besonderheiten von <span style=\"color:#F4A41E\">Finanzdokumenten<\/span> <\/h2>\t\t\t\t<\/div>\n\t\t\t\t<\/div>\n\t\t\t\t<div class=\"elementor-element elementor-element-434638db elementor-widget elementor-widget-text-editor\" data-id=\"434638db\" data-element_type=\"widget\" data-e-type=\"widget\" data-widget_type=\"text-editor.default\">\n\t\t\t\t<div class=\"elementor-widget-container\">\n\t\t\t\t\t\t\t\t\t<p><span style=\"font-weight: 400;\">Wie juristische \u00dcbersetzungen erfordern auch <strong>Finanz\u00fcbersetzungen<\/strong>, dass die \u00dcbersetzer \u00fcber aktuelle Erfahrungen in der spezifischen Branche verf\u00fcgen, die sie \u00fcbersetzen. Beispielsweise w\u00e4re ein \u00dcbersetzer, der sich auf pers\u00f6nliche Investitionen spezialisiert hat, wahrscheinlich nicht mit der Terminologie und den Vorschriften im Zusammenhang mit Versicherungsanspr\u00fcchen vertraut, w\u00e4hrend ein internationaler Steuerspezialist m\u00f6glicherweise kein gutes Verst\u00e4ndnis von Risikokapitaltransaktionen hat. Das bedeutet, dass Sie mit einem Finanz\u00fcbersetzer zusammenarbeiten sollten, der \u00fcber die entsprechende Erfahrung f\u00fcr Ihr Projekt verf\u00fcgt.<\/span><\/p>\n<p><span style=\"font-weight: 400;\">Zus\u00e4tzlich zu diesen Branchenkenntnissen sollte der \u00dcbersetzer \u00fcber <strong>Kenntnisse der \u00f6rtlichen Gesetze, Vorschriften und Finanzpraktiken<\/strong> sowie \u00fcber kulturelle Faktoren verf\u00fcgen, die die Genauigkeit von \u00dcbersetzungen beeinflussen k\u00f6nnen. Ein \u00fcbliches Beispiel betrifft die \u00dcbersetzung ins Spanische. In mehr als 20 L\u00e4ndern ist Spanisch Amtssprache. Es ist daher unerl\u00e4sslich, mit einem Spanisch-\u00dcbersetzer zusammenzuarbeiten, der mit der Region, in der Sie arbeiten, vertraut ist, und sicherzustellen, dass er ein gutes Verst\u00e4ndnis der aktuellen Finanzbegriffe und -praktiken in diesem Land hat.<\/span><\/p>\n\t\t\t\t\t\t\t\t<\/div>\n\t\t\t\t<\/div>\n\t\t\t\t\t<\/div>\n\t\t<\/div>\n\t\t\t\t\t<\/div>\n\t\t<\/section>\n\t\t\t\t<section class=\"elementor-section elementor-top-section elementor-element elementor-element-33afc880 elementor-section-full_width elementor-reverse-tablet elementor-section-height-default elementor-section-height-default\" data-id=\"33afc880\" data-element_type=\"section\" data-e-type=\"section\">\n\t\t\t\t\t\t<div class=\"elementor-container elementor-column-gap-no\">\n\t\t\t\t\t<div class=\"elementor-column elementor-col-50 elementor-top-column elementor-element elementor-element-22577824\" data-id=\"22577824\" data-element_type=\"column\" data-e-type=\"column\">\n\t\t\t<div class=\"elementor-widget-wrap elementor-element-populated\">\n\t\t\t\t\t\t<div class=\"elementor-element elementor-element-204af92b elementor-widget__width-initial elementor-widget elementor-widget-text-editor\" data-id=\"204af92b\" data-element_type=\"widget\" data-e-type=\"widget\" data-widget_type=\"text-editor.default\">\n\t\t\t\t<div class=\"elementor-widget-container\">\n\t\t\t\t\t\t\t\t\t<p><b>H\u00e4ufige Fehler<\/b><span style=\"font-weight: 400;\"> in <\/span><b><span style=\"color: #f4a41e;\">Finanz\u00fcbersetzung<\/span><\/b><\/p>\n<p><span style=\"font-weight: 400;\">Eine fehlerhafte Finanz\u00fcbersetzung kann f\u00fcr ein Unternehmen zu katastrophalen finanziellen und rechtlichen Problemen f\u00fchren. Der Ruf eines Unternehmens kann ernsthaft gesch\u00e4digt werden, wenn es schlecht \u00fcbersetzte Dokumente bereitstellt. Daher ist es hilfreich, die h\u00e4ufigsten Fehler zu kennen. Wenn es um Zahlen und Finanzinformationen geht, m\u00fcssen \u00dcbersetzer vorsichtig sein, um die folgenden Fehler zu vermeiden:<\/span><\/p>\n<ul>\n<li style=\"font-weight: 400;\" aria-level=\"1\"><b>Die falsche Terminologie verwenden:<\/b><span style=\"font-weight: 400;\">Eine falsche Finanzterminologie kann zu schwerwiegenden Verwechslungen und Fehlinterpretationen von Dokumenten f\u00fchren.<\/span><\/li>\n<li style=\"font-weight: 400;\" aria-level=\"1\"><b>Fehlinterpretation von Finanzdaten:<\/b><span style=\"font-weight: 400;\">Eine Fehlinterpretation von Finanzdaten kann zu fehlerhaften Analysen und falschen Finanz- oder Gesch\u00e4ftsentscheidungen f\u00fchren.<\/span><\/li>\n<li style=\"font-weight: 400;\" aria-level=\"1\"><b>Das falsche Format verwenden: <\/b><span style=\"font-weight: 400;\">Sprachen und Regionen dr\u00fccken Zahlen auf unterschiedliche Weise aus. Ein im Finanzwesen unerfahrener \u00dcbersetzer ist m\u00f6glicherweise mit bestimmten Terminologien und Konventionen nicht vertraut. Einige L\u00e4nder verwenden z. B. Kommas, um Tausender zu trennen, w\u00e4hrend andere Punkte anwenden. Au\u00dferdem unterscheidet sich die Bedeutung von &#8220;eine Milliarde&#8221; zwischen Europa und den USA.<\/span><\/li>\n<\/ul>\n<p><span style=\"font-weight: 400;\">Es ist auch entscheidend, die typischen Formate zu verstehen, die in der Ausgangs- und Zielsprache verwendet werden. Informationen \u00fcber einen Vertrag oder einen Kontoauszug, die in einer Region \u00fcblich sind, gibt es in einer anderen vielleicht nicht, und \u00dcbersetzer m\u00fcssen wissen, wie sie mit solchen F\u00e4llen umgehen m\u00fcssen, um Missverst\u00e4ndnisse zu vermeiden.<\/span><\/p>\n\t\t\t\t\t\t\t\t<\/div>\n\t\t\t\t<\/div>\n\t\t\t\t\t<\/div>\n\t\t<\/div>\n\t\t\t\t<div class=\"elementor-column elementor-col-50 elementor-top-column elementor-element elementor-element-344ae982\" data-id=\"344ae982\" data-element_type=\"column\" data-e-type=\"column\">\n\t\t\t<div class=\"elementor-widget-wrap elementor-element-populated\">\n\t\t\t\t\t\t<div class=\"elementor-element elementor-element-2351f75e elementor-invisible elementor-widget elementor-widget-image\" data-id=\"2351f75e\" data-element_type=\"widget\" data-e-type=\"widget\" data-settings=\"{&quot;_animation&quot;:&quot;fadeInRight&quot;}\" data-widget_type=\"image.default\">\n\t\t\t\t<div class=\"elementor-widget-container\">\n\t\t\t\t\t\t\t\t\t\t\t\t\t\t\t<img width=\"683\" height=\"1024\" src=\"https:\/\/i0.wp.com\/lftraduction.fr\/wp-content\/uploads\/2023\/10\/nl_fmfpxo2g.webp?fit=683%2C1024&amp;ssl=1\" class=\"attachment-large size-large wp-image-11342\" alt=\"\" \/>\t\t\t\t\t\t\t\t\t\t\t\t\t\t\t<\/div>\n\t\t\t\t<\/div>\n\t\t\t\t\t<\/div>\n\t\t<\/div>\n\t\t\t\t\t<\/div>\n\t\t<\/section>\n\t\t\t\t<section class=\"elementor-section elementor-top-section elementor-element elementor-element-6b657719 elementor-section-boxed elementor-section-height-default elementor-section-height-default\" data-id=\"6b657719\" data-element_type=\"section\" data-e-type=\"section\">\n\t\t\t\t\t\t<div class=\"elementor-container elementor-column-gap-default\">\n\t\t\t\t\t<div class=\"elementor-column elementor-col-100 elementor-top-column elementor-element elementor-element-1cd0056b\" data-id=\"1cd0056b\" data-element_type=\"column\" data-e-type=\"column\">\n\t\t\t<div class=\"elementor-widget-wrap elementor-element-populated\">\n\t\t\t\t\t\t<div class=\"elementor-element elementor-element-acd04ff elementor-widget elementor-widget-spacer\" data-id=\"acd04ff\" data-element_type=\"widget\" data-e-type=\"widget\" data-widget_type=\"spacer.default\">\n\t\t\t\t<div class=\"elementor-widget-container\">\n\t\t\t\t\t\t\t<div class=\"elementor-spacer\">\n\t\t\t<div class=\"elementor-spacer-inner\"><\/div>\n\t\t<\/div>\n\t\t\t\t\t\t<\/div>\n\t\t\t\t<\/div>\n\t\t\t\t\t<\/div>\n\t\t<\/div>\n\t\t\t\t\t<\/div>\n\t\t<\/section>\n\t\t\t\t<section class=\"elementor-section elementor-top-section elementor-element elementor-element-181f742e elementor-section-full_width elementor-section-height-default elementor-section-height-default\" data-id=\"181f742e\" data-element_type=\"section\" data-e-type=\"section\" data-settings=\"{&quot;background_background&quot;:&quot;classic&quot;}\">\n\t\t\t\t\t\t<div class=\"elementor-container elementor-column-gap-no\">\n\t\t\t\t\t<div class=\"elementor-column elementor-col-50 elementor-top-column elementor-element elementor-element-1e393156\" data-id=\"1e393156\" data-element_type=\"column\" data-e-type=\"column\">\n\t\t\t<div class=\"elementor-widget-wrap elementor-element-populated\">\n\t\t\t\t\t\t<div class=\"elementor-element elementor-element-3fb87a6f elementor-invisible elementor-widget elementor-widget-heading\" data-id=\"3fb87a6f\" data-element_type=\"widget\" data-e-type=\"widget\" data-settings=\"{&quot;_animation&quot;:&quot;fadeIn&quot;}\" data-widget_type=\"heading.default\">\n\t\t\t\t<div class=\"elementor-widget-container\">\n\t\t\t\t\t<h2 class=\"elementor-heading-title elementor-size-default\">Angebot anfordern<\/h2>\t\t\t\t<\/div>\n\t\t\t\t<\/div>\n\t\t\t\t<div class=\"elementor-element elementor-element-7ff04da3 elementor-widget__width-initial elementor-widget-tablet__width-inherit elementor-widget elementor-widget-text-editor\" data-id=\"7ff04da3\" data-element_type=\"widget\" data-e-type=\"widget\" data-widget_type=\"text-editor.default\">\n\t\t\t\t<div class=\"elementor-widget-container\">\n\t\t\t\t\t\t\t\t\t<p><strong>Kontaktieren Sie unser Team<\/strong> und wir werden Ihnen <strong>so schnell wie m\u00f6glich<\/strong> die Antwort geben, die Sie brauchen. <\/p>\n\t\t\t\t\t\t\t\t<\/div>\n\t\t\t\t<\/div>\n\t\t\t\t<div class=\"elementor-element elementor-element-1d079fc9 elementor-align-left elementor-mobile-align-center elementor-widget elementor-widget-button\" data-id=\"1d079fc9\" data-element_type=\"widget\" data-e-type=\"widget\" data-widget_type=\"button.default\">\n\t\t\t\t<div class=\"elementor-widget-container\">\n\t\t\t\t\t\t\t\t\t<div class=\"elementor-button-wrapper\">\n\t\t\t\t\t<a class=\"elementor-button elementor-button-link elementor-size-sm\" href=\"#elementor-action%3Aaction%3Dpopup%3Aopen%26settings%3DeyJpZCI6MTIzODMsInRvZ2dsZSI6ZmFsc2V9\">\n\t\t\t\t\t\t<span class=\"elementor-button-content-wrapper\">\n\t\t\t\t\t\t<span class=\"elementor-button-icon\">\n\t\t\t\t<i aria-hidden=\"true\" class=\"icon icon-arrow-right\"><\/i>\t\t\t<\/span>\n\t\t\t\t\t\t\t\t\t<span class=\"elementor-button-text\">Kostenvoranschlag in weniger als einer Stunde<\/span>\n\t\t\t\t\t<\/span>\n\t\t\t\t\t<\/a>\n\t\t\t\t<\/div>\n\t\t\t\t\t\t\t\t<\/div>\n\t\t\t\t<\/div>\n\t\t\t\t\t<\/div>\n\t\t<\/div>\n\t\t\t\t<div class=\"elementor-column elementor-col-50 elementor-top-column elementor-element elementor-element-6c8aab7d\" data-id=\"6c8aab7d\" data-element_type=\"column\" data-e-type=\"column\">\n\t\t\t<div class=\"elementor-widget-wrap elementor-element-populated\">\n\t\t\t\t\t\t<div class=\"elementor-element elementor-element-eff9f89 elementor-widget elementor-widget-image\" data-id=\"eff9f89\" data-element_type=\"widget\" data-e-type=\"widget\" data-widget_type=\"image.default\">\n\t\t\t\t<div class=\"elementor-widget-container\">\n\t\t\t\t\t\t\t\t\t\t\t\t\t\t\t<img loading=\"lazy\" width=\"1500\" height=\"1001\" src=\"https:\/\/i0.wp.com\/lftraduction.fr\/wp-content\/uploads\/2023\/10\/LFTraduction_Agence-de-traduction_05_2-copie.webp?fit=1500%2C1001&amp;ssl=1\" class=\"attachment-full size-full wp-image-11189\" alt=\"Lftraduction Agence De Traduction \u00e0 Paris\" srcset=\"https:\/\/i0.wp.com\/lftraduction.fr\/wp-content\/uploads\/2023\/10\/LFTraduction_Agence-de-traduction_05_2-copie.webp?w=1500&amp;ssl=1 1500w, https:\/\/i0.wp.com\/lftraduction.fr\/wp-content\/uploads\/2023\/10\/LFTraduction_Agence-de-traduction_05_2-copie.webp?resize=300%2C200&amp;ssl=1 300w, https:\/\/i0.wp.com\/lftraduction.fr\/wp-content\/uploads\/2023\/10\/LFTraduction_Agence-de-traduction_05_2-copie.webp?resize=1024%2C683&amp;ssl=1 1024w, https:\/\/i0.wp.com\/lftraduction.fr\/wp-content\/uploads\/2023\/10\/LFTraduction_Agence-de-traduction_05_2-copie.webp?resize=768%2C513&amp;ssl=1 768w\" sizes=\"(max-width: 800px) 100vw, 800px\" \/>\t\t\t\t\t\t\t\t\t\t\t\t\t\t\t<\/div>\n\t\t\t\t<\/div>\n\t\t\t\t\t<\/div>\n\t\t<\/div>\n\t\t\t\t\t<\/div>\n\t\t<\/section>\n\t\t\t\t<\/div>\n\t\t","protected":false},"excerpt":{"rendered":"<p>In der komplexen Welt der Finanzen ist Genauigkeit zwingend erforderlich. Unser Team von spezialisierten Finanz\u00fcbersetzern versteht die Feinheiten von Dokumenten wie Bilanzen, Bankausz\u00fcgen und \u00f6ffentlichen Angeboten. Durch die Vermeidung von Fehlern bei der Terminologie, der Dateninterpretation und dem Format sorgen wir f\u00fcr fehlerfreie Finanz\u00fcbersetzungen. Mit uns zusammenzuarbeiten bedeutet, sicherzustellen, dass jedes Dokument getreu umgesetzt wird und dabei lokale Vorschriften und kulturelle Gepflogenheiten beachtet werden. Vermeiden Sie Risiken und entscheiden Sie sich f\u00fcr eine qualitativ hochwertige Finanz\u00fcbersetzung.<\/p>\n","protected":false},"author":2,"featured_media":0,"parent":11201,"menu_order":0,"comment_status":"closed","ping_status":"closed","template":"","meta":{"footnotes":""},"class_list":["post-11339","page","type-page","status-publish","hentry"],"jetpack_sharing_enabled":true,"_links":{"self":[{"href":"https:\/\/lftraduction.fr\/de\/wp-json\/wp\/v2\/pages\/11339","targetHints":{"allow":["GET"]}}],"collection":[{"href":"https:\/\/lftraduction.fr\/de\/wp-json\/wp\/v2\/pages"}],"about":[{"href":"https:\/\/lftraduction.fr\/de\/wp-json\/wp\/v2\/types\/page"}],"author":[{"embeddable":true,"href":"https:\/\/lftraduction.fr\/de\/wp-json\/wp\/v2\/users\/2"}],"replies":[{"embeddable":true,"href":"https:\/\/lftraduction.fr\/de\/wp-json\/wp\/v2\/comments?post=11339"}],"version-history":[{"count":3,"href":"https:\/\/lftraduction.fr\/de\/wp-json\/wp\/v2\/pages\/11339\/revisions"}],"predecessor-version":[{"id":11475,"href":"https:\/\/lftraduction.fr\/de\/wp-json\/wp\/v2\/pages\/11339\/revisions\/11475"}],"up":[{"embeddable":true,"href":"https:\/\/lftraduction.fr\/de\/wp-json\/wp\/v2\/pages\/11201"}],"wp:attachment":[{"href":"https:\/\/lftraduction.fr\/de\/wp-json\/wp\/v2\/media?parent=11339"}],"curies":[{"name":"wp","href":"https:\/\/api.w.org\/{rel}","templated":true}]}}